


{"id":76,"date":"2020-01-03T13:53:23","date_gmt":"2020-01-03T12:53:23","guid":{"rendered":"http:\/\/blogs.gm.fh-koeln.de\/zapp\/?page_id=76"},"modified":"2024-03-25T12:48:59","modified_gmt":"2024-03-25T11:48:59","slug":"informationsmanagement-bachelor","status":"publish","type":"page","link":"https:\/\/blogs.gm.fh-koeln.de\/zapp\/lehrveranstaltungen\/informationsmanagement-bachelor\/","title":{"rendered":"Informations- und Prozessmanagement (Bachelor)"},"content":{"rendered":"<p class=\"lead\">Die Unterlagen f\u00fcr die Lehrveranstaltung Informations- und Prozessmanagement bzw. Informationsmanagement (in der alten Pr\u00fcfungsordnung) in den Studieng\u00e4ngen Informatik und Wirtschaftsinformatik finden Sie in <a href=\"https:\/\/ilu.th-koeln.de\">ILU<\/a>.<\/p>\n","protected":false},"excerpt":{"rendered":"<p>Die Unterlagen f\u00fcr die Lehrveranstaltung Informations- und Prozessmanagement bzw. Informationsmanagement (in der alten Pr\u00fcfungsordnung) in den Studieng\u00e4ngen Informatik und Wirtschaftsinformatik finden Sie in ILU.<\/p>\n","protected":false},"author":89,"featured_media":0,"parent":14,"menu_order":0,"comment_status":"closed","ping_status":"closed","template":"","meta":{"_acf_changed":false,"footnotes":""},"class_list":["post-76","page","type-page","status-publish","hentry"],"acf":[],"_links":{"self":[{"href":"https:\/\/blogs.gm.fh-koeln.de\/zapp\/wp-json\/wp\/v2\/pages\/76","targetHints":{"allow":["GET"]}}],"collection":[{"href":"https:\/\/blogs.gm.fh-koeln.de\/zapp\/wp-json\/wp\/v2\/pages"}],"about":[{"href":"https:\/\/blogs.gm.fh-koeln.de\/zapp\/wp-json\/wp\/v2\/types\/page"}],"author":[{"embeddable":true,"href":"https:\/\/blogs.gm.fh-koeln.de\/zapp\/wp-json\/wp\/v2\/users\/89"}],"replies":[{"embeddable":true,"href":"https:\/\/blogs.gm.fh-koeln.de\/zapp\/wp-json\/wp\/v2\/comments?post=76"}],"version-history":[{"count":7,"href":"https:\/\/blogs.gm.fh-koeln.de\/zapp\/wp-json\/wp\/v2\/pages\/76\/revisions"}],"predecessor-version":[{"id":310,"href":"https:\/\/blogs.gm.fh-koeln.de\/zapp\/wp-json\/wp\/v2\/pages\/76\/revisions\/310"}],"up":[{"embeddable":true,"href":"https:\/\/blogs.gm.fh-koeln.de\/zapp\/wp-json\/wp\/v2\/pages\/14"}],"wp:attachment":[{"href":"https:\/\/blogs.gm.fh-koeln.de\/zapp\/wp-json\/wp\/v2\/media?parent=76"}],"curies":[{"name":"wp","href":"https:\/\/api.w.org\/{rel}","templated":true}]}}