


{"id":53,"date":"2019-08-16T12:21:41","date_gmt":"2019-08-16T10:21:41","guid":{"rendered":"http:\/\/blogs.gm.fh-koeln.de\/zapp\/?page_id=53"},"modified":"2024-03-25T12:51:00","modified_gmt":"2024-03-25T11:51:00","slug":"geschaeftsprozessmanagement-master","status":"publish","type":"page","link":"https:\/\/blogs.gm.fh-koeln.de\/zapp\/lehrveranstaltungen\/geschaeftsprozessmanagement-master\/","title":{"rendered":"Gesch\u00e4ftsprozessmodellierung und -optimierung (Master)"},"content":{"rendered":"<p class=\"lead\">Im Wintersemester biete ich das Modul Gesch\u00e4ftsprozessmodellierung und -optimierung f\u00fcr den Master Wirtschaftsingenieurwesen der TH K\u00f6ln an. Die Unterlagen finden Sie in <a href=\"https:\/\/ilu.th-koeln.de\">ILU<\/a>.<\/p>\n<p>&nbsp;<\/p>\n","protected":false},"excerpt":{"rendered":"<p>Im Wintersemester biete ich das Modul Gesch\u00e4ftsprozessmodellierung und -optimierung f\u00fcr den Master Wirtschaftsingenieurwesen der TH K\u00f6ln an. Die Unterlagen finden Sie in ILU. &nbsp;<\/p>\n","protected":false},"author":89,"featured_media":0,"parent":14,"menu_order":0,"comment_status":"closed","ping_status":"closed","template":"","meta":{"_acf_changed":false,"footnotes":""},"class_list":["post-53","page","type-page","status-publish","hentry"],"acf":[],"_links":{"self":[{"href":"https:\/\/blogs.gm.fh-koeln.de\/zapp\/wp-json\/wp\/v2\/pages\/53","targetHints":{"allow":["GET"]}}],"collection":[{"href":"https:\/\/blogs.gm.fh-koeln.de\/zapp\/wp-json\/wp\/v2\/pages"}],"about":[{"href":"https:\/\/blogs.gm.fh-koeln.de\/zapp\/wp-json\/wp\/v2\/types\/page"}],"author":[{"embeddable":true,"href":"https:\/\/blogs.gm.fh-koeln.de\/zapp\/wp-json\/wp\/v2\/users\/89"}],"replies":[{"embeddable":true,"href":"https:\/\/blogs.gm.fh-koeln.de\/zapp\/wp-json\/wp\/v2\/comments?post=53"}],"version-history":[{"count":9,"href":"https:\/\/blogs.gm.fh-koeln.de\/zapp\/wp-json\/wp\/v2\/pages\/53\/revisions"}],"predecessor-version":[{"id":313,"href":"https:\/\/blogs.gm.fh-koeln.de\/zapp\/wp-json\/wp\/v2\/pages\/53\/revisions\/313"}],"up":[{"embeddable":true,"href":"https:\/\/blogs.gm.fh-koeln.de\/zapp\/wp-json\/wp\/v2\/pages\/14"}],"wp:attachment":[{"href":"https:\/\/blogs.gm.fh-koeln.de\/zapp\/wp-json\/wp\/v2\/media?parent=53"}],"curies":[{"name":"wp","href":"https:\/\/api.w.org\/{rel}","templated":true}]}}