


{"id":244,"date":"2024-03-25T11:51:03","date_gmt":"2024-03-25T10:51:03","guid":{"rendered":"https:\/\/blogs.gm.fh-koeln.de\/zapp\/?page_id=244"},"modified":"2026-03-16T10:23:41","modified_gmt":"2026-03-16T09:23:41","slug":"projekt-und-abschlussarbeiten","status":"publish","type":"page","link":"https:\/\/blogs.gm.fh-koeln.de\/zapp\/projekt-und-abschlussarbeiten-2\/projekt-und-abschlussarbeiten\/","title":{"rendered":"Betreuung von Projekt- und Abschlussarbeiten"},"content":{"rendered":"<p class=\"lead\">An der Fakult\u00e4t f\u00fcr Ingenieurwissenschaften und Informatik der TH K\u00f6ln betreue ich Studierende bei ihren Projekt- und Abschlussarbeiten &#8211; gerne auch in Kooperation mit Unternehmen &#8211; mit Schwerpunkten in den Bereichen:<\/p>\n<ul>\n<li>Modellierungskonzepte f\u00fcr Gesch\u00e4ftsprozesse in Wirtschaft und Verwaltung<\/li>\n<li>Optimierung von Gesch\u00e4ftsprozessen<\/li>\n<li>Automatisierung von Gesch\u00e4ftsprozessen (Business Process Automation) mit Business Process Management Systemen (BPMS), Robotic Process Automation (RPA) und betrieblichen Anwendungssystemen,<\/li>\n<li>Datenbasierte Analyse und Optimierung von Gesch\u00e4ftsprozessen (Process Mining, \u2026)<\/li>\n<\/ul>\n<p><a href=\"https:\/\/blogs.gm.fh-koeln.de\/zapp\/2023\/12\/22\/betreute-abschlussarbeiten-in-2023\/\">Hier<\/a> finden Sie eine Liste von Abschlussarbeiten, die ich in der Vergangenheit betreut habe.<\/p>\n<p>Wenn Sie eine Abschlussarbeit (Bachelor- oder Masterarbeit) oder eine Projektarbeit (WI-\/IM-Projekt oder Praxisprojekt) in einem der genannten Themenbereiche schreiben m\u00f6chten und einen eigenen Themenvorschlag oder ein f\u00fcr Sie interessantes Themengebiet haben, k\u00f6nnen Sie mich gerne per E-Mail kontaktieren.<\/p>\n<p>Konkrete offene Themen meinerseits werden in der <a href=\"https:\/\/prox.innovation-hub.de\/lecturers\/a59181ea-bf1c-40fa-aabb-19577f7f042e\">Projektb\u00f6rse PROX<\/a> ver\u00f6ffentlicht.<\/p>\n<p>&nbsp;<\/p>\n<p><strong>Anleitung zur Erstellung der Arbeit<\/strong><\/p>\n<p>Bevor Sie mit Ihrer Arbeit beginnen, ist es wichtig, sich \u00fcber die Anforderungen und Formalit\u00e4ten im Klaren zu sein. Das von mir zur Verf\u00fcgung gestellte Merkblatt gibt Ihnen einen \u00dcberblick \u00fcber die Anforderungen. Nach einem Erstgespr\u00e4ch dient ein Expos\u00e9 (siehe Vorlage) der genaueren Themenabstimmung.<\/p>\n<p>&nbsp;<\/p>\n<p><strong style=\"font-family: 'Helvetica Neue', Helvetica, Arial, sans-serif;font-size: 13px\"><img loading=\"lazy\" decoding=\"async\" class=\"wp-image-261 alignleft\" src=\"http:\/\/blogs.gm.fh-koeln.de\/zapp\/files\/2024\/03\/pdf_fill.png\" alt=\"\" width=\"21\" height=\"21\" srcset=\"https:\/\/blogs.gm.fh-koeln.de\/zapp\/files\/2024\/03\/pdf_fill.png 256w, https:\/\/blogs.gm.fh-koeln.de\/zapp\/files\/2024\/03\/pdf_fill-150x150.png 150w, https:\/\/blogs.gm.fh-koeln.de\/zapp\/files\/2024\/03\/pdf_fill-125x125.png 125w\" sizes=\"auto, (max-width: 21px) 100vw, 21px\" \/><\/strong><\/p>\n<p><a href=\"http:\/\/blogs.gm.fh-koeln.de\/zapp\/files\/2024\/03\/2024_Merkblatt-zum-Erstellen-wissenschaftlicher-Arbeiten_Zapp.pdf\" target=\"_blank\" rel=\"noopener\">Merkblatt zu Erstellen wissenschaftlicher Arbeiten<\/a><\/p>\n<p>&nbsp;<\/p>\n<p><strong style=\"font-family: 'Helvetica Neue', Helvetica, Arial, sans-serif;font-size: 13px\"><img loading=\"lazy\" decoding=\"async\" class=\"wp-image-261 alignleft\" src=\"http:\/\/blogs.gm.fh-koeln.de\/zapp\/files\/2024\/03\/pdf_fill.png\" alt=\"\" width=\"21\" height=\"21\" srcset=\"https:\/\/blogs.gm.fh-koeln.de\/zapp\/files\/2024\/03\/pdf_fill.png 256w, https:\/\/blogs.gm.fh-koeln.de\/zapp\/files\/2024\/03\/pdf_fill-150x150.png 150w, https:\/\/blogs.gm.fh-koeln.de\/zapp\/files\/2024\/03\/pdf_fill-125x125.png 125w\" sizes=\"auto, (max-width: 21px) 100vw, 21px\" \/><\/strong><a href=\"http:\/\/blogs.gm.fh-koeln.de\/zapp\/files\/2024\/03\/2024_Vorlage_Expose.pdf\" target=\"_blank\" rel=\"noopener\">Vorlage Expos\u00e9<\/a><\/p>\n<p>&nbsp;<\/p>\n<p>Dar\u00fcber hinaus finden Sie unten weitere Dokumente der TH K\u00f6ln, die weitere wichtige Hinweise und Vorgaben zum wissenschaftlichen Arbeiten enthalten.<\/p>\n<p><strong>Informationen der Fakult\u00e4t f\u00fcr Informatik und Ingenieurwissenschaften, TH K\u00f6ln zu wissenschaftliche Arbeiten<\/strong><\/p>\n<p><a href=\"https:\/\/www.th-koeln.de\/mam\/downloads\/deutsch\/hochschule\/fakultaeten\/informatik_und_ingenieurwissenschaften\/20190110_abschlussarbeiten_merkblatt.pdf\">Merkblatt zu wissenschaftlichen Arbeiten<\/a><\/p>\n<p><a href=\"https:\/\/www.th-koeln.de\/mam\/downloads\/deutsch\/hochschule\/fakultaeten\/informatik_und_ingenieurwissenschaften\/2014-10-06_skript_wissenschaftliches_schreiben.pdf\">Skript zum Wissenschaftlichen Arbeiten<\/a><\/p>\n<p><a href=\"https:\/\/www.th-koeln.de\/studium\/abschlussarbeiten_5336.php\">Vorlagen f\u00fcr wissenschaftliche Arbeiten<\/a><\/p>\n<p><a href=\"https:\/\/www.th-koeln.de\/studium\/schreibzentrum_94800.php\">Schreibzentrum TH K\u00f6ln<\/a><\/p>\n","protected":false},"excerpt":{"rendered":"<p>An der Fakult\u00e4t f\u00fcr Ingenieurwissenschaften und Informatik der TH K\u00f6ln betreue ich Studierende bei ihren Projekt- und Abschlussarbeiten &#8211; gerne auch in Kooperation mit Unternehmen &#8211; mit Schwerpunkten in den Bereichen: Modellierungskonzepte f\u00fcr Gesch\u00e4ftsprozesse in Wirtschaft und Verwaltung Optimierung von Gesch\u00e4ftsprozessen Automatisierung von Gesch\u00e4ftsprozessen (Business Process Automation) mit Business Process Management Systemen (BPMS), Robotic Process&#8230;  <a href=\"https:\/\/blogs.gm.fh-koeln.de\/zapp\/projekt-und-abschlussarbeiten-2\/projekt-und-abschlussarbeiten\/\" class=\"more-link\" title=\"Read Betreuung von Projekt- und Abschlussarbeiten\"><?php _e(\"Read more &raquo;\",\"wpbootstrap\"); ?><\/a><\/p>\n","protected":false},"author":114,"featured_media":0,"parent":367,"menu_order":0,"comment_status":"closed","ping_status":"closed","template":"","meta":{"_acf_changed":false,"footnotes":""},"class_list":["post-244","page","type-page","status-publish","hentry"],"acf":[],"_links":{"self":[{"href":"https:\/\/blogs.gm.fh-koeln.de\/zapp\/wp-json\/wp\/v2\/pages\/244","targetHints":{"allow":["GET"]}}],"collection":[{"href":"https:\/\/blogs.gm.fh-koeln.de\/zapp\/wp-json\/wp\/v2\/pages"}],"about":[{"href":"https:\/\/blogs.gm.fh-koeln.de\/zapp\/wp-json\/wp\/v2\/types\/page"}],"author":[{"embeddable":true,"href":"https:\/\/blogs.gm.fh-koeln.de\/zapp\/wp-json\/wp\/v2\/users\/114"}],"replies":[{"embeddable":true,"href":"https:\/\/blogs.gm.fh-koeln.de\/zapp\/wp-json\/wp\/v2\/comments?post=244"}],"version-history":[{"count":49,"href":"https:\/\/blogs.gm.fh-koeln.de\/zapp\/wp-json\/wp\/v2\/pages\/244\/revisions"}],"predecessor-version":[{"id":366,"href":"https:\/\/blogs.gm.fh-koeln.de\/zapp\/wp-json\/wp\/v2\/pages\/244\/revisions\/366"}],"up":[{"embeddable":true,"href":"https:\/\/blogs.gm.fh-koeln.de\/zapp\/wp-json\/wp\/v2\/pages\/367"}],"wp:attachment":[{"href":"https:\/\/blogs.gm.fh-koeln.de\/zapp\/wp-json\/wp\/v2\/media?parent=244"}],"curies":[{"name":"wp","href":"https:\/\/api.w.org\/{rel}","templated":true}]}}