


{"id":181,"date":"2022-08-23T09:38:25","date_gmt":"2022-08-23T07:38:25","guid":{"rendered":"https:\/\/blogs.gm.fh-koeln.de\/zapp\/?page_id=181"},"modified":"2022-08-23T09:49:03","modified_gmt":"2022-08-23T07:49:03","slug":"fachgebiet-2","status":"publish","type":"page","link":"https:\/\/blogs.gm.fh-koeln.de\/zapp\/fachgebiet\/fachgebiet-2\/","title":{"rendered":"Fachgebiet"},"content":{"rendered":"<p class=\"lead\">Innerhalb des Fachbereich Gesch\u00e4ftsprozessmanagement besch\u00e4ftige ich mich mit der Modellierung, Analyse und Automatisierung von Gesch\u00e4ftsprozessen inbesondere im Bereich Supply Chain Management (Beschaffung, Produktion und Vertrieb).<\/p>\n<img loading=\"lazy\" decoding=\"async\" class=\"wp-image-166 aligncenter\" src=\"http:\/\/blogs.gm.fh-koeln.de\/zapp\/files\/2022\/05\/Fachbereich-300x115.png\" alt=\"\" width=\"585\" height=\"224\" srcset=\"https:\/\/blogs.gm.fh-koeln.de\/zapp\/files\/2022\/05\/Fachbereich-300x115.png 300w, https:\/\/blogs.gm.fh-koeln.de\/zapp\/files\/2022\/05\/Fachbereich-1024x392.png 1024w, https:\/\/blogs.gm.fh-koeln.de\/zapp\/files\/2022\/05\/Fachbereich-768x294.png 768w, https:\/\/blogs.gm.fh-koeln.de\/zapp\/files\/2022\/05\/Fachbereich-1536x589.png 1536w, https:\/\/blogs.gm.fh-koeln.de\/zapp\/files\/2022\/05\/Fachbereich-780x300.png 780w, https:\/\/blogs.gm.fh-koeln.de\/zapp\/files\/2022\/05\/Fachbereich.png 1584w\" sizes=\"auto, (max-width: 585px) 100vw, 585px\" \/>\n<p>&nbsp;<\/p>\n<p>&nbsp;<\/p>\n<p>&nbsp;<\/p>\n<p>&nbsp;<\/p>\n<p>Hierbei stehen f\u00fcr mich die folgenden Themen im Fokus:<\/p>\n<ul>\n<li>Prozessautomatisierung mit dom\u00e4nenspezifischen und dom\u00e4nenagnostischen Prozessorientierte Informationssysteme (WFMS, iBPMS, RPA, &#8230;) und deren Chancen und Herausforderungen<\/li>\n<li>Datengetriebene Prozesserhebung und -analyse mit Process Mining und deren Einbindung in klassische Methoden der Prozessoptimierung<\/li>\n<li>Verbindung von (industrial) Internet of Things (IOT) mit der Gesch\u00e4ftsprozessautomatisierung und -analyse<\/li>\n<\/ul>\n","protected":false},"excerpt":{"rendered":"<p>Innerhalb des Fachbereich Gesch\u00e4ftsprozessmanagement besch\u00e4ftige ich mich mit der Modellierung, Analyse und Automatisierung von Gesch\u00e4ftsprozessen inbesondere im Bereich Supply Chain Management (Beschaffung, Produktion und Vertrieb). &nbsp; &nbsp; &nbsp; &nbsp; Hierbei stehen f\u00fcr mich die folgenden Themen im Fokus: Prozessautomatisierung mit dom\u00e4nenspezifischen und dom\u00e4nenagnostischen Prozessorientierte Informationssysteme (WFMS, iBPMS, RPA, &#8230;) und deren Chancen und Herausforderungen Datengetriebene&#8230;  <a href=\"https:\/\/blogs.gm.fh-koeln.de\/zapp\/fachgebiet\/fachgebiet-2\/\" class=\"more-link\" title=\"Read Fachgebiet\"><?php _e(\"Read more &raquo;\",\"wpbootstrap\"); ?><\/a><\/p>\n","protected":false},"author":89,"featured_media":0,"parent":161,"menu_order":0,"comment_status":"closed","ping_status":"closed","template":"","meta":{"_acf_changed":false,"footnotes":""},"class_list":["post-181","page","type-page","status-publish","hentry"],"acf":[],"_links":{"self":[{"href":"https:\/\/blogs.gm.fh-koeln.de\/zapp\/wp-json\/wp\/v2\/pages\/181","targetHints":{"allow":["GET"]}}],"collection":[{"href":"https:\/\/blogs.gm.fh-koeln.de\/zapp\/wp-json\/wp\/v2\/pages"}],"about":[{"href":"https:\/\/blogs.gm.fh-koeln.de\/zapp\/wp-json\/wp\/v2\/types\/page"}],"author":[{"embeddable":true,"href":"https:\/\/blogs.gm.fh-koeln.de\/zapp\/wp-json\/wp\/v2\/users\/89"}],"replies":[{"embeddable":true,"href":"https:\/\/blogs.gm.fh-koeln.de\/zapp\/wp-json\/wp\/v2\/comments?post=181"}],"version-history":[{"count":1,"href":"https:\/\/blogs.gm.fh-koeln.de\/zapp\/wp-json\/wp\/v2\/pages\/181\/revisions"}],"predecessor-version":[{"id":183,"href":"https:\/\/blogs.gm.fh-koeln.de\/zapp\/wp-json\/wp\/v2\/pages\/181\/revisions\/183"}],"up":[{"embeddable":true,"href":"https:\/\/blogs.gm.fh-koeln.de\/zapp\/wp-json\/wp\/v2\/pages\/161"}],"wp:attachment":[{"href":"https:\/\/blogs.gm.fh-koeln.de\/zapp\/wp-json\/wp\/v2\/media?parent=181"}],"curies":[{"name":"wp","href":"https:\/\/api.w.org\/{rel}","templated":true}]}}