


{"id":177,"date":"2022-08-23T09:36:14","date_gmt":"2022-08-23T07:36:14","guid":{"rendered":"https:\/\/blogs.gm.fh-koeln.de\/zapp\/?page_id=177"},"modified":"2024-10-29T16:26:11","modified_gmt":"2024-10-29T15:26:11","slug":"wilmo","status":"publish","type":"page","link":"https:\/\/blogs.gm.fh-koeln.de\/zapp\/fachgebiet\/wilmo\/","title":{"rendered":"WilMo &#8211; Wirtschaftsinformatik Lehr- und Lernmodule"},"content":{"rendered":"<p class=\"lead\">Das Ministerium f\u00fcr Kultur und Wissenschaft des Landes Nordrhein-Westfalen unterst\u00fctzt gemeinsam mit der Digitalen Hochschule NRW im Rahmen der F\u00f6rderlinie OERContent.nrw Hochschulen bei der Erstellung digitaler Lehrmaterialien. Im Projekt Wirtschaftsinformatik Lehr- und Lernmodule (WiLMo) haben sechs Hochschulen unter Federf\u00fchrung der FH Aachen einheitliche digitale Lehr- und Lernmaterialien f\u00fcr die Grundlagen der Wirtschaftsinformatik entwickelt (Projektlaufzeit: 2022 bis 2024).<\/p>\n<p>Die digitalen Lehrmaterialien stehen als Open Educational Ressources \u00fcber das Landesportal <a href=\"http:\/\/ORCA.nrw\">ORCA.nrw<\/a> und die <a href=\"http:\/\/wilmo-oer.de\">WilMO-Website<\/a> zur Verf\u00fcgung und sind damit f\u00fcr alle Interessierten frei zug\u00e4nglich.<\/p>\n<p>Die Materialien umfassen sieben Themengebiete der Wirtschaftsinformatik und wurden hochschul\u00fcbergreifend erstellt:<\/p>\n<ul>\n<li>Grundlagen Wirtschaftsinformatik<\/li>\n<li>Informations- und Prozessmanagement<\/li>\n<li>Entwicklung von Informationssystemen &amp; Software Engineering<\/li>\n<li>Grundlagen betrieblicher Anwendungssysteme<\/li>\n<li>Auswahl und Einf\u00fchrung betrieblicher Anwendungssysteme<\/li>\n<li>ERP-Systeme (Architektur, Entwicklung, Betrieb)<\/li>\n<li>Business Intelligence &amp; Analytics<\/li>\n<\/ul>\n<p>Das Themengebiet \u201eInformations- und Prozessmanagement\u201c wurde von mir geleitet. Die OER-Materialien in diesem Themengebiet befassen sich in 13 umfangreichen Lektionen mit der Analyse, Optimierung und Automatisierung von Gesch\u00e4ftsprozessen in Unternehmen.<\/p>\n<p>Im Themengebiet wurde neben Folien und Screencasts (siehe <a href=\"https:\/\/www.youtube.com\/@WiLMo-Germany\">WilMo Youtube Kanal<\/a>) auch ein interaktives E-Learning mit \u00dcbungsaufgaben erstellt. Dieses E-Learning steht Ihnen im \u00f6ffentlichen Bereich des ILIAS-Systems der TH K\u00f6ln zur Verf\u00fcgung: <a href=\"https:\/\/ilu.th-koeln.de\/goto.php?target=cat_36235&amp;client_id=thkilu\">E-Learning Informations- und Prozessmanagement<\/a>.<\/p>\n<p>F\u00fcr Fragen und Anregungen stehe ich gerne zur Verf\u00fcgung.<\/p>\n","protected":false},"excerpt":{"rendered":"<p>Das Ministerium f\u00fcr Kultur und Wissenschaft des Landes Nordrhein-Westfalen unterst\u00fctzt gemeinsam mit der Digitalen Hochschule NRW im Rahmen der F\u00f6rderlinie OERContent.nrw Hochschulen bei der Erstellung digitaler Lehrmaterialien. Im Projekt Wirtschaftsinformatik Lehr- und Lernmodule (WiLMo) haben sechs Hochschulen unter Federf\u00fchrung der FH Aachen einheitliche digitale Lehr- und Lernmaterialien f\u00fcr die Grundlagen der Wirtschaftsinformatik entwickelt (Projektlaufzeit: 2022&#8230;  <a href=\"https:\/\/blogs.gm.fh-koeln.de\/zapp\/fachgebiet\/wilmo\/\" class=\"more-link\" title=\"Read WilMo &#8211; Wirtschaftsinformatik Lehr- und Lernmodule\"><?php _e(\"Read more &raquo;\",\"wpbootstrap\"); ?><\/a><\/p>\n","protected":false},"author":89,"featured_media":0,"parent":161,"menu_order":0,"comment_status":"closed","ping_status":"closed","template":"","meta":{"_acf_changed":false,"footnotes":""},"class_list":["post-177","page","type-page","status-publish","hentry"],"acf":[],"_links":{"self":[{"href":"https:\/\/blogs.gm.fh-koeln.de\/zapp\/wp-json\/wp\/v2\/pages\/177","targetHints":{"allow":["GET"]}}],"collection":[{"href":"https:\/\/blogs.gm.fh-koeln.de\/zapp\/wp-json\/wp\/v2\/pages"}],"about":[{"href":"https:\/\/blogs.gm.fh-koeln.de\/zapp\/wp-json\/wp\/v2\/types\/page"}],"author":[{"embeddable":true,"href":"https:\/\/blogs.gm.fh-koeln.de\/zapp\/wp-json\/wp\/v2\/users\/89"}],"replies":[{"embeddable":true,"href":"https:\/\/blogs.gm.fh-koeln.de\/zapp\/wp-json\/wp\/v2\/comments?post=177"}],"version-history":[{"count":6,"href":"https:\/\/blogs.gm.fh-koeln.de\/zapp\/wp-json\/wp\/v2\/pages\/177\/revisions"}],"predecessor-version":[{"id":333,"href":"https:\/\/blogs.gm.fh-koeln.de\/zapp\/wp-json\/wp\/v2\/pages\/177\/revisions\/333"}],"up":[{"embeddable":true,"href":"https:\/\/blogs.gm.fh-koeln.de\/zapp\/wp-json\/wp\/v2\/pages\/161"}],"wp:attachment":[{"href":"https:\/\/blogs.gm.fh-koeln.de\/zapp\/wp-json\/wp\/v2\/media?parent=177"}],"curies":[{"name":"wp","href":"https:\/\/api.w.org\/{rel}","templated":true}]}}