


{"id":119,"date":"2020-10-16T11:01:22","date_gmt":"2020-10-16T09:01:22","guid":{"rendered":"http:\/\/blogs.gm.fh-koeln.de\/zapp\/?page_id=119"},"modified":"2025-01-27T13:49:03","modified_gmt":"2025-01-27T12:49:03","slug":"wpf-process-mining","status":"publish","type":"page","link":"https:\/\/blogs.gm.fh-koeln.de\/zapp\/lehrveranstaltungen\/wpf-process-mining\/","title":{"rendered":"WPF Process Mining (Bachelor)"},"content":{"rendered":"<p class=\"lead\">Im Sommersemster 2025 findet das WPF Process Mining nicht statt!<\/p>\n<p>Im Sommersemester bieten Prof. Dietlind Z\u00fchlke und ich &#8222;<strong>Process Mining<\/strong>&#8220; als <strong>Wahlpflichtfach in den Bachelorstudieng\u00e4ngen Informatik, Wirtschaftsinformatik un IT-Management<\/strong> an.<\/p>\n<p>Durch Process Mining werden Gesch\u00e4ftsprozesse in Unternehmen basierend auf den in IT-Systemen verf\u00fcgbaren Daten rekonstruiert und analysiert. Das Thema verbindet hierbei die Themenbereiche Data Mining und Business Process Management.<br \/>\nProcess Mining hat f\u00fcr Unternehmen eine gro\u00dfe Relevanz: es erlaubt beispielsweise tats\u00e4chliche Abl\u00e4ufe in Unternehmen zu \u00fcberwachen (Compliance) und &#8211; in Zusammenspiel mit Methoden der klassichen Prozessoptimierung \u2013 zu optimieren.<\/p>\n<p>Weitere Informationen zum Thema Process Mining finden Sie bei der <a href=\"https:\/\/www.tf-pm.org\/\">IEEE Task Force on Process Mining<\/a>.<\/p>\n<p>Bei Interesse an dem Themenbereich freuen wir uns \u00fcber ihre Anmeldung zum WPF \u00fcber ILIAS. Die Kurse werden vor Beginn des jeweiligen Sommersemesters freigeschaltet.<\/p>\n","protected":false},"excerpt":{"rendered":"<p>Im Sommersemster 2025 findet das WPF Process Mining nicht statt! Im Sommersemester bieten Prof. Dietlind Z\u00fchlke und ich &#8222;Process Mining&#8220; als Wahlpflichtfach in den Bachelorstudieng\u00e4ngen Informatik, Wirtschaftsinformatik un IT-Management an. Durch Process Mining werden Gesch\u00e4ftsprozesse in Unternehmen basierend auf den in IT-Systemen verf\u00fcgbaren Daten rekonstruiert und analysiert. Das Thema verbindet hierbei die Themenbereiche Data Mining&#8230;  <a href=\"https:\/\/blogs.gm.fh-koeln.de\/zapp\/lehrveranstaltungen\/wpf-process-mining\/\" class=\"more-link\" title=\"Read WPF Process Mining (Bachelor)\"><?php _e(\"Read more &raquo;\",\"wpbootstrap\"); ?><\/a><\/p>\n","protected":false},"author":89,"featured_media":0,"parent":14,"menu_order":0,"comment_status":"closed","ping_status":"closed","template":"","meta":{"_acf_changed":false,"footnotes":""},"class_list":["post-119","page","type-page","status-publish","hentry"],"acf":[],"_links":{"self":[{"href":"https:\/\/blogs.gm.fh-koeln.de\/zapp\/wp-json\/wp\/v2\/pages\/119","targetHints":{"allow":["GET"]}}],"collection":[{"href":"https:\/\/blogs.gm.fh-koeln.de\/zapp\/wp-json\/wp\/v2\/pages"}],"about":[{"href":"https:\/\/blogs.gm.fh-koeln.de\/zapp\/wp-json\/wp\/v2\/types\/page"}],"author":[{"embeddable":true,"href":"https:\/\/blogs.gm.fh-koeln.de\/zapp\/wp-json\/wp\/v2\/users\/89"}],"replies":[{"embeddable":true,"href":"https:\/\/blogs.gm.fh-koeln.de\/zapp\/wp-json\/wp\/v2\/comments?post=119"}],"version-history":[{"count":9,"href":"https:\/\/blogs.gm.fh-koeln.de\/zapp\/wp-json\/wp\/v2\/pages\/119\/revisions"}],"predecessor-version":[{"id":339,"href":"https:\/\/blogs.gm.fh-koeln.de\/zapp\/wp-json\/wp\/v2\/pages\/119\/revisions\/339"}],"up":[{"embeddable":true,"href":"https:\/\/blogs.gm.fh-koeln.de\/zapp\/wp-json\/wp\/v2\/pages\/14"}],"wp:attachment":[{"href":"https:\/\/blogs.gm.fh-koeln.de\/zapp\/wp-json\/wp\/v2\/media?parent=119"}],"curies":[{"name":"wp","href":"https:\/\/api.w.org\/{rel}","templated":true}]}}