


{"id":87,"date":"2021-06-12T09:06:01","date_gmt":"2021-06-12T07:06:01","guid":{"rendered":"https:\/\/blogs.gm.fh-koeln.de\/wilabor\/?page_id=87"},"modified":"2024-04-05T13:08:55","modified_gmt":"2024-04-05T11:08:55","slug":"startseite","status":"publish","type":"page","link":"https:\/\/blogs.gm.fh-koeln.de\/wilabor\/","title":{"rendered":"Arbeitsgruppen in Lehre und Forschung"},"content":{"rendered":"<h2><\/h2>\n<h2><\/h2>\n<h2><img loading=\"lazy\" decoding=\"async\" width=\"300\" height=\"300\" class=\"size-medium wp-image-147 aligncenter\" src=\"http:\/\/blogs.gm.fh-koeln.de\/wilabor\/files\/2021\/06\/39f244e4-3be4-4e59-80b2-63a862d92bae-300x300.jpg\" alt=\"\" srcset=\"https:\/\/blogs.gm.fh-koeln.de\/wilabor\/files\/2021\/06\/39f244e4-3be4-4e59-80b2-63a862d92bae-300x300.jpg 300w, https:\/\/blogs.gm.fh-koeln.de\/wilabor\/files\/2021\/06\/39f244e4-3be4-4e59-80b2-63a862d92bae-150x150.jpg 150w, https:\/\/blogs.gm.fh-koeln.de\/wilabor\/files\/2021\/06\/39f244e4-3be4-4e59-80b2-63a862d92bae-768x768.jpg 768w, https:\/\/blogs.gm.fh-koeln.de\/wilabor\/files\/2021\/06\/39f244e4-3be4-4e59-80b2-63a862d92bae-125x125.jpg 125w, https:\/\/blogs.gm.fh-koeln.de\/wilabor\/files\/2021\/06\/39f244e4-3be4-4e59-80b2-63a862d92bae.jpg 770w\" sizes=\"auto, (max-width: 300px) 100vw, 300px\" \/><\/h2>\n<h2><\/h2>\n<h1>Das Studium der Wirtschaftsinformatik an der TH K\u00f6ln<\/h1>\n<p class=\"lead\">&nbsp;<\/p>\n<p>Hier ein Vortrag von Prof. Dr. Stefan Eckstein \u00fcber das Studium der Wirtschaftsinformatik an der TH K\u00f6ln.<\/p>\n<p><a href=\"https:\/\/youtu.be\/psY2n0UMAYU\">Zum Video<\/a><\/p>\n<p>&nbsp;<\/p>\n<p><img loading=\"lazy\" decoding=\"async\" width=\"647\" height=\"535\" class=\"size-full wp-image-154 aligncenter\" src=\"http:\/\/blogs.gm.fh-koeln.de\/wilabor\/files\/2021\/10\/Haus-der-Wirtschaftsinformatik-PO05.png\" alt=\"\" srcset=\"https:\/\/blogs.gm.fh-koeln.de\/wilabor\/files\/2021\/10\/Haus-der-Wirtschaftsinformatik-PO05.png 647w, https:\/\/blogs.gm.fh-koeln.de\/wilabor\/files\/2021\/10\/Haus-der-Wirtschaftsinformatik-PO05-300x248.png 300w\" sizes=\"auto, (max-width: 647px) 100vw, 647px\" \/><!--more--><\/p>\n<p>&nbsp;<\/p>\n<hr \/>\n<h2><\/h2>\n<h2><strong>Datenbanken<\/strong><\/h2>\n<ul>\n<li>Architektur von Datenbanksystemen<\/li>\n<li>Datenmodellierung<\/li>\n<li>Datenbanksprachen<\/li>\n<li>Transaktionskonzepte<\/li>\n<li>Datensicherheit<\/li>\n<li>Vorgehensmodelle<\/li>\n<li>Datenbankprogrammierung<\/li>\n<li>Anwendungsentwicklung mit Datenbanksystemen<\/li>\n<li>Speicherstrukturen<\/li>\n<li>Relationale und neue Datenbanksysteme<\/li>\n<\/ul>\n<h3><strong>Ansprechpartner*innen: <a href=\"http:\/\/blogs.gm.fh-koeln.de\/bertelsmeier\/\">Prof. Dr. Brigit Bertelsmeier<\/a>, <\/strong><strong><a href=\"http:\/\/blogs.gm.fh-koeln.de\/schaible\">Prof. Dr. Johann Schaible<\/a><\/strong><\/h3>\n<p>&nbsp;<\/p>\n<hr \/>\n<h2><strong>Performance Management<\/strong><\/h2>\n<ul>\n<li>Controlling-Systeme<\/li>\n<li>Business Intelligence Plattformen<\/li>\n<li>Unternehmenssteuerung \/ Performance Management<\/li>\n<li>Analytische Applikationen<\/li>\n<li>Balanced Scorecard<\/li>\n<li>Blockchain Einsatz in Rechnungswesen und Controlling<\/li>\n<\/ul>\n<h3><strong>Ansprechpartner: <a href=\"https:\/\/www.prof-eckstein.de\/\">Prof. Dr. Stefan Eckstein<\/a><\/strong><\/h3>\n<p>&nbsp;<\/p>\n<hr \/>\n<h2><strong>Business Process Management<\/strong><\/h2>\n<ul>\n<li>Vorgehensmodelle f\u00fcr die Optimierung von Gesch\u00e4ftsprozessen<\/li>\n<li>Prozessmodellierung<\/li>\n<li>Prozessautomatisierung<\/li>\n<li>Prozessanalyse und -simulation<\/li>\n<li>Process Mining<\/li>\n<li>Business Process Management Systems (BPMS)<\/li>\n<li>Anwendungssysteme in Produktion und Logistik<\/li>\n<\/ul>\n<h3><strong>Ansprechpartner: <a href=\"https:\/\/blogs.gm.fh-koeln.de\/zapp\/category\/allgemein\/\">Prof. Dr. Matthias Zapp<\/a><\/strong><\/h3>\n<p>&nbsp;<\/p>\n<hr \/>\n<p>&nbsp;<\/p>\n<h2><strong>Entwicklung und Betrieb von Anwendungssystemen<\/strong><\/h2>\n<p>&nbsp;<\/p>\n<ul>\n<li>Vorgehensmodelle f\u00fcr die ERP-Einf\u00fchrung und Migration<\/li>\n<li>Customizing in SAP<\/li>\n<li>IT Service Management nach ITIL<\/li>\n<li>Entwicklung von Applikationen (C, Java, ABAP, \u2026)<\/li>\n<li>Enterprise Application Management<\/li>\n<li>Workflow Management<\/li>\n<li>RPA (Robotic Process Automation)<\/li>\n<li>IT Consulting<\/li>\n<\/ul>\n<h3><strong>Ansprechpartner: <a href=\"http:\/\/advs1.gm.fh-koeln.de\/~victor\/home.php\">Prof. Dr. Frank Victor &#8211; Laborleitung<\/a><\/strong><\/h3>\n<p>&nbsp;<\/p>\n<p>&nbsp;<\/p>\n<hr \/>\n<h1><\/h1>\n<h1>Mitarbeiter*innen<\/h1>\n<p>&nbsp;<\/p>\n<h2><a href=\"https:\/\/www.th-koeln.de\/personen\/birgit.bertelsmeier\/\"><strong>Prof. Dr. Birgit Bertelsmeier\u00a0<\/strong><\/a><\/h2>\n<p>&nbsp;<\/p>\n<p><strong>Lehre:<\/strong> Datenbanksysteme von relational bis NoSQL, DB-Administration<\/p>\n<p><strong>Forschung:<\/strong> NoSQL-DBS, Datenbanksysteme und Hochverf\u00fcgbarkeit, Skalierung, E-Learning und Datenbanksysteme, DB-Anwendungen im Kontext unserer gesellschaftlichen und globalen Herausforderungen<\/p>\n<p>&nbsp;<\/p>\n<hr \/>\n<h2><strong><a href=\"https:\/\/www.th-koeln.de\/personen\/konstantinos.dimitriou\/\">Konstantinos Dimitriou &#8211; Dipl. Inf.<\/a><\/strong><\/h2>\n<p>&nbsp;<\/p>\n<p><strong>Lehre:<\/strong> Datenbanksysteme, Betriebliche Anwendungssysteme 1 und 2<\/p>\n<p><strong>IT-Infrastruktur:<\/strong> Beschaffungen und Support<\/p>\n<p>&nbsp;<\/p>\n<hr \/>\n<h2><a href=\"https:\/\/www.th-koeln.de\/personen\/stefan.eckstein\/\"><strong>Prof. Dr. Stefan Eckstein<\/strong><\/a><\/h2>\n<p>&nbsp;<\/p>\n<p><strong>Lehre:<\/strong> Business Economics, Betriebliches Rechnungswesen, Controlling und Management, Performance Management, Business Models and Plans, Spezielle Gebiete des Business Intelligence, Analytic Applications<\/p>\n<p><strong>Forschung<\/strong>: Information Design, Risk Based Budgeting, Performance Management, Blockchain Einsatz in Rechnungswesen und Controlling, Scholarship in Teaching and Learning, Open Education Resources, E-Pr\u00fcfungen<\/p>\n<p>&nbsp;<\/p>\n<hr \/>\n<h2><a href=\"https:\/\/www.th-koeln.de\/personen\/albert.hamidullin\/\"><strong>Albert Hamidullin &#8211; M. Sc. <\/strong><\/a><\/h2>\n<p>&nbsp;<\/p>\n<p><strong>Lehre:<\/strong> Business Economics, Betriebliches Rechnungswesen, Foundations in Business Administration<\/p>\n<p><strong>Forschung:<\/strong> Easy-Clips f\u00fcr die BWL, E-Pr\u00fcfungen<\/p>\n<p>&nbsp;<\/p>\n<hr \/>\n<h2><a href=\"https:\/\/www.th-koeln.de\/personen\/irina.hein\/\"><strong>Irina Hein &#8211; <\/strong><strong>Dipl. Inf. (FH)<\/strong><\/a><\/h2>\n<p>&nbsp;<\/p>\n<h2><\/h2>\n<p><strong>Lehre: <\/strong>Modellierung von Anwendungssystemen 1, Informationsmanagement, Business Engineering<\/p>\n<p>&nbsp;<\/p>\n<hr \/>\n<h2><a href=\"https:\/\/www.th-koeln.de\/personen\/tom_lukas.milewski\/\"><strong>Tom Lukas Milewski &#8211; <\/strong><strong> B. Sc. <\/strong><\/a><\/h2>\n<p>&nbsp;<\/p>\n<h2><\/h2>\n<p><strong>Forschung: <\/strong> Projekt zur Erstellung und Ver\u00f6ffentlichung von Lernmaterialien f\u00fcr die Wirtschaftsinformatik, Teilgebiet Business Intelligence<\/p>\n<h4><\/h4>\n<hr \/>\n<h2><strong><a href=\"https:\/\/www.th-koeln.de\/personen\/petra.riemer\/\">Petra Riemer &#8211; M. Sc.<\/a><\/strong><\/h2>\n<p>&nbsp;<\/p>\n<p><strong>Lehre:<\/strong> Datenbanken und Informationssysteme 1 und 2, Mindfulness-Based Stress Reduction (MBSR &#8211; Stressreduktion durch Achtsamkeit), Achtsamkeit und wertorientierte Entwicklung<\/p>\n<p><strong>Forschung:<\/strong> Achtsamkeit, MBSR<\/p>\n<p>&nbsp;<\/p>\n<hr \/>\n<h2><a href=\"https:\/\/www.th-koeln.de\/personen\/johann.schaible\/\"><strong>Prof. Dr. Johann Schaible<\/strong><\/a><\/h2>\n<p>&nbsp;<\/p>\n<p><strong>Lehre:<\/strong> Datenbanksysteme von relational bis NoSQL DB-Administration, Data Mining in Datenbanken<\/p>\n<p><strong>Forschung:<\/strong> Data Mining in Datenbanksystemen, E-Learning und Datenbanken NoSQL-Systeme<\/p>\n<p>&nbsp;<\/p>\n<hr \/>\n<h2><strong><a href=\"https:\/\/www.th-koeln.de\/personen\/sascha.schewe\/\">Sascha Schewe &#8211; Dipl. Inf.<\/a><\/strong><\/h2>\n<p>&nbsp;<\/p>\n<p><strong>Lehre: <\/strong>Algorithmen und Programmierung 1, Betriebliche Anwendungssysteme 2,<br \/>\nIT Consulting, Enterprise Application Management, Paradigmen der Programmierung<\/p>\n<p><strong>Forschung:<\/strong> K\u00fcnstliche Intelligenz<\/p>\n<p>&nbsp;<\/p>\n<hr \/>\n<h2><strong><a href=\"https:\/\/www.th-koeln.de\/personen\/marcel.stratmann\/\">Marcel Stratmann &#8211; M. Sc.<\/a><\/strong><\/h2>\n<p>&nbsp;<\/p>\n<p><strong>Lehre:<\/strong> Datenbanken 1 &amp; 2, Betreuung von Projekt- &amp; Abschlussarbeiten mit den Schwerpunkten Datenbanksysteme und IT-Infrastruktur<\/p>\n<p><strong>IT-Infrastruktur:<\/strong> Fakult\u00e4tsadministrator, Konzeption und Implementierung von IT-Systemen mit Fokus auf Microsoft Windows<\/p>\n<p>&nbsp;<\/p>\n<hr \/>\n<h2><a href=\"https:\/\/www.th-koeln.de\/personen\/frank.victor\/\"><strong>Prof. Dr. Frank Victor<\/strong><\/a><\/h2>\n<p>&nbsp;<\/p>\n<p><strong>Lehre: <\/strong>Algorithmen und Programmierung 1, Betriebliche Anwendungssysteme 2,<br \/>\nIT Consulting, Enterprise Application Management, WPF RPA<\/p>\n<p><strong>Forschung:<\/strong> IT Strategien und Operationalisierung, Kooperationssysteme<\/p>\n<p>&nbsp;<\/p>\n<hr \/>\n<h2><a href=\"https:\/\/www.th-koeln.de\/personen\/matthias.zapp\/\"><strong>Prof. Dr. Matthias Zapp<\/strong><\/a><\/h2>\n<p>&nbsp;<\/p>\n<p><strong>Lehre: <\/strong>Informationsmanagement, Gesch\u00e4ftsprozessmanagement \/ Business Process Management, Process Mining<\/p>\n<p><strong>Forschung: <\/strong>Methoden zur Analyse und Optimierung von Prozessen insb. in der Logistik und Produktion<\/p>\n<p>&nbsp;<\/p>\n<hr \/>\n<p>&nbsp;<\/p>\n<p>&nbsp;<\/p>\n<h1>Publications<\/h1>\n<p>&nbsp;<\/p>\n<p>Victor, Frank; Wienstr\u00f6er, Maik (2021): &#8222;IT-Outsourcing auf der Basis der DIN ISO 37500 in der Praxis umgesetzt&#8220; erschienen in: Praxishandbuch \u201eProjekte erfolgreich managen\u201c, T\u00dcV Rheinland<\/p>\n<p>Dabboussi, Diana; Victor, Frank; Prinz, Wolfgang (2021): \u201eBCDM &#8211; A decision and operation model for blockchains, IEEE International Conference on Blockchain and Cryptocurrency, 3-6 May 2021, Sydney<\/p>\n<p>Rakow, T.C., Faeskorn-Woyke, H., Saatz, I.M. et al. (2021): \u201eEs EILD \u2013 Anforderungen an die Publikation freier Lerneinheiten (OER) im Fach Datenbanken\u201c, Datenbank Spektrum (2021), https:\/\/doi.org\/10.1007\/s13222-021-00373-z<\/p>\n<p>Fischbach, A., Strohschein, J., Bunte, A., Stork, J., Faeskorn-Woyke, H., Moriz, N., &amp; Bartz-Beielstein, T. (2020): \u201eCAAI \u2013 A Cognitive Architecture to Introduce Artificial Intelligence in Cyber-Physical Production Systems\u201c, The International Journal of Advanced Manufacturing Technology.\u00a0 DOI: https:\/\/doi.org\/10.1007\/s00170-020-06094-z<\/p>\n<p>Faeskorn-Woyke,H., Bertelsmeier, B., Strohschein, J. (2020): \u201eA Decision Tree Approach for the Classification of Mistakes of Students Learning SQL, a case study about SELECT statements\u201c, 18th DELFI Conf., September 2020.<\/p>\n<p>Strohschein, J., Lara-Palma. A, Faeskorn-Woyke, H. (2020): \u201eEmployee technology acceptance on industry 4.0\u201c, in \u201eParadigm Shifts in ICT Ethics\u201c, Proceedings of the ETHICOMP 2020, Sep. 2020<\/p>\n<p>Bunte, Andreas; Fischbach, Andreas; Strohschein, Jan; Bartz-Beielstein, Thomas; Faeskorn-Woyke, Heide; Niggemann, Oliver (2019): \u201eEvaluation of Cognitive Architectures for Cyber-Physical Production Systems.\u201c, 24th IEEE International Conference on Emerging Technologies and Factory Automation (ETFA), DOI: https:\/\/doi.org\/10.1109\/ETFA.2019.8869038<\/p>\n<p>Strohschein, Jan; Lara-Palma, Ana Mar\u00eda, Faeskorn-Woyke (2019): \u201eDetecting emotions in social media. A technological challenge to enhance youngest behavior.\u201c, 28th AEDEM International Conference \u2013 Management in a Smart Society: business and technological challenges, ISBN: 978-84-09-14122-7.<\/p>\n<p>Faeskorn-Woyke, H. (2019): \u201eEDB2.0: Der smarte PL\/SQL und SQL-Trainer\u201c, DOAG 2019, https:\/\/programm.doag.org\/doag\/2019\/#\/scheduledEvent\/584153<\/p>\n<p>Rakow, T. C., Faeskorn-Woyke, H. (2019): \u201eDigitale Lehre im Fach Datenbanken\u201c, in: Meyer, H., Ritter, N., Thor, A., Nicklas, D., Heuer, A. &amp; Klettke, M., (Hrsg.), \u201eBTW 2019 \u2013 Workshopband\u201c, Lecture Notes in Informatics (LNI 290), Gesellschaft f\u00fcr Informatik, Bonn, S. 97-98.<\/p>\n<p>Eckstein, Stefan (2020): \u201eBlockchain im Controlling\u201c, in: Bluhm, P. (Hrsg.): \u201eDie Karriere-Bibel f\u00fcr Controller 2020\u201c, Kapitel 1: Hard Skills (ausschlie\u00dflich als H\u00f6rbuch)<\/p>\n<p>Zapp, Matthias; Zuehlke, Dietlind (2020): \u201eGesch\u00e4ftsprozessoptimierung f\u00fcr datenintensive Prozesse\u201c, Digital Xchange 2020<\/p>\n<p>Eckstein, Stefan (2019): \u201eBlockchain und Controlling\u201c, in: \u201eControlling der Zukunft \u2013 Wirtschaftszeitung der Mittelbayerischen Zeitung\u201c; 4\/2019, S. 10.<\/p>\n<p>Victor, Frank; Wienstr\u00f6er, Maik (2018): Schichtenmodell. Mehrere Dienstleister stressfrei steuern. In: iX-Magazin f\u00fcr Professionelle Informationstechnik Nr. 4, S. 104\u2013106<\/p>\n<p>Victor, Frank; Wienstr\u00f6er, Maik (2018): Service Integration and Management im \u00dcberblick. In: M\u00f6ller, Thor (Hrsg.): Projekte erfolgreich managen. Praxishandbuch f\u00fcr Projektwirtschaft. Loseblattsammlung, Aufl. Mai 2018, K\u00f6ln: T\u00dcV-Verlag, Kap. 07223<\/p>\n<p>Dubbert, Dennis; Dural, Meryem; Gross, Matthias; Kohls, Christian; M\u00fcnster, Beate; M\u00fcnster, Guido; Raser, Thomas (2017): \u201ePatterns for cross-device communication in a blended space for innovation\u201c, Proceedings of the 22nd European Conference on Pattern Languages of Programs (EuroPLoP \u201917). Association for Computing Machinery, New York, NY, USA, Article 33, 1\u201316.<\/p>\n<p>Victor, Frank; Wienstr\u00f6er, Maik (2017): Betreutes Auslagern. Praktische Umsetzung von IT-Outsourcing auf Basis der DIN-ISO-Norm 37500. In: iX Magazin f\u00fcr professionelle Informationstechnik Jg. 3, S. 102.<\/p>\n<p>Victor, Frank; Wienstr\u00f6er, Maik (2017): Service Integration and Management im \u00dcberblick. In: T\u00dcV Rheinland (Hrsg.). IT-Servicemanagement. Compliance und Wirtschaftlichkeit der IT. K\u00f6ln: T\u00dcV Media, S. 1\u201363.<\/p>\n<p>Eckstein, S.; Ochs, A. (2016): \u201eBewertung von Nachhaltigkeit mit Hilfe eines CSPM-Modells, in: Grothe, A. (Hrsg.): \u201eBewertung unternehmerischer Nachhaltigkeit \u2013 Modelle und Methoden zur Selbstbewertung\u201c, Berlin 2016, S. 27-40.<\/p>\n<p>Eckstein, Stefan (2014): \u201eEasyClip\u201c, Poster beim Tag der Exzellenten Lehre, FH K\u00f6ln, 2014.<\/p>\n<p>Zapp, Matthias (2014): \u201eSemantische Wiki-Systeme in der wandlungsf\u00e4higen Produktion\u201c, Stuttgart: Fraunhofer Verlag, 2014<\/p>\n<p>Faeskorn-Woyke, H., Bertelsmeier, B., Gawenda, D. &amp; Kasper, A. (2013): \u201eErfahrungen mit dem kooperativen E-Learning-Datenbankportal edb\u201c, In: Breiter, A. &amp; Rensing, C. (Hrsg.), DeLFI 2013: Die 11. e-Learning Fachtagung Informatik, Bonn, Gesellschaft f\u00fcr Informatik e.V. (S. 285-288).<\/p>\n<p>Zendoia, Jose; Zapp, Matthias; Agyapong-Kodua, Kwabena; Lohse, Niels; Singh, Mandeep (2013): \u201eFundamentals of a co-design methodology for improving the performance of machine tools based on semantic representation\u201c, International journal of computer integrated manufacturing 26 (2013), Nr.8, S. 751-761<\/p>\n<p>Zapp, Matthias; Forster, Christoph; Verl, Alexander; Bauernhansl, Thomas (2012): \u201eA reference model for collaborative capacity planning between automotive and semiconductor industry\u201c, Chryssolouris, George et al (Hrsg.): 5th CIRP CMS 2012, Conference on Manufacturing Systems. CD-ROM, 16-18 May 2012, Athens, Greece. Proceedings Patras, 2012, S.171-177<\/p>\n<p>Zapp, Matthias; Singh, Mandeep; Zendoia, Jos\u00e9; Brencsics, Ivan (2012): \u201eCollaborative Machine Tool Design Environment based on Semantic Wiki Technology\u201c, Gabriel Cegarra, Juan (Ed.); Universidad Polit\u00e9cnica de Cartagena &lt;Cartagena, Spain&gt; u.a.: Proceedings of the 13th European Conference on Knowledge Management: Cartagena, Spain, 6-7 September 2012. Reading, UK: Academic Publishing International, 2012, S. 1579\u20131582<\/p>\n<p>Konrad, Konstantin; Hoffmeister, Michael; Zapp, Matthias; Verl, Alexander; Busse, Johannes (2012): \u201eEnabling Fast Ramp-Up of Assembly Lines through Context-Mapping of Implicit Operator Knowledge and Machine-Derived Data\u201c, In: Svetan Ratchev (Hrsg.): \u201eIFIP Advances in Information and Communication Technology\u201c, Berlin, Heidelberg: Springer, 2012, S. 163\u2013174<\/p>\n<p>Forster, Christoph; Zapp, Matthias (2012): \u201eIm Spannungsfeld der Absatzm\u00e4rkte. Halbleiterbauteile in der Automobilproduktion\u201c, In: IT &amp; production (2012), Nr. 2, S. 28-29<\/p>\n<p>Forster, Christoph; Zapp, Matthias (2011): \u201eA more reliable supply of semiconductor components.\u201c, ATZ-Elektronik 6 (2011), Nr.6, S. 24-27<\/p>\n<p>Hoffmeister, Michael; Zapp, Matthias (2011): \u201ePerforming Experiments in Photovoltaic Manufacturing Using Knowledge Management Technologies\u201c, In: Photovoltaics International (2011), Nr. 12, S. 21\u201329<\/p>\n<p>Zapp, Matthias (2010): \u201eSimulationswerkzeuge zur Rekonfiguration von Produktionsanlagen\u201c, Productivity management 15 (2010), Nr.1, S.35-38<\/p>\n<p>Zapp, Matthias (2010): \u201eCost-of-ownership forecasting for photovoltaic production equipment\u201c, In: Photovoltaics International (2010), Nr.10, S.23-28<\/p>\n<p>Rakow, T.C., Faeskorn-Woyke, H., Schiefer, B., Vossen, V., W\u00e4sch, J. (2009): \u201eTools f\u00fcr die Lehre im Fach Datenbanken\u201c. Datenbank-Spektrum 9. Jg., Nr. 29:5-13 (Themenschwerpunkt: Lehre in Datenbanken und Information Retrieval). D-Punkt Verlag, Heidelberg, Mai 2009. ISSN 1618-2162.<\/p>\n<p>Eckstein, Stefan (2009): Modernes Reportdesign, in: Zeitschrift f\u00fcr Controlling 1 [2009], S. 29 \u2013 34.<\/p>\n<p>Eckstein, Stefan (2008): \u201eVom Berichtswesen zur Performance Management Komponente\u201c, in: Hannig, F.\/ Findeisen, D. (Hrsg.): \u201eCorporate Performance Management\u201c, Ludwigshafen 2008, S. 375 \u2013 385.<\/p>\n<p>Buchsein, Ralf; Victor, Frank; G\u00fcnther, Holger; Machmeier, Volker (2008): IT-Management mit ITIL\u00ae V3, Vieweg Wiesbaden, Edition CIO<\/p>\n<p>Faeskorn-Woyke, H., Bertelsmeier, B., Riemer, P., Bauer (2007): \u201eDatenbanksysteme \u2013 Theorie und Praxis mit SQL2003, Oracle und MySQL\u201c, Pearson Studium 2007<\/p>\n<p>Victor, Frank; G\u00fcnther, Holger (2006): \u201eOptimiertes IT Management mit ITIL: So steigern Sie die Leistung Ihrer IT-Organisation &#8211; Einf\u00fchrung, Vorgehen, Beispiele&#8220;, Vieweg Wiesbaden, Edition CIO<\/p>\n<p>Eckstein, Stefan (2006): \u201eDie zehn goldenen Regeln zum Reporting\u201c, in: https:\/\/www.brainguide.de\/Die-10-goldenen-Regeln-zum-Reporting, 12.02.2006.<\/p>\n<p>B\u00e4rwolff, Hartmut; Victor, Frank; H\u00fcsken, Volker (2006): \u201eIT-Systeme in der Medizin &#8211; Konzepte, Standards und optimierte Prozesse\u201c, Vieweg Springer Wiesbaden<\/p>\n<p>Ehses, Erich; K\u00f6hler, Lutz; Riemer, Petra; Victor, Frank; Stenzel, Horst (2005)\u201c &#8222;Betriebssysteme: Ein Lehrbuch mit \u00dcbungen zur Systemprogrammierung in Unix\/Linux&#8220;<\/p>\n<p>Eckstein, Stefan (2002): \u201eRisk Based Budgeting als Antwort auf Basel II\u201c, in: Sch\u00e4fer, H. \/ Obermeier, Th. (Hrsg.): \u201eBasel II \u2013 Herausforderung f\u00fcr den Mittelstand\u201c, Aachen 2002, S. 147 \u2013 165.<\/p>\n","protected":false},"excerpt":{"rendered":"<p>Das Studium der Wirtschaftsinformatik an der TH K\u00f6ln &nbsp; Hier ein Vortrag von Prof. Dr. Stefan Eckstein \u00fcber das Studium der Wirtschaftsinformatik an der TH K\u00f6ln. Zum Video &nbsp;<\/p>\n","protected":false},"author":101,"featured_media":0,"parent":0,"menu_order":0,"comment_status":"closed","ping_status":"closed","template":"page-full-width.php","meta":{"_acf_changed":false,"footnotes":""},"class_list":["post-87","page","type-page","status-publish","hentry"],"acf":[],"_links":{"self":[{"href":"https:\/\/blogs.gm.fh-koeln.de\/wilabor\/wp-json\/wp\/v2\/pages\/87","targetHints":{"allow":["GET"]}}],"collection":[{"href":"https:\/\/blogs.gm.fh-koeln.de\/wilabor\/wp-json\/wp\/v2\/pages"}],"about":[{"href":"https:\/\/blogs.gm.fh-koeln.de\/wilabor\/wp-json\/wp\/v2\/types\/page"}],"author":[{"embeddable":true,"href":"https:\/\/blogs.gm.fh-koeln.de\/wilabor\/wp-json\/wp\/v2\/users\/101"}],"replies":[{"embeddable":true,"href":"https:\/\/blogs.gm.fh-koeln.de\/wilabor\/wp-json\/wp\/v2\/comments?post=87"}],"version-history":[{"count":41,"href":"https:\/\/blogs.gm.fh-koeln.de\/wilabor\/wp-json\/wp\/v2\/pages\/87\/revisions"}],"predecessor-version":[{"id":169,"href":"https:\/\/blogs.gm.fh-koeln.de\/wilabor\/wp-json\/wp\/v2\/pages\/87\/revisions\/169"}],"wp:attachment":[{"href":"https:\/\/blogs.gm.fh-koeln.de\/wilabor\/wp-json\/wp\/v2\/media?parent=87"}],"curies":[{"name":"wp","href":"https:\/\/api.w.org\/{rel}","templated":true}]}}