


{"id":9,"date":"2007-01-20T23:07:05","date_gmt":"2007-01-20T22:07:05","guid":{"rendered":"http:\/\/westenberger.info\/?page_id=9"},"modified":"2011-03-18T22:07:28","modified_gmt":"2011-03-18T22:07:28","slug":"betranwsyst","status":"publish","type":"page","link":"https:\/\/blogs.gm.fh-koeln.de\/westenberger\/lehrangebote\/bachelordiplom-wirtschaftsinformatik\/betranwsyst\/","title":{"rendered":"Betr.Anw.Syst"},"content":{"rendered":"<p class=\"lead\">Schwerpunkte:<\/p>\n<ul>\n<li>Gesch\u00e4ftsprozesse in Anwendungssytemen (an exemplarischen ERP-Systemen wie SAP und Dynamics NAV)<\/li>\n<li>F\u00fchrungsunterst\u00fctzung<\/li>\n<\/ul>\n","protected":false},"excerpt":{"rendered":"<p>Schwerpunkte: Gesch\u00e4ftsprozesse in Anwendungssytemen (an exemplarischen ERP-Systemen wie SAP und Dynamics NAV) F\u00fchrungsunterst\u00fctzung<\/p>\n","protected":false},"author":27,"featured_media":0,"parent":56,"menu_order":0,"comment_status":"open","ping_status":"open","template":"","meta":{"_acf_changed":false,"footnotes":""},"class_list":["post-9","page","type-page","status-publish","hentry"],"acf":[],"_links":{"self":[{"href":"https:\/\/blogs.gm.fh-koeln.de\/westenberger\/wp-json\/wp\/v2\/pages\/9","targetHints":{"allow":["GET"]}}],"collection":[{"href":"https:\/\/blogs.gm.fh-koeln.de\/westenberger\/wp-json\/wp\/v2\/pages"}],"about":[{"href":"https:\/\/blogs.gm.fh-koeln.de\/westenberger\/wp-json\/wp\/v2\/types\/page"}],"author":[{"embeddable":true,"href":"https:\/\/blogs.gm.fh-koeln.de\/westenberger\/wp-json\/wp\/v2\/users\/27"}],"replies":[{"embeddable":true,"href":"https:\/\/blogs.gm.fh-koeln.de\/westenberger\/wp-json\/wp\/v2\/comments?post=9"}],"version-history":[{"count":2,"href":"https:\/\/blogs.gm.fh-koeln.de\/westenberger\/wp-json\/wp\/v2\/pages\/9\/revisions"}],"predecessor-version":[{"id":255,"href":"https:\/\/blogs.gm.fh-koeln.de\/westenberger\/wp-json\/wp\/v2\/pages\/9\/revisions\/255"}],"up":[{"embeddable":true,"href":"https:\/\/blogs.gm.fh-koeln.de\/westenberger\/wp-json\/wp\/v2\/pages\/56"}],"wp:attachment":[{"href":"https:\/\/blogs.gm.fh-koeln.de\/westenberger\/wp-json\/wp\/v2\/media?parent=9"}],"curies":[{"name":"wp","href":"https:\/\/api.w.org\/{rel}","templated":true}]}}