


{"id":66,"date":"2007-01-20T22:55:03","date_gmt":"2007-01-20T21:55:03","guid":{"rendered":"http:\/\/westenberger.info\/?page_id=4"},"modified":"2018-03-01T18:15:10","modified_gmt":"2018-03-01T18:15:10","slug":"research","status":"publish","type":"page","link":"https:\/\/blogs.gm.fh-koeln.de\/westenberger\/research\/","title":{"rendered":"Research and Industry"},"content":{"rendered":"<p class=\"lead\"><strong>Research Project:\u00a0Knowledge Base for DWH\/BI Industrialization<\/strong><\/p>\n<p>Currently, the development of DWH\/BI infrastructure may be seen as a complex discipline in which solution-oriented expertise is required. For this reason, companies frequently involve external consultants who are specialized in the customization of dedicated solutions and these are customizable software systems. Consulting companies should be interested to maintain their project experience as a reusable consulting knowledge base. In this project the situation of DWH\/BI consulting is considered. It should be analyzed which elements are most valuable. How can an appropriate knowledge base be structured? Which level of abstraction is useful to make captured knowledge entities reusable? Are there any methods to capture artifacts from consulting projects and how can conceptual models or patterns be used to help delivering DWH\/BI artifacts?<\/p>\n<p>Pattern-oriented approaches offer the chance to build a knowledge base which pays off in the long run when applied on reoccurring tasks. In a current research project it is considered how reference models, recommendations, best\u00a0practices, principles and many more may contribute to the industrialization of DWH\/BI, and in which way they can help to increase\u00a0the BI applicability and DWH agility while decreasing cost and time to deliver.<\/p>\n<p>Interested companies are invited to cooperate.<\/p>\n<p><strong>F\u00fcr interessierte Firmen besteht die M\u00f6glichkeit der Kooperation im Rahmen von Praxissemesterarbeiten, Diplomarbeiten, Bachelor-, Masterarbeiten oder Forschungsvorhaben in den Gebieten<\/strong><\/p>\n<ul>\n<li>Data Warehouse &amp; Data Mining; Business Intelligence<\/li>\n<li>Betriebliche Anwendungssysteme<\/li>\n<li>Produktion+Logistik+ERP-Integration, insb. ERP-Systeme wie SAP und MS Dynamics Nav<\/li>\n<\/ul>\n<p><span style=\"font-family: Georgia,Times New Roman,Times,serif;\"><span style=\"color: #000000;\"><br \/>\n<strong>Beispiele f\u00fcr durchgef\u00fchrte Projekt-, Diplom- Bachelor-, Masterarbeiten:<\/strong><\/span><\/span><\/p>\n<ul>\n<li>Systemarchitektur f\u00fcr die Integration mobiler Anwendungen in Standard-ERP Systeme<\/li>\n<li>Einfl\u00fcsse von In-Memory-Computing (am Beispiel von SAP HANA) auf das mobile Business Intelligence<\/li>\n<li>Auswirkungen der In-Memory Technologie auf die Abschlussprozesse der Anlagenbuchhaltung am Beispiel von SAP HANA<\/li>\n<li>Konzeptionierung eines Architekturmusters f\u00fcr eigenentwickelte Browseranwendungen mit Zugriff auf SAP Daten und prototypische Auspr\u00e4gung<\/li>\n<li>Implementation einer Predictive Analytics L\u00f6sung f\u00fcr Einkaufsumsatzprognosen<\/li>\n<li>Optimierung des Beh\u00e4ltermanagments der Leergutverwaltung in einem Automobilzulieferunternehmen<\/li>\n<li>Einflussgr\u00f6\u00dfen von In-Memory-Computing (am Beispiel von SAP HANA) auf die Zukunft von Business Intelligence<\/li>\n<li>Gesch\u00e4ftsregelmanagement mit SAP BRFplus im Kontext einer Anwendungsentwicklung<\/li>\n<li>Entwicklung eines Dialogsystems zur automatisierten Erstellung von Workflows<\/li>\n<li>Vorgehensmethodik zur Auswahl eines Warenwirtschaftssystems f\u00fcr kleine Handelsunternehmen<\/li>\n<li>Auswirkung von In-Memory Datenbanken auf Unternehmenssysteme am Beispiel von SAP HANA<\/li>\n<li>Vorgehensweise und Projektplanung f\u00fcr das Microsoft Dynamics NAV 2013 Upgrade<\/li>\n<li>Konzept zur Implementierung eines Dashboards zur F\u00fchrungsunterst\u00fctzung in einem kleinen IT-Beratungsunternehmen<\/li>\n<li>Deploymentprozess auf Basis der SAS Software<\/li>\n<li>Re-Design und Evaluation der Benutzeroberfl\u00e4che des Identity Access Managements unter besondere Ber\u00fccksichtigung der Usability<\/li>\n<li>Harmonisierung von Daten im Data Warehouse<\/li>\n<li>Konzeption einer Data Warehouse- Infrastruktur f\u00fcr den operativen Hochschulbetrieb auf der Basis von SAP BW<\/li>\n<li>Umsetzung eines fachlichen Konzepts f\u00fcr die Pr\u00e4mienentlohnung in einem Fertigungsunternehmen<\/li>\n<li>Erarbeitung eines materialkurztext- und nummernkreisunabh\u00e4ngigen Konzeptes zur Steuerung von Sonderanfertigungen entlang der logistischen Kette in einem Fertigungsunternehmen<\/li>\n<li>Reifegrad-Bewertung von Social Media Analysis<\/li>\n<li>Internationaler Zahlungsverkehr mit SAP Bank Communication Management<\/li>\n<li>Architekturkonzept f\u00fcr die Einbettung IT-gest\u00fctzter Administration dezentraler Studienleistungen<\/li>\n<li>Referenzmodelle f\u00fcr die Integration der automatisierten Identifikation und Datenerfassung in die Unternehmensarchitektur eines mittelst\u00e4ndischen produzierenden Unternehmens.<\/li>\n<li>Optimierung der Wartung und Instandhaltung des SMT Prozesses, unter Zuhilfenahme der Software SAP PM<\/li>\n<li>IT-gest\u00fctzte Disposition der Produktion und Beschaffung bei einem mittelst\u00e4ndischen produzierenden Unternehmen<\/li>\n<li>Universeller Datenaustausch von Maschinen- und Produktionsdaten zwischen Maschinenleitstand und angebundenem ERP-System<\/li>\n<li>Die Untersuchung der Modellierung zeitlicher Struktur\u00e4nderungen an einer Vertriebsplanung mit der Planungsl\u00f6sung SAP Business Objects Planning and Consolidation (SAP BO BPC)<\/li>\n<li>Mobile Business Intelligence anhand von \u201eMicroStrategy 9 Mobile\u201c<\/li>\n<li>Konzeption eines IT-gest\u00fctzten Informationssystems zur Unternehmenssteuerung bei<\/li>\n<li>Kleinunternehmen am Beispiel der Fr\u00fchaufkl\u00e4rung im Vendor Managed Inventory am Beispiel eines mittelst\u00e4ndischen Unternehmens<\/li>\n<li>Sales Force Management f\u00fcr ein mittelst\u00e4ndisches Beratungsunternehmen mit SAP CRM<\/li>\n<li>Drivers, Indicators and drawbacks for BP orchestration layers and SOA<\/li>\n<li>Entwicklung eines optimierten Reporting-Konzeptes f\u00fcr die xxx Group<\/li>\n<li>Konzeptionierung einer Unternehmensplanung in einem Beratungsunternehmen<\/li>\n<li>Computer Supported Work and Knowledge Management in einem Beratungsunternehmen<\/li>\n<li>Kennzahlenkonzept zur Steuerung von mittelst\u00e4ndischen produzierenden Unternehmen auf der Basis von Dynamics NAV &#8211; MS Powerpivot<\/li>\n<li>Standardanpassungen f\u00fcr Dynamics NAV unter Ber\u00fccksichtigung der Update-\/Upgradef\u00e4higkeit<\/li>\n<li>Innovationspotentiale neuer Technologien f\u00fcr Dynamics NAV 2009<\/li>\n<li>Design of a Dynamics Nav 5.0 Migration to NAV2009 with regard to strong technological changes<\/li>\n<li>Business Driven Service Oriented Architecture<\/li>\n<li>Kennzahlenmodelle f\u00fcr Business Process Monitoring auf der Basis von SAP-Produkten<\/li>\n<li>Entwicklung und Implementierung eines Webshop mit konfigurierbaren Produkten mit Magento unter Ber\u00fccksichtigung der Updatef\u00e4higkeit<\/li>\n<li>Entwicklung eines Partnerinformationssystem in der Versicherungsbranche<\/li>\n<li>Konzeptionierung eines Indexschl\u00fcssel-Informationssystem<\/li>\n<li>Potentialuntersuchung der Integrierten Planung auf der Basis von SAP-Produkten<\/li>\n<li>Konzeption einer Variantenkonfiguration f\u00fcr die Anbindung an ein ERP-System<\/li>\n<li>Business Intelligence in der Dienstleistungsbranche<\/li>\n<li>Indikatoren f\u00fcr den Einsatz der SAP BI integrierten Planung<\/li>\n<li>Entwicklung eines Datawarehouse-Konzeptes f\u00fcr ein Student Lifecycle Management<\/li>\n<li>Konzeption einer Reportingdatenbank im Basel II Berichtswesen<\/li>\n<li>Dynamics NAV als Sharepoint-Suchquelle<\/li>\n<li>flexibilisierte Bilanzerstellung in MS Dynamics \u00fcber MS SQL-Reporting<\/li>\n<li>Optimierung der Instandhaltung unter Einsatz von SAP PM<\/li>\n<li>Einsatz und Integration von RFID in der Fertigung<\/li>\n<li>Dynamische Szenariosimulation in der strategischen Personalplanung<\/li>\n<li>Konzeption einer Kollaborationsplattform f\u00fcr ein weltweit agierendes biotechnologisches Unternehmen<\/li>\n<li>Prototypische Entwicklung eines Ressourcenmanagements<\/li>\n<li>Evaluierung von Dokumentenmanagementsystemen f\u00fcr den Einsatz in der xxxx Group<\/li>\n<li>Anforderungen an den Point of Sale in Verpflegungsbetrieben und Evaluation von Kassensystemen<\/li>\n<li>Abweichungsanalysen und Reporting mit modernen OLAP Technologien<\/li>\n<li>Wirtschaftlichkeit generischer Integrationsplattformen<\/li>\n<li>Bewertung wirtschaftlicher Nutzenpotentiale serviceorientierter Architekturen in der Logistik-Dienstleistungsbranche<\/li>\n<li>Konsolidierung und Harmonisierung einer heterogenen IT-Landschaft<\/li>\n<li>Entwicklung eines Vorgehensmodells f\u00fcr die Softwaremigration von ERP-Systemen am Beispiel eines mittelst\u00e4ndischen, modellhaften Unternehmens<\/li>\n<li>Konzeption und Entwurf eines softwaregest\u00fctzen QM-Konzeptes f\u00fcr Schulen<\/li>\n<li>Indikatoren des betriebswirtschaftlichen Nutzens serviceorientierter Architekturen<\/li>\n<li>Entwicklung eines auditierf\u00e4higen Berechtigungskonzeptes f\u00fcr SAP R\/3 am Beispiel der IDES AG<\/li>\n<li>Vergleichende Bewertung von Data Warehouse Tools f\u00fcr den Einsatz in der Ausbildung zum Wirtschaftsinformatiker<\/li>\n<li>Anwendungsmigration eines Dokumenten-Management-Systems in ein portalbasiertes Content-Management-System am Beispiel eines Immobilienunternehmens<\/li>\n<li>IT-Konzept zur Evaluierung einer Data Warehouse-gest\u00fctzten Planungsapplikation<\/li>\n<li>Konzeption und prototypische Realisierung von Sales Auswertungen \u00fcber SAP BW<\/li>\n<li>Betriebliche Simulation zur exemplarischen Prozessoptimierung in Krankenh\u00e4usern<\/li>\n<li>Re-Engineering eines Vertriebsinformationssystems<\/li>\n<li>Konzeption und prototypische Entwicklung eines Metadaten Data Warehouse<\/li>\n<li>Potenziale und Wirtschaftlichkeit des Data-Mining in einem Personaldienstleistungsunternehmen<\/li>\n<li>IT-gest\u00fctzte Unternehmensf\u00fchrung anhand des Beispiels eines mittelst\u00e4ndischen Unternehmens mit Hilfe des SAP Strategic Enterprise Managements<\/li>\n<li>Bewertung der Datenqualit\u00e4t und des Data Mining f\u00fcr Prozessdaten aus Kl\u00e4ranlagen<\/li>\n<li>Automatisiertes Reporting und Informationsverteilung f\u00fcr das Service Level Management<\/li>\n<li>DV-System zur Abbildung der Kunden-Lieferantenbeziehungen in Unternehmen<\/li>\n<li>Simulationsgest\u00fctztes Trainingstool f\u00fcr SAP R\/3-PP<\/li>\n<li>Kostenanalyse und Bewertung von automatischen Datenerfassungssystemen<\/li>\n<li>Integrationskonzept f\u00fcr die Messdatenerfassung in SAP R\/3<\/li>\n<li>Test und Bewertung der Fertigungsplanungssoftware DELMIA anhand der Montageplanung einer PKW Vorderwand<\/li>\n<li>Entwicklung eines Kennzahlen-Konzeptes f\u00fcr die logistische Kette und dessen Integration in das Logistik Informationssystem von SAP R\/3<\/li>\n<li>Auswahl und Einf\u00fchrung eines multimedialen Produktinformationssystems (MPIS) f\u00fcr interne und externe Nutzung<\/li>\n<li>Verschiedene Arbeiten zum Scheduling in der Prozessindustrie &#8230;<\/li>\n<li>Einsetzbarkeit maschineller Lernverfahren f\u00fcr Fraud Detection in der Telekommunikation<\/li>\n<li>Konzipierung und Test technischer Analysekennzahlen f\u00fcr die modellgest\u00fctzte Prognose von Aktienkaufempfehlungen<\/li>\n<li>Test eines hybriden Neuronalen Netztypus f\u00fcr eine verfahrenstechnische Anlage<\/li>\n<li>Vergleichende Darstellung verschiedener Soft-Computing-Methoden<\/li>\n<li>Digitale Signalverarbeitung mit Neuronalen Netzen<\/li>\n<li>Prognose von Pegelganglinien mit Neuronalen Netzen<\/li>\n<li>Kl\u00e4ranlagensteuerung mit neuronalen Netzen<\/li>\n<li>Neuronale Spiele-Agenten f\u00fcr &#8222;4-gewinnt&#8220;Bongards, Westenberger, Ebel, Graner: Pr\u00e4diktive Regelung von Kl\u00e4ranlagen mit neuronalen Netzen. in KA-Abwasser, Abfall 2004(51) Nr.8, 857-865.<\/li>\n<\/ul>\n<p>Kooperationspartner und in den Praktika eingesetzte Software:verschiedene Beratungsunternehmen im Umfeld des Business Intelligence,<br \/>\nbzw. im Umfeld von Produkten wie MS Dynamics NAV, SAP und SAS, wie z.B.:<\/p>\n<ul>\n<li>flitcon GmbH<\/li>\n<li>cimt AG<\/li>\n<li>GOB Software&amp;Systeme GmbH&amp;Co.KG<\/li>\n<\/ul>\n<p>sowie Softwareanbietern wie<br \/>\nSAP: SAP ECC (eingetr. Warenzeichen der <a href=\"http:\/\/www.sap.de\/\">SAP AG<\/a>)<br \/>\nMicrosoft: Dynamics Nav (eingetr. Warenzeichen von <a href=\"http:\/\/www.microsoft.com\/germany\/Dynamics\/\">Microsoft<\/a>)<br \/>\nSAS\u00a0 (eingetr. Warenzeichen von <a href=\"http:\/\/www.sas.com\/\">SAS Institute<\/a>)<br \/>\nIntersystems ensemble (eingetr. Warenzeichen von <a href=\"http:\/\/www.intersystems.com\/\">intersystems<\/a>)<br \/>\neM-Plant (eingetr. Warenzeichen von <a href=\"http:\/\/www.emplant.de\/\"> Tecnomatix<\/a>)<\/p>\n","protected":false},"excerpt":{"rendered":"<p>Research Project:\u00a0Knowledge Base for DWH\/BI Industrialization Currently, the development of DWH\/BI infrastructure may be seen as a complex discipline in which solution-oriented expertise is required. For this reason, companies frequently involve external consultants who are specialized in the customization of dedicated solutions and these are customizable software systems. Consulting companies should be interested to maintain&#8230;  <a href=\"https:\/\/blogs.gm.fh-koeln.de\/westenberger\/research\/\" class=\"more-link\" title=\"Read Research and Industry\"><?php _e(\"Read more &raquo;\",\"wpbootstrap\"); ?><\/a><\/p>\n","protected":false},"author":27,"featured_media":0,"parent":0,"menu_order":0,"comment_status":"closed","ping_status":"closed","template":"","meta":{"_acf_changed":false,"footnotes":""},"class_list":["post-66","page","type-page","status-publish","hentry"],"acf":[],"_links":{"self":[{"href":"https:\/\/blogs.gm.fh-koeln.de\/westenberger\/wp-json\/wp\/v2\/pages\/66","targetHints":{"allow":["GET"]}}],"collection":[{"href":"https:\/\/blogs.gm.fh-koeln.de\/westenberger\/wp-json\/wp\/v2\/pages"}],"about":[{"href":"https:\/\/blogs.gm.fh-koeln.de\/westenberger\/wp-json\/wp\/v2\/types\/page"}],"author":[{"embeddable":true,"href":"https:\/\/blogs.gm.fh-koeln.de\/westenberger\/wp-json\/wp\/v2\/users\/27"}],"replies":[{"embeddable":true,"href":"https:\/\/blogs.gm.fh-koeln.de\/westenberger\/wp-json\/wp\/v2\/comments?post=66"}],"version-history":[{"count":19,"href":"https:\/\/blogs.gm.fh-koeln.de\/westenberger\/wp-json\/wp\/v2\/pages\/66\/revisions"}],"predecessor-version":[{"id":880,"href":"https:\/\/blogs.gm.fh-koeln.de\/westenberger\/wp-json\/wp\/v2\/pages\/66\/revisions\/880"}],"wp:attachment":[{"href":"https:\/\/blogs.gm.fh-koeln.de\/westenberger\/wp-json\/wp\/v2\/media?parent=66"}],"curies":[{"name":"wp","href":"https:\/\/api.w.org\/{rel}","templated":true}]}}