


{"id":65,"date":"2007-01-20T22:53:23","date_gmt":"2007-01-20T21:53:23","guid":{"rendered":"http:\/\/westenberger.info\/?page_id=3"},"modified":"2011-03-18T22:11:59","modified_gmt":"2011-03-18T22:11:59","slug":"diplomarbeiten-projekte","status":"publish","type":"page","link":"https:\/\/blogs.gm.fh-koeln.de\/westenberger\/lehrangebote\/diplomarbeiten-projekte\/","title":{"rendered":"Projects \/Thesis \/ Jobs"},"content":{"rendered":"<p class=\"lead\"><span style=\"color: #000000\">Projekte und\u00a0 Bachelor-, Masterthesis-Themen auf Anfrage bzw im <\/span><a href=\"http:\/\/westenberger.info\/\">Blog<\/a><\/p>\n<p>Ich unterst\u00fctze Themen bevorzugt in den Themenfeldern<\/p>\n<p>Business Intelligence<\/p>\n<p>Gesch\u00e4ftsprozessunterst\u00fctzung mit ERP-Systemen (insb. SAP und Dynamics NAV)<\/p>\n<p>Dar\u00fcber hinaus biete ich f\u00fcr interessierte Studenten biete ich Unterst\u00fctzung bei Diplom- oder Projektarbeitsthemen in den Gebieten<\/p>\n<ul>\n<li>Data Warehousing &amp; Data Mining<\/li>\n<li>Data Mining-Anwendungen und -Methoden wie Neuronale Netze<\/li>\n<li>Enterprise Application Integration<\/li>\n<li>Themen im Umfeld betrieblicher Anwendungssystemen<\/li>\n<\/ul>\n","protected":false},"excerpt":{"rendered":"<p>Projekte und\u00a0 Bachelor-, Masterthesis-Themen auf Anfrage bzw im Blog Ich unterst\u00fctze Themen bevorzugt in den Themenfeldern Business Intelligence Gesch\u00e4ftsprozessunterst\u00fctzung mit ERP-Systemen (insb. SAP und Dynamics NAV) Dar\u00fcber hinaus biete ich f\u00fcr interessierte Studenten biete ich Unterst\u00fctzung bei Diplom- oder Projektarbeitsthemen in den Gebieten Data Warehousing &amp; Data Mining Data Mining-Anwendungen und -Methoden wie Neuronale Netze&#8230;  <a href=\"https:\/\/blogs.gm.fh-koeln.de\/westenberger\/lehrangebote\/diplomarbeiten-projekte\/\" class=\"more-link\" title=\"Read Projects \/Thesis \/ Jobs\"><?php _e(\"Read more &raquo;\",\"wpbootstrap\"); ?><\/a><\/p>\n","protected":false},"author":27,"featured_media":0,"parent":53,"menu_order":0,"comment_status":"open","ping_status":"open","template":"","meta":{"_acf_changed":false,"footnotes":""},"class_list":["post-65","page","type-page","status-publish","hentry"],"acf":[],"_links":{"self":[{"href":"https:\/\/blogs.gm.fh-koeln.de\/westenberger\/wp-json\/wp\/v2\/pages\/65","targetHints":{"allow":["GET"]}}],"collection":[{"href":"https:\/\/blogs.gm.fh-koeln.de\/westenberger\/wp-json\/wp\/v2\/pages"}],"about":[{"href":"https:\/\/blogs.gm.fh-koeln.de\/westenberger\/wp-json\/wp\/v2\/types\/page"}],"author":[{"embeddable":true,"href":"https:\/\/blogs.gm.fh-koeln.de\/westenberger\/wp-json\/wp\/v2\/users\/27"}],"replies":[{"embeddable":true,"href":"https:\/\/blogs.gm.fh-koeln.de\/westenberger\/wp-json\/wp\/v2\/comments?post=65"}],"version-history":[{"count":3,"href":"https:\/\/blogs.gm.fh-koeln.de\/westenberger\/wp-json\/wp\/v2\/pages\/65\/revisions"}],"predecessor-version":[{"id":262,"href":"https:\/\/blogs.gm.fh-koeln.de\/westenberger\/wp-json\/wp\/v2\/pages\/65\/revisions\/262"}],"up":[{"embeddable":true,"href":"https:\/\/blogs.gm.fh-koeln.de\/westenberger\/wp-json\/wp\/v2\/pages\/53"}],"wp:attachment":[{"href":"https:\/\/blogs.gm.fh-koeln.de\/westenberger\/wp-json\/wp\/v2\/media?parent=65"}],"curies":[{"name":"wp","href":"https:\/\/api.w.org\/{rel}","templated":true}]}}