


{"id":56,"date":"2008-03-30T19:51:49","date_gmt":"2008-03-30T18:51:49","guid":{"rendered":"http:\/\/westenberger.info\/?page_id=56"},"modified":"2013-02-23T11:24:23","modified_gmt":"2013-02-23T11:24:23","slug":"bachelordiplom-wirtschaftsinformatik","status":"publish","type":"page","link":"https:\/\/blogs.gm.fh-koeln.de\/westenberger\/lehrangebote\/bachelordiplom-wirtschaftsinformatik\/","title":{"rendered":"Bachelor Wirtschaftsinformatik"},"content":{"rendered":"<p class=\"lead\">Pflichtveranstaltungen:<br \/>\n<strong>Betriebliche Anwendungssysteme I<\/strong>. Vorlesungen, \u00dcbungen, Praktikum<\/p>\n<ul>\n<li>Grundlagen, Modelle<\/li>\n<li>Einf\u00fchrung in das ERP-System: Dynamics NAV<\/li>\n<li>Anwendungsfallstudie: OrderToCash<\/li>\n<li>Einf\u00fchrung in das SAP ERP-System:<\/li>\n<li>Anwendungsfallsstudie: PurchaseToManufacture<\/li>\n<li>Einf\u00fchrung in das Customizing und die Entwicklung von Dynamics NAV-Anwendungen<\/li>\n<\/ul>\n<p><strong>Betriebliche Anwendungssysteme II<\/strong> nur Praktikum<\/p>\n<ul>\n<li>ABAP-Fallstudien<\/li>\n<\/ul>\n","protected":false},"excerpt":{"rendered":"<p>Pflichtveranstaltungen: Betriebliche Anwendungssysteme I. Vorlesungen, \u00dcbungen, Praktikum Grundlagen, Modelle Einf\u00fchrung in das ERP-System: Dynamics NAV Anwendungsfallstudie: OrderToCash Einf\u00fchrung in das SAP ERP-System: Anwendungsfallsstudie: PurchaseToManufacture Einf\u00fchrung in das Customizing und die Entwicklung von Dynamics NAV-Anwendungen Betriebliche Anwendungssysteme II nur Praktikum ABAP-Fallstudien<\/p>\n","protected":false},"author":27,"featured_media":0,"parent":53,"menu_order":0,"comment_status":"closed","ping_status":"closed","template":"","meta":{"_acf_changed":false,"footnotes":""},"class_list":["post-56","page","type-page","status-publish","hentry"],"acf":[],"_links":{"self":[{"href":"https:\/\/blogs.gm.fh-koeln.de\/westenberger\/wp-json\/wp\/v2\/pages\/56","targetHints":{"allow":["GET"]}}],"collection":[{"href":"https:\/\/blogs.gm.fh-koeln.de\/westenberger\/wp-json\/wp\/v2\/pages"}],"about":[{"href":"https:\/\/blogs.gm.fh-koeln.de\/westenberger\/wp-json\/wp\/v2\/types\/page"}],"author":[{"embeddable":true,"href":"https:\/\/blogs.gm.fh-koeln.de\/westenberger\/wp-json\/wp\/v2\/users\/27"}],"replies":[{"embeddable":true,"href":"https:\/\/blogs.gm.fh-koeln.de\/westenberger\/wp-json\/wp\/v2\/comments?post=56"}],"version-history":[{"count":4,"href":"https:\/\/blogs.gm.fh-koeln.de\/westenberger\/wp-json\/wp\/v2\/pages\/56\/revisions"}],"predecessor-version":[{"id":575,"href":"https:\/\/blogs.gm.fh-koeln.de\/westenberger\/wp-json\/wp\/v2\/pages\/56\/revisions\/575"}],"up":[{"embeddable":true,"href":"https:\/\/blogs.gm.fh-koeln.de\/westenberger\/wp-json\/wp\/v2\/pages\/53"}],"wp:attachment":[{"href":"https:\/\/blogs.gm.fh-koeln.de\/westenberger\/wp-json\/wp\/v2\/media?parent=56"}],"curies":[{"name":"wp","href":"https:\/\/api.w.org\/{rel}","templated":true}]}}