


{"id":10,"date":"2007-01-20T23:08:22","date_gmt":"2007-01-20T22:08:22","guid":{"rendered":"http:\/\/westenberger.info\/?page_id=10"},"modified":"2025-05-01T22:21:30","modified_gmt":"2025-05-01T22:21:30","slug":"ba-1","status":"publish","type":"page","link":"https:\/\/blogs.gm.fh-koeln.de\/westenberger\/lehrangebote\/bachelordiplom-wirtschaftsinformatik\/betranwsyst\/ba-1\/","title":{"rendered":"Betriebliche Anwendungssysteme I"},"content":{"rendered":"<p class=\"lead\">Die Veranstaltung besteht aus Vorlesung, \u00dcbung und Praktikum. Eingesetzt werden die Systeme<br \/>\nSAP ECC 6.0<br \/>\nMicrosoft Dynamics Business Central<\/p>\n<p><strong>Praktikum zu &#8222;Betriebliche Anwendungssysteme I&#8220;<\/strong><\/p>\n<p><strong>Ziel des Praktikums<\/strong>: Erarbeitung des grunds\u00e4tzlichen Verst\u00e4ndnisses, wie betriebliche Prozesse in ERP-Systemen unterst\u00fctzt werden (Beispiele aus der Zeiterfassung, Angebotsabwicklung und Produktionsplanung).<br \/>\nEinf\u00fchrung in eine typische Entwicklungsumgebung.<br \/>\nEinstieg in die Unterst\u00fctzung komplexer Prozesse auf Basis eines SAP-Systems.<\/p>\n<p><strong>Praktikumsthemen <\/strong><br \/>\nEinf\u00fchrung in die Architektur und Entwicklung von ERP-Systemen<br \/>\nUnterst\u00fctzung betrieblicher Prozesse am Beipiel der Materialwirtschaft und Produktion (SAP-Fallstudie)<br \/>\nImplementierung betrieblicher Anwendungen am Beispiel von &#8222;Embeded BI&#8220;<\/p>\n<p>&nbsp;<\/p>\n","protected":false},"excerpt":{"rendered":"<p>Die Veranstaltung besteht aus Vorlesung, \u00dcbung und Praktikum. Eingesetzt werden die Systeme SAP ECC 6.0 Microsoft Dynamics Business Central Praktikum zu &#8222;Betriebliche Anwendungssysteme I&#8220; Ziel des Praktikums: Erarbeitung des grunds\u00e4tzlichen Verst\u00e4ndnisses, wie betriebliche Prozesse in ERP-Systemen unterst\u00fctzt werden (Beispiele aus der Zeiterfassung, Angebotsabwicklung und Produktionsplanung). Einf\u00fchrung in eine typische Entwicklungsumgebung. Einstieg in die Unterst\u00fctzung komplexer&#8230;  <a href=\"https:\/\/blogs.gm.fh-koeln.de\/westenberger\/lehrangebote\/bachelordiplom-wirtschaftsinformatik\/betranwsyst\/ba-1\/\" class=\"more-link\" title=\"Read Betriebliche Anwendungssysteme I\"><?php _e(\"Read more &raquo;\",\"wpbootstrap\"); ?><\/a><\/p>\n","protected":false},"author":27,"featured_media":0,"parent":9,"menu_order":0,"comment_status":"closed","ping_status":"closed","template":"","meta":{"_acf_changed":false,"footnotes":""},"class_list":["post-10","page","type-page","status-publish","hentry"],"acf":[],"_links":{"self":[{"href":"https:\/\/blogs.gm.fh-koeln.de\/westenberger\/wp-json\/wp\/v2\/pages\/10","targetHints":{"allow":["GET"]}}],"collection":[{"href":"https:\/\/blogs.gm.fh-koeln.de\/westenberger\/wp-json\/wp\/v2\/pages"}],"about":[{"href":"https:\/\/blogs.gm.fh-koeln.de\/westenberger\/wp-json\/wp\/v2\/types\/page"}],"author":[{"embeddable":true,"href":"https:\/\/blogs.gm.fh-koeln.de\/westenberger\/wp-json\/wp\/v2\/users\/27"}],"replies":[{"embeddable":true,"href":"https:\/\/blogs.gm.fh-koeln.de\/westenberger\/wp-json\/wp\/v2\/comments?post=10"}],"version-history":[{"count":8,"href":"https:\/\/blogs.gm.fh-koeln.de\/westenberger\/wp-json\/wp\/v2\/pages\/10\/revisions"}],"predecessor-version":[{"id":2105,"href":"https:\/\/blogs.gm.fh-koeln.de\/westenberger\/wp-json\/wp\/v2\/pages\/10\/revisions\/2105"}],"up":[{"embeddable":true,"href":"https:\/\/blogs.gm.fh-koeln.de\/westenberger\/wp-json\/wp\/v2\/pages\/9"}],"wp:attachment":[{"href":"https:\/\/blogs.gm.fh-koeln.de\/westenberger\/wp-json\/wp\/v2\/media?parent=10"}],"curies":[{"name":"wp","href":"https:\/\/api.w.org\/{rel}","templated":true}]}}