


{"id":760,"date":"2021-11-11T13:05:07","date_gmt":"2021-11-11T12:05:07","guid":{"rendered":"https:\/\/blogs.gm.fh-koeln.de\/wellendorf\/?page_id=760"},"modified":"2022-10-13T13:00:08","modified_gmt":"2022-10-13T11:00:08","slug":"start","status":"publish","type":"page","link":"https:\/\/blogs.gm.fh-koeln.de\/wellendorf\/","title":{"rendered":"Bachelor-\/Masterarbeiten"},"content":{"rendered":"<div id=\"pl-760\"  class=\"panel-layout\" ><div id=\"pg-760-0\"  class=\"panel-grid panel-no-style\" ><div id=\"pgc-760-0-0\"  class=\"panel-grid-cell\" ><div id=\"panel-760-0-0-0\" class=\"so-panel widget widget_rpwe_widget rpwe_widget recent-posts-extended panel-first-child\" data-index=\"0\" ><h3 class=\"widget-title\">Aktuelle Abschlussarbeiten<\/h3><div  class=\"rpwe-block\"><ul class=\"rpwe-ul\"><li class=\"rpwe-li rpwe-clearfix\"><h3 class=\"rpwe-title\"><a href=\"https:\/\/blogs.gm.fh-koeln.de\/wellendorf\/entwicklung-eines-pruefverfahrens-zur-untersuchung-des-einflusses-metallischer-stoer-objekte-auf-das-messergebnis-eines-beruehrungslosen-abstandssensors\/\" target=\"_self\">Entwicklung eines Pr\u00fcfverfahrens zur Untersuchung des Einflusses metallischer St\u00f6r-Objekte auf das Messergebnis eines ber\u00fchrungslosen Abstandssensors<\/a><\/h3><time class=\"rpwe-time published\" datetime=\"2025-03-28T12:05:07+01:00\">28. M\u00e4rz 2025<\/time><\/li><li class=\"rpwe-li rpwe-clearfix\"><h3 class=\"rpwe-title\"><a href=\"https:\/\/blogs.gm.fh-koeln.de\/wellendorf\/entwicklung-eines-ki-basierten-auswerteverfahrens-zur-bestimmung-des-messfehlers-eines-beruehrungslosen-abstandssensors-aufgrund-von-metallischen-stoerobjekten\/\" target=\"_self\">Entwicklung eines KI-basierten Auswerteverfahrens zur Bestimmung des Messfehlers eines ber\u00fchrungslosen Abstandssensors aufgrund metallischer St\u00f6robjekte<\/a><\/h3><time class=\"rpwe-time published\" datetime=\"2025-03-28T12:00:56+01:00\">28. M\u00e4rz 2025<\/time><\/li><li class=\"rpwe-li rpwe-clearfix\"><h3 class=\"rpwe-title\"><a href=\"https:\/\/blogs.gm.fh-koeln.de\/wellendorf\/entwicklung-eines-fem-modells-zur-bestimmung-der-elektromagnetischen-kraefte-in-einem-schwingenden-system\/\" target=\"_self\">Entwicklung eines FEM-Modells zur Bestimmung der elektromagnetischen Kr\u00e4fte in einem schwingenden System<\/a><\/h3><time class=\"rpwe-time published\" datetime=\"2025-03-28T11:30:51+01:00\">28. M\u00e4rz 2025<\/time><\/li><li class=\"rpwe-li rpwe-clearfix\"><h3 class=\"rpwe-title\"><a href=\"https:\/\/blogs.gm.fh-koeln.de\/wellendorf\/optimierung-einer-flachfeder-fuer-einen-vibration-energy-harvester-hinsichtlich-schwingfaehigkeit-in-axiale-richtung-bei-maximaler-quersteifigkeit-ueber-den-gesamten-federweg-mit-hilfe-der-fem\/\" target=\"_self\">Optimierung einer Flachfeder f\u00fcr einen Vibration-Energy-Harvester hinsichtlich Schwingf\u00e4higkeit in axiale Richtung bei maximaler Quersteifigkeit \u00fcber den gesamten Federweg mit Hilfe der FEM<\/a><\/h3><time class=\"rpwe-time published\" datetime=\"2025-03-28T11:28:04+01:00\">28. M\u00e4rz 2025<\/time><\/li><li class=\"rpwe-li rpwe-clearfix\"><h3 class=\"rpwe-title\"><a href=\"https:\/\/blogs.gm.fh-koeln.de\/wellendorf\/ermittlung-von-einstellparametern-einer-trockensiebmaschine-mit-linearschwinger-und-direktantrieb\/\" target=\"_self\">Ermittlung von Einstellparametern einer Trockensiebmaschine (mit Linearschwinger und Direktantrieb) (vergeben)<\/a><\/h3><time class=\"rpwe-time published\" datetime=\"2025-03-18T13:06:49+01:00\">18. M\u00e4rz 2025<\/time><\/li><li class=\"rpwe-li rpwe-clearfix\"><h3 class=\"rpwe-title\"><a href=\"https:\/\/blogs.gm.fh-koeln.de\/wellendorf\/untersuchungen-zur-sortenreinen-trennung-von-brechsand-bauschutt-und-hmva\/\" target=\"_self\">Untersuchungen zur sortenreinen Trennung von Brechsand, Bauschutt und HMVA<\/a><\/h3><time class=\"rpwe-time published\" datetime=\"2024-12-12T09:55:21+01:00\">12. Dezember 2024<\/time><\/li><li class=\"rpwe-li rpwe-clearfix\"><h3 class=\"rpwe-title\"><a href=\"https:\/\/blogs.gm.fh-koeln.de\/wellendorf\/bama-lufteinfluss\" target=\"_self\">Bachelor-\/Masterarbeit &#8211; Messtechnische Untersuchung des Einflusses von Luft auf das Schwingungsverhalten eines Energy Harvesters<\/a><\/h3><time class=\"rpwe-time published\" datetime=\"2022-10-20T10:03:49+02:00\">20. Oktober 2022<\/time><\/li><li class=\"rpwe-li rpwe-clearfix\"><h3 class=\"rpwe-title\"><a href=\"https:\/\/blogs.gm.fh-koeln.de\/wellendorf\/ba-ma-vr-praxis\" target=\"_self\">Bachelor-\/Masterarbeit &#8211; VR in der Praxis \u2013 Erstellung eines virtuellen Hallenrundgangs<\/a><\/h3><time class=\"rpwe-time published\" datetime=\"2022-07-01T13:37:48+02:00\">1. Juli 2022<\/time><\/li><li class=\"rpwe-li rpwe-clearfix\"><h3 class=\"rpwe-title\"><a href=\"https:\/\/blogs.gm.fh-koeln.de\/wellendorf\/bama-stofflicheanalyse\" target=\"_self\">Bachelor-\/ Masterarbeit &#8211; Stoffliche Analyse mineralischer Bau- und Abbruchreststoffe<\/a><\/h3><time class=\"rpwe-time published\" datetime=\"2021-10-25T11:32:58+02:00\">25. Oktober 2021<\/time><\/li><li class=\"rpwe-li rpwe-clearfix\"><h3 class=\"rpwe-title\"><a href=\"https:\/\/blogs.gm.fh-koeln.de\/wellendorf\/bachelor-masterarbeit-entwicklung-und-bau-einer-siebvorrichtung-fuer-eine-schwingpruefanlage\/\" target=\"_self\">Bachelor-\/Masterarbeit &#8211; Entwicklung und Bau einer Siebvorrichtung f\u00fcr eine Schwingpr\u00fcfanlage<\/a><\/h3><time class=\"rpwe-time published\" datetime=\"2021-03-25T17:06:21+01:00\">25. M\u00e4rz 2021<\/time><\/li><li class=\"rpwe-li rpwe-clearfix\"><h3 class=\"rpwe-title\"><a href=\"https:\/\/blogs.gm.fh-koeln.de\/wellendorf\/ba-ma-fem-simulation-ultraschallwerkzeug\/\" target=\"_self\">Bachelor-\/Masterarbeit &#8211; FEM-Simulation Ultraschallwerkzeug<\/a><\/h3><time class=\"rpwe-time published\" datetime=\"2020-04-25T14:22:41+02:00\">25. April 2020<\/time><\/li><\/ul><\/div><!-- Generated by http:\/\/wordpress.org\/plugins\/recent-posts-widget-extended\/ --><\/div><div id=\"panel-760-0-0-1\" class=\"so-panel widget widget_rpwe_widget rpwe_widget recent-posts-extended panel-last-child\" data-index=\"1\" ><h3 class=\"widget-title\">Abgeschlossene Abschlussarbeiten<\/h3><div  class=\"rpwe-block\"><ul class=\"rpwe-ul\"><li class=\"rpwe-li rpwe-clearfix\"><h3 class=\"rpwe-title\"><a href=\"https:\/\/blogs.gm.fh-koeln.de\/wellendorf\/bachelorarbeit-reverse-engineering-siebmaschine\/\" target=\"_self\">Bachelor-\/Masterarbeit &#8211; Reverse Engineering und FEM-Untersuchung mit messtechnischer Validierung einer Labor-Siebmaschine (abgeschlossen)<\/a><\/h3><time class=\"rpwe-time published\" datetime=\"2023-02-01T09:12:20+01:00\">1. Februar 2023<\/time><\/li><li class=\"rpwe-li rpwe-clearfix\"><h3 class=\"rpwe-title\"><a href=\"https:\/\/blogs.gm.fh-koeln.de\/wellendorf\/bama-ki-basiertes-condition-monitoring\" target=\"_self\">Bachelor-\/Masterarbeit &#8211; KI-basiertes Condition Monitoring an Schwingungs-Versuchstand [vergeben]<\/a><\/h3><time class=\"rpwe-time published\" datetime=\"2022-05-09T12:15:44+02:00\">9. Mai 2022<\/time><\/li><li class=\"rpwe-li rpwe-clearfix\"><h3 class=\"rpwe-title\"><a href=\"https:\/\/blogs.gm.fh-koeln.de\/wellendorf\/ba-ma-mems-sensorsystem\" target=\"_self\">Bachelor-\/Masterarbeit &#8211; Entwicklung und Untersuchung von Sensorsystemen auf Basis von MEMS-Sensoren zur Schwingungsmessung [vergeben]<\/a><\/h3><time class=\"rpwe-time published\" datetime=\"2021-12-16T13:19:52+01:00\">16. Dezember 2021<\/time><\/li><li class=\"rpwe-li rpwe-clearfix\"><h3 class=\"rpwe-title\"><a href=\"https:\/\/blogs.gm.fh-koeln.de\/wellendorf\/bama-veh\" target=\"_self\">Bachelor-\/ Masterarbeit &#8211; Untersuchungen von Energy Harvestern nach dem Lorenzkraft- und Reluktanzprinzip [vergeben]<\/a><\/h3><time class=\"rpwe-time published\" datetime=\"2021-12-01T11:39:46+01:00\">1. Dezember 2021<\/time><\/li><li class=\"rpwe-li rpwe-clearfix\"><h3 class=\"rpwe-title\"><a href=\"https:\/\/blogs.gm.fh-koeln.de\/wellendorf\/bama-entwicklung-ultraschallanalysesiebung\/\" target=\"_self\">Bachelor-\/ Masterarbeit &#8211; Entwicklung einer Ultraschallvorrichtung zur Analysesiebung (abgeschlossen)<\/a><\/h3><time class=\"rpwe-time published\" datetime=\"2021-11-11T11:40:23+01:00\">11. November 2021<\/time><\/li><li class=\"rpwe-li rpwe-clearfix\"><h3 class=\"rpwe-title\"><a href=\"https:\/\/blogs.gm.fh-koeln.de\/wellendorf\/bachelor-masterarbeit-konstruktion-einer-sensorhalterung\/\" target=\"_self\">Bachelor-\/ Masterarbeit &#8211; Konstruktion einer Sensorhalterung [vergeben]<\/a><\/h3><time class=\"rpwe-time published\" datetime=\"2021-09-30T10:07:22+02:00\">30. September 2021<\/time><\/li><li class=\"rpwe-li rpwe-clearfix\"><h3 class=\"rpwe-title\"><a href=\"https:\/\/blogs.gm.fh-koeln.de\/wellendorf\/bachelor-masterarbeit-fallversuchen-zur-aufnahme-von-bodenerschuetterungen\/\" target=\"_self\">Bachelor-\/Masterarbeit &#8211; Fallversuchen zur Aufnahme von Bodenersch\u00fctterungen [vergeben]<\/a><\/h3><time class=\"rpwe-time published\" datetime=\"2021-07-07T11:25:07+02:00\">7. Juli 2021<\/time><\/li><li class=\"rpwe-li rpwe-clearfix\"><h3 class=\"rpwe-title\"><a href=\"https:\/\/blogs.gm.fh-koeln.de\/wellendorf\/bachelor-masterarbeit-cfd-untersuchungen-zum-einflusses-der-luft-auf-das-schwingverhalten-eines-energy-harvesters\/\" target=\"_self\">Bachelor-\/Masterarbeit &#8211; CFD-Untersuchungen zum Einflusses der Luft auf das Schwingverhalten eines Energy Harvesters [vergeben]<\/a><\/h3><time class=\"rpwe-time published\" datetime=\"2021-06-30T09:24:19+02:00\">30. Juni 2021<\/time><\/li><li class=\"rpwe-li rpwe-clearfix\"><h3 class=\"rpwe-title\"><a href=\"https:\/\/blogs.gm.fh-koeln.de\/wellendorf\/bachelor-masterarbeit-fem-untersuchungen-zur-optimierung-translatorischer-elektro-magnet-generatoren\/\" target=\"_self\">Bachelor-\/Masterarbeit &#8211; FEM-Untersuchungen zur Optimierung translatorischer Elektro-Magnet-Generatoren [vergeben]<\/a><\/h3><time class=\"rpwe-time published\" datetime=\"2021-02-02T12:42:08+01:00\">2. Februar 2021<\/time><\/li><li class=\"rpwe-li rpwe-clearfix\"><h3 class=\"rpwe-title\"><a href=\"https:\/\/blogs.gm.fh-koeln.de\/wellendorf\/bachelor-masterarbeit-sensoren-in-technik-und-alltag-eine-bestandsaufnahme\/\" target=\"_self\">Bachelor-\/Masterarbeit &#8211; Sensoren in Technik und Alltag, eine Bestandsaufnahme [vergeben]<\/a><\/h3><time class=\"rpwe-time published\" datetime=\"2021-01-22T10:23:00+01:00\">22. Januar 2021<\/time><\/li><li class=\"rpwe-li rpwe-clearfix\"><h3 class=\"rpwe-title\"><a href=\"https:\/\/blogs.gm.fh-koeln.de\/wellendorf\/bachelor-masterarbeit-cfd-analyse-zur-optimierung-eines-trenntisches\/\" target=\"_self\">Bachelor-\/Masterarbeit &#8211; CFD-Analyse zur Optimierung eines Trenntisches [vergeben]<\/a><\/h3><time class=\"rpwe-time published\" datetime=\"2020-12-03T13:48:17+01:00\">3. Dezember 2020<\/time><\/li><li class=\"rpwe-li rpwe-clearfix\"><h3 class=\"rpwe-title\"><a href=\"https:\/\/blogs.gm.fh-koeln.de\/wellendorf\/bachelor-masterarbeit-messungen-im-bereich-der-ultraschallschwingungstechnik-untersuchung-eines-prototyps\/\" target=\"_self\">Bachelor-\/Masterarbeit &#8211; Messungen im Bereich der Ultraschallschwingungstechnik \u2013 Untersuchung eines Prototyps [vergeben]<\/a><\/h3><time class=\"rpwe-time published\" datetime=\"2020-11-30T15:47:55+01:00\">30. November 2020<\/time><\/li><li class=\"rpwe-li rpwe-clearfix\"><h3 class=\"rpwe-title\"><a href=\"https:\/\/blogs.gm.fh-koeln.de\/wellendorf\/ba-ma-messtechnische-untersuchung-ultraschallwerkzeug\/\" target=\"_self\">Bachelor-\/Masterarbeit &#8211; Messtechnische Untersuchung eines Ultraschallwerkzeugs [vergeben]<\/a><\/h3><time class=\"rpwe-time published\" datetime=\"2020-04-25T14:19:53+02:00\">25. April 2020<\/time><\/li><li class=\"rpwe-li rpwe-clearfix\"><h3 class=\"rpwe-title\"><a href=\"https:\/\/blogs.gm.fh-koeln.de\/wellendorf\/ba-ma-pruefstand-abstandssensoren\/\" target=\"_self\">Bachelor-\/Masterarbeit &#8211; Durchf\u00fchrung von Versuchsreihen mit induktiven Abstandssensoren [vergeben]<\/a><\/h3><time class=\"rpwe-time published\" datetime=\"2020-04-22T12:43:48+02:00\">22. April 2020<\/time><\/li><li class=\"rpwe-li rpwe-clearfix\"><h3 class=\"rpwe-title\"><a href=\"https:\/\/blogs.gm.fh-koeln.de\/wellendorf\/bachelor-masterarbeit-potentiale-und-grenzen-eines-low-budget-sensor-systems-zur-schwingungsanalyse\/\" target=\"_self\">Bachelor-\/Masterarbeit &#8211; Potentiale und Grenzen eines Low-Budget-Sensor-Systems zur Schwingungsanalyse [vergeben]<\/a><\/h3><time class=\"rpwe-time published\" datetime=\"2020-04-17T10:22:49+02:00\">17. April 2020<\/time><\/li><li class=\"rpwe-li rpwe-clearfix\"><h3 class=\"rpwe-title\"><a href=\"https:\/\/blogs.gm.fh-koeln.de\/wellendorf\/bachelor-masterarbeit-entwicklung-daempfersystem-fuer-energy-harvesting\/\" target=\"_self\">Bachelor-\/Masterarbeit &#8211; Entwicklung D\u00e4mpfersystem f\u00fcr Energy Harvesting [vergeben]<\/a><\/h3><time class=\"rpwe-time published\" datetime=\"2020-04-17T10:20:01+02:00\">17. April 2020<\/time><\/li><li class=\"rpwe-li rpwe-clearfix\"><h3 class=\"rpwe-title\"><a href=\"https:\/\/blogs.gm.fh-koeln.de\/wellendorf\/ba-ma-3d-drucker\/\" target=\"_self\">Bachelor-\/Masterarbeit &#8211; 3D-Drucker [vergeben]<\/a><\/h3><time class=\"rpwe-time published\" datetime=\"2020-04-17T06:12:58+02:00\">17. April 2020<\/time><\/li><li class=\"rpwe-li rpwe-clearfix\"><h3 class=\"rpwe-title\"><a href=\"https:\/\/blogs.gm.fh-koeln.de\/wellendorf\/bachelor-masterarbeit-schwingungsanalyse-zur-fehlerdetektion-vergeben\/\" target=\"_self\">Bachelor-\/Masterarbeit &#8211; Schwingungsanalyse zur Fehlerdetektion [vergeben]<\/a><\/h3><time class=\"rpwe-time published\" datetime=\"2020-04-17T00:01:01+02:00\">17. April 2020<\/time><\/li><li class=\"rpwe-li rpwe-clearfix\"><h3 class=\"rpwe-title\"><a href=\"https:\/\/blogs.gm.fh-koeln.de\/wellendorf\/2020\/02\/11\/bachelor-masterarbeit-niveausensor-simulation\/\" target=\"_self\">Bachelor-\/Masterarbeit &#8211; Niveausensor (Simulation) [vergeben]<\/a><\/h3><time class=\"rpwe-time published\" datetime=\"2020-04-16T14:08:00+02:00\">16. April 2020<\/time><\/li><li class=\"rpwe-li rpwe-clearfix\"><h3 class=\"rpwe-title\"><a href=\"https:\/\/blogs.gm.fh-koeln.de\/wellendorf\/ba-ma-konstruktion-schwingtisch\/\" target=\"_self\">Bachelor-\/Masterarbeit &#8211; Konstruktion eines Schwingtisches mit Exzenter-Antrieb [vergeben]<\/a><\/h3><time class=\"rpwe-time published\" datetime=\"2020-04-16T09:11:44+02:00\">16. April 2020<\/time><\/li><li class=\"rpwe-li rpwe-clearfix\"><h3 class=\"rpwe-title\"><a href=\"https:\/\/blogs.gm.fh-koeln.de\/wellendorf\/bachelor-masterarbeit\/hochgeschwindigkeitskamera\" target=\"_self\">Bachelor-\/Masterarbeit &#8211; Analysieren mit der Hochgeschwindigkeitskamera [vergeben]<\/a><\/h3><time class=\"rpwe-time published\" datetime=\"2020-04-15T16:12:48+02:00\">15. April 2020<\/time><\/li><li class=\"rpwe-li rpwe-clearfix\"><h3 class=\"rpwe-title\"><a href=\"https:\/\/blogs.gm.fh-koeln.de\/wellendorf\/ba-ma-messungen-ultraschallschwingungstechnik\/\" target=\"_self\">Bachelor-\/Masterarbeit &#8211; Messungen im Bereich der Ultraschallschwingungstechnik [vergeben]<\/a><\/h3><time class=\"rpwe-time published\" datetime=\"2020-04-14T16:33:55+02:00\">14. April 2020<\/time><\/li><li class=\"rpwe-li rpwe-clearfix\"><h3 class=\"rpwe-title\"><a href=\"https:\/\/blogs.gm.fh-koeln.de\/wellendorf\/bachelor-masterarbeit-fem-modellierung-und-validierung\/\" target=\"_self\">Bachelor-\/Masterarbeit &#8211; FEM Modellierung und Validierung [vergeben]<\/a><\/h3><time class=\"rpwe-time published\" datetime=\"2020-04-14T16:28:58+02:00\">14. April 2020<\/time><\/li><li class=\"rpwe-li rpwe-clearfix\"><h3 class=\"rpwe-title\"><a href=\"https:\/\/blogs.gm.fh-koeln.de\/wellendorf\/bachelor-masterarbeit-ce-konformitaetserklaerung\/\" target=\"_self\">Bachelor-\/Masterarbeit &#8211; CE-Konformit\u00e4tserkl\u00e4rung [vergeben]<\/a><\/h3><time class=\"rpwe-time published\" datetime=\"2020-04-14T07:05:13+02:00\">14. April 2020<\/time><\/li><li class=\"rpwe-li rpwe-clearfix\"><h3 class=\"rpwe-title\"><a href=\"https:\/\/blogs.gm.fh-koeln.de\/wellendorf\/bachelor-masterarbeit-niveausensor-konstruktion\/\" target=\"_self\">Bachelor-\/Masterarbeit &#8211; Niveausensor (Konstruktion) [vergeben]<\/a><\/h3><time class=\"rpwe-time published\" datetime=\"2020-02-11T14:19:04+01:00\">11. Februar 2020<\/time><\/li><li class=\"rpwe-li rpwe-clearfix\"><h3 class=\"rpwe-title\"><a href=\"https:\/\/blogs.gm.fh-koeln.de\/wellendorf\/bachelor-masterarbeit-ultraschalleinheit-messtechnische-untersuchung\/\" target=\"_self\">Bachelor-\/Masterarbeit &#8211; Ultraschalleinheit (Messtechnische Untersuchung) [vergeben]<\/a><\/h3><time class=\"rpwe-time published\" datetime=\"2020-02-11T14:01:29+01:00\">11. Februar 2020<\/time><\/li><li class=\"rpwe-li rpwe-clearfix\"><h3 class=\"rpwe-title\"><a href=\"https:\/\/blogs.gm.fh-koeln.de\/wellendorf\/2019\/06\/06\/bachelor-masterarbeit-ultraschalleinheit\/\" target=\"_self\">Bachelor-\/Masterarbeit &#8211; Ultraschalleinheit (Simulation) [vergeben]<\/a><\/h3><time class=\"rpwe-time published\" datetime=\"2020-01-23T12:27:55+01:00\">23. Januar 2020<\/time><\/li><li class=\"rpwe-li rpwe-clearfix\"><h3 class=\"rpwe-title\"><a href=\"https:\/\/blogs.gm.fh-koeln.de\/wellendorf\/2020\/01\/23\/bachelor-masterarbeit-xdk-sensor\/\" target=\"_self\">Bachelor-\/Masterarbeit &#8211; XDK Sensor [abgeschlossen]<\/a><\/h3><time class=\"rpwe-time published\" datetime=\"2020-01-23T12:21:51+01:00\">23. Januar 2020<\/time><\/li><li class=\"rpwe-li rpwe-clearfix\"><h3 class=\"rpwe-title\"><a href=\"https:\/\/blogs.gm.fh-koeln.de\/wellendorf\/bachelor-masterarbeit-zu-vergeben-2\/\" target=\"_self\">Bachelor-\/Masterarbeit &#8211; Dynamisches Dichtsystem<\/a><\/h3><time class=\"rpwe-time published\" datetime=\"2018-10-23T11:23:52+02:00\">23. Oktober 2018<\/time><\/li><li class=\"rpwe-li rpwe-clearfix\"><h3 class=\"rpwe-title\"><a href=\"https:\/\/blogs.gm.fh-koeln.de\/wellendorf\/bachelor-masterarbeit-zu-vergeben\/\" target=\"_self\">Bachelor-\/Masterarbeit &#8211; Extremschmutzbeseitigung auf Rennstrecken [abgeschlossen]<\/a><\/h3><time class=\"rpwe-time published\" datetime=\"2018-10-23T11:09:24+02:00\">23. Oktober 2018<\/time><\/li><li class=\"rpwe-li rpwe-clearfix\"><h3 class=\"rpwe-title\"><a href=\"https:\/\/blogs.gm.fh-koeln.de\/wellendorf\/bachelor-masterarbeit-schwingungspruefstand-demonstrator\/\" target=\"_self\">Bachelor-\/Masterarbeit &#8211; Schwingungspr\u00fcfstand\/-demonstrator [abgeschlossen]<\/a><\/h3><time class=\"rpwe-time published\" datetime=\"2018-10-08T08:51:17+02:00\">8. Oktober 2018<\/time><\/li><\/ul><\/div><!-- Generated by http:\/\/wordpress.org\/plugins\/recent-posts-widget-extended\/ --><\/div><\/div><\/div><\/div>","protected":false},"excerpt":{"rendered":"","protected":false},"author":90,"featured_media":0,"parent":0,"menu_order":0,"comment_status":"closed","ping_status":"closed","template":"","meta":{"_acf_changed":false,"footnotes":""},"class_list":["post-760","page","type-page","status-publish","hentry"],"acf":[],"_links":{"self":[{"href":"https:\/\/blogs.gm.fh-koeln.de\/wellendorf\/wp-json\/wp\/v2\/pages\/760","targetHints":{"allow":["GET"]}}],"collection":[{"href":"https:\/\/blogs.gm.fh-koeln.de\/wellendorf\/wp-json\/wp\/v2\/pages"}],"about":[{"href":"https:\/\/blogs.gm.fh-koeln.de\/wellendorf\/wp-json\/wp\/v2\/types\/page"}],"author":[{"embeddable":true,"href":"https:\/\/blogs.gm.fh-koeln.de\/wellendorf\/wp-json\/wp\/v2\/users\/90"}],"replies":[{"embeddable":true,"href":"https:\/\/blogs.gm.fh-koeln.de\/wellendorf\/wp-json\/wp\/v2\/comments?post=760"}],"version-history":[{"count":19,"href":"https:\/\/blogs.gm.fh-koeln.de\/wellendorf\/wp-json\/wp\/v2\/pages\/760\/revisions"}],"predecessor-version":[{"id":900,"href":"https:\/\/blogs.gm.fh-koeln.de\/wellendorf\/wp-json\/wp\/v2\/pages\/760\/revisions\/900"}],"wp:attachment":[{"href":"https:\/\/blogs.gm.fh-koeln.de\/wellendorf\/wp-json\/wp\/v2\/media?parent=760"}],"curies":[{"name":"wp","href":"https:\/\/api.w.org\/{rel}","templated":true}]}}