


{"id":19,"date":"2013-02-21T20:45:04","date_gmt":"2013-02-21T20:45:04","guid":{"rendered":"http:\/\/lwibs01.gm.fh-koeln.de\/blogs\/mastercomputerscience\/?page_id=19"},"modified":"2018-06-07T16:32:12","modified_gmt":"2018-06-07T16:32:12","slug":"impressum","status":"publish","type":"page","link":"https:\/\/blogs.gm.fh-koeln.de\/mastercomputerscience\/impressum\/","title":{"rendered":"Impressum"},"content":{"rendered":"<div>\n<p class=\"lead\">Blog erstellt an der Fakult\u00e4t f\u00fcr Informatik und Ingenieurwissenschaften der TH K\u00f6ln<br \/>\nLabor f\u00fcr Wirtschaftsinformatik<br \/>\nHartmut Westenberger<\/p>\n<p><a href=\"https:\/\/www.th-koeln.de\/hochschule\/impressum_8159.php\">Impressum<\/a><\/p>\n<p>TH K\u00f6ln<br \/>\nClaudiusstr. 1<br \/>\n50678 K\u00f6ln<\/p>\n<p>Postanschrift<br \/>\nGustav-Heinemann-Ufer 54<br \/>\n50968 K\u00f6ln<\/p>\n<p>T: + 49 221-8275-0<br \/>\nF: + 49 221-8275-3131<br \/>\nE: <span class=\"mailto\">poststelle@th-koeln.de<\/span><\/p>\n<p>Die TH K\u00f6ln (Technische Hochschule K\u00f6ln) ist eine K\u00f6rperschaft des \u00d6ffentlichen Rechts.<br \/>\nSie wird durch den Pr\u00e4sidenten Prof. Dr. Stefan Herzig gesetzlich vertreten.<\/p>\n<p>Zust\u00e4ndige Aufsichtsbeh\u00f6rde:<br \/>\nMinisterium f\u00fcr Kultur und Wissenschaft des Landes Nordrhein-Westfalen<br \/>\nV\u00f6lklinger Str. 49<br \/>\n40221 D\u00fcsseldorf<br \/>\nT: +49 211-896-04<br \/>\nF: +49 211-896-4555<br \/>\nhttp:\/\/www.wissenschaft.nrw.de\/<\/p>\n<p>Umsatzsteuer-Identifikationsnummer gem. \u00a7 27a Umsatzsteuergesetz:<br \/>\nDE 122653679<\/p>\n<p><a href=\"https:\/\/www.th-koeln.de\/hochschule\/haftungshinweis_8277.php\">Haftungshinweise<\/a><\/p>\n<p><a href=\"https:\/\/www.th-koeln.de\/hochschule\/datenschutzhinweis_8279.php\">Datenschutzhinweis<\/a><\/p>\n<p>&nbsp;<\/p>\n<\/div>\n","protected":false},"excerpt":{"rendered":"<p>Blog erstellt an der Fakult\u00e4t f\u00fcr Informatik und Ingenieurwissenschaften der TH K\u00f6ln Labor f\u00fcr Wirtschaftsinformatik Hartmut Westenberger Impressum TH K\u00f6ln Claudiusstr. 1 50678 K\u00f6ln Postanschrift Gustav-Heinemann-Ufer 54 50968 K\u00f6ln T: + 49 221-8275-0 F: + 49 221-8275-3131 E: poststelle@th-koeln.de Die TH K\u00f6ln (Technische Hochschule K\u00f6ln) ist eine K\u00f6rperschaft des \u00d6ffentlichen Rechts. Sie wird durch den&#8230;  <a href=\"https:\/\/blogs.gm.fh-koeln.de\/mastercomputerscience\/impressum\/\" class=\"more-link\" title=\"Read Impressum\"><?php _e(\"Read more &raquo;\",\"wpbootstrap\"); ?><\/a><\/p>\n","protected":false},"author":27,"featured_media":0,"parent":0,"menu_order":9,"comment_status":"closed","ping_status":"closed","template":"","meta":{"_acf_changed":false,"footnotes":""},"class_list":["post-19","page","type-page","status-publish","hentry"],"acf":[],"aioseo_notices":[],"_links":{"self":[{"href":"https:\/\/blogs.gm.fh-koeln.de\/mastercomputerscience\/wp-json\/wp\/v2\/pages\/19","targetHints":{"allow":["GET"]}}],"collection":[{"href":"https:\/\/blogs.gm.fh-koeln.de\/mastercomputerscience\/wp-json\/wp\/v2\/pages"}],"about":[{"href":"https:\/\/blogs.gm.fh-koeln.de\/mastercomputerscience\/wp-json\/wp\/v2\/types\/page"}],"author":[{"embeddable":true,"href":"https:\/\/blogs.gm.fh-koeln.de\/mastercomputerscience\/wp-json\/wp\/v2\/users\/27"}],"replies":[{"embeddable":true,"href":"https:\/\/blogs.gm.fh-koeln.de\/mastercomputerscience\/wp-json\/wp\/v2\/comments?post=19"}],"version-history":[{"count":12,"href":"https:\/\/blogs.gm.fh-koeln.de\/mastercomputerscience\/wp-json\/wp\/v2\/pages\/19\/revisions"}],"predecessor-version":[{"id":813,"href":"https:\/\/blogs.gm.fh-koeln.de\/mastercomputerscience\/wp-json\/wp\/v2\/pages\/19\/revisions\/813"}],"wp:attachment":[{"href":"https:\/\/blogs.gm.fh-koeln.de\/mastercomputerscience\/wp-json\/wp\/v2\/media?parent=19"}],"curies":[{"name":"wp","href":"https:\/\/api.w.org\/{rel}","templated":true}]}}