


{"id":70,"date":"2017-05-16T15:26:03","date_gmt":"2017-05-16T13:26:03","guid":{"rendered":"http:\/\/lwibs01.gm.fh-koeln.de\/blogs\/ktds\/?page_id=70"},"modified":"2025-04-09T17:15:49","modified_gmt":"2025-04-09T15:15:49","slug":"startseite","status":"publish","type":"page","link":"https:\/\/blogs.gm.fh-koeln.de\/ktds\/de\/startseite\/","title":{"rendered":"Startseite"},"content":{"rendered":"<p class=\"lead\"><strong>Wir freuen uns \u00fcber Ihr Interesse an der Arbeit unseres Labors!<\/strong><\/p>\n<p>KTDS ist die Abk\u00fcrzung f\u00fcr Kommunikationstechnik und Datensicherheit. Auf unserer Website finden Sie Informationen \u00fcber unser Labor, die hier angebotenen <a href=\"https:\/\/blogs.gm.fh-koeln.de\/ktds\/de\/lehre\/\">Lehrveranstaltungen<\/a>, unsere <a href=\"https:\/\/blogs.gm.fh-koeln.de\/ktds\/de\/forschungsthemen\/abschlussarbeiten\/\">Kernthemen<\/a> und M\u00f6glichkeiten zur <a href=\"https:\/\/blogs.gm.fh-koeln.de\/ktds\/de\/kooperationen\/\">Kooperation<\/a>.<\/p>\n<img decoding=\"async\" class=\"size-medium wp-image-337 alignright\" src=\"https:\/\/blogs.gm.fh-koeln.de\/ktds\/files\/2017\/06\/KTDS-Labor-Apr.png\" alt=\"\" \/>\n<p>&nbsp;<\/p>\n<p>Das KTDS-Labor geh\u00f6rt als wissenschaftliche Einrichtung zum <a href=\"https:\/\/www.th-koeln.de\/studium\/studiengaenge-aus-dem-bereich-informatik_1564.php\" target=\"_blank\" rel=\"noopener\">Institut f\u00fcr Informatik<\/a> der <a href=\"http:\/\/www.th-koeln.de\/\" target=\"_blank\" rel=\"noopener\">Technischen Hochschule K\u00f6ln<\/a>. Bei uns sind Lehr- und Forschungsaktivit\u00e4ten zu Computernetzen und zur IT-Sicherheit geb\u00fcndelt.<\/p>\n<p>Im KTDS-Labor werden aktuelle Fragestellungen zu Technik, Betrieb, Management und Sicherheit von Netzen und Systemen erfolgreich bearbeitet und kompetent beantwortet.<\/p>\n<p>Falls Fragen offen bleiben, <a href=\"https:\/\/blogs.gm.fh-koeln.de\/ktds\/de\/kontakt\/\">kontaktieren<\/a> Sie uns doch einfach!<\/p>\n","protected":false},"excerpt":{"rendered":"<p>Wir freuen uns \u00fcber Ihr Interesse an der Arbeit unseres Labors! KTDS ist die Abk\u00fcrzung f\u00fcr Kommunikationstechnik und Datensicherheit. Auf unserer Website finden Sie Informationen \u00fcber unser Labor, die hier angebotenen Lehrveranstaltungen, unsere Kernthemen und M\u00f6glichkeiten zur Kooperation. &nbsp; Das KTDS-Labor geh\u00f6rt als wissenschaftliche Einrichtung zum Institut f\u00fcr Informatik der Technischen Hochschule K\u00f6ln. Bei uns&#8230;  <a href=\"https:\/\/blogs.gm.fh-koeln.de\/ktds\/de\/startseite\/\" class=\"more-link\" title=\"Read Startseite\"><?php _e(\"Read more &raquo;\",\"wpbootstrap\"); ?><\/a><\/p>\n","protected":false},"author":52,"featured_media":0,"parent":0,"menu_order":0,"comment_status":"closed","ping_status":"closed","template":"templates\/standard_header_page.php","meta":{"_acf_changed":false,"footnotes":""},"class_list":["post-70","page","type-page","status-publish","hentry"],"acf":[],"_links":{"self":[{"href":"https:\/\/blogs.gm.fh-koeln.de\/ktds\/wp-json\/wp\/v2\/pages\/70","targetHints":{"allow":["GET"]}}],"collection":[{"href":"https:\/\/blogs.gm.fh-koeln.de\/ktds\/wp-json\/wp\/v2\/pages"}],"about":[{"href":"https:\/\/blogs.gm.fh-koeln.de\/ktds\/wp-json\/wp\/v2\/types\/page"}],"author":[{"embeddable":true,"href":"https:\/\/blogs.gm.fh-koeln.de\/ktds\/wp-json\/wp\/v2\/users\/52"}],"replies":[{"embeddable":true,"href":"https:\/\/blogs.gm.fh-koeln.de\/ktds\/wp-json\/wp\/v2\/comments?post=70"}],"version-history":[{"count":37,"href":"https:\/\/blogs.gm.fh-koeln.de\/ktds\/wp-json\/wp\/v2\/pages\/70\/revisions"}],"predecessor-version":[{"id":2216,"href":"https:\/\/blogs.gm.fh-koeln.de\/ktds\/wp-json\/wp\/v2\/pages\/70\/revisions\/2216"}],"wp:attachment":[{"href":"https:\/\/blogs.gm.fh-koeln.de\/ktds\/wp-json\/wp\/v2\/media?parent=70"}],"curies":[{"name":"wp","href":"https:\/\/api.w.org\/{rel}","templated":true}]}}