


{"id":584,"date":"2018-03-14T11:19:11","date_gmt":"2018-03-14T10:19:11","guid":{"rendered":"http:\/\/blogs.gm.fh-koeln.de\/ktds\/?page_id=584"},"modified":"2018-07-09T13:43:22","modified_gmt":"2018-07-09T11:43:22","slug":"anfahrt","status":"publish","type":"page","link":"https:\/\/blogs.gm.fh-koeln.de\/ktds\/de\/anfahrt\/","title":{"rendered":"Anfahrt"},"content":{"rendered":"<h4>Anschrift<\/h4>\n<p class=\"lead\"><a href=\"http:\/\/www.TH-Koeln.de\/\" target=\"_blank\" rel=\"noopener\">Technische Hochschule K\u00f6ln<\/a><br \/>\nLabor f\u00fcr Kommunikationstechnik und Datensicherheit<\/p>\n<p>Steinm\u00fcllerallee\u00a01<br \/>\n51643 Gummersbach<\/p>\n<p>Raum:\u00a03.221-3.222a,\u00a03.228 (Hauptgeb\u00e4ude 3. Etage)<\/p>\n<p>Eine <a href=\"https:\/\/www.th-koeln.de\/mam\/downloads\/deutsch\/hochschule\/organisation\/standorte\/anfahrt_campus_gummersbach.gif\" target=\"_blank\" rel=\"noopener\">Anfahrtsskizze<\/a> zum Campus finden Sie <a href=\"https:\/\/www.th-koeln.de\/mam\/downloads\/deutsch\/hochschule\/organisation\/standorte\/anfahrt_campus_gummersbach.gif\" target=\"_blank\" rel=\"noopener\">hier<\/a>.<\/p>\n<p>&nbsp;<\/p>\n<h4>Anreise mit \u00f6ffentlichen Verkehrsmitteln<\/h4>\n<ul>\n<li>Mit dem Bus bis Haltestelle \u201eKirchfeld\u201c<\/li>\n<li>Mit Bus oder Bahn bis \u201eGummersbach Bahnhof\u201c<\/li>\n<\/ul>\n<p>&nbsp;<\/p>\n<h4>Anreise mit dem Auto<\/h4>\n<p><strong>Hinweis<\/strong>: auf der Strecke von der Autobahn bis zum TH-Gel\u00e4nde muss mit station\u00e4ren und ggf. mobilen\u00a0<strong>Geschwindigkeitskontrollen<\/strong> gerechnet werden.<\/p>\n<ol>\n<li>Autobahn A4 Ausfahrt &#8222;Gummersbach, Wiehl&#8220; nehmen<\/li>\n<li>auf B56\/B256 (&#8222;Westtangente&#8220;) Richtung Gummersbach\/GM-Zentrum fahren<\/li>\n<li>vor Gummersbach rechts abbiegen auf die Rospestra\u00dfe<\/li>\n<li>nach\u00a0ca.\u00a01,1 km am Kreisverkehr die dritte Ausfahrt nehmen (Rospestra\u00dfe)<\/li>\n<li>nach\u00a0ca.\u00a0100 m rechts auf Parkplatz am TH-Geb\u00e4ude fahren\n<ul>\n<li>bei geschlossener Schranke bitte Sprechanlage benutzen<\/li>\n<\/ul>\n<\/li>\n<\/ol>\n","protected":false},"excerpt":{"rendered":"<p>Anschrift Technische Hochschule K\u00f6ln Labor f\u00fcr Kommunikationstechnik und Datensicherheit Steinm\u00fcllerallee\u00a01 51643 Gummersbach Raum:\u00a03.221-3.222a,\u00a03.228 (Hauptgeb\u00e4ude 3. Etage) Eine Anfahrtsskizze zum Campus finden Sie hier. &nbsp; Anreise mit \u00f6ffentlichen Verkehrsmitteln Mit dem Bus bis Haltestelle \u201eKirchfeld\u201c Mit Bus oder Bahn bis \u201eGummersbach Bahnhof\u201c &nbsp; Anreise mit dem Auto Hinweis: auf der Strecke von der Autobahn bis zum&#8230;  <a href=\"https:\/\/blogs.gm.fh-koeln.de\/ktds\/de\/anfahrt\/\" class=\"more-link\" title=\"Read Anfahrt\"><?php _e(\"Read more &raquo;\",\"wpbootstrap\"); ?><\/a><\/p>\n","protected":false},"author":52,"featured_media":0,"parent":0,"menu_order":0,"comment_status":"closed","ping_status":"closed","template":"templates\/standard_header_page.php","meta":{"_acf_changed":false,"footnotes":""},"class_list":["post-584","page","type-page","status-publish","hentry"],"acf":[],"_links":{"self":[{"href":"https:\/\/blogs.gm.fh-koeln.de\/ktds\/wp-json\/wp\/v2\/pages\/584","targetHints":{"allow":["GET"]}}],"collection":[{"href":"https:\/\/blogs.gm.fh-koeln.de\/ktds\/wp-json\/wp\/v2\/pages"}],"about":[{"href":"https:\/\/blogs.gm.fh-koeln.de\/ktds\/wp-json\/wp\/v2\/types\/page"}],"author":[{"embeddable":true,"href":"https:\/\/blogs.gm.fh-koeln.de\/ktds\/wp-json\/wp\/v2\/users\/52"}],"replies":[{"embeddable":true,"href":"https:\/\/blogs.gm.fh-koeln.de\/ktds\/wp-json\/wp\/v2\/comments?post=584"}],"version-history":[{"count":10,"href":"https:\/\/blogs.gm.fh-koeln.de\/ktds\/wp-json\/wp\/v2\/pages\/584\/revisions"}],"predecessor-version":[{"id":1062,"href":"https:\/\/blogs.gm.fh-koeln.de\/ktds\/wp-json\/wp\/v2\/pages\/584\/revisions\/1062"}],"wp:attachment":[{"href":"https:\/\/blogs.gm.fh-koeln.de\/ktds\/wp-json\/wp\/v2\/media?parent=584"}],"curies":[{"name":"wp","href":"https:\/\/api.w.org\/{rel}","templated":true}]}}