


{"id":579,"date":"2018-03-14T10:53:21","date_gmt":"2018-03-14T09:53:21","guid":{"rendered":"http:\/\/blogs.gm.fh-koeln.de\/ktds\/?page_id=579"},"modified":"2026-04-22T13:52:40","modified_gmt":"2026-04-22T11:52:40","slug":"kontakt","status":"publish","type":"page","link":"https:\/\/blogs.gm.fh-koeln.de\/ktds\/de\/kontakt\/","title":{"rendered":"Kontakt"},"content":{"rendered":"<h4>Anschrift<\/h4>\n<p class=\"lead\"><a href=\"http:\/\/www.TH-Koeln.de\/\">Technische Hochschule K\u00f6ln<\/a><br \/>\nLabor f\u00fcr Kommunikationstechnik und Datensicherheit<\/p>\n<p>Steinm\u00fcllerallee\u00a01<br \/>\n51643 Gummersbach<\/p>\n<p>Raum:\u00a03.221-3.222a,\u00a03.228<br \/>\nTel.:\u00a0+49\u00a02261\u00a08196-6272\/-6472<\/p>\n<p>Web:\u00a0<a href=\"http:\/\/www.ktds-koeln.de\/\">www.ktds-koeln.de<\/a><br \/>\nMail:\u00a0<a href=\"mailto:info@ktds-koeln.de\">info@ktds-koeln.de<\/a><\/p>\n<p>&nbsp;<\/p>\n<p>Hier finden Sie Informationen zur\u00a0<a href=\"https:\/\/blogs.gm.fh-koeln.de\/ktds\/de\/anfahrt\/\">Anreise<\/a>.<\/p>\n<p>&nbsp;<\/p>\n","protected":false},"excerpt":{"rendered":"<p>Anschrift Technische Hochschule K\u00f6ln Labor f\u00fcr Kommunikationstechnik und Datensicherheit Steinm\u00fcllerallee\u00a01 51643 Gummersbach Raum:\u00a03.221-3.222a,\u00a03.228 Tel.:\u00a0+49\u00a02261\u00a08196-6272\/-6472 Web:\u00a0www.ktds-koeln.de Mail:\u00a0info@ktds-koeln.de &nbsp; Hier finden Sie Informationen zur\u00a0Anreise. &nbsp;<\/p>\n","protected":false},"author":52,"featured_media":0,"parent":0,"menu_order":0,"comment_status":"closed","ping_status":"closed","template":"templates\/contact.php","meta":{"_acf_changed":false,"footnotes":""},"class_list":["post-579","page","type-page","status-publish","hentry"],"acf":[],"_links":{"self":[{"href":"https:\/\/blogs.gm.fh-koeln.de\/ktds\/wp-json\/wp\/v2\/pages\/579","targetHints":{"allow":["GET"]}}],"collection":[{"href":"https:\/\/blogs.gm.fh-koeln.de\/ktds\/wp-json\/wp\/v2\/pages"}],"about":[{"href":"https:\/\/blogs.gm.fh-koeln.de\/ktds\/wp-json\/wp\/v2\/types\/page"}],"author":[{"embeddable":true,"href":"https:\/\/blogs.gm.fh-koeln.de\/ktds\/wp-json\/wp\/v2\/users\/52"}],"replies":[{"embeddable":true,"href":"https:\/\/blogs.gm.fh-koeln.de\/ktds\/wp-json\/wp\/v2\/comments?post=579"}],"version-history":[{"count":15,"href":"https:\/\/blogs.gm.fh-koeln.de\/ktds\/wp-json\/wp\/v2\/pages\/579\/revisions"}],"predecessor-version":[{"id":2258,"href":"https:\/\/blogs.gm.fh-koeln.de\/ktds\/wp-json\/wp\/v2\/pages\/579\/revisions\/2258"}],"wp:attachment":[{"href":"https:\/\/blogs.gm.fh-koeln.de\/ktds\/wp-json\/wp\/v2\/media?parent=579"}],"curies":[{"name":"wp","href":"https:\/\/api.w.org\/{rel}","templated":true}]}}