


{"id":31,"date":"2017-05-16T12:09:39","date_gmt":"2017-05-16T10:09:39","guid":{"rendered":"http:\/\/lwibs01.gm.fh-koeln.de\/blogs\/ktds\/?page_id=31"},"modified":"2025-04-09T17:22:47","modified_gmt":"2025-04-09T15:22:47","slug":"kooperationen","status":"publish","type":"page","link":"https:\/\/blogs.gm.fh-koeln.de\/ktds\/de\/kooperationen\/","title":{"rendered":"Kooperationen"},"content":{"rendered":"<p class=\"lead\">An der <a href=\"https:\/\/www.th-koeln.de\/\" target=\"_blank\" rel=\"noopener\">Technischen Hochschule K\u00f6ln<\/a> kooperiert <a href=\"http:\/\/blogs.gm.fh-koeln.de\/ktds\/team\/stefan-karsch\/\">Prof. Dr. Karsch<\/a> mit regionalen und \u00fcberregionalen <strong>Unternehmen<\/strong>, <strong>Forschungseinrichtungen<\/strong>, <strong>\u00f6ffentlichen Einrichtungen<\/strong> und <strong>weiteren Institutionen<\/strong>.<\/p>\n<p>Wir bieten Unterst\u00fctzung f\u00fcr Kooperationen zu allen <a href=\"https:\/\/blogs.gm.fh-koeln.de\/ktds\/de\/forschungsthemen\/\">Themen<\/a>, die im Labor bearbeitet werden.<br \/>\nZusammenarbeit ist vielf\u00e4ltig m\u00f6glich, etwa durch: <\/p>\n<ul>\n<li>Betreuung von Abschlussarbeiten,<\/li>\n<li>Betreuung und Unterst\u00fctzung bei der Durchf\u00fchrung von studentischen Praxissemestern in Unternehmen,<\/li>\n<li>Durchf\u00fchrung gemeinsamer Forschungs- und Realisierungsprojekte,<\/li>\n<li>sowie Schulung und Beratung zu Themen der Rechnernetze, der IT-Sicherheit und des Service Managements.<\/li>\n<\/ul>\n<p>Wir freuen uns auf Ihre <a href=\"https:\/\/blogs.gm.fh-koeln.de\/ktds\/de\/kontakt\/\">Kontaktaufnahme<\/a>!<\/p>\n","protected":false},"excerpt":{"rendered":"<p>An der Technischen Hochschule K\u00f6ln kooperiert Prof. Dr. Karsch mit regionalen und \u00fcberregionalen Unternehmen, Forschungseinrichtungen, \u00f6ffentlichen Einrichtungen und weiteren Institutionen. Wir bieten Unterst\u00fctzung f\u00fcr Kooperationen zu allen Themen, die im Labor bearbeitet werden. Zusammenarbeit ist vielf\u00e4ltig m\u00f6glich, etwa durch: Betreuung von Abschlussarbeiten, Betreuung und Unterst\u00fctzung bei der Durchf\u00fchrung von studentischen Praxissemestern in Unternehmen, Durchf\u00fchrung gemeinsamer&#8230;  <a href=\"https:\/\/blogs.gm.fh-koeln.de\/ktds\/de\/kooperationen\/\" class=\"more-link\" title=\"Read Kooperationen\"><?php _e(\"Read more &raquo;\",\"wpbootstrap\"); ?><\/a><\/p>\n","protected":false},"author":52,"featured_media":0,"parent":0,"menu_order":0,"comment_status":"closed","ping_status":"closed","template":"templates\/standard_header_page.php","meta":{"_acf_changed":false,"footnotes":""},"class_list":["post-31","page","type-page","status-publish","hentry"],"acf":[],"_links":{"self":[{"href":"https:\/\/blogs.gm.fh-koeln.de\/ktds\/wp-json\/wp\/v2\/pages\/31","targetHints":{"allow":["GET"]}}],"collection":[{"href":"https:\/\/blogs.gm.fh-koeln.de\/ktds\/wp-json\/wp\/v2\/pages"}],"about":[{"href":"https:\/\/blogs.gm.fh-koeln.de\/ktds\/wp-json\/wp\/v2\/types\/page"}],"author":[{"embeddable":true,"href":"https:\/\/blogs.gm.fh-koeln.de\/ktds\/wp-json\/wp\/v2\/users\/52"}],"replies":[{"embeddable":true,"href":"https:\/\/blogs.gm.fh-koeln.de\/ktds\/wp-json\/wp\/v2\/comments?post=31"}],"version-history":[{"count":23,"href":"https:\/\/blogs.gm.fh-koeln.de\/ktds\/wp-json\/wp\/v2\/pages\/31\/revisions"}],"predecessor-version":[{"id":2222,"href":"https:\/\/blogs.gm.fh-koeln.de\/ktds\/wp-json\/wp\/v2\/pages\/31\/revisions\/2222"}],"wp:attachment":[{"href":"https:\/\/blogs.gm.fh-koeln.de\/ktds\/wp-json\/wp\/v2\/media?parent=31"}],"curies":[{"name":"wp","href":"https:\/\/api.w.org\/{rel}","templated":true}]}}