


{"id":30,"date":"2017-05-16T12:09:39","date_gmt":"2017-05-16T10:09:39","guid":{"rendered":"http:\/\/lwibs01.gm.fh-koeln.de\/blogs\/ktds\/?page_id=30"},"modified":"2018-05-11T09:47:40","modified_gmt":"2018-05-11T07:47:40","slug":"lehre","status":"publish","type":"page","link":"https:\/\/blogs.gm.fh-koeln.de\/ktds\/de\/lehre\/","title":{"rendered":"Lehre"},"content":{"rendered":"<p class=\"lead\">In unserem Labor finden vielf\u00e4ltige Lehrveranstaltungen statt. Dazu geh\u00f6ren u. a.:<\/p>\n<ul>\n<li>Betreuung und Durchf\u00fchrung von praktischen Projektarbeiten sowie Abschlussarbeiten (sei es Bachelor-Arbeit oder Master-Thesis) im Rahmen der <a href=\"https:\/\/www.th-koeln.de\/informatik-und-ingenieurwissenschaften\/institut-fuer-informatik_29538.php\" target=\"_blank\" rel=\"noopener\">Informatik<\/a>-Studieng\u00e4nge.<\/li>\n<li>Betreuung und Durchf\u00fchrung von Promotionen (in Kooperation mit deutschen und internationalen Universit\u00e4ten) im Rahmen der <a href=\"https:\/\/www.th-koeln.de\/informatik-und-ingenieurwissenschaften\/institut-fuer-informatik_29538.php\" target=\"_blank\" rel=\"noopener\">Informatik<\/a>-Masterstudieng\u00e4nge<\/li>\n<li><a href=\"https:\/\/www.th-koeln.de\/informatik-und-ingenieurwissenschaften\/institut-fuer-informatik_29538.php\" target=\"_blank\" rel=\"noopener\">Informatik<\/a>-Ausbildung durch Bereitstellung von Laborpl\u00e4tzen und Betreuung bei der Durchf\u00fchrung von Versuchen in den Ausbildungsf\u00e4chern aller <a href=\"https:\/\/www.th-koeln.de\/informatik-und-ingenieurwissenschaften\/institut-fuer-informatik_29538.php\" target=\"_blank\" rel=\"noopener\">Informatik<\/a>-Studieng\u00e4nge.<\/li>\n<\/ul>\n","protected":false},"excerpt":{"rendered":"<p>In unserem Labor finden vielf\u00e4ltige Lehrveranstaltungen statt. Dazu geh\u00f6ren u. a.: Betreuung und Durchf\u00fchrung von praktischen Projektarbeiten sowie Abschlussarbeiten (sei es Bachelor-Arbeit oder Master-Thesis) im Rahmen der Informatik-Studieng\u00e4nge. Betreuung und Durchf\u00fchrung von Promotionen (in Kooperation mit deutschen und internationalen Universit\u00e4ten) im Rahmen der Informatik-Masterstudieng\u00e4nge Informatik-Ausbildung durch Bereitstellung von Laborpl\u00e4tzen und Betreuung bei der Durchf\u00fchrung von&#8230;  <a href=\"https:\/\/blogs.gm.fh-koeln.de\/ktds\/de\/lehre\/\" class=\"more-link\" title=\"Read Lehre\"><?php _e(\"Read more &raquo;\",\"wpbootstrap\"); ?><\/a><\/p>\n","protected":false},"author":52,"featured_media":0,"parent":0,"menu_order":0,"comment_status":"closed","ping_status":"closed","template":"templates\/teaching.php","meta":{"_acf_changed":false,"footnotes":""},"class_list":["post-30","page","type-page","status-publish","hentry"],"acf":[],"_links":{"self":[{"href":"https:\/\/blogs.gm.fh-koeln.de\/ktds\/wp-json\/wp\/v2\/pages\/30","targetHints":{"allow":["GET"]}}],"collection":[{"href":"https:\/\/blogs.gm.fh-koeln.de\/ktds\/wp-json\/wp\/v2\/pages"}],"about":[{"href":"https:\/\/blogs.gm.fh-koeln.de\/ktds\/wp-json\/wp\/v2\/types\/page"}],"author":[{"embeddable":true,"href":"https:\/\/blogs.gm.fh-koeln.de\/ktds\/wp-json\/wp\/v2\/users\/52"}],"replies":[{"embeddable":true,"href":"https:\/\/blogs.gm.fh-koeln.de\/ktds\/wp-json\/wp\/v2\/comments?post=30"}],"version-history":[{"count":15,"href":"https:\/\/blogs.gm.fh-koeln.de\/ktds\/wp-json\/wp\/v2\/pages\/30\/revisions"}],"predecessor-version":[{"id":724,"href":"https:\/\/blogs.gm.fh-koeln.de\/ktds\/wp-json\/wp\/v2\/pages\/30\/revisions\/724"}],"wp:attachment":[{"href":"https:\/\/blogs.gm.fh-koeln.de\/ktds\/wp-json\/wp\/v2\/media?parent=30"}],"curies":[{"name":"wp","href":"https:\/\/api.w.org\/{rel}","templated":true}]}}