


{"id":105,"date":"2017-06-12T10:55:28","date_gmt":"2017-06-12T08:55:28","guid":{"rendered":"http:\/\/lwibs01.gm.fh-koeln.de\/blogs\/ktds\/?page_id=105"},"modified":"2018-12-05T15:13:03","modified_gmt":"2018-12-05T14:13:03","slug":"labor","status":"publish","type":"page","link":"https:\/\/blogs.gm.fh-koeln.de\/ktds\/de\/labor\/","title":{"rendered":"Labor"},"content":{"rendered":"<p class=\"lead\">Das Labor ist mit technischen Komponenten zur Lehre und Forschung in den Schwerpunkten Kommunikationstechnik, Netze, IT-Sicherheit und IT-Netz-, -Sicherheits- und -Risiko-Management ausgestattet, die in Umfang und Komplexit\u00e4t beispielhaft sind und st\u00e4ndig aktualisiert werden.<\/p>\n<p>Es sind 15 <strong>Laborarbeitspl\u00e4tze<\/strong> f\u00fcr Lehr- und Forschungsaufgaben vorhanden, sowie weitere, die f\u00fcr Projekte und Abschlussarbeiten genutzt werden k\u00f6nnen. Die Nutzung der Labor-Infrastruktur darf nur unter Beachtung der <a href=\"\/ktds\/files\/2018\/04\/KTDS-Laborordnung-2017.pdf\" target=\"_blank\" rel=\"noopener\">Laborordnung<\/a> erfolgen.<\/p>\n<ul>\n<li>Die Laborarbeitspl\u00e4tze laufen unter OpenSUSE Linux mit der Oberfl\u00e4che KDE, jeweils mit Virtualisierungssoftware.<\/li>\n<li>Die weiteren Arbeitspl\u00e4tze k\u00f6nnen je nach Bedarf unter den Betriebssystemen Windows oder Linux genutzt werden, teilweise auch mit Virtualisierungssoftware.<\/li>\n<\/ul>\n<p>Das Labor verf\u00fcgt \u00fcber ein eigenes <strong>Labornetz<\/strong>, das im Rahmen von Praktika, Projekt- und Abschlussarbeiten zur Verf\u00fcgung steht. Es besteht aus mehreren Teilnetzen und kann sowohl mit dem hochschulweiten Netz verbunden als auch &#8211; bei Aufgaben zur IT-Sicherheit oder zum Netzmanagement &#8211; von diesem abgekoppelt werden.<\/p>\n<p>Die weitere <strong>Infrastruktur\/Ausstattung<\/strong> des Labors umfasst unter anderem Serversysteme zur Realisierung und Untersuchung von allen wichtigen Serverarten, wie z. B. E-Mail, Web, NFS oder Samba. Ebenso gibt es vielf\u00e4ltige Netzmodule, wie Router, Hubs, Switches, WLAN-Komponenten, Bluetooth-Ger\u00e4te, usw., zur Realisierung und Untersuchung einer modernen Infrastruktur. Zus\u00e4tzlich kann mit Firewall-Systemen zur Untersuchung von Aspekten der IT-Sicherheit gearbeitet werden.\u00a0Dar\u00fcber hinaus verf\u00fcgt das Labor \u00fcber aktuelle Smartphones, Tablets und sonstige mobile Rechner.<\/p>\n<p>Auch eine <strong>Webcam<\/strong> auf dem Dach des Geb\u00e4udes mit Blick \u00fcber das Steinm\u00fcllergel\u00e4nde geh\u00f6rt zum Labor. Weitere Informationen und aktuelle Bilder finden Sie <a href=\"http:\/\/blogs.gm.fh-koeln.de\/ktds\/labor\/webcam\/\">hier<\/a>.<\/p>\n","protected":false},"excerpt":{"rendered":"<p>Das Labor ist mit technischen Komponenten zur Lehre und Forschung in den Schwerpunkten Kommunikationstechnik, Netze, IT-Sicherheit und IT-Netz-, -Sicherheits- und -Risiko-Management ausgestattet, die in Umfang und Komplexit\u00e4t beispielhaft sind und st\u00e4ndig aktualisiert werden. Es sind 15 Laborarbeitspl\u00e4tze f\u00fcr Lehr- und Forschungsaufgaben vorhanden, sowie weitere, die f\u00fcr Projekte und Abschlussarbeiten genutzt werden k\u00f6nnen. Die Nutzung der&#8230;  <a href=\"https:\/\/blogs.gm.fh-koeln.de\/ktds\/de\/labor\/\" class=\"more-link\" title=\"Read Labor\"><?php _e(\"Read more &raquo;\",\"wpbootstrap\"); ?><\/a><\/p>\n","protected":false},"author":52,"featured_media":0,"parent":0,"menu_order":0,"comment_status":"closed","ping_status":"closed","template":"templates\/animated_header_page.php","meta":{"_acf_changed":false,"footnotes":""},"class_list":["post-105","page","type-page","status-publish","hentry"],"acf":[],"_links":{"self":[{"href":"https:\/\/blogs.gm.fh-koeln.de\/ktds\/wp-json\/wp\/v2\/pages\/105","targetHints":{"allow":["GET"]}}],"collection":[{"href":"https:\/\/blogs.gm.fh-koeln.de\/ktds\/wp-json\/wp\/v2\/pages"}],"about":[{"href":"https:\/\/blogs.gm.fh-koeln.de\/ktds\/wp-json\/wp\/v2\/types\/page"}],"author":[{"embeddable":true,"href":"https:\/\/blogs.gm.fh-koeln.de\/ktds\/wp-json\/wp\/v2\/users\/52"}],"replies":[{"embeddable":true,"href":"https:\/\/blogs.gm.fh-koeln.de\/ktds\/wp-json\/wp\/v2\/comments?post=105"}],"version-history":[{"count":17,"href":"https:\/\/blogs.gm.fh-koeln.de\/ktds\/wp-json\/wp\/v2\/pages\/105\/revisions"}],"predecessor-version":[{"id":1276,"href":"https:\/\/blogs.gm.fh-koeln.de\/ktds\/wp-json\/wp\/v2\/pages\/105\/revisions\/1276"}],"wp:attachment":[{"href":"https:\/\/blogs.gm.fh-koeln.de\/ktds\/wp-json\/wp\/v2\/media?parent=105"}],"curies":[{"name":"wp","href":"https:\/\/api.w.org\/{rel}","templated":true}]}}