


{"id":789,"date":"2013-11-19T00:20:23","date_gmt":"2013-11-18T22:20:23","guid":{"rendered":"http:\/\/lwibs01.gm.fh-koeln.de\/blogs\/konen\/?page_id=789"},"modified":"2023-07-10T10:31:53","modified_gmt":"2023-07-10T08:31:53","slug":"evaluationen","status":"publish","type":"page","link":"https:\/\/blogs.gm.fh-koeln.de\/konen\/lehre-2\/evaluationen\/","title":{"rendered":"Evaluationen Prof. Dr. Wolfgang Konen"},"content":{"rendered":"<div class=\"twoclick_social_bookmarks_post_789 social_share_privacy clearfix 1.6.4 locale-de_DE sprite-de_DE\"><\/div><div class=\"twoclick-js\"><script type=\"text\/javascript\">\/* <![CDATA[ *\/\njQuery(document).ready(function($){if($('.twoclick_social_bookmarks_post_789')){$('.twoclick_social_bookmarks_post_789').socialSharePrivacy({\"txt_help\":\"Wenn Sie diese Felder durch einen Klick aktivieren, werden Informationen an Facebook, Twitter, Flattr, Xing, t3n, LinkedIn, Pinterest oder Google eventuell ins Ausland \\u00fcbertragen und unter Umst\\u00e4nden auch dort gespeichert. N\\u00e4heres erfahren Sie durch einen Klick auf das <em>i<\\\/em>.\",\"settings_perma\":\"Dauerhaft aktivieren und Daten\\u00fcber-tragung zustimmen:\",\"info_link\":\"http:\\\/\\\/www.heise.de\\\/ct\\\/artikel\\\/2-Klicks-fuer-mehr-Datenschutz-1333879.html\",\"uri\":\"https:\\\/\\\/blogs.gm.fh-koeln.de\\\/konen\\\/lehre-2\\\/evaluationen\\\/\",\"post_id\":789,\"post_title_referrer_track\":\"Evaluationen+Prof.+Dr.+Wolfgang+Konen\",\"display_infobox\":\"on\"});}});\n\/* ]]> *\/<\/script><\/div><p class=\"lead\">Evaluationen (einiger) meiner <span class=\"SpellE\">Lehrveranstaltungen<\/span>:<\/p>\n<p>(vollst\u00e4ndige Liste der Evals bis 2018 unter <a href=\"http:\/\/www.gm.fh-koeln.de\/~konen\/Evaluation\/eval_wk.htm\">http:\/\/www.gm.th-koeln.de\/~konen\/Evaluation\/eval_wk.htm<\/a>)<\/p>\n<table style=\"width: 450px\" border=\"1\" cellspacing=\"1\" cellpadding=\"3\">\n<thead>\n<tr>\n<th scope=\"col\" align=\"left\">\u00a0Semester<\/th>\n<th scope=\"col\" align=\"left\">\u00a0Lehrveranstaltung<\/th>\n<\/tr>\n<\/thead>\n<tbody>\n<tr>\n<td>SS23<\/td>\n<td><b> <\/b><a href=\"https:\/\/www.gm.fh-koeln.de\/~konen\/Evaluation\/Konen_MA2_S23.pdf\"><span class=\"MsoHyperlink\"><b><u>Eval &#8222;Mathematik 2 INF\/ITM\/MI&#8220; SS23<\/u><\/b> <\/span><\/a><img loading=\"lazy\" decoding=\"async\" src=\"http:\/\/lwibs01.gm.fh-koeln.de\/blogs\/konen\/wp-content\/uploads\/neu.gif\" alt=\"neu\" width=\"30\" height=\"15\" border=\"0\" \/><\/td>\n<\/tr>\n<tr>\n<td>WS22<\/td>\n<td><b> <\/b><a href=\"https:\/\/www.gm.fh-koeln.de\/~konen\/Evaluation\/Konen_Mathe-1_W22.pdf\"><span class=\"MsoHyperlink\"><b><u>Eval &#8222;Mathematik 1 INF\/ITM\/MI&#8220; WS22<\/u><\/b> <\/span><\/a> (<a href=\"https:\/\/www.gm.fh-koeln.de\/~konen\/Evaluation\/Konen_Mathe-1_W22.pdf\"><span class=\"MsoHyperlink\"><b><u>WK<\/u><\/b><\/span><\/a> \/ <a href=\"https:\/\/www.gm.fh-koeln.de\/~konen\/Evaluation\/Schmitter_Mathe-1_W22.pdf\"><span class=\"MsoHyperlink\"><b><u>AS<\/u><\/b><\/span><\/a>)<\/td>\n<\/tr>\n<tr>\n<td>WS21<\/td>\n<td><b> <\/b><a href=\"https:\/\/www.gm.fh-koeln.de\/~konen\/Evaluation\/Konen_Mathe-1_W21.pdf\"><span class=\"MsoHyperlink\"><b><u>Eval &#8222;Mathematik 1 INF\/ITM\/MI&#8220; WS21<\/u><\/b> <\/span><\/a> (<a href=\"https:\/\/www.gm.fh-koeln.de\/~konen\/Evaluation\/Konen_Mathe-1_W21.pdf\"><span class=\"MsoHyperlink\"><b><u>WK<\/u><\/b><\/span><\/a> \/ <a href=\"https:\/\/www.gm.fh-koeln.de\/~konen\/Evaluation\/Schmitter_Mathe-1_W21.pdf\"><span class=\"MsoHyperlink\"><b><u>AS<\/u><\/b><\/span><\/a>)<\/td>\n<\/tr>\n<tr>\n<td>SS21<\/td>\n<td><b> <\/b><a href=\"https:\/\/www.gm.fh-koeln.de\/~konen\/Evaluation\/Konen_MA2_S21.pdf\"><span class=\"MsoHyperlink\"><b><u>Eval &#8222;Mathematik 2 INF\/ITM\/MI&#8220; SS21<\/u><\/b> <\/span><\/a><\/td>\n<\/tr>\n<tr>\n<td>WS20<\/td>\n<td><b> <\/b><a href=\"https:\/\/www.gm.fh-koeln.de\/~konen\/Evaluation\/Konen_Mathe-1_W20.pdf\"><span class=\"MsoHyperlink\"><b><u>Eval &#8222;Mathematik 1 INF\/ITM\/MI&#8220; WS20<\/u><\/b> <\/span><\/a> (<a href=\"https:\/\/www.gm.fh-koeln.de\/~konen\/Evaluation\/Konen_Mathe-1_W20.pdf\"><span class=\"MsoHyperlink\"><b><u>WK<\/u><\/b><\/span><\/a> \/ <a href=\"https:\/\/www.gm.fh-koeln.de\/~konen\/Evaluation\/Schmitter_Mathe-1_W20.pdf\"><span class=\"MsoHyperlink\"><b><u>AS<\/u><\/b><\/span><\/a>)<\/td>\n<\/tr>\n<tr>\n<td>SS20<\/td>\n<td><b> <\/b><a href=\"http:\/\/www.gm.fh-koeln.de\/~konen\/Evaluation\/Konen_MA2_S20.pdf\"><span class=\"MsoHyperlink\"><b><u>Eval &#8222;Mathematik 2 INF\/ITM\/MI&#8220; SS20<\/u><\/b>\u00a0<\/span><\/a><\/td>\n<\/tr>\n<tr>\n<td>WS19<\/td>\n<td><b> <\/b><a href=\"http:\/\/www.gm.fh-koeln.de\/~konen\/Evaluation\/Konen_Mathe-1_W19.pdf\"><span class=\"MsoHyperlink\"><b><u>Eval &#8222;Mathematik 1 INF\/ITM\/MI&#8220; WS19<\/u><\/b>\u00a0<\/span><\/a><\/td>\n<\/tr>\n<tr>\n<td>SS18<\/td>\n<td><a href=\"http:\/\/www.gm.fh-koeln.de\/~konen\/Evaluation\/Konen_DDMO_S18.pdf\"><strong>\u00a0<\/strong><\/a><a href=\"http:\/\/www.gm.fh-koeln.de\/~konen\/Evaluation\/Konen_DDMO_S18.pdf\"><strong><u>Eval &#8222;DDMO Master AIT &#8220; SS18<\/u><\/strong><\/a><\/td>\n<\/tr>\n<tr>\n<td>SS17<\/td>\n<td><a href=\"http:\/\/www.gm.fh-koeln.de\/~konen\/Evaluation\/Konen_SSDS_S17.pdf\"><strong><u>\u00a0Eval &#8222;WPF Spiele &amp; Simulation&#8220; SS17<\/u><\/strong><\/a><\/td>\n<\/tr>\n<tr>\n<td>WS16<\/td>\n<td><a href=\"http:\/\/www.gm.fh-koeln.de\/~konen\/Evaluation\/Konen_SGM_W16.pdf\"><strong><u>\u00a0Eval &#8222;Spezielle Gebiete der Mathematik, IM\/MMI&#8220; WS16<\/u><\/strong> <\/a><\/td>\n<\/tr>\n<tr>\n<td>\u00a0SS16<\/td>\n<td><a href=\"http:\/\/www.gm.fh-koeln.de\/~konen\/Evaluation\/Konen_Mathe-2_S16.pdf\"><strong><u>\u00a0Eval &#8222;Mathematik 2 AI\/TI\/MI&#8220; SS16<\/u><\/strong><\/a><\/td>\n<\/tr>\n<tr>\n<td>\u00a0WS15<\/td>\n<td><a href=\"http:\/\/www.gm.fh-koeln.de\/~konen\/Evaluation\/Konen_SGM_W15.pdf\"><strong><u>\u00a0Eval &#8222;Spezielle Gebiete der Mathematik IM\/MMI&#8220; WS15<\/u><\/strong> <\/a><\/td>\n<\/tr>\n<tr>\n<td>\u00a0SS14<\/td>\n<td><a href=\"http:\/\/www.gm.fh-koeln.de\/~konen\/Evaluation\/Konen_WPF35_W14.pdf\"><span class=\"MsoHyperlink\"><span class=\"SpellE\"><b>\u00a0<\/b><\/span><\/span><\/a><a href=\"http:\/\/www.gm.fh-koeln.de\/~konen\/Evaluation\/Konen_WPF35_W14.pdf\"><span class=\"MsoHyperlink\"><b><u>Eval &#8222;WPF Spiele &amp; Simulation&#8220; WS14<\/u><\/b> <\/span><\/a><\/td>\n<\/tr>\n<tr>\n<td>\u00a0SS14<\/td>\n<td><a href=\"http:\/\/www.gm.fh-koeln.de\/~konen\/Evaluation\/Konen-Schmitter_Mathe2-Projekt_S13.pdf\"><span class=\"MsoHyperlink\"><span class=\"SpellE\"><b><u>\u00a0Eval<\/u><\/b><\/span><\/span><\/a><a href=\"http:\/\/www.gm.fh-koeln.de\/~konen\/Evaluation\/Konen-Schmitter_Mathe2-Projekt_S14.pdf\"><span class=\"MsoHyperlink\"><b><u> &#8222;Mathematik 2 Projektpraktikum AI\/TI\/MI&#8220; SS14<\/u><\/b> <\/span><\/a><\/td>\n<\/tr>\n<tr>\n<td>\u00a0SS14<\/td>\n<td><a href=\"http:\/\/www.gm.fh-koeln.de\/~konen\/Evaluation\/Konen_DDMO_S14.pdf\"><span class=\"MsoHyperlink\"><span class=\"SpellE\"><b>\u00a0<\/b><\/span><\/span><\/a><a href=\"http:\/\/www.gm.fh-koeln.de\/~konen\/Evaluation\/Konen_DDMO_S14.pdf\"><span class=\"MsoHyperlink\"><b><u>Eval &#8222;DDMO Master AIT &#8220; SS14<\/u><\/b> <\/span><\/a><\/td>\n<\/tr>\n<tr>\n<td>\u00a0WS13<\/td>\n<td><a href=\"http:\/\/www.gm.fh-koeln.de\/~konen\/Evaluation\/Konen_Mathe-1_W13.pdf\"><span class=\"MsoHyperlink\"><span class=\"SpellE\"><b>\u00a0<\/b><\/span><\/span><\/a><a href=\"http:\/\/www.gm.fh-koeln.de\/~konen\/Evaluation\/Konen_Mathe-1_W13.pdf\"><span class=\"MsoHyperlink\"><b><u>Eval &#8222;Mathematik 1 AI\/TI\/MI&#8220; WS13<\/u><\/b>\u00a0<\/span><\/a><\/td>\n<\/tr>\n<tr>\n<td>\u00a0SS13<\/td>\n<td><a href=\"http:\/\/www.gm.fh-koeln.de\/~konen\/Evaluation\/Konen-Schmitter_Mathe2-Projekt_S13.pdf\"><span class=\"MsoHyperlink\"><span class=\"SpellE\"><b>\u00a0<\/b><\/span><\/span><\/a><a href=\"http:\/\/www.gm.fh-koeln.de\/~konen\/Evaluation\/Konen-Schmitter_Mathe2-Projekt_S13.pdf\"><span class=\"MsoHyperlink\"><b><u>Eval &#8222;Mathematik 2 Projektpraktikum AI\/TI\/MI&#8220; SS13<\/u><\/b>\u00a0<\/span><\/a><\/td>\n<\/tr>\n<tr>\n<td>\u00a0WS12<\/td>\n<td><a href=\"http:\/\/www.gm.fh-koeln.de\/~konen\/Evaluation\/Konen-Noss-WPFPM-W12.pdf\"><span class=\"MsoHyperlink\"><span class=\"SpellE\"><b>\u00a0<\/b><\/span><\/span><\/a><a href=\"http:\/\/www.gm.fh-koeln.de\/~konen\/Evaluation\/Konen-Noss-WPFPM-W12.pdf\"><span class=\"MsoHyperlink\"><b><u>Eval &#8222;WPF PM Prozedurale Mediengestaltung&#8220; WS12<\/u><\/b>\u00a0<\/span><\/a><\/td>\n<\/tr>\n<tr>\n<td>\u00a0WS12<\/td>\n<td><a href=\"http:\/\/www.gm.fh-koeln.de\/~konen\/Evaluation\/Konen-Schmitter_Mathe-1_W12.pdf\"><span class=\"MsoHyperlink\"><span class=\"SpellE\"><b>\u00a0<\/b><\/span><\/span><\/a><span class=\"MsoHyperlink\"><b><a href=\"http:\/\/www.gm.fh-koeln.de\/~konen\/Evaluation\/Konen-Schmitter_Mathe-1_W12.pdf\"><u>Eval &#8222;Mathematik 1 AI\/TI\/MI&#8220; WS12<\/u><\/a><\/b><\/span><\/td>\n<\/tr>\n<\/tbody>\n<\/table>\n<p>Eine Vorbemerkung: Die auf dieser Seite ge\u00e4u\u00dferten Ansichten stellen meine pers\u00f6nliche Sicht der Dinge dar und m\u00fcssen nicht in allen Punkten mit der Sicht der TH K\u00f6ln \u00fcbereinstimmen.<\/p>\n<p>Lehren und Lernen sind fortw\u00e4hrende Prozesse. Deshalb ist es aus meiner Sicht selbstverst\u00e4ndlich f\u00fcr einen verantwortungsbewussten Dozenten, \u00fcber seine Leistung zu reflektieren und ggf. \u00c4nderungen vorzunehmen. Das nennt man Evaluation. <i>Ein<\/i> Werkzeug hierzu sind anonyme Befragungen der Studierenden, die in einem <b><a href=\"http:\/\/www.gm.fh-koeln.de\/~konen\/Evaluation\/EVA-Fragebogen.PDF\"><u><span style=\"color: #ff6300\">standardisierten Fragebogen<\/span><\/u><\/a><\/b> einmal je Semester in der Lehrveranstaltung (LV) abgefragt werden. Die Frageb\u00f6gen sind TH-weit einheitlich, sodass man <span class=\"SpellE\">LVen<\/span> besser miteinander vergleichen kann. Auch an anderen Hochschulen existieren oft solche oder ganz \u00e4hnliche Frageb\u00f6gen<\/p>\n<p><b>&#8222;Was passiert mit diesen Frageb\u00f6gen?&#8220; werde ich h\u00e4ufig von Studierenden gefragt. Nun, sie werden in der TH-Verwaltung maschinell ausgewertet, der Dozent enth\u00e4lt eine tabellarische Zusammenfassung zur\u00fcck. Ich halte es f\u00fcr selbstverst\u00e4ndlich, dass ich Ihnen, den Studierenden, diese Resultate wieder verf\u00fcgbar mache (s. Tabelle oben). Neben der maschinellen Auswertung <span class=\"GramE\">ist<\/span> ein weiterer Punkt, dass ich mir die Frageb\u00f6gen anschaue und besonders die handschriftlichen Kommentare. Diese geben oft n\u00e4mlich viel spezifischere Kommentare, was gut, was schlecht war oder vielmehr auch konstruktive Verbesserungsvorschl\u00e4ge, die ich abw\u00e4gen und fallweise einbauen kann. Und oft nutze ich auch die Gelegenheit, in der LV \u00fcber die Anmerkungen zu diskutieren, nachzufragen, wie bestimmte \u00c4u\u00dferungen gemeint sind usw. <\/b><\/p>\n<p>Ein weiteres f\u00fcr mich wichtiges Evaluationswerkzeug ist <a href=\"http:\/\/www.meinprof.de\/\"><b><u><span style=\"color: #ff6300\">www.meinprof.de<\/span><\/u><\/b><\/a>. Hier k\u00f6nnen Sie zu jedem Zeitpunkt eine Bewertung zu meinen Lehrveranstaltungen abgeben. Und vor allen Dingen, Sie als Studierende k\u00f6nnen zu jedem Zeitpunkt die Bewertungen und auch die Kommentare bundesweit einsehen. Sie k\u00f6nnen sich so auch zu Lehrveranstaltungen in anderen Studieng\u00e4ngen einen ersten \u00dcberblick verschaffen. \u00dcber die Vor- und Nachteile dieses Systems wird ja aktuell h\u00e4ufiger diskutiert. Meine pers\u00f6nliche Meinung ist, dass bei Abw\u00e4gung aller Punkte die Vorteile \u00fcberwiegen, vorausgesetzt es ist eine gen\u00fcgend aussagekr\u00e4ftige statistische Masse vorhanden. Deshalb lege ich allen meinen Studenten ans Herz, hier eine Bewertung abzugeben, wenn m\u00f6glich auch mit schriftlichem Kommentar. Ich stelle mich gerne hier sowohl positiven als auch negativen Kommentaren, sofern sie konstruktiv formuliert sind.<\/p>\n<p>Eine abschlie\u00dfende Anmerkung: Nun ist es nicht so, dass die Evaluation alles ist. Eine gut evaluierte Veranstaltung muss nicht immer gut, eine schlecht evaluierte Veranstaltung nicht immer schlecht sein. Vielleicht lernen Sie den Wert einer heute ungeliebten Veranstaltung erst in ein paar Jahren kennen &#8230; Dennoch: Wenn wir uns um die fortw\u00e4hrende Verbesserung der Qualit\u00e4t der Lehre bem\u00fchen, ist die studentische Evaluation <i>ein<\/i> wichtiges Instrument unter mehreren. Ich bin also gespannt darauf, bald hier oder unter <a href=\"http:\/\/www.meinprof.de\/\"><b><u><span style=\"color: #ff6300\">www.meinprof.de<\/span><\/u><\/b><\/a> auch <i>Ihren<\/i> Kommentar entgegenzunehmen.<\/p>\n<p>&nbsp;<\/p>\n<p>Ihr<\/p>\n<p>Wolfgang Konen<\/p>\n<p>&nbsp;<\/p>\n","protected":false},"excerpt":{"rendered":"<p>Evaluationen (einiger) meiner Lehrveranstaltungen: (vollst\u00e4ndige Liste der Evals bis 2018 unter http:\/\/www.gm.th-koeln.de\/~konen\/Evaluation\/eval_wk.htm) \u00a0Semester \u00a0Lehrveranstaltung SS23 Eval &#8222;Mathematik 2 INF\/ITM\/MI&#8220; SS23 WS22 Eval &#8222;Mathematik 1 INF\/ITM\/MI&#8220; WS22 (WK \/ AS) WS21 Eval &#8222;Mathematik 1 INF\/ITM\/MI&#8220; WS21 (WK \/ AS) SS21 Eval &#8222;Mathematik 2 INF\/ITM\/MI&#8220; SS21 WS20 Eval &#8222;Mathematik 1 INF\/ITM\/MI&#8220; WS20 (WK \/ AS) SS20 Eval&#8230;  <a href=\"https:\/\/blogs.gm.fh-koeln.de\/konen\/lehre-2\/evaluationen\/\" class=\"more-link\" title=\"Read Evaluationen Prof. Dr. Wolfgang Konen\"><?php _e(\"Read more &raquo;\",\"wpbootstrap\"); ?><\/a><\/p>\n","protected":false},"author":38,"featured_media":0,"parent":253,"menu_order":7,"comment_status":"closed","ping_status":"closed","template":"","meta":{"_acf_changed":false,"footnotes":"","_links_to":"","_links_to_target":""},"class_list":["post-789","page","type-page","status-publish","hentry"],"acf":[],"_links":{"self":[{"href":"https:\/\/blogs.gm.fh-koeln.de\/konen\/wp-json\/wp\/v2\/pages\/789","targetHints":{"allow":["GET"]}}],"collection":[{"href":"https:\/\/blogs.gm.fh-koeln.de\/konen\/wp-json\/wp\/v2\/pages"}],"about":[{"href":"https:\/\/blogs.gm.fh-koeln.de\/konen\/wp-json\/wp\/v2\/types\/page"}],"author":[{"embeddable":true,"href":"https:\/\/blogs.gm.fh-koeln.de\/konen\/wp-json\/wp\/v2\/users\/38"}],"replies":[{"embeddable":true,"href":"https:\/\/blogs.gm.fh-koeln.de\/konen\/wp-json\/wp\/v2\/comments?post=789"}],"version-history":[{"count":41,"href":"https:\/\/blogs.gm.fh-koeln.de\/konen\/wp-json\/wp\/v2\/pages\/789\/revisions"}],"predecessor-version":[{"id":2731,"href":"https:\/\/blogs.gm.fh-koeln.de\/konen\/wp-json\/wp\/v2\/pages\/789\/revisions\/2731"}],"up":[{"embeddable":true,"href":"https:\/\/blogs.gm.fh-koeln.de\/konen\/wp-json\/wp\/v2\/pages\/253"}],"wp:attachment":[{"href":"https:\/\/blogs.gm.fh-koeln.de\/konen\/wp-json\/wp\/v2\/media?parent=789"}],"curies":[{"name":"wp","href":"https:\/\/api.w.org\/{rel}","templated":true}]}}