


{"id":78,"date":"2013-10-08T20:00:02","date_gmt":"2013-10-08T18:00:02","guid":{"rendered":"http:\/\/lwibs01.gm.fh-koeln.de\/blogs\/konen\/?page_id=78"},"modified":"2024-06-27T18:00:35","modified_gmt":"2024-06-27T16:00:35","slug":"kontakt","status":"publish","type":"page","link":"https:\/\/blogs.gm.fh-koeln.de\/konen\/kontakt\/","title":{"rendered":"Kontakt"},"content":{"rendered":"<div class=\"twoclick_social_bookmarks_post_78 social_share_privacy clearfix 1.6.4 locale-de_DE sprite-de_DE\"><\/div><div class=\"twoclick-js\"><script type=\"text\/javascript\">\/* <![CDATA[ *\/\njQuery(document).ready(function($){if($('.twoclick_social_bookmarks_post_78')){$('.twoclick_social_bookmarks_post_78').socialSharePrivacy({\"txt_help\":\"Wenn Sie diese Felder durch einen Klick aktivieren, werden Informationen an Facebook, Twitter, Flattr, Xing, t3n, LinkedIn, Pinterest oder Google eventuell ins Ausland \\u00fcbertragen und unter Umst\\u00e4nden auch dort gespeichert. N\\u00e4heres erfahren Sie durch einen Klick auf das <em>i<\\\/em>.\",\"settings_perma\":\"Dauerhaft aktivieren und Daten\\u00fcber-tragung zustimmen:\",\"info_link\":\"http:\\\/\\\/www.heise.de\\\/ct\\\/artikel\\\/2-Klicks-fuer-mehr-Datenschutz-1333879.html\",\"uri\":\"https:\\\/\\\/blogs.gm.fh-koeln.de\\\/konen\\\/kontakt\\\/\",\"post_id\":78,\"post_title_referrer_track\":\"Kontakt\",\"display_infobox\":\"on\"});}});\n\/* ]]> *\/<\/script><\/div><table border=\"0\" width=\"100%\" cellspacing=\"3\" cellpadding=\"3\">\n<tbody>\n<tr>\n<td>Prof. Dr. rer. nat. Wolfgang Konen<br \/>\nTH K\u00f6ln<br \/>\nFakult\u00e4t f\u00fcr Informatik und Ingenieurwissenschaften<br \/>\nInstitut f\u00fcr Informatik<br \/>\nSteinm\u00fcllerallee 1<br \/>\nD-51643 Gummersbach<br \/>\nRaum 3.230<br \/>\nE-Mail:\u00a0<a class=\"thickbox\" href=\"https:\/\/blogs.gm.fh-koeln.de\/konen\/files\/2015\/10\/mail-konen-TH.png\"><img loading=\"lazy\" decoding=\"async\" class=\"alignnone size-full wp-image-1582\" src=\"https:\/\/blogs.gm.fh-koeln.de\/konen\/files\/2015\/10\/mail-konen-TH.png\" alt=\"mail-konen-TH\" width=\"158\" height=\"23\" \/><\/a><br \/>\nTel. 02261 \/ 8196 &#8211; 6275<\/td>\n<td><img loading=\"lazy\" decoding=\"async\" class=\"alignnone size-full wp-image-107\" src=\"https:\/\/blogs.gm.fh-koeln.de\/konen\/files\/2013\/10\/wolfgang.konen_.jpg\" alt=\"Wolfgang Konen\" width=\"152\" height=\"127\" \/><\/td>\n<\/tr>\n<\/tbody>\n<\/table>\n<p class=\"lead\">&nbsp;<\/p>\n<p><strong>Sprechstunde (WS): Mittwoch, 11.45-12.30, Raum 3.230<\/strong><\/p>\n<p><strong>Sprechstunde ( SS): Mittwoch, 13.00-13.45, Raum 3.230<\/strong><\/p>\n<p>&nbsp;<\/p>\n<p><strong>Bitte senden Sie mir eine Email, wenn Sie<\/strong> <strong>Fragen oder Anmerkungen haben!<\/strong><\/p>\n","protected":false},"excerpt":{"rendered":"<p>Prof. Dr. rer. nat. Wolfgang Konen TH K\u00f6ln Fakult\u00e4t f\u00fcr Informatik und Ingenieurwissenschaften Institut f\u00fcr Informatik Steinm\u00fcllerallee 1 D-51643 Gummersbach Raum 3.230 E-Mail:\u00a0 Tel. 02261 \/ 8196 &#8211; 6275 &nbsp; Sprechstunde (WS): Mittwoch, 11.45-12.30, Raum 3.230 Sprechstunde ( SS): Mittwoch, 13.00-13.45, Raum 3.230 &nbsp; Bitte senden Sie mir eine Email, wenn Sie Fragen oder Anmerkungen&#8230;  <a href=\"https:\/\/blogs.gm.fh-koeln.de\/konen\/kontakt\/\" class=\"more-link\" title=\"Read Kontakt\"><?php _e(\"Read more &raquo;\",\"wpbootstrap\"); ?><\/a><\/p>\n","protected":false},"author":38,"featured_media":0,"parent":0,"menu_order":6,"comment_status":"closed","ping_status":"closed","template":"","meta":{"_acf_changed":false,"footnotes":"","_links_to":"","_links_to_target":""},"class_list":["post-78","page","type-page","status-publish","hentry"],"acf":[],"_links":{"self":[{"href":"https:\/\/blogs.gm.fh-koeln.de\/konen\/wp-json\/wp\/v2\/pages\/78","targetHints":{"allow":["GET"]}}],"collection":[{"href":"https:\/\/blogs.gm.fh-koeln.de\/konen\/wp-json\/wp\/v2\/pages"}],"about":[{"href":"https:\/\/blogs.gm.fh-koeln.de\/konen\/wp-json\/wp\/v2\/types\/page"}],"author":[{"embeddable":true,"href":"https:\/\/blogs.gm.fh-koeln.de\/konen\/wp-json\/wp\/v2\/users\/38"}],"replies":[{"embeddable":true,"href":"https:\/\/blogs.gm.fh-koeln.de\/konen\/wp-json\/wp\/v2\/comments?post=78"}],"version-history":[{"count":32,"href":"https:\/\/blogs.gm.fh-koeln.de\/konen\/wp-json\/wp\/v2\/pages\/78\/revisions"}],"predecessor-version":[{"id":2815,"href":"https:\/\/blogs.gm.fh-koeln.de\/konen\/wp-json\/wp\/v2\/pages\/78\/revisions\/2815"}],"wp:attachment":[{"href":"https:\/\/blogs.gm.fh-koeln.de\/konen\/wp-json\/wp\/v2\/media?parent=78"}],"curies":[{"name":"wp","href":"https:\/\/api.w.org\/{rel}","templated":true}]}}