


{"id":282,"date":"2013-10-15T09:44:08","date_gmt":"2013-10-15T07:44:08","guid":{"rendered":"http:\/\/lwibs01.gm.fh-koeln.de\/blogs\/konen\/?page_id=282"},"modified":"2021-03-28T11:02:42","modified_gmt":"2021-03-28T09:02:42","slug":"wahlpflichtfacher-wpf","status":"publish","type":"page","link":"https:\/\/blogs.gm.fh-koeln.de\/konen\/lehre-2\/wahlpflichtfacher-wpf\/","title":{"rendered":"Weitere WPFs"},"content":{"rendered":"<div class=\"twoclick_social_bookmarks_post_282 social_share_privacy clearfix 1.6.4 locale-de_DE sprite-de_DE\"><\/div><div class=\"twoclick-js\"><script type=\"text\/javascript\">\/* <![CDATA[ *\/\njQuery(document).ready(function($){if($('.twoclick_social_bookmarks_post_282')){$('.twoclick_social_bookmarks_post_282').socialSharePrivacy({\"txt_help\":\"Wenn Sie diese Felder durch einen Klick aktivieren, werden Informationen an Facebook, Twitter, Flattr, Xing, t3n, LinkedIn, Pinterest oder Google eventuell ins Ausland \\u00fcbertragen und unter Umst\\u00e4nden auch dort gespeichert. N\\u00e4heres erfahren Sie durch einen Klick auf das <em>i<\\\/em>.\",\"settings_perma\":\"Dauerhaft aktivieren und Daten\\u00fcber-tragung zustimmen:\",\"info_link\":\"http:\\\/\\\/www.heise.de\\\/ct\\\/artikel\\\/2-Klicks-fuer-mehr-Datenschutz-1333879.html\",\"uri\":\"https:\\\/\\\/blogs.gm.fh-koeln.de\\\/konen\\\/lehre-2\\\/wahlpflichtfacher-wpf\\\/\",\"post_id\":282,\"post_title_referrer_track\":\"Weitere+WPFs\",\"display_infobox\":\"on\"});}});\n\/* ]]> *\/<\/script><\/div><p class=\"lead\">Die nachfolgenden Wahlpflichtf\u00e4cher habe ich in den vergangenen Jahren angeboten:<\/p>\n<div>\n<ul>\n<li><a href=\"http:\/\/www.gm.fh-koeln.de\/~konen\/WPF-BV\/aastart.html\" target=\"_blank\" rel=\"noopener noreferrer\">WPF BV (Bildverarbeitung und Computer Vision)<\/a> (INF\/ITM\/MI\/WI)<\/li>\n<li><a title=\"WPF DLML\" href=\"http:\/\/blogs.gm.fh-koeln.de\/konen\/lehre-2\/wpf-dlml\/\" target=\"_blank\" rel=\"noopener noreferrer\">WPF DLML (Deep Learning, Machine Learning &amp; K\u00fcnstliche Intelligenz)<\/a> (INF\/ITM\/MI\/WI)<\/li>\n<li><a href=\"http:\/\/www.gm.fh-koeln.de\/~konen\/WPF-Spiele\/aastart.html\" target=\"_blank\" rel=\"noopener noreferrer\">WPF Spiele, Simulation &amp; Dynamische Systeme<\/a> (AI\/MI\/TI\/WI)<\/li>\n<li><a href=\"http:\/\/www.gm.fh-koeln.de\/~konen\/WPF-BV-WS08\/aastart.html\" target=\"_blank\" rel=\"noopener noreferrer\">WPF Bildverarbeitung und Algorithmen<\/a> (WS2008, AI\/MI\/TI\/WI)<\/li>\n<li><a href=\"http:\/\/www.gm.fh-koeln.de\/~konen\/index-Dateien\/ankuend-archiv.html#WPF-MIAV\" target=\"_blank\" rel=\"noopener noreferrer\">WPF MIAV (Modellierung in audiovisuellen Medien)<\/a> (MI)<\/li>\n<li><a href=\"http:\/\/www.gm.fh-koeln.de\/~konen\/WPF-PM.d\" target=\"_blank\" rel=\"noopener noreferrer\">WPF PM (Prozedurale Mediengestaltung)<\/a> (MI)<\/li>\n<li><a href=\"http:\/\/www.gm.fh-koeln.de\/~konen\/WPF-DM-Cup\/index.html\" target=\"_blank\" rel=\"noopener noreferrer\">WPF Data Mining praktisch<\/a> (AI\/MI\/TI\/WI)<\/li>\n<\/ul>\n<p>Sie werden z.T. in unregelm\u00e4\u00dfigen Abst\u00e4nden wieder angeboten. Bei Interesse sprechen Sie mich bitte an (wenn mich viele zu einem WPF ansprechen, erh\u00f6ht das die Wahrscheinlichkeit, dass ich es wieder anbiete&#8230;<img decoding=\"async\" title=\";)\" src=\"http:\/\/lwibs01.gm.fh-koeln.de\/blogs\/konen\/wp-content\/plugins\/fckeditor-for-wordpress-plugin\/ckeditor\/plugins\/smiley\/images\/wink_smile.gif\" alt=\";)\" \/> ).<\/p>\n<\/div>\n","protected":false},"excerpt":{"rendered":"<p>Die nachfolgenden Wahlpflichtf\u00e4cher habe ich in den vergangenen Jahren angeboten: WPF BV (Bildverarbeitung und Computer Vision) (INF\/ITM\/MI\/WI) WPF DLML (Deep Learning, Machine Learning &amp; K\u00fcnstliche Intelligenz) (INF\/ITM\/MI\/WI) WPF Spiele, Simulation &amp; Dynamische Systeme (AI\/MI\/TI\/WI) WPF Bildverarbeitung und Algorithmen (WS2008, AI\/MI\/TI\/WI) WPF MIAV (Modellierung in audiovisuellen Medien) (MI) WPF PM (Prozedurale Mediengestaltung) (MI) WPF Data Mining&#8230;  <a href=\"https:\/\/blogs.gm.fh-koeln.de\/konen\/lehre-2\/wahlpflichtfacher-wpf\/\" class=\"more-link\" title=\"Read Weitere WPFs\"><?php _e(\"Read more &raquo;\",\"wpbootstrap\"); ?><\/a><\/p>\n","protected":false},"author":38,"featured_media":0,"parent":253,"menu_order":6,"comment_status":"closed","ping_status":"closed","template":"","meta":{"_acf_changed":false,"footnotes":"","_links_to":"","_links_to_target":""},"class_list":["post-282","page","type-page","status-publish","hentry"],"acf":[],"_links":{"self":[{"href":"https:\/\/blogs.gm.fh-koeln.de\/konen\/wp-json\/wp\/v2\/pages\/282","targetHints":{"allow":["GET"]}}],"collection":[{"href":"https:\/\/blogs.gm.fh-koeln.de\/konen\/wp-json\/wp\/v2\/pages"}],"about":[{"href":"https:\/\/blogs.gm.fh-koeln.de\/konen\/wp-json\/wp\/v2\/types\/page"}],"author":[{"embeddable":true,"href":"https:\/\/blogs.gm.fh-koeln.de\/konen\/wp-json\/wp\/v2\/users\/38"}],"replies":[{"embeddable":true,"href":"https:\/\/blogs.gm.fh-koeln.de\/konen\/wp-json\/wp\/v2\/comments?post=282"}],"version-history":[{"count":8,"href":"https:\/\/blogs.gm.fh-koeln.de\/konen\/wp-json\/wp\/v2\/pages\/282\/revisions"}],"predecessor-version":[{"id":2443,"href":"https:\/\/blogs.gm.fh-koeln.de\/konen\/wp-json\/wp\/v2\/pages\/282\/revisions\/2443"}],"up":[{"embeddable":true,"href":"https:\/\/blogs.gm.fh-koeln.de\/konen\/wp-json\/wp\/v2\/pages\/253"}],"wp:attachment":[{"href":"https:\/\/blogs.gm.fh-koeln.de\/konen\/wp-json\/wp\/v2\/media?parent=282"}],"curies":[{"name":"wp","href":"https:\/\/api.w.org\/{rel}","templated":true}]}}