


{"id":278,"date":"2013-11-02T18:56:37","date_gmt":"2013-10-15T07:42:59","guid":{"rendered":"http:\/\/lwibs01.gm.fh-koeln.de\/blogs\/konen\/?page_id=278"},"modified":"2021-01-19T14:00:50","modified_gmt":"2021-01-19T12:00:50","slug":"sgm-master-inf","status":"publish","type":"page","link":"https:\/\/blogs.gm.fh-koeln.de\/konen\/lehre-2\/sgm-master-inf\/","title":{"rendered":"SGM (Master INF)"},"content":{"rendered":"<div class=\"twoclick_social_bookmarks_post_278 social_share_privacy clearfix 1.6.4 locale-de_DE sprite-de_DE\"><\/div><div class=\"twoclick-js\"><script type=\"text\/javascript\">\/* <![CDATA[ *\/\njQuery(document).ready(function($){if($('.twoclick_social_bookmarks_post_278')){$('.twoclick_social_bookmarks_post_278').socialSharePrivacy({\"txt_help\":\"Wenn Sie diese Felder durch einen Klick aktivieren, werden Informationen an Facebook, Twitter, Flattr, Xing, t3n, LinkedIn, Pinterest oder Google eventuell ins Ausland \\u00fcbertragen und unter Umst\\u00e4nden auch dort gespeichert. N\\u00e4heres erfahren Sie durch einen Klick auf das <em>i<\\\/em>.\",\"settings_perma\":\"Dauerhaft aktivieren und Daten\\u00fcber-tragung zustimmen:\",\"info_link\":\"http:\\\/\\\/www.heise.de\\\/ct\\\/artikel\\\/2-Klicks-fuer-mehr-Datenschutz-1333879.html\",\"uri\":\"https:\\\/\\\/blogs.gm.fh-koeln.de\\\/konen\\\/lehre-2\\\/sgm-master-inf\\\/\",\"post_id\":278,\"post_title_referrer_track\":\"SGM+%28Master+INF%29\",\"display_infobox\":\"on\"});}});\n\/* ]]> *\/<\/script><\/div><p class=\"lead\"><span style=\"font-size: 18px\"><strong>S<\/strong>pezielle <strong>G<\/strong>ebiete der <strong>M<\/strong>athematik<\/span><\/p>\n<p><span style=\"font-size: 10.0pt;font-family: Arial\">Diesen Kurs f\u00fcr beide Masterstudieng\u00e4nge Informatik biete ich gemeinsam mit meiner Kollegin Dietlind Z\u00fclke an. <\/span><\/p>\n<p><span style=\"font-size: 10.0pt;font-family: Arial\">Informationen zum Kurs finden sich im ILIAS unter <\/span><\/p>\n<p><span style=\"font-size: 10.0pt;font-family: Arial\">\u00a0\u00a0\u00a0\u00a0\u00a0\u00a0Magazin &gt; Fakult\u00e4t 10 &gt; Medieninformatik Master &gt; MAS &amp; SGM<\/span><\/p>\n<p style=\"margin-bottom: 12.0pt\"><span style=\"font-size: 10.0pt;font-family: Arial\"><a href=\"http:\/\/ilias.fh-koeln.de\/repository.php?ref_id=9507&amp;cmd=\" target=\"_top\" rel=\"noopener noreferrer\">http:\/\/ilias.fh-koeln.de\/repository.php?ref_id=9507&amp;cmd=&amp;rep_frame=1<\/a><\/span><\/p>\n","protected":false},"excerpt":{"rendered":"<p>Spezielle Gebiete der Mathematik Diesen Kurs f\u00fcr beide Masterstudieng\u00e4nge Informatik biete ich gemeinsam mit meiner Kollegin Dietlind Z\u00fclke an. Informationen zum Kurs finden sich im ILIAS unter \u00a0\u00a0\u00a0\u00a0\u00a0\u00a0Magazin &gt; Fakult\u00e4t 10 &gt; Medieninformatik Master &gt; MAS &amp; SGM http:\/\/ilias.fh-koeln.de\/repository.php?ref_id=9507&amp;cmd=&amp;rep_frame=1<\/p>\n","protected":false},"author":38,"featured_media":0,"parent":253,"menu_order":3,"comment_status":"closed","ping_status":"closed","template":"","meta":{"_acf_changed":false,"footnotes":"","_links_to":"","_links_to_target":""},"class_list":["post-278","page","type-page","status-publish","hentry"],"acf":[],"_links":{"self":[{"href":"https:\/\/blogs.gm.fh-koeln.de\/konen\/wp-json\/wp\/v2\/pages\/278","targetHints":{"allow":["GET"]}}],"collection":[{"href":"https:\/\/blogs.gm.fh-koeln.de\/konen\/wp-json\/wp\/v2\/pages"}],"about":[{"href":"https:\/\/blogs.gm.fh-koeln.de\/konen\/wp-json\/wp\/v2\/types\/page"}],"author":[{"embeddable":true,"href":"https:\/\/blogs.gm.fh-koeln.de\/konen\/wp-json\/wp\/v2\/users\/38"}],"replies":[{"embeddable":true,"href":"https:\/\/blogs.gm.fh-koeln.de\/konen\/wp-json\/wp\/v2\/comments?post=278"}],"version-history":[{"count":5,"href":"https:\/\/blogs.gm.fh-koeln.de\/konen\/wp-json\/wp\/v2\/pages\/278\/revisions"}],"predecessor-version":[{"id":2398,"href":"https:\/\/blogs.gm.fh-koeln.de\/konen\/wp-json\/wp\/v2\/pages\/278\/revisions\/2398"}],"up":[{"embeddable":true,"href":"https:\/\/blogs.gm.fh-koeln.de\/konen\/wp-json\/wp\/v2\/pages\/253"}],"wp:attachment":[{"href":"https:\/\/blogs.gm.fh-koeln.de\/konen\/wp-json\/wp\/v2\/media?parent=278"}],"curies":[{"name":"wp","href":"https:\/\/api.w.org\/{rel}","templated":true}]}}