


{"id":275,"date":"2013-11-02T01:12:28","date_gmt":"2013-10-15T07:41:14","guid":{"rendered":"http:\/\/lwibs01.gm.fh-koeln.de\/blogs\/konen\/?page_id=275"},"modified":"2021-11-19T01:06:04","modified_gmt":"2021-11-18T23:06:04","slug":"projekte","status":"publish","type":"page","link":"https:\/\/blogs.gm.fh-koeln.de\/konen\/projekte\/","title":{"rendered":"Projekte"},"content":{"rendered":"<div class=\"twoclick_social_bookmarks_post_275 social_share_privacy clearfix 1.6.4 locale-de_DE sprite-de_DE\"><\/div><div class=\"twoclick-js\"><script type=\"text\/javascript\">\/* <![CDATA[ *\/\njQuery(document).ready(function($){if($('.twoclick_social_bookmarks_post_275')){$('.twoclick_social_bookmarks_post_275').socialSharePrivacy({\"txt_help\":\"Wenn Sie diese Felder durch einen Klick aktivieren, werden Informationen an Facebook, Twitter, Flattr, Xing, t3n, LinkedIn, Pinterest oder Google eventuell ins Ausland \\u00fcbertragen und unter Umst\\u00e4nden auch dort gespeichert. N\\u00e4heres erfahren Sie durch einen Klick auf das <em>i<\\\/em>.\",\"settings_perma\":\"Dauerhaft aktivieren und Daten\\u00fcber-tragung zustimmen:\",\"info_link\":\"http:\\\/\\\/www.heise.de\\\/ct\\\/artikel\\\/2-Klicks-fuer-mehr-Datenschutz-1333879.html\",\"uri\":\"https:\\\/\\\/blogs.gm.fh-koeln.de\\\/konen\\\/projekte\\\/\",\"post_id\":275,\"post_title_referrer_track\":\"Projekte\",\"display_infobox\":\"on\"});}});\n\/* ]]> *\/<\/script><\/div><p class=\"lead\">&nbsp;<\/p>\n<p>Forschungsprojekte meiner Arbeitsgruppe (fr\u00fcher und aktuell, in alphabethischer Reihenfolge):<\/p>\n<table border=\"0\" width=\"702\" cellspacing=\"1\" cellpadding=\"1\">\n<tbody>\n<tr>\n<td style=\"width: 30%\" align=\"left\" valign=\"top\"><a href=\"http:\/\/www.gm.fh-koeln.de\/~konen\/research\/projects\/FProjekt-BV-3D-Endo\" target=\"_blank\" rel=\"noopener\"><img loading=\"lazy\" decoding=\"async\" src=\"https:\/\/blogs.gm.fh-koeln.de\/konen\/wp-content\/uploads\/endo01.jpg\" alt=\"\" width=\"152\" height=\"125\" align=\"top\" hspace=\"3\" vspace=\"3\" \/><\/a><\/td>\n<td style=\"width: 50%\" valign=\"top\"><a href=\"https:\/\/blogs.gm.fh-koeln.de\/konen\/projekte\/bv-3d-endo\/\"><span style=\"font-size: 18px\">BV-3D-Endo<\/span><\/a><\/p>\n<p>Bildverarbeitung in der medizinischen Endoskopie: Neue Verfahren zum <em><strong>Image Mosaicing<\/strong><\/em> und zur <em><strong>3D-Navigation<\/strong><\/em>.<\/p>\n<p>(2007-2014)<\/td>\n<\/tr>\n<tr>\n<td style=\"width: 30%\" align=\"left\" valign=\"top\"><\/td>\n<td style=\"width: 50%\" valign=\"top\"><\/td>\n<\/tr>\n<tr>\n<td><a href=\"https:\/\/blogs.gm.fh-koeln.de\/ciop\/research\/gbg-general-board-games\/\" target=\"_blank\" rel=\"noopener\"><img loading=\"lazy\" decoding=\"async\" src=\"https:\/\/blogs.gm.fh-koeln.de\/konen\/wp-content\/uploads\/c4boardv2(2).png\" alt=\"ConnectFour\" width=\"137\" height=\"111\" align=\"top\" hspace=\"3\" vspace=\"3\" \/><\/a><\/td>\n<td style=\"width: 50%\" valign=\"top\"><a href=\"https:\/\/blogs.gm.fh-koeln.de\/ciop\/research\/gbg-general-board-games\/\" target=\"_blank\" rel=\"noopener\"><span style=\"font-size: 18px\">GBG<\/span><\/a><\/p>\n<p><strong>G<\/strong>eneral <strong>B<\/strong>oard <strong>G<\/strong>ame Playing and Learning Framework<\/p>\n<p>(2017 &#8211; today)<\/td>\n<\/tr>\n<tr>\n<td style=\"width: 30%\" align=\"left\" valign=\"top\"><\/td>\n<td style=\"width: 50%\" valign=\"top\"><\/td>\n<\/tr>\n<tr>\n<td><a href=\"https:\/\/blogs.gm.fh-koeln.de\/konen\/projekte\/gestenerkennung\/\" target=\"_blank\" rel=\"noopener\"><img loading=\"lazy\" decoding=\"async\" src=\"https:\/\/blogs.gm.fh-koeln.de\/konen\/files\/2013\/11\/Wiimote.jpg\" alt=\"Wiimote\" width=\"137\" height=\"111\" align=\"top\" hspace=\"3\" vspace=\"3\" \/><\/a><\/td>\n<td style=\"width: 50%\" valign=\"top\"><a href=\"https:\/\/blogs.gm.fh-koeln.de\/konen\/projekte\/gestenerkennung\/\" target=\"_blank\" rel=\"noopener\"><span style=\"font-size: 18px\">Gesten<\/span><\/a><\/p>\n<p>Ziel ist die Erkennung von Gesten mittels\u00a0 <strong>Wiimote <\/strong>oder <strong>Kinect<\/strong>. Lernmethoden: SFA, Hidden Markov, Random Forest.<\/td>\n<\/tr>\n<tr>\n<td style=\"width: 30%\" align=\"left\" valign=\"top\"><\/td>\n<td style=\"width: 50%\" valign=\"top\"><\/td>\n<\/tr>\n<tr>\n<td align=\"left\" valign=\"top\"><a href=\"https:\/\/blogs.gm.fh-koeln.de\/konen\/projects\/monrep\/\" target=\"_blank\" rel=\"noopener\"><img loading=\"lazy\" decoding=\"async\" class=\"size-medium wp-image-1024\" title=\"Optimierung von Tragfl\u00e4chenprofilen\" src=\"https:\/\/blogs.gm.fh-koeln.de\/konen\/files\/2014\/03\/aeroelasticity-300x264.jpg\" alt=\"Optimierung von Tragfl\u00e4chenprofilen\" width=\"150\" height=\"132\" srcset=\"https:\/\/blogs.gm.fh-koeln.de\/konen\/files\/2014\/03\/aeroelasticity-300x264.jpg 300w, https:\/\/blogs.gm.fh-koeln.de\/konen\/files\/2014\/03\/aeroelasticity.jpg 667w\" sizes=\"auto, (max-width: 150px) 100vw, 150px\" \/><\/a><\/td>\n<td valign=\"top\"><a href=\"https:\/\/blogs.gm.fh-koeln.de\/konen\/projects\/monrep\/\" target=\"_blank\" rel=\"noopener\"><span style=\"font-size: 18px\">MONREP<\/span><\/a><\/p>\n<p><strong>M<\/strong>odellgest\u00fctzte <strong>O<\/strong>ptimierung f\u00fcr <strong>n<\/strong>ichtlineare, <strong>re<\/strong>striktionsbehaftete <strong>P<\/strong>roduktionsprozesse. BMWi-gef\u00f6rdertes Projekt. Fragestellung: K\u00f6nnen Probleme, f\u00fcr die Evolution\u00e4re Algorithmen 100.000 und mehr Auswertungen ben\u00f6tigen, in weniger als 500 Auswertungen gel\u00f6st werden?<br \/>\nSchlagworte: <em><strong>Constrained Optimization<\/strong><\/em>, Efficient Optimization.<\/p>\n<p>(2014-2016)<\/td>\n<\/tr>\n<tr>\n<td style=\"width: 30%\" align=\"left\" valign=\"top\"><\/td>\n<td style=\"width: 50%\" valign=\"top\"><\/td>\n<\/tr>\n<tr>\n<td style=\"width: 30%;text-align: right\" align=\"left\" valign=\"top\"><a class=\"thickbox\" href=\"http:\/\/blogs.gm.fh-koeln.de\/konen\/files\/2021\/11\/RL3_Illustration_Kellner_V3_s.jpg\"><img loading=\"lazy\" decoding=\"async\" width=\"320\" height=\"226\" class=\"alignnone size-full wp-image-2542\" src=\"http:\/\/blogs.gm.fh-koeln.de\/konen\/files\/2021\/11\/RL3_Illustration_Kellner_V3_thumb.jpg\" alt=\"\" srcset=\"https:\/\/blogs.gm.fh-koeln.de\/konen\/files\/2021\/11\/RL3_Illustration_Kellner_V3_thumb.jpg 320w, https:\/\/blogs.gm.fh-koeln.de\/konen\/files\/2021\/11\/RL3_Illustration_Kellner_V3_thumb-300x212.jpg 300w\" sizes=\"auto, (max-width: 320px) 100vw, 320px\" \/><\/a><span style=\"font: 7.0pt 'Times New Roman'\">Christoph J Kellner \/\/ studio animanova<\/span><\/td>\n<td style=\"width: 50%\" valign=\"top\"><a href=\"https:\/\/blogs.gm.fh-koeln.de\/ciop\/2021\/06\/03\/more-transparency-in-artificial-intelligence\/\" target=\"_blank\" rel=\"noopener\"><span style=\"font-size: 18px\">(RL)^3<\/span><\/a><\/p>\n<p><strong>R<\/strong>epresentation <strong>L<\/strong>earning, <strong>R<\/strong>einforcement <strong>L<\/strong>earning, <strong>R<\/strong>ule <strong>L<\/strong>earning<\/p>\n<p>(2021 &#8211; 2024)<\/td>\n<\/tr>\n<tr>\n<td style=\"width: 30%\" align=\"left\" valign=\"top\"><\/td>\n<td style=\"width: 50%\" valign=\"top\"><\/td>\n<\/tr>\n<tr>\n<td><a href=\"https:\/\/blogs.gm.fh-koeln.de\/konen\/projekte\/soma\/\" target=\"_blank\" rel=\"noopener\"><img loading=\"lazy\" decoding=\"async\" class=\"alignnone size-medium wp-image-755\" src=\"https:\/\/blogs.gm.fh-koeln.de\/konen\/files\/2013\/11\/soma-300x229.jpg\" alt=\"soma\" width=\"153\" height=\"116\" hspace=\"5\" vspace=\"5\" srcset=\"https:\/\/blogs.gm.fh-koeln.de\/konen\/files\/2013\/11\/soma-300x229.jpg 300w, https:\/\/blogs.gm.fh-koeln.de\/konen\/files\/2013\/11\/soma.jpg 396w\" sizes=\"auto, (max-width: 153px) 100vw, 153px\" \/><\/a><\/td>\n<td><a href=\"https:\/\/blogs.gm.fh-koeln.de\/konen\/projekte\/soma\/\" target=\"_blank\" rel=\"noopener\"><span style=\"font-size: 18px\">SOMA<\/span><\/a><\/p>\n<p>Systematische Optimierung, insbesondere f\u00fcr <em><strong>Machine Learning<\/strong><\/em> und <em><strong>Data Mining<\/strong><\/em>. BMBF-gef\u00f6rdertes Projekt.<\/p>\n<p>(2009-2013)<\/td>\n<\/tr>\n<tr>\n<td style=\"width: 30%\" align=\"left\" valign=\"top\"><\/td>\n<td style=\"width: 50%\" valign=\"top\"><\/td>\n<\/tr>\n<tr>\n<td><img loading=\"lazy\" decoding=\"async\" src=\"https:\/\/blogs.gm.fh-koeln.de\/konen\/wp-content\/uploads\/c4boardv2(2).png\" alt=\"c4board\" width=\"160\" height=\"148\" \/><\/td>\n<td><a href=\"https:\/\/blogs.gm.fh-koeln.de\/konen\/projekte\/spiele\/\" target=\"_blank\" rel=\"noopener\"><span style=\"font-size: 18px\">Spiele<\/span><\/a><\/p>\n<p>K\u00f6nnen Computer die\u00a0Strategien <em><strong>lernen<\/strong><\/em>, mit denen sie komplexe Brettspiele gewinnen? Allein durch Spiele gegen sich selbst, ohne explizite Programmierung oder ersch\u00f6pfende Suche? Wir studieren Spiele wie <strong><a href=\"https:\/\/blogs.gm.fh-koeln.de\/konen\/projects\/games\/connect-4\/\">Connect-4<\/a><\/strong> oder <strong>Dots-and-Boxes<\/strong> mit Techniken des <em><strong>Reinforcement Learning<\/strong><\/em> (TD-Learning) und mit <strong>N-Tuple<\/strong>-Systemen als Merkmalen.<\/td>\n<\/tr>\n<tr>\n<td style=\"width: 30%\" align=\"left\" valign=\"top\"><\/td>\n<td style=\"width: 50%\" valign=\"top\"><\/td>\n<\/tr>\n<tr>\n<td><a href=\"https:\/\/blogs.gm.fh-koeln.de\/konen\/projekte\/tdmr\/\" target=\"_blank\" rel=\"noopener\"><img loading=\"lazy\" decoding=\"async\" class=\"alignnone size-full wp-image-756\" title=\"An early tuning device (c) Christophe Papke@pixelio.de\" src=\"https:\/\/blogs.gm.fh-koeln.de\/konen\/files\/2013\/11\/TDMR01-small.jpg\" alt=\"TDMR01-small\" width=\"158\" height=\"117\" hspace=\"3\" \/><\/a><\/td>\n<td>\n<table border=\"0\" cellspacing=\"1\" cellpadding=\"1\">\n<tbody>\n<tr>\n<td><a href=\"https:\/\/blogs.gm.fh-koeln.de\/konen\/projekte\/tdmr\/\" target=\"_blank\" rel=\"noopener\"><span style=\"font-size: 18px\">TDMR<\/span><\/a><\/p>\n<p><strong>Tuned Data Mining<\/strong> in R: Ein R-Package zur Unterst\u00fctzung der Parameteroptimierung (Tuning) in Data Mining Modellen.<\/td>\n<\/tr>\n<tr>\n<td><\/td>\n<td><\/td>\n<\/tr>\n<\/tbody>\n<\/table>\n<\/td>\n<\/tr>\n<\/tbody>\n<\/table>\n","protected":false},"excerpt":{"rendered":"<p>&nbsp; Forschungsprojekte meiner Arbeitsgruppe (fr\u00fcher und aktuell, in alphabethischer Reihenfolge): BV-3D-Endo Bildverarbeitung in der medizinischen Endoskopie: Neue Verfahren zum Image Mosaicing und zur 3D-Navigation. (2007-2014) GBG General Board Game Playing and Learning Framework (2017 &#8211; today) Gesten Ziel ist die Erkennung von Gesten mittels\u00a0 Wiimote oder Kinect. Lernmethoden: SFA, Hidden Markov, Random Forest. MONREP Modellgest\u00fctzte&#8230;  <a href=\"https:\/\/blogs.gm.fh-koeln.de\/konen\/projekte\/\" class=\"more-link\" title=\"Read Projekte\"><?php _e(\"Read more &raquo;\",\"wpbootstrap\"); ?><\/a><\/p>\n","protected":false},"author":38,"featured_media":0,"parent":0,"menu_order":3,"comment_status":"closed","ping_status":"closed","template":"","meta":{"_acf_changed":false,"footnotes":"","_links_to":"","_links_to_target":""},"class_list":["post-275","page","type-page","status-publish","hentry"],"acf":[],"_links":{"self":[{"href":"https:\/\/blogs.gm.fh-koeln.de\/konen\/wp-json\/wp\/v2\/pages\/275","targetHints":{"allow":["GET"]}}],"collection":[{"href":"https:\/\/blogs.gm.fh-koeln.de\/konen\/wp-json\/wp\/v2\/pages"}],"about":[{"href":"https:\/\/blogs.gm.fh-koeln.de\/konen\/wp-json\/wp\/v2\/types\/page"}],"author":[{"embeddable":true,"href":"https:\/\/blogs.gm.fh-koeln.de\/konen\/wp-json\/wp\/v2\/users\/38"}],"replies":[{"embeddable":true,"href":"https:\/\/blogs.gm.fh-koeln.de\/konen\/wp-json\/wp\/v2\/comments?post=275"}],"version-history":[{"count":51,"href":"https:\/\/blogs.gm.fh-koeln.de\/konen\/wp-json\/wp\/v2\/pages\/275\/revisions"}],"predecessor-version":[{"id":2547,"href":"https:\/\/blogs.gm.fh-koeln.de\/konen\/wp-json\/wp\/v2\/pages\/275\/revisions\/2547"}],"wp:attachment":[{"href":"https:\/\/blogs.gm.fh-koeln.de\/konen\/wp-json\/wp\/v2\/media?parent=275"}],"curies":[{"name":"wp","href":"https:\/\/api.w.org\/{rel}","templated":true}]}}