


{"id":253,"date":"2013-11-02T00:36:25","date_gmt":"2013-10-15T07:15:03","guid":{"rendered":"http:\/\/lwibs01.gm.fh-koeln.de\/blogs\/konen\/?page_id=253"},"modified":"2022-06-22T19:08:54","modified_gmt":"2022-06-22T17:08:54","slug":"lehre-2","status":"publish","type":"page","link":"https:\/\/blogs.gm.fh-koeln.de\/konen\/lehre-2\/","title":{"rendered":"Lehre"},"content":{"rendered":"<div class=\"twoclick_social_bookmarks_post_253 social_share_privacy clearfix 1.6.4 locale-de_DE sprite-de_DE\"><\/div><div class=\"twoclick-js\"><script type=\"text\/javascript\">\/* <![CDATA[ *\/\njQuery(document).ready(function($){if($('.twoclick_social_bookmarks_post_253')){$('.twoclick_social_bookmarks_post_253').socialSharePrivacy({\"txt_help\":\"Wenn Sie diese Felder durch einen Klick aktivieren, werden Informationen an Facebook, Twitter, Flattr, Xing, t3n, LinkedIn, Pinterest oder Google eventuell ins Ausland \\u00fcbertragen und unter Umst\\u00e4nden auch dort gespeichert. N\\u00e4heres erfahren Sie durch einen Klick auf das <em>i<\\\/em>.\",\"settings_perma\":\"Dauerhaft aktivieren und Daten\\u00fcber-tragung zustimmen:\",\"info_link\":\"http:\\\/\\\/www.heise.de\\\/ct\\\/artikel\\\/2-Klicks-fuer-mehr-Datenschutz-1333879.html\",\"uri\":\"https:\\\/\\\/blogs.gm.fh-koeln.de\\\/konen\\\/lehre-2\\\/\",\"post_id\":253,\"post_title_referrer_track\":\"Lehre\",\"display_infobox\":\"on\"});}});\n\/* ]]> *\/<\/script><\/div><p class=\"lead\">Hier finden Sie Informationen zu allen meinen Lehrveranstaltungen. Sie k\u00f6nnen die aktuellen Lehrveranstaltungen auch direkt oben aus dem Men\u00fc &#8222;Lehre&#8220; anw\u00e4hlen.<\/p>\n<div>\n<h3>Aktuelle Lehrveranstaltungen:<\/h3>\n<p>Bachelor Informatik<\/p>\n<ul>\n<li><a href=\"http:\/\/www.gm.fh-koeln.de\/~konen\/Mathe1-WS\/index.htm\" target=\"_blank\" rel=\"noopener\">Mathematik I<\/a> (INF\/ITM\/MI)<\/li>\n<li><a href=\"http:\/\/www.gm.fh-koeln.de\/~konen\/Mathe2-SS\/index.htm\" target=\"_blank\" rel=\"noopener\">Mathematik I<\/a>I (INF\/ITM\/MI)<\/li>\n<li><a href=\"http:\/\/www.gm.fh-koeln.de\/~konen\/WPF-BV\/aastart.html\" target=\"_blank\" rel=\"noopener noreferrer\">WPF BV (Bildverarbeitung und Computer Vision)<\/a> (INF\/ITM\/MI\/WI)<\/li>\n<li><a title=\"WPF DLML\" href=\"http:\/\/blogs.gm.fh-koeln.de\/konen\/lehre-2\/wpf-dlml\/\" target=\"_blank\" rel=\"noopener noreferrer\">WPF DLML (Deep Learning, Machine Learning &amp; K\u00fcnstliche Intelligenz)<\/a> (INF\/ITM\/MI\/WI)<\/li>\n<\/ul>\n<p>Master Informatik &amp; AIT<\/p>\n<ul>\n<li><a href=\"http:\/\/lwibs01.gm.fh-koeln.de\/blogs\/konen\/lehre-2\/sgm-master-inf\/\">SGM: Spezielle Gebiete der Mathematik<\/a> (Master Informatik, Master MI)<\/li>\n<li><a href=\"http:\/\/lwibs01.gm.fh-koeln.de\/blogs\/konen\/lehre-2\/data-driven-modeling-and-optimization-ddmo\/\">DDMO: Data-driven modelling and model optimization<\/a> (Master AIT, in Englisch)<\/li>\n<\/ul>\n<p>&nbsp;<\/p>\n<h3>Fr\u00fchere Lehrveranstaltungen:<\/h3>\n<p>Bachelor Informatik<\/p>\n<ul>\n<li><a href=\"http:\/\/www.gm.fh-koeln.de\/~konen\/WPF-Spiele\/aastart.html\" target=\"_blank\" rel=\"noopener\">WPF Spiele, Simulation &amp; Dynamische Systeme<\/a> (INF\/ITM\/MI\/WI)<\/li>\n<li><a href=\"http:\/\/www.gm.fh-koeln.de\/~konen\/WPF-BV\/aastart.html\" target=\"_blank\" rel=\"noopener\">WPF Bildverarbeitung und Algorithmen<\/a> (WS2008, AI\/MI\/TI\/WI)<\/li>\n<li><a href=\"http:\/\/www.gm.fh-koeln.de\/~konen\/index-Dateien\/ankuend-archiv.html#WPF-MIAV\" target=\"_blank\" rel=\"noopener\">WPF MIAV (Modellierung in audiovisuellen Medien)<\/a> (MI)<\/li>\n<li><a href=\"http:\/\/www.gm.fh-koeln.de\/~konen\/WPF-PM.d\" target=\"_blank\" rel=\"noopener\">WPF PM (Prozedurale Mediengestaltung)<\/a> (MI)<\/li>\n<li><a href=\"http:\/\/www.gm.fh-koeln.de\/~konen\/DisMa\" target=\"_blank\" rel=\"noopener\">Diskrete Mathematik<\/a> (AI 3)<\/li>\n<li><a href=\"http:\/\/www.gm.fh-koeln.de\/~konen\/WPF-DM-Cup\/index.html\" target=\"_blank\" rel=\"noopener\">WPF Data Mining praktisch<\/a> (AI\/MI\/TI\/WI)<\/li>\n<\/ul>\n<p>Master Informatik &amp; AIT<\/p>\n<ul>\n<li>Case Studies MSCO (Master AIT, in Englisch)<\/li>\n<\/ul>\n<p>&nbsp;<\/p>\n<h3><\/h3>\n<\/div>\n","protected":false},"excerpt":{"rendered":"<p>Hier finden Sie Informationen zu allen meinen Lehrveranstaltungen. Sie k\u00f6nnen die aktuellen Lehrveranstaltungen auch direkt oben aus dem Men\u00fc &#8222;Lehre&#8220; anw\u00e4hlen. Aktuelle Lehrveranstaltungen: Bachelor Informatik Mathematik I (INF\/ITM\/MI) Mathematik II (INF\/ITM\/MI) WPF BV (Bildverarbeitung und Computer Vision) (INF\/ITM\/MI\/WI) WPF DLML (Deep Learning, Machine Learning &amp; K\u00fcnstliche Intelligenz) (INF\/ITM\/MI\/WI) Master Informatik &amp; AIT SGM: Spezielle Gebiete&#8230;  <a href=\"https:\/\/blogs.gm.fh-koeln.de\/konen\/lehre-2\/\" class=\"more-link\" title=\"Read Lehre\"><?php _e(\"Read more &raquo;\",\"wpbootstrap\"); ?><\/a><\/p>\n","protected":false},"author":38,"featured_media":0,"parent":0,"menu_order":1,"comment_status":"closed","ping_status":"closed","template":"","meta":{"_acf_changed":false,"footnotes":"","_links_to":"","_links_to_target":""},"class_list":["post-253","page","type-page","status-publish","hentry"],"acf":[],"_links":{"self":[{"href":"https:\/\/blogs.gm.fh-koeln.de\/konen\/wp-json\/wp\/v2\/pages\/253","targetHints":{"allow":["GET"]}}],"collection":[{"href":"https:\/\/blogs.gm.fh-koeln.de\/konen\/wp-json\/wp\/v2\/pages"}],"about":[{"href":"https:\/\/blogs.gm.fh-koeln.de\/konen\/wp-json\/wp\/v2\/types\/page"}],"author":[{"embeddable":true,"href":"https:\/\/blogs.gm.fh-koeln.de\/konen\/wp-json\/wp\/v2\/users\/38"}],"replies":[{"embeddable":true,"href":"https:\/\/blogs.gm.fh-koeln.de\/konen\/wp-json\/wp\/v2\/comments?post=253"}],"version-history":[{"count":10,"href":"https:\/\/blogs.gm.fh-koeln.de\/konen\/wp-json\/wp\/v2\/pages\/253\/revisions"}],"predecessor-version":[{"id":2444,"href":"https:\/\/blogs.gm.fh-koeln.de\/konen\/wp-json\/wp\/v2\/pages\/253\/revisions\/2444"}],"wp:attachment":[{"href":"https:\/\/blogs.gm.fh-koeln.de\/konen\/wp-json\/wp\/v2\/media?parent=253"}],"curies":[{"name":"wp","href":"https:\/\/api.w.org\/{rel}","templated":true}]}}