


{"id":106,"date":"2013-10-03T12:13:06","date_gmt":"2013-10-03T10:13:06","guid":{"rendered":"http:\/\/lwibs01.gm.fh-koeln.de\/blogs\/konen\/?page_id=106"},"modified":"2025-11-11T12:25:15","modified_gmt":"2025-11-11T10:25:15","slug":"zur-person","status":"publish","type":"page","link":"https:\/\/blogs.gm.fh-koeln.de\/konen\/zur-person\/","title":{"rendered":"\u00dcber mich"},"content":{"rendered":"<div class=\"twoclick_social_bookmarks_post_106 social_share_privacy clearfix 1.6.4 locale-de_DE sprite-de_DE\"><\/div><div class=\"twoclick-js\"><script type=\"text\/javascript\">\/* <![CDATA[ *\/\njQuery(document).ready(function($){if($('.twoclick_social_bookmarks_post_106')){$('.twoclick_social_bookmarks_post_106').socialSharePrivacy({\"txt_help\":\"Wenn Sie diese Felder durch einen Klick aktivieren, werden Informationen an Facebook, Twitter, Flattr, Xing, t3n, LinkedIn, Pinterest oder Google eventuell ins Ausland \\u00fcbertragen und unter Umst\\u00e4nden auch dort gespeichert. N\\u00e4heres erfahren Sie durch einen Klick auf das <em>i<\\\/em>.\",\"settings_perma\":\"Dauerhaft aktivieren und Daten\\u00fcber-tragung zustimmen:\",\"info_link\":\"http:\\\/\\\/www.heise.de\\\/ct\\\/artikel\\\/2-Klicks-fuer-mehr-Datenschutz-1333879.html\",\"uri\":\"https:\\\/\\\/blogs.gm.fh-koeln.de\\\/konen\\\/zur-person\\\/\",\"post_id\":106,\"post_title_referrer_track\":\"%C3%9Cber+mich\",\"display_infobox\":\"on\"});}});\n\/* ]]> *\/<\/script><\/div><table style=\"width: 100%\" border=\"0\" width=\"100%\" cellspacing=\"3\" cellpadding=\"3\">\r\n<tbody>\r\n<tr>\r\n<td>\r\n<p class=\"lead\"><a href=\"https:\/\/www.th-koeln.de\/personen\/wolfgang.konen\/\"><strong><span style=\"font-size: 14px\">Personendetailseite<\/span><\/strong><\/a><\/p>\r\n<p><a href=\"https:\/\/www.gm.fh-koeln.de\/%7Ekonen\/research\\CV-WK-long-bio.d\/long-bio.pdf\"><strong><span style=\"font-size: 14px\">Lebenslauf (PDF, englisch)<\/span><\/strong><\/a><\/p>\r\n<p><a href=\"https:\/\/blogs.gm.fh-koeln.de\/konen\/forschung\/publikationen\/\" target=\"_self\" rel=\"noopener noreferrer\"><strong><span style=\"font-size: 14px\">Publikationen<\/span><\/strong><\/a><\/p>\r\n<\/td>\r\n<td>\r\n<p><a href=\"https:\/\/blogs.gm.fh-koeln.de\/konen\/forschung\/interessensgebiete\/\" target=\"_self\" rel=\"noopener noreferrer\"><span style=\"font-size: 14px\"><strong>Forschungsinteressen <\/strong><\/span><\/a><\/p>\r\n<p><a href=\"https:\/\/blogs.gm.fh-koeln.de\/konen\/lehre-2\/\" target=\"_self\" rel=\"noopener noreferrer\"><span style=\"font-size: 14px\"><strong>Lehrveranstaltungen (aktuell\/fr\u00fcher)<\/strong><\/span><\/a><\/p>\r\n<p>&nbsp;<\/p>\r\n<\/td>\r\n<td style=\"width: 160px\"><img loading=\"lazy\" decoding=\"async\" class=\"alignnone size-full wp-image-107\" src=\"https:\/\/blogs.gm.fh-koeln.de\/konen\/files\/2013\/10\/wolfgang.konen_.jpg\" alt=\"Wolfgang Konen\" width=\"142\" height=\"127\" \/><\/td>\r\n<\/tr>\r\n<\/tbody>\r\n<\/table>\r\n<h3><strong>Werdegang<\/strong><\/h3>\r\n<ul>\r\n<li><span style=\"font-size: 14px\">Geboren 1962 in D\u00fcsseldorf.<\/span><\/li>\r\n<li><span style=\"font-size: 14px\">Abitur 1980.<\/span><\/li>\r\n<li><span style=\"font-size: 14px\">Dipl.-Phys., Univ. Mainz, 1986.<\/span><\/li>\r\n<li><span style=\"font-size: 14px\">Gastwissenschaftler an der University of Virginia, Charlottesville, 1989.<\/span><\/li>\r\n<li><span style=\"font-size: 14px\">Dr. rer.nat., Universit\u00e4t Mainz, in Physik mit Nebenfach Mathematik, 1990.<\/span><\/li>\r\n<li><span style=\"font-size: 14px\"><a href=\"http:\/\/www.neuroinformatik.ruhr-uni-bochum.de\/\">Ruhr-Universit\u00e4t Bochum (Institut f\u00fcr Neuroinformatik)<\/a>, Leiter Arbeitsgruppe Mustererkenung in neuronaler Architektur, 1990-1993.<\/span><\/li>\r\n<li><span style=\"font-size: 14px\"><a href=\"http:\/\/www.zn-ag.com\/\">ZN AG<\/a> (heute\u00a0<a href=\"https:\/\/www.idemia.com\">Idemia Digital Solutions<\/a>), Bochum, Leiter Bild-und Signalverarbeitung, 1994-2000.<\/span><\/li>\r\n<li><span style=\"font-size: 14px\"><a href=\"http:\/\/www.thinking-networks.com\/\">Thinking Networks AG<\/a>, Bochum und Aachen, Leiter Data Mining, 2000-2004.<\/span><\/li>\r\n<li><span style=\"font-size: 14px\"><a href=\"http:\/\/www.hs-duesseldorf.de\/\">Hochschule D\u00fcsseldorf<\/a> (fr\u00fcher <a href=\"http:\/\/www.fh-duesseldorf.de\">FH D\u00fcsseldorf<\/a>), Vertretungsprofessor Informatik,\u00a0 2003-2004.<\/span><\/li>\r\n<li><span style=\"font-size: 14px\">NuTech Solutions GmbH (heute <a href=\"http:\/\/www.divis-gmbh.de\/\">divis GmbH<\/a>), Dortmund, wiss. Berater, 2004-2008.<\/span><\/li>\r\n<li><span style=\"font-size: 14px\"><a href=\"http:\/\/www.th-koeln.de\/\">TH K\u00f6ln<\/a> (fr\u00fcher <a href=\"http:\/\/www.fh-koeln.de\/\">FH K\u00f6ln<\/a>), Professur f\u00fcr Angewandte Informatik und Mathematik, seit 2004.<\/span><\/li>\r\n<\/ul>\r\n<h3><strong>Mitgliedschaften und Funktionen <\/strong><\/h3>\r\n<h5><strong><strong><span style=\"font-size: 16px\">Forschung<\/span><\/strong> <\/strong><\/h5>\r\n<ul>\r\n<li><strong><span style=\"font-size: 14px\">Mitglied des Dissertationkomitees: Ruhr-Universit\u00e4t Bochum (Raphael Engelhardt, 2025) <\/span><\/strong><\/li>\r\n<li><strong><span style=\"font-size: 14px\">Mitglied des Dissertationkomitees: Ruhr-Universit\u00e4t Bochum (Moritz Lange, 2025) <\/span><\/strong><\/li>\r\n<li><strong><span style=\"font-size: 14px\">Mitglied im <a href=\"http:\/\/www.rst.e-technik.uni-dortmund.de\/cms\/de\/Veranstaltungen\/GMA-Fachausschuss\/index.html\">GMA-Fachausschuss 5.14 Computational Intelligence<\/a><\/span> <\/strong><\/li>\r\n<li><strong><span style=\"font-size: 14px\">Mitglied in der <a href=\"http:\/\/www.sigevo.org\">ACM SIGEVO Special Interest Group on Genetic and Evolutionary Computation<\/a><\/span> <\/strong><\/li>\r\n<li><strong><span style=\"font-size: 14px\">Mitglied im <a href=\"http:\/\/ciplus-research.de\">Forschungsschwerpunkt CIplus (Computational Intelligence plus)<\/a> der Fakult\u00e4t 10 (seit 2012)<\/span> <\/strong><\/li>\r\n<li><strong><span style=\"font-size: 14px\">Mitglied der <a href=\"http:\/\/lwibs01.gm.fh-koeln.de\/blogs\/ciop\">Forschungsstelle CIOP (Computational Intelligence &amp; Optimierung)<\/a> der Fakult\u00e4t 10 (seit 2011)<\/span> <\/strong><\/li>\r\n<li><strong><span style=\"font-size: 14px\">Mitglied im <a href=\"http:\/\/fat70s236.eto.fh-koeln.de\/ait\/content\/e183\/e893\/index_ger.html\">Forschungsschwerpunkt COSA (Computational Services in Automation)<\/a> der Fakult\u00e4t 10 (2008-2012)<\/span> <\/strong><\/li>\r\n<li><strong><span style=\"font-size: 14px\">Mitglied des Dissertationkomitees: Universiteit Leiden (Markus Thill, 2022) <\/span><\/strong><\/li>\r\n<li><strong><span style=\"font-size: 14px\">Mitglied des Programmkomitees <a href=\"https:\/\/bioma2022.um.si\/\">BIOMA&#8217;2022 (Bioinspired Optimisation Methods and their Applications, Maribor)<\/a><\/span><\/strong><\/li>\r\n<li><strong><span style=\"font-size: 14px\">Mitglied des Programmkomitees <a href=\"https:\/\/ppsn2022.cs.tu-dortmund.de\/\">PPSN&#8217;2022 (Parallel Problem Solving from Nature, Dortmund )<\/a> <\/span><\/strong><\/li>\r\n<li><strong><span style=\"font-size: 14px\">Mitglied des Programmkomitees <a href=\"https:\/\/lod2022.icas.cc\/\">LOD&#8217;2022 (Learning, Optimization and Data science, Certosa di Pontignano)<\/a> <\/span><\/strong><\/li>\r\n<li><strong><span style=\"font-size: 14px\">Mitglied des Programmkomitees <a href=\"http:\/\/utopiae.eu\/bioma-2020\/\">BIOMA&#8217;2020 (Bioinspired Optimisation Methods and their Applications, Br\u00fcssel)<\/a><\/span><\/strong><\/li>\r\n<li><strong><span style=\"font-size: 14px\">Mitglied des Programmkomitees <a href=\"https:\/\/ppsn2020.liacs.leidenuniv.nl\/\">PPSN&#8217;2020 (Parallel Problem Solving from Nature, Leiden)<\/a><\/span> <\/strong><\/li>\r\n<li><strong><span style=\"font-size: 14px\">Mitglied des Dissertationkomitees: Universiteit Leiden (Samineh Bagheri, 2020) <\/span><\/strong><\/li>\r\n<li><strong><span style=\"font-size: 14px\">Mitglied des Programmkomitees <a href=\"https:\/\/gecco-2019.sigevo.org\">GECCO&#8217;2019 (Genetic and Evolutionary Computation Conference, Prag)<\/a><\/span><\/strong><\/li>\r\n<li><strong><span style=\"font-size: 14px\">Mitglied des Programmkomitees &amp; Workshop-Organizer <a href=\"http:\/\/groups.uni-paderborn.de\/eim-i-fg-huellermeier\/ecda2018\/\">ECDA&#8217;2018 (European Conference on Data Analysis, Paderborn)<\/a> <\/span><\/strong><\/li>\r\n<li><strong><span style=\"font-size: 14px\">Mitglied des Programmkomitees <a href=\"https:\/\/bioma2018.sciencesconf.org\/\">BIOMA&#8217;2018 (Bioinspired Optimisation Methods and their Applications, Paris)<\/a><\/span><\/strong><\/li>\r\n<li><strong><span style=\"font-size: 14px\">Mitglied des Programmkomitees <a href=\"http:\/\/gecco-2018.sigevo.org\">GECCO&#8217;2018 (Genetic and Evolutionary Computation Conference, Kyoto)<\/a><\/span><\/strong><\/li>\r\n<li><strong><span style=\"font-size: 14px\">Mitglied des Programmkomitees <a href=\"http:\/\/gecco-2017.sigevo.org\">GECCO&#8217;2017 (Genetic and Evolutionary Computation Conference, Berlin)<\/a><\/span> <\/strong><\/li>\r\n<li><strong><span style=\"font-size: 14px\">Mitglied des Programmkomitees <a href=\"http:\/\/gecco-2016.sigevo.org\">GECCO&#8217;2016 (Genetic and Evolutionary Computation Conference, Denver, Colorado)<\/a><\/span> <\/strong><\/li>\r\n<li><strong><span style=\"font-size: 14px\">Mitglied des Programmkomitees <a href=\"http:\/\/www.sigevo.org\/gecco-2015\/\">GECCO&#8217;2015 (Genetic and Evolutionary Computation Conference, Madrid, Spain)<\/a><\/span> <\/strong><\/li>\r\n<li><strong><span style=\"font-size: 14px\">Mitglied des Programmkomitees <a href=\"http:\/\/skill.informatik.uni-leipzig.de\/blog\/skill2015\">SKILL&#8217;2015 (Studierendenkonferenz Informatik, Cottbus)<\/a><\/span> <\/strong><\/li>\r\n<li><strong><span style=\"font-size: 14px\">Mitglied des Dissertationkomitees: Universiteit Leiden (Patrick Koch, 2013)<\/span> <\/strong><\/li>\r\n<li><strong><span style=\"font-size: 14px\">Mitglied des Programmkomitees <a href=\"http:\/\/gfkl2013.lu\/\">ECDA&#8217;2013 (European Conference on Data Analysis, Luxembourg)<\/a><\/span> <\/strong><\/li>\r\n<li><strong><span style=\"font-size: 14px\">Mitglied des Programmkomitees <a href=\"http:\/\/home.agh.edu.pl\/%7Eppsn\/\">PPSN&#8217;2010 (Parallel Problem Solving from Nature, Krakau)<\/a><\/span> <\/strong><\/li>\r\n<li><strong><span style=\"font-size: 14px\">Mitglied des Programmkomitees <a href=\"http:\/\/www.sigevo.org\/gecco-2009\/\">GECCO&#8217;2009 (Genetic and Evolutionary Computation Conference, Montreal, Canada)<\/a><\/span> <\/strong><\/li>\r\n<li><strong><span style=\"font-size: 14px\">Mitglied des Programmkomitees <a href=\"http:\/\/www.ppsn2008.org\/\">PPSN&#8217;2008 (Parallel Problem Solving from Nature, Dortmund)<\/a><\/span> <\/strong><\/li>\r\n<li><strong><span style=\"font-size: 14px\">Gutachter f\u00fcr verschiedene wissenschaftliche Institutionen: Studienstiftung des deutschen Volkes, Netherlands Organisation for Scientific Research (NWO), Hochschule f\u00fcr Angewandte Wissenschaften M\u00fcnchen, DAAD (FITweltweit)<\/span> <\/strong><\/li>\r\n<li><strong><span style=\"font-size: 14px\">Gutachter f\u00fcr f\u00fchrende internationale Zeitschriften: <a href=\"http:\/\/ees.elsevier.com\/asoc\/\">Applied Soft Computing (ASOC)<\/a>, <a href=\"https:\/\/ieeexplore.ieee.org\/xpl\/RecentIssue.jsp?punumber=7782673\">IEEE Transactions on Games (ToG)<\/a>, <a href=\"http:\/\/ieeexplore.ieee.org\/xpl\/RecentIssue.jsp?punumber=4804728\">IEEE Transactions on Computational Intelligence and AI in Games (TCIAIG)<\/a>,<\/span> <span style=\"font-size: 14px\">IEEE TNNLS, <\/span><span style=\"font-size: 14px\"><a href=\"http:\/\/www.journals.elsevier.com\/neural-networks\/\">Neural Networks<\/a>, <a href=\"http:\/\/www.springer.com\/medicine\/radiology\/journal\/11548\">International Journal of Computer Assisted Radiology and Surgery (IJCARS)<\/a>, <a href=\"http:\/\/www.journals.elsevier.com\/theoretical-computer-science\/\">Theoretical Computer Science (TCS)<\/a><\/span> <\/strong><\/li>\r\n<\/ul>\r\n\r\n<h3 class=\"wp-block-heading\"><strong>Gremien der TH K\u00f6ln<\/strong><\/h3>\r\n\r\n<ul>\r\n<li><strong>Gesch\u00e4ftsf\u00fchrender Direktor des <a href=\"https:\/\/www.th-koeln.de\/informatik-und-ingenieurwissenschaften\/institut-fuer-informatik_29538.php\">Instituts f\u00fcr Informatik<\/a> (2019 &#8211; 2025)<\/strong><\/li>\r\n<li><strong><span style=\"font-size: 14px\">Vorsitzender der Berufungskommission &#8222;Cyber-Physische Systeme&#8220; (2020\/21)<\/span> <\/strong><\/li>\r\n<li><strong><span style=\"font-size: 14px\">Mitglied der <a href=\"https:\/\/www.verwaltung.th-koeln.de\/organisation\/kommissionen\/\">Gleichstellungskommission der TH K\u00f6ln<\/a> (2017 &#8211; 2022)<\/span> <\/strong><\/li>\r\n<li><strong>V<span style=\"font-size: 14px\">orsitzender der Berufungskommission &#8222;Angewandte Mathematik&#8220; (2013\/14)<\/span> <\/strong><\/li>\r\n<li><strong><span style=\"font-size: 14px\"><a href=\"http:\/\/www.gm.fh-koeln.de\/go\/festo\">Festo-Bildungsfonds-Beauftragter<\/a> des Campus Gummersbach (2010 &#8211; 2020)<\/span> <\/strong><\/li>\r\n<li><strong><span style=\"font-size: 14px\">Vorsitzender der Berufungskommission &#8222;Mathematik und Angewandte Informatik&#8220; (2008)<\/span> <\/strong><\/li>\r\n<li><strong><span style=\"font-size: 14px\">Stellv. Vorsitz der Berufungskommission &#8222;Angewandte Mathematik&#8220; (2005\/06)<\/span> <\/strong><\/li>\r\n<li><strong><span style=\"font-size: 14px\">Laborleiter des <a href=\"https:\/\/maanvs06.gm.fh-koeln.de\/\">Mathematiklabors am Institut f\u00fcr Informatik<\/a> (heute: <a href=\"https:\/\/maanvs06.gm.fh-koeln.de\/\">Labor f\u00fcr Physische K\u00fcnstliche Intelligenz<\/a>)\u00a0 (2006 &#8211; 2025)<\/span> <\/strong><\/li>\r\n<li><strong><span style=\"font-size: 14px\">Mitglied der <a href=\"https:\/\/www.th-koeln.de\/studium\/qualitaetsverbesserungsmittel_86063.php\">QVM-Kommission (Qualit\u00e4tsverbesserungsmittel)<\/a> der Fakult\u00e4t 10 (2019 &#8211; 2025)<\/span><\/strong><\/li>\r\n<li><strong><span style=\"font-size: 14px\">Mitglied im Fakult\u00e4tsrat der Fakult\u00e4t 10 (2006 &#8211; 2018).<\/span> <\/strong><\/li>\r\n<\/ul>\r\n\r\n<h3 class=\"wp-block-heading\"><strong>Hobbies &#8211; Jazz <\/strong><\/h3>\r\n\r\n\r\n\r\n<p><strong>(eines meiner Hobbies, dem ich gern nachgehe, wenn noch Zeit daf\u00fcr bleibt&#8230;\u00a0 \ud83d\ude42 )<\/strong><\/p>\r\n\r\n\r\n\r\n<ul class=\"wp-block-list\">\r\n<li><a href=\"http:\/\/www.gm.fh-koeln.de\/%7Ekonen\/Publikationen\/prgr_WZK-2023.pdf\"><strong>Samstag, 17. Juni 2023: 6. WZK (WohnZimmerKonzert), Bochum, KTTK-Quartett (K\u00fchn-Theurer-Theurer-Konen-Quartett mit Milan K\u00fchn (ts), Janis Theurer (b), Martin Theurer (dr), Wolfgang Konen (p), St\u00fccke von Chick Corea, Herbie Hancock, Milan K\u00fchn, Martin Theuer u.a.m.<\/strong><\/a><\/li>\r\n<li><strong><a href=\"http:\/\/www.gm.fh-koeln.de\/%7Ekonen\/Publikationen\/prgr_WZK-2019.pdf\" target=\"_blank\" rel=\"noreferrer noopener\" aria-label=\" (\u00f6ffnet in neuem Tab)\">Samstag, 12. Okt. 2019: 5. WZK (WohnZimmerKonzert), Bochum, Wolfgang Konen Quartett &#8222;Tetra-Pack&#8220; mit Kalle Giese (voc), Helmut B\u00f6ttcher (p), Martin Theurer (dr), Wolfgang Konen (p). St\u00fccke von Chick Corea, John Lennon, Tim Richards, Herbie Hancock, Joe Henderson u.a.m.<\/a> <\/strong> \u00a0<\/li>\r\n<li><strong><a href=\"http:\/\/www.gm.fh-koeln.de\/%7Ekonen\/Publikationen\/prgr_WZK-2017.pdf\" target=\"_blank\" rel=\"noreferrer noopener\">Samstag, 23. Sep. 2017: 4. WZK (WohnZimmerKonzert), Bochum, Wolfgang Konen Trio feat. Kalle Giese (voc), St\u00fccke von Thelonius Monk, Mongo Santamaria, Chick Corea, Wes Montgomery u.a.m.<\/a> <\/strong> \u00a0 \u00a0 \u00a0\r\n<ul>\r\n<li>zwei St\u00fccke daraus zum Nachh\u00f6ren unter <a href=\"https:\/\/www.dropbox.com\/sh\/sb8xmn0ibyu0xxo\/AACnHEi3XPv7oLW4-P861NEFa?dl=0\" target=\"_blank\" rel=\"noreferrer noopener\"><strong>diesem Link<\/strong><\/a> in meiner Dropbox<\/li>\r\n<\/ul>\r\n<\/li>\r\n<li><strong>Donnerstag, 18. Okt. 2015: Konzert im Haus Witten mit St\u00fccken von Herbie Hancock u.a. <\/strong><\/li>\r\n<li><strong><a href=\"http:\/\/www.gm.fh-koeln.de\/%7Ekonen\/Publikationen\/prgr_summertime_2013.pdf\" target=\"_blank\" rel=\"noreferrer noopener\">Sonntag, 29. Sep. 2013: \u201eSummertime im Herbst\u201c im Lutherhaus, mit Saskia Bordemann (voc) und Fabian Siebold (dr)<\/a> <\/strong><\/li>\r\n<li><strong><a href=\"http:\/\/www.gm.fh-koeln.de\/%7Ekonen\/Publikationen\/prgr_WZK-2011.pdf\" target=\"_blank\" rel=\"noreferrer noopener\">Samstag, 29. Okt. 2011: 3. WZK, Bochum, Wolfgang Konen Trio mit Uwe Kranz (g), St\u00fccke von Herbie Hancock, Chick Corea und Wes Montgomery<\/a> <\/strong><\/li>\r\n<li><strong><a href=\"http:\/\/www.bittejazz.de\/?m=20100926&amp;cat=3\">Sonntag, 26. September 2010: &#8222;Jazz meets Lukas&#8220; mit Marcus Brinkmann (b), Sigi K\u00fchn (voc), Wolfgang Konen (p)<\/a>, percussive Klassik und Jazz <\/strong><\/li>\r\n<li><strong><a href=\"http:\/\/www.gm.fh-koeln.de\/%7Ekonen\/Publikationen\/prgr_WZK-2010.pdf\" target=\"_blank\" rel=\"noreferrer noopener\">Sonntag, 26. Juni 2010: 2. WZK, Bochum, Wolfgang Konen Trio mit Leonardo Vargas (pos), St\u00fccke von Paul Desmond, Chick Corea und A. Jobim<\/a> <\/strong><\/li>\r\n<li><strong><a href=\"http:\/\/www.bittejazz.de\/2010\/04\/vocalisen-oder-wem-gesang-gegeben-die-zweite\/\" target=\"_blank\" rel=\"noreferrer noopener\">Sonntag, 11. April 2010: &#8222;Vocalisen &#8211; Wem Gesang gegeben&#8220; mit Denise Rekowski &amp; Wolfgang Konen Trio, Almuth Keller &amp; Stefan Mross Trio<\/a> <\/strong><\/li>\r\n<li><strong><a href=\"http:\/\/www.gm.fh-koeln.de\/%7Ekonen\/Publikationen\/prgr_WZK-2009.pdf\" target=\"_blank\" rel=\"noreferrer noopener\">Sonntag, 21. Juni 2009: 1. WZK, Bochum, Wolfgang Konen Trio, St\u00fccke von Wayne Shorter, Chick Corea und A. Jobim<\/a> <\/strong><\/li>\r\n<li><strong><a href=\"http:\/\/www.allestheurer.de\/pages\/1.Seite%20Jazzlabor.html\" target=\"_blank\" rel=\"noreferrer noopener\">Dienstag, 9. Dez. 2008: &#8222;Full House!&#8220; Big Band, \u00f6ffentliche Probe<\/a> <\/strong><\/li>\r\n<li><strong><a href=\"http:\/\/www.gm.fh-koeln.de\/%7Ekonen\/Publikationen\/Jazz%20Labor%20Fly1_08.pdf\" target=\"_blank\" rel=\"noreferrer noopener\">Sonntag, 4. Mai 2008: JazzLabor Witten, u.a. mit Wolfgang Konen Trio, St\u00fccke von Wayne Shorter<\/a><\/strong><\/li>\r\n<\/ul>\r\n","protected":false},"excerpt":{"rendered":"<p>Personendetailseite Lebenslauf (PDF, englisch) Publikationen Forschungsinteressen Lehrveranstaltungen (aktuell\/fr\u00fcher) &nbsp; Werdegang Geboren 1962 in D\u00fcsseldorf. Abitur 1980. Dipl.-Phys., Univ. Mainz, 1986. Gastwissenschaftler an der University of Virginia, Charlottesville, 1989. Dr. rer.nat., Universit\u00e4t Mainz, in Physik mit Nebenfach Mathematik, 1990. Ruhr-Universit\u00e4t Bochum (Institut f\u00fcr Neuroinformatik), Leiter Arbeitsgruppe Mustererkenung in neuronaler Architektur, 1990-1993. ZN AG (heute\u00a0Idemia Digital Solutions),&#8230;  <a href=\"https:\/\/blogs.gm.fh-koeln.de\/konen\/zur-person\/\" class=\"more-link\" title=\"Read \u00dcber mich\"><?php _e(\"Read more &raquo;\",\"wpbootstrap\"); ?><\/a><\/p>\n","protected":false},"author":38,"featured_media":0,"parent":0,"menu_order":5,"comment_status":"closed","ping_status":"closed","template":"","meta":{"_acf_changed":false,"footnotes":"","_links_to":"","_links_to_target":""},"class_list":["post-106","page","type-page","status-publish","hentry"],"acf":[],"_links":{"self":[{"href":"https:\/\/blogs.gm.fh-koeln.de\/konen\/wp-json\/wp\/v2\/pages\/106","targetHints":{"allow":["GET"]}}],"collection":[{"href":"https:\/\/blogs.gm.fh-koeln.de\/konen\/wp-json\/wp\/v2\/pages"}],"about":[{"href":"https:\/\/blogs.gm.fh-koeln.de\/konen\/wp-json\/wp\/v2\/types\/page"}],"author":[{"embeddable":true,"href":"https:\/\/blogs.gm.fh-koeln.de\/konen\/wp-json\/wp\/v2\/users\/38"}],"replies":[{"embeddable":true,"href":"https:\/\/blogs.gm.fh-koeln.de\/konen\/wp-json\/wp\/v2\/comments?post=106"}],"version-history":[{"count":80,"href":"https:\/\/blogs.gm.fh-koeln.de\/konen\/wp-json\/wp\/v2\/pages\/106\/revisions"}],"predecessor-version":[{"id":2911,"href":"https:\/\/blogs.gm.fh-koeln.de\/konen\/wp-json\/wp\/v2\/pages\/106\/revisions\/2911"}],"wp:attachment":[{"href":"https:\/\/blogs.gm.fh-koeln.de\/konen\/wp-json\/wp\/v2\/media?parent=106"}],"curies":[{"name":"wp","href":"https:\/\/api.w.org\/{rel}","templated":true}]}}