


{"id":65,"date":"2020-10-14T11:55:38","date_gmt":"2020-10-14T09:55:38","guid":{"rendered":"http:\/\/blogs.gm.fh-koeln.de\/gm-it\/?page_id=65"},"modified":"2020-10-28T15:13:31","modified_gmt":"2020-10-28T14:13:31","slug":"ich-bin-neu-hier","status":"publish","type":"page","link":"https:\/\/blogs.gm.fh-koeln.de\/gm-it\/ich-bin-neu-hier\/","title":{"rendered":"Ich bin neu hier&#8230;"},"content":{"rendered":"<h2>&#8230;dann herzlich willkommen am Campus Gummersbach!<\/h2>\n<p class=\"lead\">Nach unserer Erfahrung kommt eine umfassende Einf\u00fchrung in die IT-Strukturen der Hochschule und speziell der Dienste am Campus Gummersbach etwas zu kurz. Wozu brauche ich die CampusID und was \u00fcberhaupt ist die GM-ID? Was ist dieses Eduroam wie komme ich an einen Laptop und gibt&#8217;s hier auch Office? Das sind nur wenige der vielen Fragen, welche wir h\u00e4ufig von neuen Kollegen gestellt bekommen.<\/p>\n<p>Auf dieser Seite finden Sie eine \u00dcbersicht zu Diensten, Anleitungen und Links mit IT-Bezug, welche Sie vlt. nicht auf Anhieb zu nutzen brauchen, aber von denen Sie zumindest wissen sollten.<\/p>\n<p><strong><a href=\"https:\/\/intern.th-koeln.de\/ueberblick\/neu-an-der-th-koeln_1456.php\" target=\"_blank\" rel=\"noopener noreferrer\">Werfen Sie zun\u00e4chst bitte einen Blick auf die Info-Seite f\u00fcr neue Bedienstete an der TH K\u00f6ln.<\/a>\u00a0<\/strong>Diese Seite bietet Ihnen einen guten Einstieg, um sich mit den offiziellen IT-Diensten vertraut zu machen und allgemein einen ersten Einblick in die Strukturen der Hochschule zu erhalten.<\/p>\n<p>Dar\u00fcber hinaus finden Sie im Folgenden noch weitere Informationen, um sich am Campus Gummersbach schneller einzuleben.<\/p>\n<h4>Kommunikation<\/h4>\n<p>An der TH K\u00f6ln stehen Ihnen viele Wege f\u00fcr die interne und externe Kommunikation zur Verf\u00fcgung. Informationen zu Ihrer Hochschul-E-Mail finden Sie hier: <a title=\"E-Mail\" href=\"http:\/\/blogs.gm.fh-koeln.de\/gm-it\/2020\/10\/12\/mail\/\">E-Mail<\/a><\/p>\n<p>Die Hochschule setzt eine Cisco-Telefonieanlage ein. Eine Rufnummer (und ein Telefon, soweit nicht bereits vorhanden) erhalten Sie von der Campus-IT. Hinzu kommt mit Cisco Jabber die M\u00f6glichkeit einer DSGVO-konformen Chatl\u00f6sung. Infos zum Thema Telefonie und Jabber finden Sie in unserem Beitrag <a title=\"Telefonie\" href=\"http:\/\/blogs.gm.fh-koeln.de\/gm-it\/2020\/10\/16\/telefonie\/\">&#8222;Telefonie&#8220;<\/a>.<\/p>\n<p>Dar\u00fcber hinaus bestehen noch viele weitere Kommunikationswege, bspw. \u00fcber <a href=\"https:\/\/www.th-koeln.de\/hochschule\/microsoft-teams_74022.php\" target=\"_blank\" rel=\"noopener noreferrer\">Microsoft Teams<\/a> oder das <a href=\"https:\/\/ilias.th-koeln.de\/\" target=\"_blank\" rel=\"noopener noreferrer\">ILIAS-System.<\/a><\/p>\n<h4>Zugang zum Datennetz und VPN<\/h4>\n<p>erhalten Sie via WLAN wof\u00fcr wir die Nutzung von Eduroam empfehlen. Eduroam erm\u00f6glicht Ihnen nicht nur einen Internetzugang an der TH K\u00f6ln, sondern an allen Hochschulen weltweit, welche in Sachen WLAN auf Eduroam setzen. Weitere Informationen und Hinweise zur Einrichtung finden Sie auf den <a href=\"https:\/\/www.th-koeln.de\/hochschule\/eduroam_25369.php\" target=\"_blank\" rel=\"noopener noreferrer\">Eduroam-Seiten der Campus-IT.<\/a><\/p>\n<p>An Ihrem Arbeitsplatz empfehlen wir f\u00fcr eine unterbrechungsfreie, ungedrosselte Verbindung die kabelgebundene LAN-Verbindung. Hierf\u00fcr muss f\u00fcr Ihren Desktop-PC, Notebook oder Docking-Station eine IP-Adresse beantragt werden. Lesen Sie dazu bitte <a title=\"IP Anmeldeformular\" href=\"http:\/\/blogs.gm.fh-koeln.de\/gm-it\/2020\/10\/16\/ip-anmeldeformular\/\">diesen Beitrag.<\/a><\/p>\n<p>Viele IT-Dienste der TH K\u00f6ln sind ausschlie\u00dflich aus dem Hochschulnetz verf\u00fcgbar. Hierzu z\u00e4hlt bspw. auch das <a href=\"https:\/\/intern.th-koeln.de\/personal\/ess--mss_2300.php\" target=\"_blank\" rel=\"noopener noreferrer\">ESS-MSS-System<\/a> f\u00fcr die Beantragung von Urlaub, Dienstreisen etc. Um auch von zuhause oder unterwegs Zugang zu erhalten m\u00fcssen Sie eine VPN-Verbindung zum Hochschulnetz aufbauen. Details dazu finden Sie auf der <a href=\"https:\/\/www.th-koeln.de\/hochschule\/vpn---virtual-private-network_26952.php\" target=\"_blank\" rel=\"noopener noreferrer\">VPN-Seite der Campus-IT<\/a><\/p>\n<h4>CGM-Dienste<\/h4>\n<p>Am Campus Gummersbach kommen \u00fcber die IT-Dienste der Campus-IT hinaus noch eine Vielzahl weiterer zum Einsatz. Viele dieser Dienste erfordern eine Authentifizierung, welche \u00fcber die GMID erfolgt &#8211; eine Kennung, welche an die CampsuID erinnert, aber vollst\u00e4ndig eigenst\u00e4ndig operiert. Sie sollten daher unbedingt eine GMID beantragen, da Ihnen ansonsten der Zugang zu vielen IT-Diensten am CGM versagt bleibt. <a title=\"GMID\" href=\"http:\/\/blogs.gm.fh-koeln.de\/gm-it\/2020\/10\/16\/gmid\/\">Eine GMID beantragen.<\/a><\/p>\n<p>Unter der Kategorie <a href=\"https:\/\/blogs.gm.fh-koeln.de\/gm-it\/category\/cgm-dienste\/\">CGM-Dienste<\/a> finden Sie eine Auflistung aller CGM-spezifischen IT-Dienste.<\/p>\n<h4>Link-Liste<\/h4>\n<p>Eine kleine Link-Sammlung f\u00fcr den schnellen Zugriff zu verschiedenen IT-Diensten der Hochschule und des Campus Gummersbach:<\/p>\n<p>&nbsp;<\/p>\n<p><a title=\"campusID-Center\" href=\"https:\/\/campusid.th-koeln.de\/\" target=\"_blank\" rel=\"noopener noreferrer\">campusID-Center &#8211; campusID pr\u00fcfen, Passwort \u00e4ndern<\/a><\/p>\n<p><a href=\"https:\/\/gwmail.th-koeln.de\/\" target=\"_blank\" rel=\"noopener noreferrer\">GroupWise Webmail Zugang &#8211; Mails bearbeiten, Abwesenheitsnachrichten konfigurieren<\/a><\/p>\n<p><a href=\"https:\/\/ilias.th-koeln.de\/\" target=\"_blank\" rel=\"noopener noreferrer\">ILIAS &#8211; das Lernmanagement-System der TH K\u00f6ln<\/a><\/p>\n<p><a href=\"https:\/\/id.gm.fh-koeln.de\/\" target=\"_blank\" rel=\"noopener noreferrer\">GMID-Center &#8211; GMID verwalten, Passwort \u00e4ndern etc.<\/a><\/p>\n<p><a href=\"https:\/\/praktikum.gm.th-koeln.de\/\" target=\"_blank\" rel=\"noopener noreferrer\">Praktikumstool<\/a><\/p>\n<p>&nbsp;<\/p>\n<p><strong>Interne Seiten der TH<\/strong><\/p>\n<p><em>Zugang nur mit campusID und Passwort<\/em><\/p>\n<p><a href=\"https:\/\/intern.th-koeln.de\/ueberblick\/im-ueberblick_89.php\" target=\"_blank\" rel=\"noopener noreferrer\">Internes im \u00dcberblick<\/a><\/p>\n<p><a href=\"https:\/\/intern.th-koeln.de\/ueberblick\/formulare-a--z_2085.php\" target=\"_blank\" rel=\"noopener noreferrer\">Formulare A &#8211; Z<\/a><\/p>\n<p><a href=\"https:\/\/intern.th-koeln.de\/ueberblick\/a--z_1507.php\" target=\"_blank\" rel=\"noopener noreferrer\">Service A &#8211; Z<\/a><\/p>\n<p><a href=\"https:\/\/intern.th-koeln.de\/arbeitsplatz\/telefon_2231.php\" target=\"_blank\" rel=\"noopener noreferrer\">Telefonie<\/a><\/p>\n<p><em>im TH Netz oder via VPN<\/em><\/p>\n<p><a href=\"https:\/\/ess-mss.th-koeln.de\/\" target=\"_blank\" rel=\"noopener noreferrer\">ESS-MSS Urlaub und Reisen<\/a><\/p>\n<p><a href=\"https:\/\/kis.th-koeln.de\/\" target=\"_blank\" rel=\"noopener noreferrer\">KIS &#8211; Konten-Informationssystem Haushaltsdaten<\/a><\/p>\n<p><a href=\"https:\/\/personenseiten.th-koeln.de\/\" target=\"_blank\" rel=\"noopener noreferrer\">Personenseiten &#8211; Ihren pers\u00f6nlichen Auftritt auf den Web-Seiten der TH bearbeiten<\/a><\/p>\n<p><a href=\"https:\/\/selfservice.th-koeln.de\/\" target=\"_blank\" rel=\"noopener noreferrer\">TOPdesk &#8211; Einsicht in den Status ihrer Tickets im Ticketsystem der campusIT<\/a><\/p>\n<p>&nbsp;<\/p>\n","protected":false},"excerpt":{"rendered":"<p>&#8230;dann herzlich willkommen am Campus Gummersbach! Nach unserer Erfahrung kommt eine umfassende Einf\u00fchrung in die IT-Strukturen der Hochschule und speziell der Dienste am Campus Gummersbach etwas zu kurz. Wozu brauche ich die CampusID und was \u00fcberhaupt ist die GM-ID? Was ist dieses Eduroam wie komme ich an einen Laptop und gibt&#8217;s hier auch Office? Das&#8230;  <a href=\"https:\/\/blogs.gm.fh-koeln.de\/gm-it\/ich-bin-neu-hier\/\" class=\"more-link\" title=\"Read Ich bin neu hier&#8230;\"><?php _e(\"Read more &raquo;\",\"wpbootstrap\"); ?><\/a><\/p>\n","protected":false},"author":92,"featured_media":0,"parent":0,"menu_order":0,"comment_status":"closed","ping_status":"closed","template":"","meta":{"_acf_changed":false,"footnotes":""},"class_list":["post-65","page","type-page","status-publish","hentry"],"acf":[],"_links":{"self":[{"href":"https:\/\/blogs.gm.fh-koeln.de\/gm-it\/wp-json\/wp\/v2\/pages\/65","targetHints":{"allow":["GET"]}}],"collection":[{"href":"https:\/\/blogs.gm.fh-koeln.de\/gm-it\/wp-json\/wp\/v2\/pages"}],"about":[{"href":"https:\/\/blogs.gm.fh-koeln.de\/gm-it\/wp-json\/wp\/v2\/types\/page"}],"author":[{"embeddable":true,"href":"https:\/\/blogs.gm.fh-koeln.de\/gm-it\/wp-json\/wp\/v2\/users\/92"}],"replies":[{"embeddable":true,"href":"https:\/\/blogs.gm.fh-koeln.de\/gm-it\/wp-json\/wp\/v2\/comments?post=65"}],"version-history":[{"count":10,"href":"https:\/\/blogs.gm.fh-koeln.de\/gm-it\/wp-json\/wp\/v2\/pages\/65\/revisions"}],"predecessor-version":[{"id":193,"href":"https:\/\/blogs.gm.fh-koeln.de\/gm-it\/wp-json\/wp\/v2\/pages\/65\/revisions\/193"}],"wp:attachment":[{"href":"https:\/\/blogs.gm.fh-koeln.de\/gm-it\/wp-json\/wp\/v2\/media?parent=65"}],"curies":[{"name":"wp","href":"https:\/\/api.w.org\/{rel}","templated":true}]}}