


{"id":2073,"date":"2012-08-19T15:01:25","date_gmt":"2012-08-19T15:01:25","guid":{"rendered":"http:\/\/lwibs01.gm.fh-koeln.de\/blogs\/faeskorn\/?page_id=2073"},"modified":"2019-10-02T13:31:33","modified_gmt":"2019-10-02T13:31:33","slug":"oracle-zertifizierung","status":"publish","type":"page","link":"https:\/\/blogs.gm.fh-koeln.de\/faeskorn\/oracle-zertifizierung\/","title":{"rendered":"Zertifizierung"},"content":{"rendered":"<p class=\"lead\">Als Mitglied der <a href=\"http:\/\/blogs.oracle.com\/academy\/\">OAI (Oracle Academic Initiative)<\/a> k\u00f6nnen wir unseren Studierenden auch weiterhin eine offizielle Oracle-Zertifizierung anbieten.<\/p>\n<p>Es stehen drei M\u00f6glichkeiten zur Auswahl, von denen Sie eine ausw\u00e4hlen k\u00f6nnen:<\/p>\n<ol>\n<li><a href=\"https:\/\/education.oracle.com\/products\/pexam_1Z0-071\">1Z0-071: Oracle Database Exam Number: SQL 1Z0-071 <\/a>:<\/li>\n<li><a href=\"https:\/\/education.oracle.com\/oracle-database-11g-program-with-pl-sql\/pexam_1Z0-144\">Oracle Database 11g: Program with PL\/SQL Exam Number: 1Z0-144<\/a><\/li>\n<li><a href=\"https:\/\/education.oracle.com\/oracle-database-12c-administration\/pexam_1Z0-062\">Oracle Database 12c Administrator Certified Associate Exam Number: 1Z0-062<\/a><\/li>\n<\/ol>\n<p>Wer daran Interesse hat, sollte einige Voraussetzungen erf\u00fcllen:<\/p>\n<ol>\n<li>Bestandener DBS1-Praktikumsschein oder DuI-Klausur im Verbundstudium f\u00fcr die SQL-Pr\u00fcfungen<\/li>\n<li>Bestandener DBS2-Praktikumsschein und DBS1-Klausur oder DuI im Verbundstudium f\u00fcr die DBA-Pr\u00fcfung und die PL\/SQL-Pr\u00fcfung<\/li>\n<li>oder Masterstudierender<\/li>\n<li>60-80 Stunden Vorbereitungszeit je Zertifizierung, Unterlagen werden von uns gestellt<\/li>\n<li>Gute Englischkenntnisse<\/li>\n<li>Gro\u00dfes Interesse am Thema Datenbanken:-)<\/li>\n<\/ol>\n<p><strong>Die n\u00e4chste Zertifizierung findet im Wintersemester 2019\/2020 statt. Sie k\u00f6nnen sich zu einem <a href=\"https:\/\/ilias.th-koeln.de\/goto.php?target=crs_1343376&amp;client_id=ILIAS_FH_Koeln\" rel=\"noopener noreferrer\">ILIAS-Kurs<\/a> anmelden und werden von da aus \u00fcber die n\u00e4chsten Schritte Anfang Oktober informiert. Bei weiteren Fragen zur Zertifizierung wenden Sie sich bitte an Damian.Gawenda(at)th-koeln.de.<\/strong><\/p>\n<p>F\u00fcr die DBA-Zertifizierung und die PL\/SQL-Zertifizierung ist eine vorherige SQL-Zertifizierung notwendig. Von den Kosten (regul\u00e4r: 220 \u20ac) wird der \u00fcberwiegende Teil f\u00fcr unsere Studierende von der TH K\u00f6ln \u00fcbernommen. Sie m\u00fcssen sich nur mit einem Unkostenanteil von 50 \u20ac beteiligen.<\/p>\n<p>Der offizielle Titel eines OCA (Oracle Certified Associate) besteht aus der Pr\u00fcfung 1Z0-071 umd wahlweise<br \/>\naus der Pr\u00fcfung Oracle Database 11g: Program with PL\/SQL Exam Number: 1Z0-144 oder Oracle Database 12c Administrator Certified Associate: 1Z0-062.<\/p>\n<p>Zur Vorbereitung stellen wir Selbstlernmaterialien (u.A. Schulungsunterlagen von ORACLE) zur Verf\u00fcgung. Au\u00dferdem werden regelm\u00e4\u00dfige Beratungstermine angeboten. Und es gibt einen Blog, der zur Vorbereitung auf den Test genutzt werden kann: <a href=\"http:\/\/lwibs01.gm.fh-koeln.de\/blogs\/sqlexpert\/\"> Zertifizierungs-Blog <\/a><\/p>\n<p>In der TH-Bibliothek stehen eine Reihe von B\u00fcchern zur Verf\u00fcgung, unter anderem<\/p>\n<ol>\n<li>OCA Oracle Database, Certified SQL Expert Exam Guide: Exam 1Z0-47 von Steve O&#8217;Heim, auch f\u00fcr den Test 1Z0-51, SQl Fundamentals I<\/li>\n<li>OCA Oracle Database 11g SQL Fundamentals I Exam Guide: Exam 1Z0-051 von Roopesh Ramklass und John Watson<\/li>\n<li>OCA Oracle Database 11g: Administration I Exam Guide: Exam 1Z0-052 von John Watson<\/li>\n<\/ol>\n","protected":false},"excerpt":{"rendered":"<p>Als Mitglied der OAI (Oracle Academic Initiative) k\u00f6nnen wir unseren Studierenden auch weiterhin eine offizielle Oracle-Zertifizierung anbieten. Es stehen drei M\u00f6glichkeiten zur Auswahl, von denen Sie eine ausw\u00e4hlen k\u00f6nnen: 1Z0-071: Oracle Database Exam Number: SQL 1Z0-071 : Oracle Database 11g: Program with PL\/SQL Exam Number: 1Z0-144 Oracle Database 12c Administrator Certified Associate Exam Number: 1Z0-062&#8230;  <a href=\"https:\/\/blogs.gm.fh-koeln.de\/faeskorn\/oracle-zertifizierung\/\" class=\"more-link\" title=\"Read Zertifizierung\"><?php _e(\"Read more &raquo;\",\"wpbootstrap\"); ?><\/a><\/p>\n","protected":false},"author":30,"featured_media":0,"parent":0,"menu_order":0,"comment_status":"closed","ping_status":"closed","template":"","meta":{"_acf_changed":false,"footnotes":""},"class_list":["post-2073","page","type-page","status-publish","hentry"],"acf":[],"_links":{"self":[{"href":"https:\/\/blogs.gm.fh-koeln.de\/faeskorn\/wp-json\/wp\/v2\/pages\/2073","targetHints":{"allow":["GET"]}}],"collection":[{"href":"https:\/\/blogs.gm.fh-koeln.de\/faeskorn\/wp-json\/wp\/v2\/pages"}],"about":[{"href":"https:\/\/blogs.gm.fh-koeln.de\/faeskorn\/wp-json\/wp\/v2\/types\/page"}],"author":[{"embeddable":true,"href":"https:\/\/blogs.gm.fh-koeln.de\/faeskorn\/wp-json\/wp\/v2\/users\/30"}],"replies":[{"embeddable":true,"href":"https:\/\/blogs.gm.fh-koeln.de\/faeskorn\/wp-json\/wp\/v2\/comments?post=2073"}],"version-history":[{"count":82,"href":"https:\/\/blogs.gm.fh-koeln.de\/faeskorn\/wp-json\/wp\/v2\/pages\/2073\/revisions"}],"predecessor-version":[{"id":4524,"href":"https:\/\/blogs.gm.fh-koeln.de\/faeskorn\/wp-json\/wp\/v2\/pages\/2073\/revisions\/4524"}],"wp:attachment":[{"href":"https:\/\/blogs.gm.fh-koeln.de\/faeskorn\/wp-json\/wp\/v2\/media?parent=2073"}],"curies":[{"name":"wp","href":"https:\/\/api.w.org\/{rel}","templated":true}]}}