


{"id":1486,"date":"2011-10-05T12:57:19","date_gmt":"2011-10-05T12:57:19","guid":{"rendered":"http:\/\/lwibs01.gm.fh-koeln.de\/blogs\/faeskorn\/"},"modified":"2018-06-15T08:33:03","modified_gmt":"2018-06-15T08:33:03","slug":"kontakt","status":"publish","type":"page","link":"https:\/\/blogs.gm.fh-koeln.de\/faeskorn\/kontakt\/","title":{"rendered":"Impressum\/Datenschutz"},"content":{"rendered":"<blockquote>\n<table style=\"height: 64px\" border=\"0\" width=\"369\" cellspacing=\"0\" cellpadding=\"0\">\n<tbody>\n<tr>\n<td><a class=\"thickbox\" href=\"http:\/\/lwibs01.gm.fh-koeln.de\/blogs\/faeskorn\/files\/2011\/02\/faeskorn_woyke.jpg\"><img loading=\"lazy\" decoding=\"async\" class=\"alignleft wp-image-3117\" src=\"http:\/\/lwibs01.gm.fh-koeln.de\/blogs\/faeskorn\/files\/2011\/02\/faeskorn_woyke-200x300.jpg\" alt=\"faeskorn_woyke\" width=\"110\" height=\"165\" srcset=\"https:\/\/blogs.gm.fh-koeln.de\/faeskorn\/files\/2011\/02\/faeskorn_woyke-200x300.jpg 200w, https:\/\/blogs.gm.fh-koeln.de\/faeskorn\/files\/2011\/02\/faeskorn_woyke-682x1024.jpg 682w, https:\/\/blogs.gm.fh-koeln.de\/faeskorn\/files\/2011\/02\/faeskorn_woyke.jpg 1786w\" sizes=\"auto, (max-width: 110px) 100vw, 110px\" \/><\/a><\/p>\n<p class=\"lead\">&nbsp;<\/p>\n<p>&nbsp;<\/p>\n<p>&nbsp;<\/p>\n<p>&nbsp;<\/p>\n<p>&nbsp;<\/p>\n<p>&nbsp;<\/p>\n<p>Technische Hochschule\u00a0K\u00f6ln<br \/>\nInstitut f\u00fcr Informatik<\/p>\n<p>Campus\u00a0Gummersbach<br \/>\nSteinm\u00fcllerallee\u00a01<br \/>\n51643 Gummersbach<\/p>\n<p>&nbsp;<\/td>\n<td><\/td>\n<\/tr>\n<\/tbody>\n<\/table>\n<table border=\"0\" width=\"369\" cellspacing=\"0\" cellpadding=\"0\">\n<tbody>\n<tr>\n<td align=\"left\" valign=\"top\" bgcolor=\"#ffffff\">Raum:<\/td>\n<td><\/td>\n<td align=\"left\" valign=\"top\" bgcolor=\"#ffffff\">2.229 und 3.228<\/td>\n<\/tr>\n<tr>\n<td align=\"left\" valign=\"top\" bgcolor=\"#ffffff\">Tel:<\/td>\n<td><\/td>\n<td align=\"left\" valign=\"top\" bgcolor=\"#ffffff\">+49\u00a02261\u00a08196-6379<\/td>\n<\/tr>\n<tr>\n<td align=\"left\" valign=\"top\" bgcolor=\"#ffffff\"><\/td>\n<td><\/td>\n<td align=\"left\" valign=\"top\" bgcolor=\"#ffffff\"><\/td>\n<\/tr>\n<tr>\n<td align=\"left\" valign=\"top\" bgcolor=\"#ffffff\">Web:<\/td>\n<td><\/td>\n<td align=\"left\" valign=\"top\" bgcolor=\"#ffffff\">http:\/\/blogs.gm.fh-koeln.de\/faeskorn\/<\/td>\n<\/tr>\n<\/tbody>\n<\/table>\n<p>Email:\u00a0 heide.faeskorn-woyke(at)th-koeln.de<\/p>\n<p><b>Sprechstunde:<\/b><\/p>\n<p>Meine Sprechstunde findet nach Absprache stattt. Bitte vorher per Mail bei heide.faeskorn-woyke[at]th-koeln.de anmelden!<\/p>\n<p><b>Haftungshinweis<\/b><\/p>\n<p>Trotz sorgf\u00e4ltiger inhaltlicher Kontrolle wird keine Haftung f\u00fcr die Inhalte externer Links \u00fcbernommen. F\u00fcr den Inhalt der verlinkten Seiten sind ausschlie\u00dflich deren Betreiber verantwortlich.<\/p>\n<p><strong>Datenschutzhinweis<\/strong><\/p>\n<p>Diese Seite richtet sich nach den <a href=\"https:\/\/www.th-koeln.de\/hochschule\/datenschutzhinweis_8279.php\">Datenschutzhinweisen der TH K\u00f6ln<\/a><\/p><\/blockquote>\n","protected":false},"excerpt":{"rendered":"<p>&nbsp; &nbsp; &nbsp; &nbsp; &nbsp; &nbsp; Technische Hochschule\u00a0K\u00f6ln Institut f\u00fcr Informatik Campus\u00a0Gummersbach Steinm\u00fcllerallee\u00a01 51643 Gummersbach &nbsp; Raum: 2.229 und 3.228 Tel: +49\u00a02261\u00a08196-6379 Web: http:\/\/blogs.gm.fh-koeln.de\/faeskorn\/ Email:\u00a0 heide.faeskorn-woyke(at)th-koeln.de Sprechstunde: Meine Sprechstunde findet nach Absprache stattt. Bitte vorher per Mail bei heide.faeskorn-woyke[at]th-koeln.de anmelden! Haftungshinweis Trotz sorgf\u00e4ltiger inhaltlicher Kontrolle wird keine Haftung f\u00fcr die Inhalte externer Links \u00fcbernommen. F\u00fcr&#8230;  <a href=\"https:\/\/blogs.gm.fh-koeln.de\/faeskorn\/kontakt\/\" class=\"more-link\" title=\"Read Impressum\/Datenschutz\"><?php _e(\"Read more &raquo;\",\"wpbootstrap\"); ?><\/a><\/p>\n","protected":false},"author":30,"featured_media":0,"parent":0,"menu_order":1,"comment_status":"closed","ping_status":"closed","template":"","meta":{"_acf_changed":false,"footnotes":""},"class_list":["post-1486","page","type-page","status-publish","hentry"],"acf":[],"_links":{"self":[{"href":"https:\/\/blogs.gm.fh-koeln.de\/faeskorn\/wp-json\/wp\/v2\/pages\/1486","targetHints":{"allow":["GET"]}}],"collection":[{"href":"https:\/\/blogs.gm.fh-koeln.de\/faeskorn\/wp-json\/wp\/v2\/pages"}],"about":[{"href":"https:\/\/blogs.gm.fh-koeln.de\/faeskorn\/wp-json\/wp\/v2\/types\/page"}],"author":[{"embeddable":true,"href":"https:\/\/blogs.gm.fh-koeln.de\/faeskorn\/wp-json\/wp\/v2\/users\/30"}],"replies":[{"embeddable":true,"href":"https:\/\/blogs.gm.fh-koeln.de\/faeskorn\/wp-json\/wp\/v2\/comments?post=1486"}],"version-history":[{"count":46,"href":"https:\/\/blogs.gm.fh-koeln.de\/faeskorn\/wp-json\/wp\/v2\/pages\/1486\/revisions"}],"predecessor-version":[{"id":4257,"href":"https:\/\/blogs.gm.fh-koeln.de\/faeskorn\/wp-json\/wp\/v2\/pages\/1486\/revisions\/4257"}],"wp:attachment":[{"href":"https:\/\/blogs.gm.fh-koeln.de\/faeskorn\/wp-json\/wp\/v2\/media?parent=1486"}],"curies":[{"name":"wp","href":"https:\/\/api.w.org\/{rel}","templated":true}]}}