


{"id":64,"date":"2008-05-30T17:39:19","date_gmt":"2008-05-30T17:39:19","guid":{"rendered":"http:\/\/web16.vs2062184.vserver.de\/index.php\/vita\/"},"modified":"2016-12-13T12:55:02","modified_gmt":"2016-12-13T12:55:02","slug":"vita","status":"publish","type":"page","link":"https:\/\/blogs.gm.fh-koeln.de\/bertelsmeier\/vita\/","title":{"rendered":"Vita"},"content":{"rendered":"<p class=\"lead\"><strong>Name:<\/strong><br \/>\nBirgit Bertelsmeier geb. Pieper<\/p>\n<p><strong>Studium:<\/strong><br \/>\n1988 \u2013 1991<br \/>\nStudium der Wirtschaftsinformatik an der Fachhochschule des Landes Rheinland-Pfalz in Worms,<br \/>\nDiplomarbeit: &#8222;Entwurf und Realisierung einer Studentendaten-Verwaltung an der FH-Worms&#8220;<\/p>\n<p>1991 \u2013 1996<br \/>\nStudium der Informatik an der Rhein. Friedrich-Wilhelms-Universit\u00e4t in Bonn<br \/>\nSchwerpunkt: Datenbanken und Informationssysteme<br \/>\nNebenfach: Rechtsinformatik<br \/>\nDiplomarbeit: &#8222;Inkrementelle Integrit\u00e4tspr\u00fcfung mittels aktiver Regeln in Phoenix&#8220;<\/p>\n<p>1997 \u2013 2001<br \/>\nPromotion betreut von Prof. Dr. Rainer Manthey an der Rhein. Friedrich-Wilhelms-Universit\u00e4t in Bonn,<br \/>\nFachbereich Informatik, Themenschwerpunkt: Datenbanken<br \/>\nNebenfach: Geoinformationssysteme<br \/>\n<a href=\"http:\/\/hss.ulb.uni-bonn.de\/2001\/0169\/0169.htm\" target=\"_blank\">Promotionsarbeit<\/a>: &#8222;Inkrementelle Integrit\u00e4tspr\u00fcfung und Sichtenaktualisierung in SQL&#8220;<\/p>\n<p><strong>Berufst\u00e4tigkeit:<\/strong><br \/>\n1996 &#8211; 2004<br \/>\nOpitz Consulting GmbH in Gummersbach, T\u00e4tigkeiten als Anwendungsentwicklerin, Teacher und<br \/>\nLeiterin des Leistungsschwerpunkts Schulung und Coaching<\/p>\n<p>2001 \u2013 2001<br \/>\nLehrbeauftragte an der Fachhochschule K\u00f6ln \u2013 Campus Gummersbach im Fach Datenbanken<\/p>\n<p>2001 \u2013 2004<br \/>\nVertretungsprofessur f\u00fcr das Fach \u2019Datenbanken\u2019 an der Fachhochschule K\u00f6ln \u2013 Campus Gummersbach<\/p>\n<p>seit 2004<br \/>\nProfessorin f\u00fcr das Fach \u2019Wirtschaftsinformatik mit dem Schwerpunkt Datenbanken\u2019 an der Fachhochschule K\u00f6ln \u2013 Campus Gummersbach; seit 09\/2015 umbenannt in Technische Hochschule K\u00f6ln<\/p>\n<p><strong>Mitgliedschaft:<\/strong><br \/>\nseit 1992<br \/>\nGI Gesellschaft f\u00fcr Informatik e.V. Fachgruppen Datenbanken<\/p>\n<p>seit 2004<br \/>\nVDI &#8211; Verein deutscher Ingenieure e.V.<\/p>\n<p><strong>Publikationen:<br \/>\n<\/strong><\/p>\n<p><strong>2011<\/strong><br \/>\nH. Faeskorn-Woyke, B. Bertelsmeier, P. Riemer,\u00a0 E. Bauer: &#8222;Datenbanksysteme &#8211; Theorie und Praxis mit SQL2003, Oracle und Mysql&#8220;; Pearson-Verlag, Neuauflage, 2011<\/p>\n<p><strong>2008<br \/>\n<\/strong>H. Faeskorn-Woyke, B. Bertelsmeier, D. Gawenda, N. Li\u00df: &#8222;edb &#8211; Ein studentisches Portal zur Unterst\u00fctzung der Lehre im Fach Datenbanken&#8220;, GI: Herbsttreffen der Fachgruppe DBS, Heinrich-Heine-Universit\u00e4t D\u00fcsseldorf, November 2008<\/p>\n<p>H. Faeskorn-Woyke, B. Bertelsmeier, D. Gawenda, N. Li\u00df: &#8222;edb &#8211; eLearning Datenbankportal der FH K\u00f6ln&#8220;, logOS2008, Osnabr\u00fcck, Oktober 2008<\/p>\n<p><strong>2007<\/strong><br \/>\nH. Faeskorn-Woyke, B. Bertelsmeier, P. Riemer,\u00a0 E. Bauer: &#8222;Datenbanksysteme &#8211; Theorie und Praxis mit SQL2003, Oracle und Mysql&#8220;; Pearson-Verlag, 2007<\/p>\n<p><strong>2001<\/strong><br \/>\nA. Behrend, R. Manthey, B. Pieper: &#8222;An Amateur\u2019s Introduction to Integrity Constraints and Integrity Checking in SQL&#8220;; BTW 2001<\/p>\n<p><strong>2000<\/strong><br \/>\nB. Pieper: &#8222;Inkrementelle Integrit\u00e4tspr\u00fcfung und Anpassung materialisierter Sichten in SQL&#8220;; WSGDB 2000<\/p>\n","protected":false},"excerpt":{"rendered":"<p>Name: Birgit Bertelsmeier geb. Pieper Studium: 1988 \u2013 1991 Studium der Wirtschaftsinformatik an der Fachhochschule des Landes Rheinland-Pfalz in Worms, Diplomarbeit: &#8222;Entwurf und Realisierung einer Studentendaten-Verwaltung an der FH-Worms&#8220; 1991 \u2013 1996 Studium der Informatik an der Rhein. Friedrich-Wilhelms-Universit\u00e4t in Bonn Schwerpunkt: Datenbanken und Informationssysteme Nebenfach: Rechtsinformatik Diplomarbeit: &#8222;Inkrementelle Integrit\u00e4tspr\u00fcfung mittels aktiver Regeln in Phoenix&#8220;&#8230;  <a href=\"https:\/\/blogs.gm.fh-koeln.de\/bertelsmeier\/vita\/\" class=\"more-link\" title=\"Read Vita\"><?php _e(\"Read more &raquo;\",\"wpbootstrap\"); ?><\/a><\/p>\n","protected":false},"author":1,"featured_media":0,"parent":0,"menu_order":5,"comment_status":"closed","ping_status":"closed","template":"","meta":{"_acf_changed":false,"footnotes":""},"class_list":["post-64","page","type-page","status-publish","hentry"],"acf":[],"_links":{"self":[{"href":"https:\/\/blogs.gm.fh-koeln.de\/bertelsmeier\/wp-json\/wp\/v2\/pages\/64","targetHints":{"allow":["GET"]}}],"collection":[{"href":"https:\/\/blogs.gm.fh-koeln.de\/bertelsmeier\/wp-json\/wp\/v2\/pages"}],"about":[{"href":"https:\/\/blogs.gm.fh-koeln.de\/bertelsmeier\/wp-json\/wp\/v2\/types\/page"}],"author":[{"embeddable":true,"href":"https:\/\/blogs.gm.fh-koeln.de\/bertelsmeier\/wp-json\/wp\/v2\/users\/1"}],"replies":[{"embeddable":true,"href":"https:\/\/blogs.gm.fh-koeln.de\/bertelsmeier\/wp-json\/wp\/v2\/comments?post=64"}],"version-history":[{"count":7,"href":"https:\/\/blogs.gm.fh-koeln.de\/bertelsmeier\/wp-json\/wp\/v2\/pages\/64\/revisions"}],"predecessor-version":[{"id":1324,"href":"https:\/\/blogs.gm.fh-koeln.de\/bertelsmeier\/wp-json\/wp\/v2\/pages\/64\/revisions\/1324"}],"wp:attachment":[{"href":"https:\/\/blogs.gm.fh-koeln.de\/bertelsmeier\/wp-json\/wp\/v2\/media?parent=64"}],"curies":[{"name":"wp","href":"https:\/\/api.w.org\/{rel}","templated":true}]}}