


{"id":6,"date":"2008-05-30T17:41:20","date_gmt":"2008-05-30T17:41:20","guid":{"rendered":"http:\/\/web16.vs2062184.vserver.de\/index.php\/impressum\/"},"modified":"2016-12-06T12:16:36","modified_gmt":"2016-12-06T12:16:36","slug":"impressum","status":"publish","type":"page","link":"https:\/\/blogs.gm.fh-koeln.de\/bertelsmeier\/impressum\/","title":{"rendered":"Impressum"},"content":{"rendered":"<p class=\"lead\"><strong>Adresse:<\/strong><br \/>\nProf. Dr. Birgit Bertelsmeier<br \/>\nSteinm\u00fcllerallee 1<br \/>\nD-51643 Gummersbach<\/p>\n<p>Dies ist eine private Internetpr\u00e4senz.<\/p>\n<p><strong>Verantwortliche:<\/strong><br \/>\nProf. Dr. Birgit Bertelsmeier<\/p>\n<p><strong>Kontakt:<\/strong><br \/>\nWWW: <a href=\"http:\/\/www.gm.fh-koeln.de\/%7Ebbertels#url\">http:\/\/www.gm.fh-koeln.de\/~bbertels<\/a><br \/>\nE-Mail : B<a href=\"mailto:bertelsmeier@gm.fh-koeln.de\">irgit.Bertelsmeier@th-koeln.de<\/a><br \/>\nTelefon: 0049 (0)2261\/8196-6279<\/p>\n<p><strong>Copyright:<\/strong><br \/>\n\u00a92008 Prof. Dr. Birgit Bertelsmeier<br \/>\nAlle Rechte vorbehalten.<\/p>\n<p>Verantwortlich f\u00fcr Inhalt und Gestaltung der Internetpr\u00e4sentation ist Prof. Dr. Birgit Bertelsmeier. Prof. Dr. Birgit Bertelsmeier erteilt die Erlaubnis alle auf diesen Internetseiten erscheinenden Inhalte zur Informationsgewinnung des Anwenders zu nutzen und zu kopieren bzw. einen Ausdruck zu erstellen. F\u00fcr eine gewerbliche Nutzung gilt dies nur nach einer vorher schriftlich erteilten Zustimmung. Layout und Gestaltung dieser Pr\u00e4sentation sowie die enthaltenen Informationen sind gem\u00e4\u00df dem Urheberrechtsgesetz gesch\u00fctzt.<\/p>\n<p>Das ist auch zu beachten, wenn auf diesen Internetseiten erscheinende Materialien Dritter zur Informationsgewinnung verwendet oder kopiert werden. Eingetragene und nicht eingetragene Warenzeichen dieser Internetpr\u00e4sentation oder Dritter d\u00fcrfen ohne vorherige schriftliche Zustimmung nicht in Werbematerialien oder anderen Ver\u00f6ffentlichungen, im Zusammenhang mit der Verbreitung von Informationen verwendet werden.<\/p>\n<p>Alle Angaben erfolgen ohne Gew\u00e4hr. Eine Haftung f\u00fcr Sch\u00e4den, die sich aus der Verwendung der ver\u00f6ffentlichten Inhalte ergeben, ist ausgeschlossen. Diese Webseite wird ver\u00f6ffentlicht und gepflegt durch Prof. Dr. Birgit Bertelsmeier.<\/p>\n","protected":false},"excerpt":{"rendered":"<p>Adresse: Prof. Dr. Birgit Bertelsmeier Steinm\u00fcllerallee 1 D-51643 Gummersbach Dies ist eine private Internetpr\u00e4senz. Verantwortliche: Prof. Dr. Birgit Bertelsmeier Kontakt: WWW: http:\/\/www.gm.fh-koeln.de\/~bbertels E-Mail : Birgit.Bertelsmeier@th-koeln.de Telefon: 0049 (0)2261\/8196-6279 Copyright: \u00a92008 Prof. Dr. Birgit Bertelsmeier Alle Rechte vorbehalten. Verantwortlich f\u00fcr Inhalt und Gestaltung der Internetpr\u00e4sentation ist Prof. Dr. Birgit Bertelsmeier. Prof. Dr. Birgit Bertelsmeier erteilt die&#8230;  <a href=\"https:\/\/blogs.gm.fh-koeln.de\/bertelsmeier\/impressum\/\" class=\"more-link\" title=\"Read Impressum\"><?php _e(\"Read more &raquo;\",\"wpbootstrap\"); ?><\/a><\/p>\n","protected":false},"author":1,"featured_media":0,"parent":0,"menu_order":6,"comment_status":"closed","ping_status":"closed","template":"","meta":{"_acf_changed":false,"footnotes":""},"class_list":["post-6","page","type-page","status-publish","hentry"],"acf":[],"_links":{"self":[{"href":"https:\/\/blogs.gm.fh-koeln.de\/bertelsmeier\/wp-json\/wp\/v2\/pages\/6","targetHints":{"allow":["GET"]}}],"collection":[{"href":"https:\/\/blogs.gm.fh-koeln.de\/bertelsmeier\/wp-json\/wp\/v2\/pages"}],"about":[{"href":"https:\/\/blogs.gm.fh-koeln.de\/bertelsmeier\/wp-json\/wp\/v2\/types\/page"}],"author":[{"embeddable":true,"href":"https:\/\/blogs.gm.fh-koeln.de\/bertelsmeier\/wp-json\/wp\/v2\/users\/1"}],"replies":[{"embeddable":true,"href":"https:\/\/blogs.gm.fh-koeln.de\/bertelsmeier\/wp-json\/wp\/v2\/comments?post=6"}],"version-history":[{"count":4,"href":"https:\/\/blogs.gm.fh-koeln.de\/bertelsmeier\/wp-json\/wp\/v2\/pages\/6\/revisions"}],"predecessor-version":[{"id":1310,"href":"https:\/\/blogs.gm.fh-koeln.de\/bertelsmeier\/wp-json\/wp\/v2\/pages\/6\/revisions\/1310"}],"wp:attachment":[{"href":"https:\/\/blogs.gm.fh-koeln.de\/bertelsmeier\/wp-json\/wp\/v2\/media?parent=6"}],"curies":[{"name":"wp","href":"https:\/\/api.w.org\/{rel}","templated":true}]}}