


{"id":301,"date":"2011-03-25T19:08:34","date_gmt":"2011-03-25T19:08:34","guid":{"rendered":"http:\/\/lwibs01.gm.fh-koeln.de\/blogs\/bertelsmeier\/"},"modified":"2023-02-24T10:10:10","modified_gmt":"2023-02-24T10:10:10","slug":"datenbanksysteme-1","status":"publish","type":"page","link":"https:\/\/blogs.gm.fh-koeln.de\/bertelsmeier\/lehrveranstaltungen\/datenbanksysteme-1\/","title":{"rendered":"Datenbanksysteme im BA"},"content":{"rendered":"<p class=\"lead\">F\u00fcr <strong>PO-Wechsler in den BA-Studieng\u00e4ngen<\/strong> des Instituts f\u00fcr Informatik am Campus GM gelten folgende Regeln:<\/p>\n<ul>\n<li>f\u00fcr INF, ITM, MI, WI:\u00a0\u00a0 Datenbanken I (PO4) -&gt; Datenbanken\/<strong>DBS<\/strong> (PO5)<\/li>\n<li>f\u00fcr INF:\u00a0\u00a0 Datenbanken II (PO4) -&gt;\u00a0 Speziell Gebiete der Datenbanken\/<strong>SGD<\/strong> (PO5)<\/li>\n<li>f\u00fcr WI:\u00a0 \u00a0 Datenbanken II (PO4) -&gt; Datenbanken und Datenmanagement\/<strong>DDM<\/strong> (PO5)<\/li>\n<\/ul>\n<p>&nbsp;<\/p>\n<p>F\u00fcr <strong>BA-Studierende,<\/strong> die beim <strong>DBS, SGD oder DDM<\/strong><strong>-Praktikum durchgefallen<\/strong> sind, bieten wir immer im jeweils anderen Halbjahr einen Nachholtermin an, wo Sie nochmal Gelegenheit haben, Ihre DBS-F\u00e4higkeiten unter Beweis zu stellen. Die Pr\u00fcfung erfolgt als MCT-Pr\u00fcfung, analog zum regul\u00e4ren Praktikumsverlauf. Interessierte, falls Sie nicht eh noch im richtigen Kurs sind, melden sich bitte im jeweils f\u00fcr Ihr Fach geltenden aktuellen ILU-Kurs an. Am besten fr\u00fchzeitig, damit Sie alle Info-Mails bekommen.<\/p>\n<p>Die Veranstaltung <strong>Datenbanken\/DBS <\/strong>richtet sich an Studierende der Bachelor-Studieng\u00e4nge Informatik und Informationsmamagement sowie Medien- und Wirtschaftsinformatik im 3. Semester. Sie wird immer im Wintersemester gemeinsam von Prof. Dr. Johann Schaible und mir angeboten. Es finden Vorlesungen, \u00dcbungen, Praktika und Tutorien statt. Die Termine entnehmen Sie bitte dem aktuellen Stundenplan. Gegenstand sind Theorie und Praxis relationaler DBS, wobei die SELECT-Anfragen einen thematischen Schwerpunkt bilden.<\/p>\n<p>Die Veranstaltung <strong>Speziell Gebiete der Datenbanken\/SGD<\/strong> richtet sich an Studierende der Bachelor-Studieng\u00e4nge Informatik im 4. Semester.<\/p>\n<p>Die Veranstaltung\u00a0<strong>Datenbanken und Datenmanagement\/DDM<\/strong> richtet sich an Studierende der Bachelor-Studieng\u00e4nge Wirtschaftsinformatik im 4. Semester.<\/p>\n<p>Sie wird immer im Sommersemester gemeinsam von Prof. Dr. Johann Schaible und mir angeboten. Es finden Vorlesungen, \u00dcbungen und Praktikumsprojekte statt. Die Termine entnehmen Sie bitte dem aktuellen Stundenplan. Gegenstand sind Progammierung mit Oracle-PL\/SQL und MyYSQL, aktive Datenbanken, Speicherstrukturen, NoSQL u.v.m.<\/p>\n<p>Eine Modulbeschreibung findet sich im Modulverzeichnis der FH K\u00f6ln, Campus Gummersbach im Stundenplan-Tool des Campus GM.<\/p>\n<p>Zur Datenbankvorlesung gibt es im Ilias-Kurs eine Menge Unterlagen. Zu diesen Grundlagenthemen sind auch sehr viele Grundlagenb\u00fccher geschrieben worden. Die E-Learning-Plattform\u00a0 <a href=\"https:\/\/edb2.gm.th-koeln.de\/\">EDB<\/a> bietet viele interaktive Trainer und einen umfangreichen MC-Fragenpool.<\/p>\n","protected":false},"excerpt":{"rendered":"<p>F\u00fcr PO-Wechsler in den BA-Studieng\u00e4ngen des Instituts f\u00fcr Informatik am Campus GM gelten folgende Regeln: f\u00fcr INF, ITM, MI, WI:\u00a0\u00a0 Datenbanken I (PO4) -&gt; Datenbanken\/DBS (PO5) f\u00fcr INF:\u00a0\u00a0 Datenbanken II (PO4) -&gt;\u00a0 Speziell Gebiete der Datenbanken\/SGD (PO5) f\u00fcr WI:\u00a0 \u00a0 Datenbanken II (PO4) -&gt; Datenbanken und Datenmanagement\/DDM (PO5) &nbsp; F\u00fcr BA-Studierende, die beim DBS, SGD&#8230;  <a href=\"https:\/\/blogs.gm.fh-koeln.de\/bertelsmeier\/lehrveranstaltungen\/datenbanksysteme-1\/\" class=\"more-link\" title=\"Read Datenbanksysteme im BA\"><?php _e(\"Read more &raquo;\",\"wpbootstrap\"); ?><\/a><\/p>\n","protected":false},"author":28,"featured_media":0,"parent":63,"menu_order":1,"comment_status":"closed","ping_status":"closed","template":"","meta":{"_acf_changed":false,"footnotes":""},"class_list":["post-301","page","type-page","status-publish","hentry"],"acf":[],"_links":{"self":[{"href":"https:\/\/blogs.gm.fh-koeln.de\/bertelsmeier\/wp-json\/wp\/v2\/pages\/301","targetHints":{"allow":["GET"]}}],"collection":[{"href":"https:\/\/blogs.gm.fh-koeln.de\/bertelsmeier\/wp-json\/wp\/v2\/pages"}],"about":[{"href":"https:\/\/blogs.gm.fh-koeln.de\/bertelsmeier\/wp-json\/wp\/v2\/types\/page"}],"author":[{"embeddable":true,"href":"https:\/\/blogs.gm.fh-koeln.de\/bertelsmeier\/wp-json\/wp\/v2\/users\/28"}],"replies":[{"embeddable":true,"href":"https:\/\/blogs.gm.fh-koeln.de\/bertelsmeier\/wp-json\/wp\/v2\/comments?post=301"}],"version-history":[{"count":21,"href":"https:\/\/blogs.gm.fh-koeln.de\/bertelsmeier\/wp-json\/wp\/v2\/pages\/301\/revisions"}],"predecessor-version":[{"id":2491,"href":"https:\/\/blogs.gm.fh-koeln.de\/bertelsmeier\/wp-json\/wp\/v2\/pages\/301\/revisions\/2491"}],"up":[{"embeddable":true,"href":"https:\/\/blogs.gm.fh-koeln.de\/bertelsmeier\/wp-json\/wp\/v2\/pages\/63"}],"wp:attachment":[{"href":"https:\/\/blogs.gm.fh-koeln.de\/bertelsmeier\/wp-json\/wp\/v2\/media?parent=301"}],"curies":[{"name":"wp","href":"https:\/\/api.w.org\/{rel}","templated":true}]}}