


{"id":11,"date":"2008-05-30T18:39:59","date_gmt":"2008-05-30T18:39:59","guid":{"rendered":"http:\/\/web16.vs2062184.vserver.de\/index.php\/diplomarbeiten\/"},"modified":"2024-02-05T09:20:49","modified_gmt":"2024-02-05T09:20:49","slug":"abschlussarbeiten","status":"publish","type":"page","link":"https:\/\/blogs.gm.fh-koeln.de\/bertelsmeier\/abschlussarbeiten\/","title":{"rendered":"Abschlussarbeiten"},"content":{"rendered":"<h4>Sind Sie auf der Suche nach Ideen, Themen, Betreuern, &#8230; Dann finden Sie in ILU bei\u00a0 <a href=\"https:\/\/ilu.th-koeln.de\/goto.php?target=grp_39553&amp;client_id=thkilu\">Informatik Studieng\u00e4nge &#8211; Bachelor und Master<\/a> \u00a0eine \u00dcbersicht der Angebote aller Kolleginnen und Kollegen. Schaffen Sie sich einen Eindruck, welche Themen zu Ihnen passen und kontaktieren Sie dann die entsprechende Kollegin\/Kollegen.<\/h4>\n<p class=\"lead\">&nbsp;<\/p>\n<p style=\"text-align: left\"><strong>Aktuell zu vergebende Themen sowie \u00dcbersichten \u00fcber bereits abgeschlossene Arbeiten finden sich linker Hand im Blog zum Thema <\/strong><a title=\"Abschlussarbeiten\" href=\"http:\/\/lwibs01.gm.fh-koeln.de\/blogs\/bertelsmeier\/category\/fur-studierende\/abschlussarbeiten\/\" target=\"_self\" rel=\"noopener noreferrer\">Abschlussarbeiten.\u00a0<\/a><\/p>\n<p><strong>Organisation der Betreuung:<\/strong><\/p>\n<p>Ich betreue praxis- wie auch theorieorientierte Abschlussarbeiten (<strong>Bachelor, Master<\/strong>) in Zusammenarbeit mit Firmen ebenso wie auch eigene Themenstellungen, z.B. theoretisch orientierte Forschungsarbeiten oder auch praktische Aufgaben f\u00fcr die TH- bzw. Fakult\u00e4tsverwaltung.<\/p>\n<p>Im Vorfeld biete ich Gespr\u00e4che \u00fcber die Strategien, Methoden sowie die Struktur der Arbeit an und auch eine einmalige Vorabkorrektur der schriftlichen Ausarbeitung. Weitere Infos finden Sie in meinen\u00a0<em><strong><a href=\"https:\/\/blogs.gm.fh-koeln.de\/bertelsmeier\/files\/2023\/10\/Tipps-Tricks-PP-BA-MTH-Bertelsmeier-25-10-2023-.pdf\">Tipps-Tricks-PP-BA-MTH-Bertelsmeier-25-10-2023-<\/a><\/strong> !!! Ebenfalls hilfreich k\u00f6nnen die <strong>&#8222;<\/strong><\/em><strong><a href=\"https:\/\/www.th-koeln.de\/informatik-und-ingenieurwissenschaften\/informatik-und-ingenieurwissenschaften\/rund-ums-studium_19430.php\" target=\"_blank\" rel=\"noopener noreferrer\">Tipps f\u00fcr wissenschaftliche Arbeiten<\/a><\/strong>&#8220; des CGM sein.<\/p>\n<p><strong>Erg\u00e4nzung zu AI-Systemen<\/strong>: Sie k\u00f6nnen ChatGTP oder andere KI-Systeme zu Hilfe nehmen, NUR dann m\u00fcssen Sie deren Verwendung wie alle anderen Quellen und Hilfsmittel entsprechend kennzeichnen und angeben. Sonst haben Sie ein <strong>Plagiat<\/strong> erstellt mit den zugeh\u00f6rigen Rechtsfolgen!!!<\/p>\n<ul>\n<li><strong>Matthias Karmasin, Rainer Ribing:<\/strong> Die Gestaltung wissenschaftlicher Arbeiten; utb-Verlag, 2019, ISBN 978-3825253134<\/li>\n<li>Von B\u00fcchern oder Webseiten <a href=\"https:\/\/www.scribbr.de\/zitieren\/apa-generator\/\"><strong>Quellenangaben generieren<\/strong><\/a> lassen. Buch oder Link eintragen und die dazu hinterlegten Informationen (Vorallem bei Webseiten sinnvoll, da hier die Autoreninformationen aus den Metadaten ausgelesen werden).<\/li>\n<li>Wissenschaftliche Texte auf einem recht guten Niveau <strong><a href=\"https:\/\/www.deepl.com\/de\/translator\">\u00fcbersetzen lassen<\/a><\/strong>.<\/li>\n<\/ul>\n<p>Viele Studierende haben Probleme, ihr Wissen und ihre Erkenntnisse zu Papier zu bringen. Dies liegt h\u00e4ufig nur an mangelndem Training bzw. Wissen \u00fcber Strategien. Geh\u00f6ren Sie auch dazu oder kennen Sie jemanden? Hier finden Sie unser Online-Beratungs- und Seminarangebot der THK: <a href=\"https:\/\/www.th-koeln.de\/schreibzentrum\"><strong>Schreibzentrum<\/strong><\/a><\/p>\n<p><strong>Meine <\/strong><strong>Interessensschwerpunkte sind:<\/strong><\/p>\n<ul>\n<li>zukunftsorientiere, gesellschaftsrelevante Anwendungen von DBS (wie. z.B. Klima, Ern\u00e4hrung, Abfall, Verkehr, &#8230;)<\/li>\n<li>Anwendungen im Kontext von Diversity- und Gender-Themen<\/li>\n<li>NoSQL-Datenmodelle, -DBSe (Theorie und Praxis)<\/li>\n<li>Cloud Computing, -DBSe (Theorie und Praxis)<\/li>\n<li>Tuning von DBSen und SQL-Anfragen<\/li>\n<li>Agile DB-Entwicklung<\/li>\n<li>Big Data, Data Warehousing und Data Mining<\/li>\n<li>Mobile DBS<\/li>\n<li>Virtuelle integrierte Informationssysteme (Theorie und Praxis)<\/li>\n<li>Semantic Web und Verwandtes, wie z.B. Ontologien, &#8230;<\/li>\n<li>Datenbank- und Informationssysteme (neueste Forschungen\/ Entwickungen)<\/li>\n<li>e-Voting und Datenschutz (rechtliche wie auch die (programm-)technische Seite<\/li>\n<li>Gesellschaftliche Auswirkungen von &#8222;Smart&#8220;- und Big-Data-Entwicklungen<\/li>\n<\/ul>\n<p>Da ich gerne etwas Neues lerne, bin ich auch offen f\u00fcr andere Themen.<\/p>\n","protected":false},"excerpt":{"rendered":"<p>Sind Sie auf der Suche nach Ideen, Themen, Betreuern, &#8230; Dann finden Sie in ILU bei\u00a0 Informatik Studieng\u00e4nge &#8211; Bachelor und Master \u00a0eine \u00dcbersicht der Angebote aller Kolleginnen und Kollegen. Schaffen Sie sich einen Eindruck, welche Themen zu Ihnen passen und kontaktieren Sie dann die entsprechende Kollegin\/Kollegen. &nbsp; Aktuell zu vergebende Themen sowie \u00dcbersichten \u00fcber&#8230;  <a href=\"https:\/\/blogs.gm.fh-koeln.de\/bertelsmeier\/abschlussarbeiten\/\" class=\"more-link\" title=\"Read Abschlussarbeiten\"><?php _e(\"Read more &raquo;\",\"wpbootstrap\"); ?><\/a><\/p>\n","protected":false},"author":28,"featured_media":0,"parent":0,"menu_order":3,"comment_status":"closed","ping_status":"closed","template":"","meta":{"_acf_changed":false,"footnotes":""},"class_list":["post-11","page","type-page","status-publish","hentry"],"acf":[],"_links":{"self":[{"href":"https:\/\/blogs.gm.fh-koeln.de\/bertelsmeier\/wp-json\/wp\/v2\/pages\/11","targetHints":{"allow":["GET"]}}],"collection":[{"href":"https:\/\/blogs.gm.fh-koeln.de\/bertelsmeier\/wp-json\/wp\/v2\/pages"}],"about":[{"href":"https:\/\/blogs.gm.fh-koeln.de\/bertelsmeier\/wp-json\/wp\/v2\/types\/page"}],"author":[{"embeddable":true,"href":"https:\/\/blogs.gm.fh-koeln.de\/bertelsmeier\/wp-json\/wp\/v2\/users\/28"}],"replies":[{"embeddable":true,"href":"https:\/\/blogs.gm.fh-koeln.de\/bertelsmeier\/wp-json\/wp\/v2\/comments?post=11"}],"version-history":[{"count":46,"href":"https:\/\/blogs.gm.fh-koeln.de\/bertelsmeier\/wp-json\/wp\/v2\/pages\/11\/revisions"}],"predecessor-version":[{"id":2586,"href":"https:\/\/blogs.gm.fh-koeln.de\/bertelsmeier\/wp-json\/wp\/v2\/pages\/11\/revisions\/2586"}],"wp:attachment":[{"href":"https:\/\/blogs.gm.fh-koeln.de\/bertelsmeier\/wp-json\/wp\/v2\/media?parent=11"}],"curies":[{"name":"wp","href":"https:\/\/api.w.org\/{rel}","templated":true}]}}