


{"id":507,"date":"2015-11-05T19:55:03","date_gmt":"2015-11-05T18:55:03","guid":{"rendered":"http:\/\/lwibs01.gm.fh-koeln.de\/blogs\/bente\/?page_id=507"},"modified":"2018-10-04T18:21:31","modified_gmt":"2018-10-04T16:21:31","slug":"wpf-grundlagen-des-strategischen-it-managements","status":"publish","type":"page","link":"https:\/\/blogs.gm.fh-koeln.de\/bente\/lehre\/wpf-grundlagen-des-strategischen-it-managements\/","title":{"rendered":"WPF &#8222;Grundlagen des Strategischen IT-Managements&#8220;"},"content":{"rendered":"<h2>\u00dcbersicht<\/h2>\n<p class=\"lead\">Inhalt der Vorlesung ist eine Einf\u00fchrung in die\u00a0Ausrichtung (Alignment) von gro\u00dfen IT-Landschaften an strategischen und gesch\u00e4ftlichen Zielen. Studierende sollen dabei<\/p>\n<ol>\n<li>verschiedene Ans\u00e4tze des strategischen IT-Managements kennenlernen,<\/li>\n<li>diese miteinander vergleichen, und<\/li>\n<li>sich in die Lage versetzen, ein auf eine bestimmte Organisation hin angepasstes IT-Management (als Kombination verschiedener Elemente) zu konzipieren.<\/li>\n<li>Kernthemen und Aufgaben des strategischen IT-Managements kennen (Fokus benennen k\u00f6nnen, Zusammenwirken und Abgrenzung verstanden haben)<\/li>\n<li>Werkzeuge des IT-Managements kennen (typische Werkzeuge und Rahmenwerke benennen k\u00f6nnen; wissen, wie und wof\u00fcr man sie einsetzt)<\/li>\n<li>Ausgew\u00e4hlte Werkzeuge in kleinen Fallstudien beispielhaft ausprobieren und anwenden k\u00f6nnen<\/li>\n<li>Gestaltung der IT von den gesch\u00e4ftlichen Anforderungen her denken (Verstehen der IT als eingebettete Unternehmensfunktion, anstatt als Technologie-Insel)<\/li>\n<li>Denkprozesse einge\u00fcbt haben, die IT an den gesch\u00e4ftlichen Bed\u00fcrfnissen auszurichten<\/li>\n<li>IT-Wissens-Puzzlest\u00fccke besser zu einem Gesamtbild formen k\u00f6nnen<\/li>\n<\/ol>\n<h2>Inhalt<\/h2>\n<ol>\n<li>Einordnung und \u00dcbersicht \u201eIT-Management\u201c: \u00dcbersicht der Aufgabenbereiche des IT-Managements, Zusammenspiel der verschiedenen Ans\u00e4tze<\/li>\n<li>Strategie-Entwicklung: Ableitung einer IT-Strategie aus der Unternehmensstrategie, Leitlinie und Vision f\u00fcr das IT-Management<\/li>\n<li>Enterprise-Architektur-Management (EAM): Betrachtung der IT-Landschaft als Ganzes, unterschieden nach Gesch\u00e4fts-, Informations- und Technologie-Architektur; Planung und Weiterentwicklung (Transformation) der IT-Landschaft <em>(Ankn\u00fcpfungspunkt zur Veranstaltung \u201eSoftwaretechnik I und II\u201c)<\/em><\/li>\n<li>Gesch\u00e4ftsprozess-Management: \u00dcbersicht und Nutzen <em>(Ankn\u00fcpfungspunkt zur Veranstaltung \u201eInformationsmanagement\u201c)<\/em><\/li>\n<li>IT-Service-Management (ITSM): Betrachtung von IT-Systemen als funktionale \u201eServices\u201c, Rahmenwerk mit stark operativem Charakter zur Sicherstellung der IT-Leistungsf\u00e4higkeit<\/li>\n<li>IT-Programm-Management: Zusammenfassen von IT-Leistungen und -Projekten zu Leistungsbereichen<\/li>\n<li>IT-[Projekt-]Portfolio-Management: Gestaltung des IT-Portfolios durch Priorisierung und Auswahl, Bewertung anhand strategischer Kriterien<\/li>\n<li>IT-Risiko- und Compliance-Management: Systematischer Prozess zur Identifizierung, Analyse, Reaktion und Kontrolle von IT-Risiken, Bewertung aus technischer und gesch\u00e4ftlicher Sicht<\/li>\n<li>Compliance: Einhaltung gesetzlicher Regelungen<\/li>\n<li>IT-Ressourcen-Management: Beschaffung und Einsatz der zur Leistungserbringung notwendigen Ressourcen<\/li>\n<li>IT Controlling: Steuerung der IT in Richtung der Strategie<\/li>\n<li>IT-Governance und \u2013Organisation: Prozesse, Regeln und Rollen der IT-Organisation <em>(Ankn\u00fcpfungspunkt zum WPF \u201eOrganisation und Management\u201c)<\/em><\/li>\n<\/ol>\n<h2>Aktuelle Informationen<\/h2>\n<p>Aktuelle Informationen zu dieser Veranstaltung\u00a0finden Sie nachfolgend (aktuellste zuerst).<\/p>\n<div class=\"tpg-get-posts\" ><div class=\"tpg-get-posts-post\" ><div class=\"tpg-title-class\"><li><a href=\"https:\/\/blogs.gm.fh-koeln.de\/bente\/2018\/10\/04\/wpf-gsitm-ws18-19-wieder-angeboten\/\" >WPF GSITM (WS18\/19) wieder angeboten<\/a><\/li><\/div><\/div><div class=\"tpg-get-posts-post\" ><div class=\"tpg-title-class\"><li><a href=\"https:\/\/blogs.gm.fh-koeln.de\/bente\/2017\/07\/27\/wpf-grundlagen-des-strategischen-it-managements-entfaellt-im-ws-1718\/\" >WPF &#8222;Grundlagen des Strategischen IT-Managements&#8220; entf\u00e4llt im WS 17\/18<\/a><\/li><\/div><\/div><\/div><!-- #tpg-get-posts -->\n","protected":false},"excerpt":{"rendered":"<p>\u00dcbersicht Inhalt der Vorlesung ist eine Einf\u00fchrung in die\u00a0Ausrichtung (Alignment) von gro\u00dfen IT-Landschaften an strategischen und gesch\u00e4ftlichen Zielen. Studierende sollen dabei verschiedene Ans\u00e4tze des strategischen IT-Managements kennenlernen, diese miteinander vergleichen, und sich in die Lage versetzen, ein auf eine bestimmte Organisation hin angepasstes IT-Management (als Kombination verschiedener Elemente) zu konzipieren. Kernthemen und Aufgaben des strategischen&#8230;  <a href=\"https:\/\/blogs.gm.fh-koeln.de\/bente\/lehre\/wpf-grundlagen-des-strategischen-it-managements\/\" class=\"more-link\" title=\"Read WPF &#8222;Grundlagen des Strategischen IT-Managements&#8220;\"><?php _e(\"Read more &raquo;\",\"wpbootstrap\"); ?><\/a><\/p>\n","protected":false},"author":39,"featured_media":0,"parent":55,"menu_order":0,"comment_status":"closed","ping_status":"closed","template":"","meta":{"_acf_changed":false,"footnotes":""},"class_list":["post-507","page","type-page","status-publish","hentry"],"acf":[],"_links":{"self":[{"href":"https:\/\/blogs.gm.fh-koeln.de\/bente\/wp-json\/wp\/v2\/pages\/507","targetHints":{"allow":["GET"]}}],"collection":[{"href":"https:\/\/blogs.gm.fh-koeln.de\/bente\/wp-json\/wp\/v2\/pages"}],"about":[{"href":"https:\/\/blogs.gm.fh-koeln.de\/bente\/wp-json\/wp\/v2\/types\/page"}],"author":[{"embeddable":true,"href":"https:\/\/blogs.gm.fh-koeln.de\/bente\/wp-json\/wp\/v2\/users\/39"}],"replies":[{"embeddable":true,"href":"https:\/\/blogs.gm.fh-koeln.de\/bente\/wp-json\/wp\/v2\/comments?post=507"}],"version-history":[{"count":5,"href":"https:\/\/blogs.gm.fh-koeln.de\/bente\/wp-json\/wp\/v2\/pages\/507\/revisions"}],"predecessor-version":[{"id":1643,"href":"https:\/\/blogs.gm.fh-koeln.de\/bente\/wp-json\/wp\/v2\/pages\/507\/revisions\/1643"}],"up":[{"embeddable":true,"href":"https:\/\/blogs.gm.fh-koeln.de\/bente\/wp-json\/wp\/v2\/pages\/55"}],"wp:attachment":[{"href":"https:\/\/blogs.gm.fh-koeln.de\/bente\/wp-json\/wp\/v2\/media?parent=507"}],"curies":[{"name":"wp","href":"https:\/\/api.w.org\/{rel}","templated":true}]}}