


{"id":49,"date":"2015-02-23T12:05:55","date_gmt":"2015-02-23T11:05:55","guid":{"rendered":"http:\/\/lwibs01.gm.fh-koeln.de\/blogs\/bente\/?page_id=49"},"modified":"2016-11-01T21:57:31","modified_gmt":"2016-11-01T20:57:31","slug":"zur-person","status":"publish","type":"page","link":"https:\/\/blogs.gm.fh-koeln.de\/bente\/zur-person\/","title":{"rendered":"Zur Person"},"content":{"rendered":"<h3>Ab 02\/2015: TH K\u00f6ln, Institut f\u00fcr Informatik<\/h3>\n<p class=\"lead\"><em>Professor f\u00fcr Informatik, Softwaretechnik<\/em><\/p>\n<h3>ab 10\/2014: Selbstst\u00e4ndiger\u00a0IT-Berater<\/h3>\n<p><em>Management- und Architekturberater<\/em><\/p>\n<ul>\n<li>Architektur- und EAM-Schulungen<\/li>\n<li>Beratungsprojekte<\/li>\n<li>Lehrauftr\u00e4ge an der <a title=\"Hochschule Niederrhein\" href=\"http:\/\/www.hs-niederrhein.de\/\" target=\"_blank\">Hochschule Niederrhein<\/a> und der <a title=\"FOM\" href=\"https:\/\/www.fom.de\/\" target=\"_blank\">FOM<\/a>\u00a0(bis 2015)<\/li>\n<\/ul>\n<h3>2012 \u2013 2014:\u00a0Cassini Consulting, D\u00fcsseldorf<\/h3>\n<p><em>Management Consultant, Teamleiter<\/em><\/p>\n<ul>\n<li>Leitung eines Teams von Architekturberatern<\/li>\n<li>Operative Eins\u00e4tze als Management-Berater, Software- und Enterprise-Architekt<\/li>\n<li>Verantwortlich f\u00fcr Auslastungs-, Akquise- und Kompetenzziele des Teams, Staffing von Architekturpositionen in Projekten<\/li>\n<li>Technische Projektleitung und \u2013\u00dcberwachung<\/li>\n<li>Lehrauftr\u00e4ge an\u00a0der <a title=\"Hochschule Niederrhein\" href=\"http:\/\/www.hs-niederrhein.de\/\" target=\"_blank\">Hochschule Niederrhein<\/a>\u00a0und der <a title=\"Hochschule f\u00fcr Wirtschaft und Recht, Berlin\" href=\"http:\/\/www.hwr-berlin.de\/\" target=\"_blank\">Hochschule f\u00fcr Wirtschaft und Recht, Berlin<\/a><\/li>\n<\/ul>\n<h3>\u00a02008 \u2013 2012:\u00a0Tata Consultancy Services (TCS), D\u00fcsseldorf<\/h3>\n<p><em>Abteilungsleiter Softwarearchitektur, Delivery Center D\u00fcsseldorf<\/em><\/p>\n<ul>\n<li>Leitung der Architekturabteilung des deutschlandweit t\u00e4tigen TCS Delivery Centers<\/li>\n<li>Verantwortlich f\u00fcr Auslastungs-, Akquise- und Kompetenzziele des Teams, Staffing von Architekturpositionen in Projekten<\/li>\n<li>Technische Projektleitung und \u2013\u00dcberwachung (Lenkungskreis)<\/li>\n<li>Operative Eins\u00e4tze als Software-Architekt.<\/li>\n<li>Zust\u00e4ndig f\u00fcr strategische Positionierung der Software-Architektur innerhalb von TCS in Deutschland, sowie die Kompetenzentwicklung in Technologie- und Architekturthemen<\/li>\n<li>Mitwirkung an globalen TCS-Kompetenzprogrammen im Bereich Architektur und Technologie (weltweite Schulungen, Konferenz-Reviewer)<\/li>\n<li>Koordination der Technologie-Assets wie White Papers, Referenz-Architekturen, Trainings<\/li>\n<li>Technisches Presales (Bid-Management, L\u00f6sungs-Architekturen und Aufwandssch\u00e4tzungen, Workshops, sowohl pers\u00f6nlich wie in Team-Verantwortung)<\/li>\n<li>Technisches Marketing (Vortr\u00e4ge, Publikationen, Analystengespr\u00e4che)<\/li>\n<\/ul>\n<h3>2000 \u2013 2008:\u00a0Nokia GmbH\u00a0 (ab 2007 Nokia Siemens Networks GmbH), D\u00fcsseldorf<\/h3>\n<p><em>Entwickler, Software- und Enterprise-Architekt<\/em><\/p>\n<ul>\n<li>Mitglied des Enterprise-Architektur-Teams im Gesch\u00e4ftsbereich Operations Support Systems &amp; Middleware<\/li>\n<li>Strategische Architektur-Verantwortung f\u00fcr alle Benutzeroberfl\u00e4chen und UI-Frameworks im Gesch\u00e4ftsbereich, insb. Web-Technologie<\/li>\n<li>Entwicklung der strategischen Technologie-Roadmap des Gesch\u00e4ftsbereichs in ausgew\u00e4hlten Fokusthemen (Webbasierte Nutzerschnittstellen, Modellierung, modellgetriebene Entwicklung)<\/li>\n<li>Standort\u00fcbergreifende technische Leitung von Entwicklerteams (Finnland, Deutschland, Indien)<\/li>\n<li>Kooperationsprojekte mit anderen Firmen<\/li>\n<li>Erarbeitung von Anforderungsdefinitionen und technischen Konzepten in Produktentwicklungs- und Kundenprojekten<\/li>\n<li>Chefarchitekt f\u00fcr mehrere Systemkomponenten im Nokia-Siemens-Produktportfolio (JEE, UI-Technologieen, BI, Modellgetriebene Entwicklung und Architektur)<\/li>\n<li>Spezifikation und Modellierung im Bereich Data Warehousing<\/li>\n<li>Architekt und Produktspezialist f\u00fcr ein JSP-basiertes generisches Framework zur Implementierung von Web Clients, das auch kommerziell erfolgreich vertrieben wurde<\/li>\n<li>Strategie- und Roadmap-Entscheidungen f\u00fcr die betreuten Systemkomponenten<\/li>\n<li>Kundenpr\u00e4sentationen<\/li>\n<li>Design und Implementierung von JEE-Projekten<\/li>\n<li>Entwicklung von Java- und Web-Clients sowie Web-Frameworks<\/li>\n<\/ul>\n<h3>1999 \u2013 2000:\u00a0Freiberuflicher Software-Entwickler, K\u00f6ln<\/h3>\n<ul>\n<li>Projekte im Bereich wasserwirtschaftliches Monitoring und Messdaten-Verwaltung\/Visualisierung (Smalltalk, C++, Oracle)<\/li>\n<li>Abschluss der Dissertation<\/li>\n<\/ul>\n<h3>\u00a01995 \u2013 1999:\u00a0Technische Universit\u00e4t Darmstadt<\/h3>\n<p><em>Wissenschaftlicher Mitarbeiter am Lehrstuhl f\u00fcr Ingenieurhydrologie und Wasserbewirtschaftung<\/em><\/p>\n<ul>\n<li>Implementierung von Decision-Support-Werkzeugen und Simulations-modellen f\u00fcr die wasserwirtschaftliche Planung (Smalltalk, C++, Oracle, FORTRAN)<\/li>\n<li>Dissertation auf dem Gebiet Umweltinformatik \/ Decision-Support-Systeme<\/li>\n<\/ul>\n<h3>\u00a01994:\u00a0Norwegische Technische Hochschule, Trondheim, Norwegen<\/h3>\n<p><em>Wissenschaftlicher Mitarbeiter<\/em><\/p>\n<ul>\n<li>Entwicklung einer objektorientierten Software-Architektur f\u00fcr hydrologische Simulationssysteme<\/li>\n<\/ul>\n<h3>1989 \u2013 1995:\u00a0Hydrotec GmbH, Aachen<\/h3>\n<p><em>Software-Entwickler f\u00fcr wasserwirtschaftliche Software<\/em><\/p>\n<ul>\n<li>Softwareentwicklung in den Bereichen hydrologische Modellierung und graphische Benutzungsoberfl\u00e4chen (C++, FORTRAN)<\/li>\n<\/ul>\n<h3>Ausbildung<\/h3>\n<ul>\n<li>2001:\u00a0Dissertation (Dr.-Ing.) an der TU Darmstadt<\/li>\n<li>1984 &#8211; 1992:\u00a0Studium an der RWTH Aachen,\u00a0Abschluss: Diplom-Informatiker<\/li>\n<li>1971 &#8211; 1984:\u00a0Grundschule und Gymnasium in Herzogenrath und Aachen<\/li>\n<\/ul>\n","protected":false},"excerpt":{"rendered":"<p>Ab 02\/2015: TH K\u00f6ln, Institut f\u00fcr Informatik Professor f\u00fcr Informatik, Softwaretechnik ab 10\/2014: Selbstst\u00e4ndiger\u00a0IT-Berater Management- und Architekturberater Architektur- und EAM-Schulungen Beratungsprojekte Lehrauftr\u00e4ge an der Hochschule Niederrhein und der FOM\u00a0(bis 2015) 2012 \u2013 2014:\u00a0Cassini Consulting, D\u00fcsseldorf Management Consultant, Teamleiter Leitung eines Teams von Architekturberatern Operative Eins\u00e4tze als Management-Berater, Software- und Enterprise-Architekt Verantwortlich f\u00fcr Auslastungs-, Akquise- und&#8230;  <a href=\"https:\/\/blogs.gm.fh-koeln.de\/bente\/zur-person\/\" class=\"more-link\" title=\"Read Zur Person\"><?php _e(\"Read more &raquo;\",\"wpbootstrap\"); ?><\/a><\/p>\n","protected":false},"author":39,"featured_media":0,"parent":0,"menu_order":10,"comment_status":"closed","ping_status":"closed","template":"","meta":{"_acf_changed":false,"footnotes":""},"class_list":["post-49","page","type-page","status-publish","hentry"],"acf":[],"_links":{"self":[{"href":"https:\/\/blogs.gm.fh-koeln.de\/bente\/wp-json\/wp\/v2\/pages\/49","targetHints":{"allow":["GET"]}}],"collection":[{"href":"https:\/\/blogs.gm.fh-koeln.de\/bente\/wp-json\/wp\/v2\/pages"}],"about":[{"href":"https:\/\/blogs.gm.fh-koeln.de\/bente\/wp-json\/wp\/v2\/types\/page"}],"author":[{"embeddable":true,"href":"https:\/\/blogs.gm.fh-koeln.de\/bente\/wp-json\/wp\/v2\/users\/39"}],"replies":[{"embeddable":true,"href":"https:\/\/blogs.gm.fh-koeln.de\/bente\/wp-json\/wp\/v2\/comments?post=49"}],"version-history":[{"count":16,"href":"https:\/\/blogs.gm.fh-koeln.de\/bente\/wp-json\/wp\/v2\/pages\/49\/revisions"}],"predecessor-version":[{"id":731,"href":"https:\/\/blogs.gm.fh-koeln.de\/bente\/wp-json\/wp\/v2\/pages\/49\/revisions\/731"}],"wp:attachment":[{"href":"https:\/\/blogs.gm.fh-koeln.de\/bente\/wp-json\/wp\/v2\/media?parent=49"}],"curies":[{"name":"wp","href":"https:\/\/api.w.org\/{rel}","templated":true}]}}