


{"id":1174,"date":"2017-09-05T11:47:55","date_gmt":"2017-09-05T09:47:55","guid":{"rendered":"http:\/\/blogs.gm.fh-koeln.de\/bente\/?page_id=1174"},"modified":"2018-10-04T15:57:33","modified_gmt":"2018-10-04T13:57:33","slug":"fachspezifischer-architekturentwurf-fae","status":"publish","type":"page","link":"https:\/\/blogs.gm.fh-koeln.de\/bente\/lehre\/fachspezifischer-architekturentwurf-fae\/","title":{"rendered":"Fachspezifischer Architekturentwurf (FAE)"},"content":{"rendered":"<p class=\"lead\">Fachspezifischer Architekturentwurf (FAE) ist eine Pflichtveranstaltung im Informatik Master (Software Engineering). Die Teilnehmer sollen dabei Entwurfsmethoden f\u00fcr moderne Architekturstile wie den Microservice-Ansatz m\u00f6glichst praxisnah erleben. Soweit m\u00f6glich, wird im Rahmen der Veranstaltung auch ein Proof-of-Concept erstellt, ein eigener Laptop und Programmierkenntnisse sind also notwendig.<\/p>\n<a class=\"thickbox\" href=\"http:\/\/blogs.gm.fh-koeln.de\/bente\/files\/2018\/10\/Zusammenspiel-AM-FAE-GP-Fokus-FAE.png\"><img loading=\"lazy\" decoding=\"async\" class=\"aligncenter wp-image-1615\" src=\"http:\/\/blogs.gm.fh-koeln.de\/bente\/files\/2018\/10\/Zusammenspiel-AM-FAE-GP-Fokus-FAE-300x160.png\" alt=\"\" width=\"750\" height=\"399\" srcset=\"https:\/\/blogs.gm.fh-koeln.de\/bente\/files\/2018\/10\/Zusammenspiel-AM-FAE-GP-Fokus-FAE-300x160.png 300w, https:\/\/blogs.gm.fh-koeln.de\/bente\/files\/2018\/10\/Zusammenspiel-AM-FAE-GP-Fokus-FAE-768x408.png 768w, https:\/\/blogs.gm.fh-koeln.de\/bente\/files\/2018\/10\/Zusammenspiel-AM-FAE-GP-Fokus-FAE-1024x545.png 1024w, https:\/\/blogs.gm.fh-koeln.de\/bente\/files\/2018\/10\/Zusammenspiel-AM-FAE-GP-Fokus-FAE.png 1839w\" sizes=\"auto, (max-width: 750px) 100vw, 750px\" \/><\/a>\n<p>Soweit m\u00f6glich versuche ich, Anforderungsmanagement als Beginn einer durchgehenden Reihe von Veranstaltungen zu sehen (<a href=\"http:\/\/blogs.gm.fh-koeln.de\/bente\/lehre\/anforderungsmanagement\/\">Anforderungsmanagement<\/a> =&gt; Fachspezifischer Architekturentwurf (FAE) =&gt; <a href=\"http:\/\/blogs.gm.fh-koeln.de\/bente\/lehre\/guided-projects-se\/\">Guided Projects (GP)<\/a>, siehe Abbildung), bei der ein durchgehendes Lehr-\/Forschungsprojekt\u00a0bearbeitet wird (von der Spezifikation bis zum Prototyp oder MVP). Ob das funktioniert, muss von Jahr zu Jahr entschieden werden, da es\u00a0von der Verf\u00fcgbarkeit passender Themen, Projektpartner und personeller Ressourcen abh\u00e4ngt.<\/p>\n<h2>Aktuelle Informationen<\/h2>\n<p>Die letzten Neuigkeiten zu der Veranstaltung finden Sie nachfolgend (aktuellste zuerst).<\/p>\n<div class=\"tpg-get-posts\" ><div class=\"tpg-get-posts-post\" ><div class=\"tpg-title-class\"><li><a href=\"https:\/\/blogs.gm.fh-koeln.de\/bente\/2019\/01\/27\/fae-ws-18-19-evaluierungsergebnisse\/\" >FAE (WS 18\/19): Evaluierungsergebnisse<\/a><\/li><\/div><\/div><div class=\"tpg-get-posts-post\" ><div class=\"tpg-title-class\"><li><a href=\"https:\/\/blogs.gm.fh-koeln.de\/bente\/2018\/12\/10\/fae-ws-18-19-beginn-am-14-12-und-21-12-schon-um-1100\/\" >FAE (WS 18\/19) &#8211; Beginn am 14.12. und 21.12. schon um 11:00<\/a><\/li><\/div><\/div><div class=\"tpg-get-posts-post\" ><div class=\"tpg-title-class\"><li><a href=\"https:\/\/blogs.gm.fh-koeln.de\/bente\/2018\/11\/13\/fae-ws-18-19-offener-gastvortrag-fr-16-11-um-1330-microservice-migration-in-a-brownfield-project\/\" >FAE (WS 18\/19) &#8211; Offener Gastvortrag Fr, 16.11. um 13:30: &#8222;Microservice Migration in a Brownfield Project&#8220;<\/a><\/li><\/div><\/div><div class=\"tpg-get-posts-post\" ><div class=\"tpg-title-class\"><li><a href=\"https:\/\/blogs.gm.fh-koeln.de\/bente\/2018\/11\/02\/offener-workshop-fr-2-11-18-1330-rest-von-a-z\/\" >FAE (WS 18\/19) &#8211; Offener Workshop Fr 2.11.18, 13:30: REST von A-Z<\/a><\/li><\/div><\/div><div class=\"tpg-get-posts-post\" ><div class=\"tpg-title-class\"><li><a href=\"https:\/\/blogs.gm.fh-koeln.de\/bente\/2018\/10\/08\/fae-ws18-19-einladung-an-gastdozenten-invitation-to-guest-lecturers\/\" >FAE (WS18\/19) &#8211; Einladung an Gastdozenten \/ Invitation to Guest Lecturers<\/a><\/li><\/div><\/div><div class=\"tpg-get-posts-post\" ><div class=\"tpg-title-class\"><li><a href=\"https:\/\/blogs.gm.fh-koeln.de\/bente\/2018\/10\/01\/fae-ws18-19-auftaktveranstaltung-ilias-kurs-zeitplan\/\" >FAE (WS18\/19) &#8211; Auftaktveranstaltung \/ Orga \/ Fallstudie<\/a><\/li><\/div><\/div><div class=\"tpg-get-posts-post\" ><div class=\"tpg-title-class\"><li><a href=\"https:\/\/blogs.gm.fh-koeln.de\/bente\/2017\/09\/05\/fachspezifischer-architekturentwurf-fae-ganztaegiger-kickoff-am-fr-6-10\/\" >FAE (WS17\/18) &#8211; ganzt\u00e4giger Kickoff am Fr 6.10.<\/a><\/li><\/div><\/div><\/div><!-- #tpg-get-posts -->\n","protected":false},"excerpt":{"rendered":"<p>Fachspezifischer Architekturentwurf (FAE) ist eine Pflichtveranstaltung im Informatik Master (Software Engineering). Die Teilnehmer sollen dabei Entwurfsmethoden f\u00fcr moderne Architekturstile wie den Microservice-Ansatz m\u00f6glichst praxisnah erleben. Soweit m\u00f6glich, wird im Rahmen der Veranstaltung auch ein Proof-of-Concept erstellt, ein eigener Laptop und Programmierkenntnisse sind also notwendig. Soweit m\u00f6glich versuche ich, Anforderungsmanagement als Beginn einer durchgehenden Reihe von&#8230;  <a href=\"https:\/\/blogs.gm.fh-koeln.de\/bente\/lehre\/fachspezifischer-architekturentwurf-fae\/\" class=\"more-link\" title=\"Read Fachspezifischer Architekturentwurf (FAE)\"><?php _e(\"Read more &raquo;\",\"wpbootstrap\"); ?><\/a><\/p>\n","protected":false},"author":39,"featured_media":0,"parent":55,"menu_order":0,"comment_status":"closed","ping_status":"closed","template":"","meta":{"_acf_changed":false,"footnotes":""},"class_list":["post-1174","page","type-page","status-publish","hentry"],"acf":[],"_links":{"self":[{"href":"https:\/\/blogs.gm.fh-koeln.de\/bente\/wp-json\/wp\/v2\/pages\/1174","targetHints":{"allow":["GET"]}}],"collection":[{"href":"https:\/\/blogs.gm.fh-koeln.de\/bente\/wp-json\/wp\/v2\/pages"}],"about":[{"href":"https:\/\/blogs.gm.fh-koeln.de\/bente\/wp-json\/wp\/v2\/types\/page"}],"author":[{"embeddable":true,"href":"https:\/\/blogs.gm.fh-koeln.de\/bente\/wp-json\/wp\/v2\/users\/39"}],"replies":[{"embeddable":true,"href":"https:\/\/blogs.gm.fh-koeln.de\/bente\/wp-json\/wp\/v2\/comments?post=1174"}],"version-history":[{"count":9,"href":"https:\/\/blogs.gm.fh-koeln.de\/bente\/wp-json\/wp\/v2\/pages\/1174\/revisions"}],"predecessor-version":[{"id":1619,"href":"https:\/\/blogs.gm.fh-koeln.de\/bente\/wp-json\/wp\/v2\/pages\/1174\/revisions\/1619"}],"up":[{"embeddable":true,"href":"https:\/\/blogs.gm.fh-koeln.de\/bente\/wp-json\/wp\/v2\/pages\/55"}],"wp:attachment":[{"href":"https:\/\/blogs.gm.fh-koeln.de\/bente\/wp-json\/wp\/v2\/media?parent=1174"}],"curies":[{"name":"wp","href":"https:\/\/api.w.org\/{rel}","templated":true}]}}