


{"id":7,"date":"2018-04-04T09:32:10","date_gmt":"2018-04-04T07:32:10","guid":{"rendered":"http:\/\/lwibs01.gm.fh-koeln.de\/blogs\/guenther\/?page_id=7"},"modified":"2018-04-04T15:00:50","modified_gmt":"2018-04-04T13:00:50","slug":"zur-person","status":"publish","type":"page","link":"http:\/\/blogs.gm.fh-koeln.de\/guenther\/zur-person\/","title":{"rendered":"Zur Person"},"content":{"rendered":"<h3>Etwas zur Person:<\/h3>\n<p class=\"lead\"><a class=\"thickbox\" href=\"http:\/\/blogs.gm.fh-koeln.de\/guenther\/files\/2018\/04\/IMAG3228-e1522846835116.jpg\"><img loading=\"lazy\" decoding=\"async\" class=\"aligncenter wp-image-3076 size-thumbnail\" src=\"http:\/\/blogs.gm.fh-koeln.de\/guenther\/files\/2018\/04\/IMAG3228-e1522846835116-150x150.jpg\" alt=\"\" width=\"150\" height=\"150\" srcset=\"http:\/\/blogs.gm.fh-koeln.de\/guenther\/files\/2018\/04\/IMAG3228-e1522846835116-150x150.jpg 150w, http:\/\/blogs.gm.fh-koeln.de\/guenther\/files\/2018\/04\/IMAG3228-e1522846835116-125x125.jpg 125w\" sizes=\"auto, (max-width: 150px) 100vw, 150px\" \/><\/a><\/p>\n<h3><\/h3>\n<p>1981-1993: Studium der Informatik und Promotion, RWTHAachen<br \/>\n1993: Software-Ingenieur und Berater bei sd&amp;m D\u00fcsseldorf\/Ratingen<br \/>\n1994-1995: Forschung und Entwicklung RWTH Aachen<br \/>\n1995-1999: Projektleiter und Engagement Manager, IBM Deutschland Informationssysteme GmbH, IBM Global Services<br \/>\nseit 1999: Professur f\u00fcr Angewandte Informatik an der FH K\u00f6ln und IT-Consulting<\/p>\n<h3><\/h3>\n<p>&nbsp;<\/p>\n<h3>T\u00e4tigkeitsfelder:<\/h3>\n<p><strong>IT-Consulting, IT Management<\/strong><\/p>\n<ul>\n<li>IT Service Management<\/li>\n<li>ITIL \u2013 Strategien, Kennzahlen, Umsetzung<\/li>\n<li>Service Level Management (SLM \/ SLAs)<\/li>\n<li>Prozessgestaltung zur ITIL-konformen Ausrichtung von IT Service Providern<\/li>\n<li>Outsourcing<\/li>\n<li>Business Continuity Management<\/li>\n<\/ul>\n<p><strong>Projektmanagement<\/strong><\/p>\n<ul>\n<li>Projektmanagement-Methodiken\/Vorgehensmodelle<\/li>\n<li>Management komplexer Projekte im nationalen und internationalen Umfeld<\/li>\n<li>Projektorganisation, Projektplanung, Projektkontrolle, etc.<\/li>\n<\/ul>\n<p><strong>Wirtschaftsinformatik<\/strong><\/p>\n<ul>\n<li>Informations- und Anwendungssysteme<\/li>\n<li>Informations- und kommunikationstechnische Infrastruktur<\/li>\n<li>Integration, Wissensmanagement und Entscheidungsunterst\u00fctzung<\/li>\n<li>Gestaltung und Einsatz von Informationssystemen<\/li>\n<li>Business Process Reengineering und Prozessverbesserung<\/li>\n<li>Change- und Implementierungs-Management<\/li>\n<\/ul>\n","protected":false},"excerpt":{"rendered":"<p>Etwas zur Person: 1981-1993: Studium der Informatik und Promotion, RWTHAachen 1993: Software-Ingenieur und Berater bei sd&amp;m D\u00fcsseldorf\/Ratingen 1994-1995: Forschung und Entwicklung RWTH Aachen 1995-1999: Projektleiter und Engagement Manager, IBM Deutschland Informationssysteme GmbH, IBM Global Services seit 1999: Professur f\u00fcr Angewandte Informatik an der FH K\u00f6ln und IT-Consulting &nbsp; T\u00e4tigkeitsfelder: IT-Consulting, IT Management IT Service Management&#8230;  <a href=\"http:\/\/blogs.gm.fh-koeln.de\/guenther\/zur-person\/\" class=\"more-link\" title=\"Read Zur Person\"><?php _e(\"Read more &raquo;\",\"wpbootstrap\"); ?><\/a><\/p>\n","protected":false},"author":1,"featured_media":0,"parent":0,"menu_order":1,"comment_status":"closed","ping_status":"closed","template":"","meta":{"_acf_changed":false,"footnotes":""},"class_list":["post-7","page","type-page","status-publish","hentry"],"acf":[],"_links":{"self":[{"href":"http:\/\/blogs.gm.fh-koeln.de\/guenther\/wp-json\/wp\/v2\/pages\/7","targetHints":{"allow":["GET"]}}],"collection":[{"href":"http:\/\/blogs.gm.fh-koeln.de\/guenther\/wp-json\/wp\/v2\/pages"}],"about":[{"href":"http:\/\/blogs.gm.fh-koeln.de\/guenther\/wp-json\/wp\/v2\/types\/page"}],"author":[{"embeddable":true,"href":"http:\/\/blogs.gm.fh-koeln.de\/guenther\/wp-json\/wp\/v2\/users\/1"}],"replies":[{"embeddable":true,"href":"http:\/\/blogs.gm.fh-koeln.de\/guenther\/wp-json\/wp\/v2\/comments?post=7"}],"version-history":[{"count":39,"href":"http:\/\/blogs.gm.fh-koeln.de\/guenther\/wp-json\/wp\/v2\/pages\/7\/revisions"}],"predecessor-version":[{"id":3079,"href":"http:\/\/blogs.gm.fh-koeln.de\/guenther\/wp-json\/wp\/v2\/pages\/7\/revisions\/3079"}],"wp:attachment":[{"href":"http:\/\/blogs.gm.fh-koeln.de\/guenther\/wp-json\/wp\/v2\/media?parent=7"}],"curies":[{"name":"wp","href":"https:\/\/api.w.org\/{rel}","templated":true}]}}