


{"id":57,"date":"2015-02-23T12:49:28","date_gmt":"2015-02-23T11:49:28","guid":{"rendered":"http:\/\/lwibs01.gm.fh-koeln.de\/blogs\/bente\/?page_id=57"},"modified":"2018-10-04T16:00:26","modified_gmt":"2018-10-04T14:00:26","slug":"anforderungsmanagement","status":"publish","type":"page","link":"http:\/\/blogs.gm.fh-koeln.de\/bente\/lehre\/anforderungsmanagement\/","title":{"rendered":"Anforderungsmanagement (AM)"},"content":{"rendered":"<p class=\"lead\">Die Veranstaltung\u00a0Anforderungsmanagement ist eine Pflichtveranstaltung im Master Informatik (Software Engineering).<\/p>\n<h2>Struktur und Learning Outcome<\/h2>\n<p>Die Veranstaltung verfolgt das folgende Learning Outcome:<\/p>\n<ol>\n<li>Als Anforderungsmanager oder Business Analyst\u00a0kann\u00a0ich\n<ol>\n<li>die Anforderungen an ein IT-System aus nat\u00fcrlichsprachlichen, impliziten sowie potentiell unvollst\u00e4ndigen und widerspr\u00fcchlichen Informationen ableiten,<\/li>\n<li>diese strukturiert, vollst\u00e4ndig und widerspruchsfrei beschreiben<\/li>\n<li>und sie f\u00fcr die Umsetzung priorisieren,<\/li>\n<\/ol>\n<\/li>\n<li>indem ich\u00a0die jeweils geeigneten Methoden zur Ermittlung, Dokumentation, Pr\u00fcfung und Verwaltung von Anforderungen einsetze<\/li>\n<li>so dass ich\u00a0ein externes Implementierungsteam bei der Umsetzung in ein IT-System damit anleiten kann.<\/li>\n<\/ol>\n<h4>Bestandteil 1 der Veranstaltung: Methodentrainings<\/h4>\n<ol>\n<li>8-9 Themenbl\u00f6cke zu Grundaspekte des AM<\/li>\n<li>Kurze Einf\u00fchrung durch mich, und\/oder Gastvortrag<\/li>\n<li>Die Studierenden gestalten ein (Kurz-)Trainung zu Techniken \/ Methoden\n<ol>\n<li>Kurzer einf\u00fchrender Vortrag<\/li>\n<li>Interaktive \u00dcbungen mit den Kommilitonen<\/li>\n<\/ol>\n<\/li>\n<\/ol>\n<h4>Bestandteil 2: Fallstudie &#8211; Erarbeitung eines Lastenhefts<\/h4>\n<ol>\n<li>F\u00fcr ein <strong>konkretes<\/strong> Softwareprojekt wird in Subteams eine Anforderungsspezifikation (Lastenheft) erstellt.<\/li>\n<li>mehrere Fallstudienteams, jeweils zwischen 2 und 4 Teilnehmern<\/li>\n<li>Teams bearbeiten Aspekte des Lastenhefts<\/li>\n<li>Als \u00dcbung w\u00e4hrend und au\u00dferhalb der Anwesenheitstermine<\/li>\n<\/ol>\n<a class=\"thickbox\" href=\"http:\/\/blogs.gm.fh-koeln.de\/bente\/files\/2018\/10\/Zusammenspiel-AM-FAE-GP-Fokus-AM.png\"><img loading=\"lazy\" decoding=\"async\" class=\"aligncenter wp-image-1614\" src=\"http:\/\/blogs.gm.fh-koeln.de\/bente\/files\/2018\/10\/Zusammenspiel-AM-FAE-GP-Fokus-AM-300x161.png\" alt=\"\" width=\"750\" height=\"403\" srcset=\"http:\/\/blogs.gm.fh-koeln.de\/bente\/files\/2018\/10\/Zusammenspiel-AM-FAE-GP-Fokus-AM-300x161.png 300w, http:\/\/blogs.gm.fh-koeln.de\/bente\/files\/2018\/10\/Zusammenspiel-AM-FAE-GP-Fokus-AM-768x413.png 768w, http:\/\/blogs.gm.fh-koeln.de\/bente\/files\/2018\/10\/Zusammenspiel-AM-FAE-GP-Fokus-AM-1024x550.png 1024w, http:\/\/blogs.gm.fh-koeln.de\/bente\/files\/2018\/10\/Zusammenspiel-AM-FAE-GP-Fokus-AM.png 1854w\" sizes=\"auto, (max-width: 750px) 100vw, 750px\" \/><\/a>\n<p>Soweit m\u00f6glich versuche ich, Anforderungsmanagement als Beginn einer durchgehenden Reihe von Veranstaltungen zu sehen (Anforderungsmanagement =&gt; <a href=\"http:\/\/blogs.gm.fh-koeln.de\/bente\/lehre\/fachspezifischer-architekturentwurf-fae\/\">Fachspezifischer Architekturentwurf (FAE)<\/a> =&gt; <a href=\"http:\/\/blogs.gm.fh-koeln.de\/bente\/lehre\/guided-projects-se\/\">Guided Projects (GP)<\/a>, siehe Abbildung), bei der ein durchgehendes Lehr-\/Forschungsprojekt\u00a0bearbeitet wird (von der Spezifikation bis zum Prototyp oder MVP). Ob das funktioniert, muss von Jahr zu Jahr entschieden werden, da es\u00a0von der Verf\u00fcgbarkeit passender Themen, Projektpartner und personeller Ressourcen abh\u00e4ngt.<\/p>\n<h2>Aktuelle Informationen zur Veranstaltung<\/h2>\n<p>Nachfolgend finden Sie die jeweils akutelle Informationen\u00a0zu laufenden und abgeschlossenen Semesterveranstaltungen Anforderungsmanagement (aktuellste zuerst).<\/p>\n<div class=\"tpg-get-posts\" ><div class=\"tpg-get-posts-post\" ><div class=\"tpg-title-class\"><li><a href=\"http:\/\/blogs.gm.fh-koeln.de\/bente\/2018\/09\/07\/am-ss18-lastenheft-fuer-digitale-unterstuetzungsprodukte-demenziell-veraenderter\/\" >AM (SS18): Lastenheft f\u00fcr digitale Unterst\u00fctzungsprodukte demenziell Ver\u00e4nderter<\/a><\/li><\/div><\/div><div class=\"tpg-get-posts-post\" ><div class=\"tpg-title-class\"><li><a href=\"http:\/\/blogs.gm.fh-koeln.de\/bente\/2018\/06\/08\/vortrag-beim-viadee-roundtable-zu-den-lehr-forschungsprojekten-mit-praxisbezug\/\" >Vortrag beim Viadee Roundtable zu den Lehr-\/Forschungsprojekten mit Praxisbezug<\/a><\/li><\/div><\/div><div class=\"tpg-get-posts-post\" ><div class=\"tpg-title-class\"><li><a href=\"http:\/\/blogs.gm.fh-koeln.de\/bente\/2017\/02\/09\/qq-projekt-anforderungen-fuer-das-fallstudien-modul-von-archilab\/\" >ST: QQ-Projekt &#8222;Anforderungen f\u00fcr das Fallstudien-Modul von ArchiLab&#8220;<\/a><\/li><\/div><\/div><\/div><!-- #tpg-get-posts -->\n","protected":false},"excerpt":{"rendered":"<p>Die Veranstaltung\u00a0Anforderungsmanagement ist eine Pflichtveranstaltung im Master Informatik (Software Engineering). Struktur und Learning Outcome Die Veranstaltung verfolgt das folgende Learning Outcome: Als Anforderungsmanager oder Business Analyst\u00a0kann\u00a0ich die Anforderungen an ein IT-System aus nat\u00fcrlichsprachlichen, impliziten sowie potentiell unvollst\u00e4ndigen und widerspr\u00fcchlichen Informationen ableiten, diese strukturiert, vollst\u00e4ndig und widerspruchsfrei beschreiben und sie f\u00fcr die Umsetzung priorisieren, indem ich\u00a0die&#8230;  <a href=\"http:\/\/blogs.gm.fh-koeln.de\/bente\/lehre\/anforderungsmanagement\/\" class=\"more-link\" title=\"Read Anforderungsmanagement (AM)\"><?php _e(\"Read more &raquo;\",\"wpbootstrap\"); ?><\/a><\/p>\n","protected":false},"author":39,"featured_media":0,"parent":55,"menu_order":1,"comment_status":"closed","ping_status":"closed","template":"","meta":{"_acf_changed":false,"footnotes":""},"class_list":["post-57","page","type-page","status-publish","hentry"],"acf":[],"_links":{"self":[{"href":"http:\/\/blogs.gm.fh-koeln.de\/bente\/wp-json\/wp\/v2\/pages\/57","targetHints":{"allow":["GET"]}}],"collection":[{"href":"http:\/\/blogs.gm.fh-koeln.de\/bente\/wp-json\/wp\/v2\/pages"}],"about":[{"href":"http:\/\/blogs.gm.fh-koeln.de\/bente\/wp-json\/wp\/v2\/types\/page"}],"author":[{"embeddable":true,"href":"http:\/\/blogs.gm.fh-koeln.de\/bente\/wp-json\/wp\/v2\/users\/39"}],"replies":[{"embeddable":true,"href":"http:\/\/blogs.gm.fh-koeln.de\/bente\/wp-json\/wp\/v2\/comments?post=57"}],"version-history":[{"count":12,"href":"http:\/\/blogs.gm.fh-koeln.de\/bente\/wp-json\/wp\/v2\/pages\/57\/revisions"}],"predecessor-version":[{"id":1620,"href":"http:\/\/blogs.gm.fh-koeln.de\/bente\/wp-json\/wp\/v2\/pages\/57\/revisions\/1620"}],"up":[{"embeddable":true,"href":"http:\/\/blogs.gm.fh-koeln.de\/bente\/wp-json\/wp\/v2\/pages\/55"}],"wp:attachment":[{"href":"http:\/\/blogs.gm.fh-koeln.de\/bente\/wp-json\/wp\/v2\/media?parent=57"}],"curies":[{"name":"wp","href":"https:\/\/api.w.org\/{rel}","templated":true}]}}