


{"id":547,"date":"2015-12-19T11:36:24","date_gmt":"2015-12-19T10:36:24","guid":{"rendered":"http:\/\/lwibs01.gm.fh-koeln.de\/blogs\/bente\/?page_id=547"},"modified":"2019-04-23T16:44:01","modified_gmt":"2019-04-23T14:44:01","slug":"guided-projects-se","status":"publish","type":"page","link":"http:\/\/blogs.gm.fh-koeln.de\/bente\/lehre\/guided-projects-se\/","title":{"rendered":"Guided Projects"},"content":{"rendered":"<h2>Was sind Guided Projects?<\/h2>\n<p class=\"lead\">Guided Projects (GP) im Informatik Master sind deutsch- oder englischsprachige, intensiv betreute Projektarbeiten in studentischen Teams. Durch praxisnahe Aufgabenstellungen k\u00f6nnen die Studierenden\u00a0Probleml\u00f6sungskompetenz, Selbstmanagementf\u00e4higkeit, Teamkompetenz sowie der F\u00e4higkeit zum eigenst\u00e4ndigen wissenschaftlich fundierten Arbeiten ein\u00fcben.<\/p>\n<h3>Organisation<\/h3>\n<p>Der Studienplan sieht vor, dass jeder Studierende zwei GP vom Typ B sowie eins vom Typ A absolviert. Der fachliche Teil wird\u00a0bei Typ A und B mit 8 CP gewichtet. Bei Typ A kommt noch ein eigenst\u00e4ndig betreutes <em>Prozessbegleitungs-Modul<\/em>\u00a0hinzu, in dem individuelle und Teamkompetenzen gezielt\u00a0untersucht und gef\u00f6rdert werden.<\/p>\n<p><em>Guided Projects (GP) in Computer Science Master\u00a0are intensively supervised projects with 8 or 14 CP. GP focusing on Information Systems topics are usually held in English.<\/em><\/p>\n<p>In der Fachgruppe ArchiLab setzen wir unsere Guided Projects <strong>in aller Regel als agile Projekte<\/strong> um. Agiles Arbeiten und die Hochschulrealit\u00e4t passen nicht ohne Weiteres zusammen &#8211; hierf\u00fcr haben wir ein <a href=\"http:\/\/blogs.gm.fh-koeln.de\/bente\/2016\/07\/27\/lehrkonzept-agile-guided-projects-mit-fokus-software-engineering\/\">Lehrkonzept f\u00fcr agile Hochschulprojekte<\/a> entwickelt, zu dem es auch eine <a href=\"http:\/\/blogs.gm.fh-koeln.de\/bente\/2016\/09\/30\/masterarbeit-agilelab-ein-konzept-zum-lehren-und-lernen-agiler-methodik-im-hochschulkontext\/\">Masterarbeit<\/a> gibt. Sinnvolle Teamgr\u00f6\u00dfen sind 3-5 Studierende. Wenn ein GP mehr Teilnehmer hat (GP-Teilnehmerzahlen k\u00f6nnen zwischen 2 und ca. 12 variieren), bilden wir Teilteams.<\/p>\n<p>Die Arbeitslast von 8 CP \u00fcbersetzt sich in 240h oder 30 Arbeitstage. Wenn man Zeit f\u00fcr Kickoff, Dokumentation und Abschlusspr\u00e4sentation abzieht, hat sich eine \u201eSemi-Blockstruktur&#8220; am Anfang des Semesters (also direkt am 1.3. oder am 1.9. beginnend), wo die Studierenden jeweils <strong>3 Tage pro Woche am St\u00fcck und am gleichen Ort (in unseren R\u00e4umen) arbeiten<\/strong>. Je nach Projekt ergibt dies 6-8 nutzbare Arbeitswochen (zu jeweils 3 Arbeitstagen).<\/p>\n<h3>Verkn\u00fcpfung der Guided Projects mit anderen Veranstaltungen im Master<\/h3>\n<p>GPs stehen in der Regel f\u00fcr sich allein. Sie k\u00f6nnen aber auch l\u00e4ngerlaufende Projekte fortsetzen, die als Fallstudie in vorangegangen Veranstaltungen begonnen wurden.<\/p>\n<p>&nbsp;<\/p>\n<a class=\"thickbox\" href=\"http:\/\/blogs.gm.fh-koeln.de\/bente\/files\/2018\/10\/Zusammenspiel-AM-FAE-GP-Fokus-GP.png\"><img loading=\"lazy\" decoding=\"async\" class=\"aligncenter wp-image-1616\" src=\"http:\/\/blogs.gm.fh-koeln.de\/bente\/files\/2018\/10\/Zusammenspiel-AM-FAE-GP-Fokus-GP-300x162.png\" alt=\"\" width=\"750\" height=\"404\" srcset=\"http:\/\/blogs.gm.fh-koeln.de\/bente\/files\/2018\/10\/Zusammenspiel-AM-FAE-GP-Fokus-GP-300x162.png 300w, http:\/\/blogs.gm.fh-koeln.de\/bente\/files\/2018\/10\/Zusammenspiel-AM-FAE-GP-Fokus-GP-768x414.png 768w, http:\/\/blogs.gm.fh-koeln.de\/bente\/files\/2018\/10\/Zusammenspiel-AM-FAE-GP-Fokus-GP-1024x551.png 1024w, http:\/\/blogs.gm.fh-koeln.de\/bente\/files\/2018\/10\/Zusammenspiel-AM-FAE-GP-Fokus-GP.png 1829w\" sizes=\"auto, (max-width: 750px) 100vw, 750px\" \/><\/a>\n<p>Soweit m\u00f6glich versuche ich, Anforderungsmanagement als Beginn einer durchgehenden Reihe von Veranstaltungen zu sehen (<a href=\"http:\/\/blogs.gm.fh-koeln.de\/bente\/lehre\/anforderungsmanagement\/\">Anforderungsmanagement<\/a> =&gt; <a href=\"http:\/\/blogs.gm.fh-koeln.de\/bente\/lehre\/fachspezifischer-architekturentwurf-fae\/\">Fachspezifischer Architekturentwurf (FAE)<\/a> =&gt; Guided Projects (GP), siehe Abbildung), bei der ein durchgehendes Lehr-\/Forschungsprojekt\u00a0bearbeitet wird (von der Spezifikation bis zum Prototyp oder MVP). Ob das funktioniert, muss von Jahr zu Jahr entschieden werden, da es\u00a0von der Verf\u00fcgbarkeit passender Themen, Projektpartner und personeller Ressourcen abh\u00e4ngt.<\/p>\n<h3>Aktuelle Informationen<\/h3>\n<p>Informationen\u00a0zu laufenden und abgeschlossenen Guided Projects finden Sie nachfolgend (aktuellste zuerst).<\/p>\n<p><em>For informationen on currently running, planned, and finished GP on EAM topics see the following list (most current post first).<\/em><\/p>\n<div class=\"tpg-get-posts\" ><div class=\"tpg-get-posts-post\" ><div class=\"tpg-title-class\"><li><a href=\"http:\/\/blogs.gm.fh-koeln.de\/bente\/2019\/07\/12\/guided-project-presentation-day-am-19-7-19\/\" >Guided Project Presentation Day am 19.7.19<\/a><\/li><\/div><\/div><div class=\"tpg-get-posts-post\" ><div class=\"tpg-title-class\"><li><a href=\"http:\/\/blogs.gm.fh-koeln.de\/bente\/2018\/09\/25\/guided-project-presentation-day-am-05-10-18\/\" >Guided Project Presentation Day am 05.10.18<\/a><\/li><\/div><\/div><div class=\"tpg-get-posts-post\" ><div class=\"tpg-title-class\"><li><a href=\"http:\/\/blogs.gm.fh-koeln.de\/bente\/2018\/07\/24\/guided-projects-ws18-19-proposals-are-out\/\" >Guided Projects WS18\/19: Proposals are out<\/a><\/li><\/div><\/div><div class=\"tpg-get-posts-post\" ><div class=\"tpg-title-class\"><li><a href=\"http:\/\/blogs.gm.fh-koeln.de\/bente\/2018\/07\/20\/guided-project-presentation-day-am-27-7-18\/\" >Guided Project Presentation Day am 27.7.18<\/a><\/li><\/div><\/div><div class=\"tpg-get-posts-post\" ><div class=\"tpg-title-class\"><li><a href=\"http:\/\/blogs.gm.fh-koeln.de\/bente\/2018\/02\/14\/guided-project-presentation-days\/\" >Guided Project Presentation Days 16.2. \/ 23.3.18<\/a><\/li><\/div><\/div><\/div><!-- #tpg-get-posts -->\n<p>&nbsp;<\/p>\n<p><a href=\"http:\/\/blogs.gm.fh-koeln.de\/bente\/vollstaendige-liste-der-allgemeinen-informationen-zu-guided-projects\/\"><em>(vollst\u00e4ndige Liste)<\/em><\/a><\/p>\n<h3>Von mir angebotene Guided Projects<\/h3>\n<p>Pro Semester biete ich zusammen mit meinen Mitarbeitern in der Fachgruppe ArchiLab \u00fcblicherweise ein bis zwei Guided Projects an. Nachfolgend sehen Sie die entsprechenden Kurzschreibungen \/ Aktualisierungen dazu (neueste zuerst).<\/p>\n<div class=\"tpg-get-posts\" ><div class=\"tpg-get-posts-post\" ><div class=\"tpg-title-class\"><li><a href=\"http:\/\/blogs.gm.fh-koeln.de\/bente\/2019\/02\/12\/gp-ss19_b06-jetzt-live-projektboerse-campus-gummersbach-als-minimum-viable-product-mvp\/\" >GP SS19_B06: Jetzt live \u2013 Projektb\u00f6rse Campus Gummersbach als Minimum Viable Product (MVP)<\/a><\/li><\/div><\/div><div class=\"tpg-get-posts-post\" ><div class=\"tpg-title-class\"><li><a href=\"http:\/\/blogs.gm.fh-koeln.de\/bente\/2018\/07\/12\/ws18_b06-chatbot-as-a-service-mittels-rasa-ai\/\" >GP WS18_B06: ChatBot-as-a-Service mittels rasa.ai<\/a><\/li><\/div><\/div><div class=\"tpg-get-posts-post\" ><div class=\"tpg-title-class\"><li><a href=\"http:\/\/blogs.gm.fh-koeln.de\/bente\/2018\/07\/12\/gp-ws18_a03-weiterentwicklung-der-projektboerse-campus-gummersbach-als-microservice-architektur\/\" >GP WS18_A03: Weiterentwicklung der Projektb\u00f6rse Campus Gummersbach als Microservice-Architektur<\/a><\/li><\/div><\/div><div class=\"tpg-get-posts-post\" ><div class=\"tpg-title-class\"><li><a href=\"http:\/\/blogs.gm.fh-koeln.de\/bente\/2018\/02\/12\/gp-ss18_b02-das-th-koeln-techradar\/\" >GP SS18_B02: Das TH-K\u00f6ln-TechRadar<\/a><\/li><\/div><\/div><div class=\"tpg-get-posts-post\" ><div class=\"tpg-title-class\"><li><a href=\"http:\/\/blogs.gm.fh-koeln.de\/bente\/2018\/02\/12\/gp-ss18_a02-architektur-blueprint-fuer-microservice-landschaften-am-beispiel-projektboerse-campus-gummersbach\/\" >GP SS18_A02: Architektur-Blueprint f\u00fcr Microservice-Landschaften (am Beispiel Projektb\u00f6rse Campus Gummersbach)<\/a><\/li><\/div><\/div><div class=\"tpg-get-posts-post\" ><div class=\"tpg-title-class\"><li><a href=\"http:\/\/blogs.gm.fh-koeln.de\/bente\/2017\/11\/04\/webinar-rapid-iot-prototyping-am-praxisbeispiel-einer-versicherung\/\" >GP SS17_B05\/06: Webinar Bente &amp; B\u00f6hmer zu &#8222;Rapid IoT Prototyping am Praxisbeispiel einer Versicherung&#8220;<\/a><\/li><\/div><\/div><div class=\"tpg-get-posts-post\" ><div class=\"tpg-title-class\"><li><a href=\"http:\/\/blogs.gm.fh-koeln.de\/bente\/2017\/09\/15\/gp-ss17_b06-iot-im-versicherungsumfeld-ergebnis-videos\/\" >GP SS17_B06 \u201eIoT im Versicherungsumfeld\u201c: Ergebnis-Videos<\/a><\/li><\/div><\/div><div class=\"tpg-get-posts-post\" ><div class=\"tpg-title-class\"><li><a href=\"http:\/\/blogs.gm.fh-koeln.de\/bente\/2017\/07\/12\/gp-ws17_a02-proof-of-concept-for-smart-contracts-based-on-blockchain\/\" >GP WS17_A02: Proof-of-Concept for Smart Contracts Based on Blockchain<\/a><\/li><\/div><\/div><div class=\"tpg-get-posts-post\" ><div class=\"tpg-title-class\"><li><a href=\"http:\/\/blogs.gm.fh-koeln.de\/bente\/2017\/05\/17\/gp-b-iot-im-versicherungsumfeld-als-verbundprojekt\/\" >GP SS17_B05\/06 &#8222;IoT im Versicherungsumfeld&#8220; (als Verbundprojekt) &#8211; Projektbeschreibung und erste Ergebnisse<\/a><\/li><\/div><\/div><div class=\"tpg-get-posts-post\" ><div class=\"tpg-title-class\"><li><a href=\"http:\/\/blogs.gm.fh-koeln.de\/bente\/2017\/03\/20\/gp-ws16_a02-agile-entwicklung-einer-microservice-architektur-abschlussbericht\/\" >GP WS16_A02 &#8222;Agile Entwicklung einer Microservice-Architektur&#8220; &#8211; Abschlussbericht<\/a><\/li><\/div><\/div><div class=\"tpg-get-posts-post\" ><div class=\"tpg-title-class\"><li><a href=\"http:\/\/blogs.gm.fh-koeln.de\/bente\/2016\/09\/02\/gp-a-agile-entwicklung-einer-microservice-architektur-ws16\/\" >GP WS16_A02 &#8222;Agile Entwicklung einer Microservice-Architektur&#8220; &#8211; Projektbeschreibung<\/a><\/li><\/div><\/div><div class=\"tpg-get-posts-post\" ><div class=\"tpg-title-class\"><li><a href=\"http:\/\/blogs.gm.fh-koeln.de\/bente\/2016\/07\/31\/gp-ss16_b9-microservice-architektur-fuer-webbasierte-enterprise-anwendungen-abschlussbericht\/\" >GP SS16_B9 &#8222;Microservice-Architektur f\u00fcr webbasierte Enterprise-Anwendungen&#8220; &#8211; Abschlussbericht<\/a><\/li><\/div><\/div><div class=\"tpg-get-posts-post\" ><div class=\"tpg-title-class\"><li><a href=\"http:\/\/blogs.gm.fh-koeln.de\/bente\/2016\/04\/02\/microservice-architektur-fuer-webbasierte-enterprise-anwendungen-ss16\/\" >GP SS16_B9 &#8222;Microservice-Architektur f\u00fcr webbasierte Enterprise-Anwendungen&#8220; &#8211; Projektbeschreibung<\/a><\/li><\/div><\/div><div class=\"tpg-get-posts-post\" ><div class=\"tpg-title-class\"><li><a href=\"http:\/\/blogs.gm.fh-koeln.de\/bente\/2016\/04\/01\/gp-ss16_b1-assessment-tools-in-eam-consulting-project-description\/\" >GP SS16_B1 &#8222;Assessment Tools in EAM Consulting&#8220; &#8211; Project Description<\/a><\/li><\/div><\/div><div class=\"tpg-get-posts-post\" ><div class=\"tpg-title-class\"><li><a href=\"http:\/\/blogs.gm.fh-koeln.de\/bente\/2016\/03\/27\/abschlussbericht-des-gp-agiler-poc-oasp4js-verfuegbar\/\" >GP WS15_A2: &#8222;Agiler PoC AngularJS&#8220; &#8211; Abschlussbericht verf\u00fcgbar<\/a><\/li><\/div><\/div><div class=\"tpg-get-posts-post\" ><div class=\"tpg-title-class\"><li><a href=\"http:\/\/blogs.gm.fh-koeln.de\/bente\/2016\/03\/20\/final-report-a-domain-specific-language-for-eam-entities-and-views-available\/\" >GP WS15_B2 &#8222;DSL EAM views&#8220; &#8211; Final Report available<\/a><\/li><\/div><\/div><div class=\"tpg-get-posts-post\" ><div class=\"tpg-title-class\"><li><a href=\"http:\/\/blogs.gm.fh-koeln.de\/bente\/2016\/02\/23\/webcast-entwicklung-von-angularjs-applikationen-fuer-poweruser\/\" >GP WS15_A2: \u201cAgiler PoC AngularJS\u201d \u2013 Webcast: &#8222;Entwicklung von AngularJS-Applikationen f\u00fcr Poweruser&#8220;<\/a><\/li><\/div><\/div><div class=\"tpg-get-posts-post\" ><div class=\"tpg-title-class\"><li><a href=\"http:\/\/blogs.gm.fh-koeln.de\/bente\/2016\/01\/07\/experteninterviews-im-rahmen-des-guided-project-a-dsl-for-eam-views-and-entities\/\" >GP WS15_B2 &#8222;DSL EAM views&#8220; &#8211; Experteninterviews<\/a><\/li><\/div><\/div><div class=\"tpg-get-posts-post\" ><div class=\"tpg-title-class\"><li><a href=\"http:\/\/blogs.gm.fh-koeln.de\/bente\/2015\/12\/19\/feedback-erhebung-zu-gp-a-agiler-poc-oasp4js\/\" >GP WS15_A2: &#8222;Agiler PoC AngularJS&#8220; &#8211; Ergebnisse der Feedback-Erhebung<\/a><\/li><\/div><\/div><div class=\"tpg-get-posts-post\" ><div class=\"tpg-title-class\"><li><a href=\"http:\/\/blogs.gm.fh-koeln.de\/bente\/2015\/09\/02\/agiles-gp-a-agiler-proof-of-concept-zur-evaluierung-von-angularjs-im-professionellen-software-projekteinsatz\/\" >GP WS15_A2: &#8222;Agiler PoC AngularJS&#8220; &#8211; Projektbeschreibung<\/a><\/li><\/div><\/div><div class=\"tpg-get-posts-post\" ><div class=\"tpg-title-class\"><li><a href=\"http:\/\/blogs.gm.fh-koeln.de\/bente\/2015\/09\/01\/gp-b-a-domain-specific-language-dsl-for-eam-views-and-entities\/\" >GP SS15_B9 &#8222;Editor for EAM Metamodels&#8220; &#8211; Project Description<\/a><\/li><\/div><\/div><\/div><!-- #tpg-get-posts -->\n<p>&nbsp;<\/p>\n","protected":false},"excerpt":{"rendered":"<p>Was sind Guided Projects? Guided Projects (GP) im Informatik Master sind deutsch- oder englischsprachige, intensiv betreute Projektarbeiten in studentischen Teams. Durch praxisnahe Aufgabenstellungen k\u00f6nnen die Studierenden\u00a0Probleml\u00f6sungskompetenz, Selbstmanagementf\u00e4higkeit, Teamkompetenz sowie der F\u00e4higkeit zum eigenst\u00e4ndigen wissenschaftlich fundierten Arbeiten ein\u00fcben. Organisation Der Studienplan sieht vor, dass jeder Studierende zwei GP vom Typ B sowie eins vom Typ A&#8230;  <a href=\"http:\/\/blogs.gm.fh-koeln.de\/bente\/lehre\/guided-projects-se\/\" class=\"more-link\" title=\"Read Guided Projects\"><?php _e(\"Read more &raquo;\",\"wpbootstrap\"); ?><\/a><\/p>\n","protected":false},"author":39,"featured_media":0,"parent":55,"menu_order":0,"comment_status":"closed","ping_status":"closed","template":"","meta":{"_acf_changed":false,"footnotes":""},"class_list":["post-547","page","type-page","status-publish","hentry"],"acf":[],"_links":{"self":[{"href":"http:\/\/blogs.gm.fh-koeln.de\/bente\/wp-json\/wp\/v2\/pages\/547","targetHints":{"allow":["GET"]}}],"collection":[{"href":"http:\/\/blogs.gm.fh-koeln.de\/bente\/wp-json\/wp\/v2\/pages"}],"about":[{"href":"http:\/\/blogs.gm.fh-koeln.de\/bente\/wp-json\/wp\/v2\/types\/page"}],"author":[{"embeddable":true,"href":"http:\/\/blogs.gm.fh-koeln.de\/bente\/wp-json\/wp\/v2\/users\/39"}],"replies":[{"embeddable":true,"href":"http:\/\/blogs.gm.fh-koeln.de\/bente\/wp-json\/wp\/v2\/comments?post=547"}],"version-history":[{"count":29,"href":"http:\/\/blogs.gm.fh-koeln.de\/bente\/wp-json\/wp\/v2\/pages\/547\/revisions"}],"predecessor-version":[{"id":1732,"href":"http:\/\/blogs.gm.fh-koeln.de\/bente\/wp-json\/wp\/v2\/pages\/547\/revisions\/1732"}],"up":[{"embeddable":true,"href":"http:\/\/blogs.gm.fh-koeln.de\/bente\/wp-json\/wp\/v2\/pages\/55"}],"wp:attachment":[{"href":"http:\/\/blogs.gm.fh-koeln.de\/bente\/wp-json\/wp\/v2\/media?parent=547"}],"curies":[{"name":"wp","href":"https:\/\/api.w.org\/{rel}","templated":true}]}}