


{"id":1505,"date":"2018-10-03T13:17:03","date_gmt":"2018-10-03T11:17:03","guid":{"rendered":"http:\/\/blogs.gm.fh-koeln.de\/bente\/?page_id=1505"},"modified":"2018-10-03T13:43:35","modified_gmt":"2018-10-03T11:43:35","slug":"vollstaendige-liste-der-allgemeinen-informationen-zu-guided-projects","status":"publish","type":"page","link":"http:\/\/blogs.gm.fh-koeln.de\/bente\/vollstaendige-liste-der-allgemeinen-informationen-zu-guided-projects\/","title":{"rendered":"Vollst\u00e4ndige Liste der allgemeinen Informationen zu Guided Projects"},"content":{"rendered":"<div class=\"tpg-get-posts\" ><div class=\"tpg-get-posts-post\" ><div class=\"tpg-title-class\"><h4><a href=\"http:\/\/blogs.gm.fh-koeln.de\/bente\/2019\/07\/12\/guided-project-presentation-day-am-19-7-19\/\" >Guided Project Presentation Day am 19.7.19<\/a><\/h4><\/div><div class=\"tpg-content-class\"><a href=\"http:\/\/blogs.gm.fh-koeln.de\/bente\/2019\/07\/12\/guided-project-presentation-day-am-19-7-19\/\"><\/p>\n<div class=\"tpg-thumbnail-class\"><\/div>\n<p class=\"lead\"><\/a>Am Freitag, 19.7.19 von 9:00 bis 18:00, findet wieder ein\u00a0Guided Project Presentation Day am Campus Gummersbach (Raum 0503, Ferchau-Geb\u00e4ude) statt. Der Tag steht allen Interessierten innerhalb und au\u00dferhalb der Hochschule offen. Eine Anmeldung ist nicht n\u00f6tig.<\/div>\n<\/div><div class=\"tpg-get-posts-post\" ><div class=\"tpg-title-class\"><h4><a href=\"http:\/\/blogs.gm.fh-koeln.de\/bente\/2018\/09\/25\/guided-project-presentation-day-am-05-10-18\/\" >Guided Project Presentation Day am 05.10.18<\/a><\/h4><\/div><div class=\"tpg-content-class\"><a href=\"http:\/\/blogs.gm.fh-koeln.de\/bente\/2018\/09\/25\/guided-project-presentation-day-am-05-10-18\/\"><\/p>\n<div class=\"tpg-thumbnail-class\"><\/div>\n<p class=\"lead\"><\/a><\/p>\n<p class=\"tpg-excerpt-class tpg-get-posts-excerpt\">Am Freitag, 05.10.18 von 9:00 bis 12:15, findet wieder ein\u00a0Guided Project Presentation Day am Campus Gummersbach (Raum 0503, Ferchau-Geb\u00e4ude) statt. Der Tag steht allen Interessierten innerhalb und au\u00dferhalb der Hochschule offen. Eine Anmeldung ist nicht n\u00f6tig.<\/p>\n<\/div>\n<\/div><div class=\"tpg-get-posts-post\" ><div class=\"tpg-title-class\"><h4><a href=\"http:\/\/blogs.gm.fh-koeln.de\/bente\/2018\/07\/24\/guided-projects-ws18-19-proposals-are-out\/\" >Guided Projects WS18\/19: Proposals are out<\/a><\/h4><\/div><div class=\"tpg-content-class\"><a href=\"http:\/\/blogs.gm.fh-koeln.de\/bente\/2018\/07\/24\/guided-projects-ws18-19-proposals-are-out\/\"><\/p>\n<div class=\"tpg-thumbnail-class\"><\/div>\n<p class=\"lead\"><\/a><\/p>\n<p class=\"tpg-excerpt-class tpg-get-posts-excerpt\">The Guided Project proposals for the Master Computer Science are out. <\/p>\n<\/div>\n<\/div><div class=\"tpg-get-posts-post\" ><div class=\"tpg-title-class\"><h4><a href=\"http:\/\/blogs.gm.fh-koeln.de\/bente\/2018\/07\/20\/guided-project-presentation-day-am-27-7-18\/\" >Guided Project Presentation Day am 27.7.18<\/a><\/h4><\/div><div class=\"tpg-content-class\"><a href=\"http:\/\/blogs.gm.fh-koeln.de\/bente\/2018\/07\/20\/guided-project-presentation-day-am-27-7-18\/\"><\/p>\n<div class=\"tpg-thumbnail-class\"><\/div>\n<p class=\"lead\"><\/a><\/p>\n<p class=\"tpg-excerpt-class tpg-get-posts-excerpt\">Am Freitag, 27.07.2017 von 9:00 bis 18:00, findet wieder ein\u00a0Guided Project Presentation Day am Campus Gummersbach (Raum 0503, Ferchau-Geb\u00e4ude) statt. Der Tag steht allen Interessierten innerhalb und au\u00dferhalb der Hochschule offen. Eine Anmeldung ist nicht n\u00f6tig.<\/p>\n<\/div>\n<\/div><div class=\"tpg-get-posts-post\" ><div class=\"tpg-title-class\"><h4><a href=\"http:\/\/blogs.gm.fh-koeln.de\/bente\/2018\/02\/14\/guided-project-presentation-days\/\" >Guided Project Presentation Days 16.2. \/ 23.3.18<\/a><\/h4><\/div><div class=\"tpg-content-class\"><a href=\"http:\/\/blogs.gm.fh-koeln.de\/bente\/2018\/02\/14\/guided-project-presentation-days\/\"><\/p>\n<div class=\"tpg-thumbnail-class\"><\/div>\n<p class=\"lead\"><\/a><\/p>\n<p class=\"tpg-excerpt-class tpg-get-posts-excerpt\">Am\u00a016.2. \/ 23.3.18 gibt es wieder\u00a0Guided Project Presentation Days in Raum 0503.<\/p>\n<\/div>\n<\/div><div class=\"tpg-get-posts-post\" ><div class=\"tpg-title-class\"><h4><a href=\"http:\/\/blogs.gm.fh-koeln.de\/bente\/2017\/07\/27\/guided-project-procedure-for-scientific-writing\/\" >Guided Project Type A: Procedure for Scientific Writing<\/a><\/h4><\/div><div class=\"tpg-content-class\"><a href=\"http:\/\/blogs.gm.fh-koeln.de\/bente\/2017\/07\/27\/guided-project-procedure-for-scientific-writing\/\"><\/p>\n<div class=\"tpg-thumbnail-class\"><\/div>\n<p class=\"lead\"><\/a><\/p>\n<p class=\"tpg-excerpt-class tpg-get-posts-excerpt\">Procedure information for taking the Scientific Writing exam for Guided Project A participants \/ Verfahren f\u00fcr die Scientific-Writing-Pr\u00fcfung f\u00fcr GP-A-Teilnehmer<\/p>\n<\/div>\n<\/div><div class=\"tpg-get-posts-post\" ><div class=\"tpg-title-class\"><h4><a href=\"http:\/\/blogs.gm.fh-koeln.de\/bente\/2017\/07\/18\/guided-projects-ws-1718-proposals-are-out\/\" >Guided Projects WS 17\/18: Proposals are out<\/a><\/h4><\/div><div class=\"tpg-content-class\"><a href=\"http:\/\/blogs.gm.fh-koeln.de\/bente\/2017\/07\/18\/guided-projects-ws-1718-proposals-are-out\/\"><\/p>\n<div class=\"tpg-thumbnail-class\"><\/div>\n<p class=\"lead\"><\/a>Proposals for the Guided Projects in WS 17\/18 are out:\u00a0<a href=\"https:\/\/ilias.th-koeln.de\/goto.php?target=file_986471_download&amp;client_id=ILIAS_FH_Koeln\">https:\/\/ilias.th-koeln.de\/goto.php?target=file_986471_download&amp;client_id=ILIAS_FH_Koeln<\/a><\/div>\n<\/div><div class=\"tpg-get-posts-post\" ><div class=\"tpg-title-class\"><h4><a href=\"http:\/\/blogs.gm.fh-koeln.de\/bente\/2017\/07\/17\/guided-projects-ss2017-presentation-dates\/\" >Guided Projects SS2017: Presentation Dates<\/a><\/h4><\/div><div class=\"tpg-content-class\"><a href=\"http:\/\/blogs.gm.fh-koeln.de\/bente\/2017\/07\/17\/guided-projects-ss2017-presentation-dates\/\"><\/p>\n<div class=\"tpg-thumbnail-class\"><\/div>\n<p class=\"lead\"><\/a><\/p>\n<p class=\"tpg-excerpt-class tpg-get-posts-excerpt\">Here is the schedule of Guided Project presentations coming up this summer.<\/p>\n<\/div>\n<\/div><div class=\"tpg-get-posts-post\" ><div class=\"tpg-title-class\"><h4><a href=\"http:\/\/blogs.gm.fh-koeln.de\/bente\/2016\/02\/23\/webcast-entwicklung-von-angularjs-applikationen-fuer-poweruser\/\" >GP WS15_A2: \u201cAgiler PoC AngularJS\u201d \u2013 Webcast: &#8222;Entwicklung von AngularJS-Applikationen f\u00fcr Poweruser&#8220;<\/a><\/h4><\/div><div class=\"tpg-content-class\"><a href=\"http:\/\/blogs.gm.fh-koeln.de\/bente\/2016\/02\/23\/webcast-entwicklung-von-angularjs-applikationen-fuer-poweruser\/\"><\/p>\n<div class=\"tpg-thumbnail-class\"><\/div>\n<p class=\"lead\"><\/a><\/p>\n<p class=\"tpg-excerpt-class tpg-get-posts-excerpt\">Im Rahmen des Guided Project &#8222;Agiler PoC OASP4JS&#8220; hat Igor Lino, Entwickler bei der Firma ControlExpert, einen Webcast zum Thema &#8222;Entwicklung von AngularJS-Applikationen f\u00fcr Poweruser&#8220; gehalten.<\/p>\n<\/div>\n<\/div><\/div><!-- #tpg-get-posts -->\n","protected":false},"excerpt":{"rendered":"","protected":false},"author":39,"featured_media":0,"parent":0,"menu_order":0,"comment_status":"closed","ping_status":"closed","template":"","meta":{"_acf_changed":false,"footnotes":""},"class_list":["post-1505","page","type-page","status-publish","hentry"],"acf":[],"_links":{"self":[{"href":"http:\/\/blogs.gm.fh-koeln.de\/bente\/wp-json\/wp\/v2\/pages\/1505","targetHints":{"allow":["GET"]}}],"collection":[{"href":"http:\/\/blogs.gm.fh-koeln.de\/bente\/wp-json\/wp\/v2\/pages"}],"about":[{"href":"http:\/\/blogs.gm.fh-koeln.de\/bente\/wp-json\/wp\/v2\/types\/page"}],"author":[{"embeddable":true,"href":"http:\/\/blogs.gm.fh-koeln.de\/bente\/wp-json\/wp\/v2\/users\/39"}],"replies":[{"embeddable":true,"href":"http:\/\/blogs.gm.fh-koeln.de\/bente\/wp-json\/wp\/v2\/comments?post=1505"}],"version-history":[{"count":4,"href":"http:\/\/blogs.gm.fh-koeln.de\/bente\/wp-json\/wp\/v2\/pages\/1505\/revisions"}],"predecessor-version":[{"id":1523,"href":"http:\/\/blogs.gm.fh-koeln.de\/bente\/wp-json\/wp\/v2\/pages\/1505\/revisions\/1523"}],"wp:attachment":[{"href":"http:\/\/blogs.gm.fh-koeln.de\/bente\/wp-json\/wp\/v2\/media?parent=1505"}],"curies":[{"name":"wp","href":"https:\/\/api.w.org\/{rel}","templated":true}]}}