


{"id":1490,"date":"2018-10-03T12:20:51","date_gmt":"2018-10-03T10:20:51","guid":{"rendered":"http:\/\/blogs.gm.fh-koeln.de\/bente\/?page_id=1490"},"modified":"2019-07-13T16:31:19","modified_gmt":"2019-07-13T14:31:19","slug":"lehr-forschungsprojekt-dual","status":"publish","type":"page","link":"http:\/\/blogs.gm.fh-koeln.de\/bente\/forschung-entwicklung\/lehr-forschungsprojekt-dual\/","title":{"rendered":"Lehr-\/Forschungsprojekt DUAL"},"content":{"rendered":"<h2>Hintergrund und Ziel des Lehr-\/Forschungsprojekts<\/h2>\n<p class=\"lead\">In Deutschland sind ca. 1,6 Mio. Menschen an Demenz erkrankt. Durch die demographische Entwicklung wird sich diese Zahl in den n\u00e4chsten 30 Jahren fast verdoppeln.\u00a0Demenz ist die h\u00e4ufigste Ursache f\u00fcr Pflegebedarf (\u00fcber 35% bei \u00fcber 80j\u00e4hrigen). Mehr als 2\/3 der Pflegef\u00e4lle leben in ihren Haushalten und werden ambulant und\/oder von Angeh\u00f6rigen versorgt. Dies ist sowohl aus Sicht der Erkrankten wie auch aus einer Kostenperspektive oft der bevorzugte Weg.<\/p>\n<p>Eine digitale Unterst\u00fctzung von Demenzerkrankten ist unmittelbar sinnvoll und existiert bereits in vielen Formen (z.B. Sensor-Trittmatten). Oft sind Demenzkranke aber \u00fcberfordert, digitale Hilfsmittel in ihrer jetzigen Form zu bedienen (z.B. Notfall-Knopf), oder sie lehnen diese ab, wenn sie zu offensichtlich sind (\u201eIch komme gut alleine klar!\u201c).<\/p>\n<p>Daher stehen bei diesem\u00a0Lehr-\/Forschungsprojekt digitale Unterst\u00fctzungssystemen im Fokus, die es <b>Angeh\u00f6rigen und Pflegekr\u00e4ften <\/b>erm\u00f6glichen, sich besser um die Erkrankten k\u00fcmmern zu k\u00f6nnen. Dazu z\u00e4hlt auch Unterst\u00fctzung, die Angeh\u00f6rigen Sicherheit geben, dass des dem\/r Erkrankten gut geht (\u201ePeace of Mind\u201c).\u00a0Hierbei wird eher auf \u201eniederschwellige\u201c Unterst\u00fctzung fokussiert, unterhalb von akuten Notlagen \u2013 beispielsweise Erm\u00f6glichung von Kontakt in Unruhephase, Unterst\u00fctzung bei Tagesplanung, Einkauf, etc. (siehe auch Beispiele weiter unten).<\/p>\n<p>Digitale Technologie soll dabei so wenig wie m\u00f6glich in Erscheinung treten und m\u00f6glichst unauff\u00e4llig im Hintergrund agieren. Themen wie Schutz der Privat-<br \/>\nsph\u00e4re und Wahrung der W\u00fcrde der Erkrankten sind von zentraler Bedeutung.<\/p>\n<p><strong>Quellen zur Demenzstatistik<\/strong><\/p>\n<ol>\n<li>Deutsche Alzheimer Gesellschaft (2018): <a href=\"https:\/\/www.deutsche-alzheimer.de\/fileadmin\/alz\/pdf\/factsheets\/infoblatt1_haeufigkeit_demenzerkrankungen_dalzg.pdf\" target=\"_blank\" rel=\"noopener\">Informationsblatt 1 &#8211;\u00a0Die H\u00e4ufigkeit von Demenzerkrankungen<\/a>. Abgerufen 12.5.2018<\/li>\n<li>Deutsche Alzheimer Gesellschaft (2016): <a href=\"https:\/\/www.pflegeversicherung-direkt.de\/_Resources\/Persistent\/5cd8c700bdeb89e0795b2480b1a9d99c8c1523c1\/Daten-Zahlen_2016-10-von-DALZG.pdf\" target=\"_blank\" rel=\"noopener\">Zahlen zu H\u00e4ufigkeit, Pflegebedarf und Versorgung Demenzkranker in Deutschland<\/a>.\u00a0Abgerufen 12.5.2018<\/li>\n<\/ol>\n<h2>Beispiele f\u00fcr zu konzipierende digitale Produkte<\/h2>\n<p>Nachfolgend sind zur Illustration zwei Beispiele (mit stark unterschiedlicher Komplexit\u00e4t) genannt, die m\u00f6glicherweise als Ergebnis der Praxis-Fallstudie konzipiert werden k\u00f6nnten.\u00a0Eine priorisierte Liste solcher Unterst\u00fctzungsprodukte wird im Rahmen der Praxis-Fallstudie <b>zusammen mit den Angeh\u00f6rigen und Pflegekr\u00e4ften <\/b>entwickelt.<\/p>\n<p><strong>Digitaler Tageszettel zur Unterst\u00fctzung bei Tagesplanung<\/strong><\/p>\n<p>Bei Verlust des Kurzzeitged\u00e4chtnisses muss ein (an sich selbstst\u00e4ndiger) Erkrankter st\u00e4ndig an anstehende Termine (Fu\u00dfpflege, Arzt, Kirche, Kegelabend, \u2026) erinnert werden. Wohnt ein Angeh\u00f6riger in der N\u00e4he, w\u00e4re ein \u201eTageszettel\u201c auf Papier eine gute L\u00f6sung. Bei entfernt wohnenden Angeh\u00f6rigen k\u00f6nnte eine einfache E-Paper-L\u00f6sung zum Einsatz kommen.<\/p>\n<p>Diesen digitalen Tageszettel kann z.B. ein 2x t\u00e4glich kommender Pflegedienst ablesen und den Erkrankten auf Termine hinweisen.<\/p>\n<p><strong>Fr\u00fchwarnung bei St\u00fcrzen, Weglaufen oder Unruhe<\/strong><\/p>\n<p>Intelligente Sensorik wie etwa die Fu\u00dfleistenb\u00e4nder von NevisQ (<a href=\"https:\/\/www.nevisq.com\/\">https<\/a><a href=\"https:\/\/www.nevisq.com\/\">:\/\/<\/a><a href=\"https:\/\/www.nevisq.com\/\">www.nevisq.com<\/a>) k\u00f6nnten mit anderen Raumsensoren sowie einer k\u00fcnstlichen Intelligenz (KI) gekoppelt werden, um ungew\u00f6hnliche oder sogar bedrohliche Situationen zu erkennen.\u00a0Datenschutzanforderungen k\u00f6nnen dabei von Beginn an in die Konzeption einbezogen werden, etwa durch eine lokale Verarbeitung der Daten ohne Versand in die Cloud.<\/p>\n<p>Je nach Schwere der vermuteten Situation k\u00f6nnen unterschiedliche Aktionen ausgel\u00f6st werden, wie etwa<\/p>\n<ol>\n<li>Bewohner liegt und bewegt sich nicht mehr =&gt; Sturzannahme, Pflegedienst oder sogar 110 wird als Notfall benachrichtigt.<\/li>\n<li>Bewohner ist ungew\u00f6hnlich ruhelos =&gt; Entfernt wohnender Angeh\u00f6riger wird benachrichtigt und kann den Erkrankten anrufen.<\/li>\n<\/ol>\n<h2>Einbindung von DUAL als Lehr-\/Forschungsprojekt in die Informatik-Lehre an der TH K\u00f6ln<\/h2>\n<p>Die Veranstaltungen <a href=\"http:\/\/blogs.gm.fh-koeln.de\/bente\/lehre\/anforderungsmanagement\/\">Anforderumgsmanagement (AM)<\/a>, <a href=\"http:\/\/blogs.gm.fh-koeln.de\/bente\/lehre\/fachspezifischer-architekturentwurf-fae\/\">Fachspezifischer Architekturentwurf (FAE)<\/a> und <a href=\"http:\/\/blogs.gm.fh-koeln.de\/bente\/lehre\/guided-projects-se\/\">Guided Project (GP)<\/a> im Informatik Master versuchen, aufeinander aufbauende Fallstudien zu bearbeiten, um eine realistische Praxisorientierung zu gew\u00e4hrleisten.<\/p>\n<a href=\"http:\/\/blogs.gm.fh-koeln.de\/bente\/files\/2018\/10\/Verkn\u00fcpfung-mit-AM-FAE-GP.png\"><img loading=\"lazy\" decoding=\"async\" class=\"aligncenter wp-image-1570\" src=\"http:\/\/blogs.gm.fh-koeln.de\/bente\/files\/2018\/10\/Verkn\u00fcpfung-mit-AM-FAE-GP-300x133.png\" alt=\"\" width=\"750\" height=\"332\" srcset=\"http:\/\/blogs.gm.fh-koeln.de\/bente\/files\/2018\/10\/Verkn\u00fcpfung-mit-AM-FAE-GP-300x133.png 300w, http:\/\/blogs.gm.fh-koeln.de\/bente\/files\/2018\/10\/Verkn\u00fcpfung-mit-AM-FAE-GP-768x340.png 768w, http:\/\/blogs.gm.fh-koeln.de\/bente\/files\/2018\/10\/Verkn\u00fcpfung-mit-AM-FAE-GP-1024x454.png 1024w, http:\/\/blogs.gm.fh-koeln.de\/bente\/files\/2018\/10\/Verkn\u00fcpfung-mit-AM-FAE-GP.png 1896w\" sizes=\"auto, (max-width: 750px) 100vw, 750px\" \/><\/a>\n<p>Bei Erfolg von DUAL ist f\u00fcr ausgew\u00e4hlte Produktideen eine Weiterf\u00fchrung \u00fcber FAE (Architekturkonzept) und GP (prototypische Umsetzung) geplant. Technisch weniger komplexe Produkte k\u00f6nnten auch direkt in einem GP prototypisch umgesetzt werden (siehe Abbildung).<\/p>\n<p>Bei Erfolg kann das Projekt auch noch in den folgenden Semestern in Veranstaltungen des Informatik Master oder Bachelor weitergef\u00fchrt werden.<\/p>\n<h2>Ergebnisse und Neues zum Projekt DUAL<\/h2>\n<p>(Zwischen)Ergebnisse zum Projekt DUAL sowie sonstige Neuigkeiten finden Sie jeweils in einzelnen Posts, die nachfolgend (neueste zuerst) aufgef\u00fchrt sind.<\/p>\n<div class=\"tpg-get-posts\" ><div class=\"tpg-get-posts-post\" ><div class=\"tpg-title-class\"><li><a href=\"http:\/\/blogs.gm.fh-koeln.de\/bente\/2019\/01\/27\/fae-ws-18-19-evaluierungsergebnisse\/\" >FAE (WS 18\/19): Evaluierungsergebnisse<\/a><\/li><\/div><\/div><div class=\"tpg-get-posts-post\" ><div class=\"tpg-title-class\"><li><a href=\"http:\/\/blogs.gm.fh-koeln.de\/bente\/2018\/10\/12\/dual-zwischenergebnisse-in-der-demenz-musterwohnung-der-aok-vorgestellt\/\" >DUAL-Zwischenergebnisse in der Demenz-Musterwohnung der AOK vorgestellt<\/a><\/li><\/div><\/div><div class=\"tpg-get-posts-post\" ><div class=\"tpg-title-class\"><li><a href=\"http:\/\/blogs.gm.fh-koeln.de\/bente\/2018\/09\/07\/am-ss18-lastenheft-fuer-digitale-unterstuetzungsprodukte-demenziell-veraenderter\/\" >AM (SS18): Lastenheft f\u00fcr digitale Unterst\u00fctzungsprodukte demenziell Ver\u00e4nderter<\/a><\/li><\/div><\/div><div class=\"tpg-get-posts-post\" ><div class=\"tpg-title-class\"><li><a href=\"http:\/\/blogs.gm.fh-koeln.de\/bente\/2018\/07\/04\/vortrag-und-poster-zum-lehr-forschungsprojekt-dual-bei-dites-open-2018\/\" >Vortrag und Poster zum Lehr-\/Forschungsprojekt DUAL bei DiTeS Open 2018<\/a><\/li><\/div><\/div><div class=\"tpg-get-posts-post\" ><div class=\"tpg-title-class\"><li><a href=\"http:\/\/blogs.gm.fh-koeln.de\/bente\/2018\/06\/04\/am-ss18-dual-zwischenergebnis-10-digitale-produktideen-fuer-demenziell-veraenderte\/\" >AM (SS18) \/ DUAL: Zwischenergebnis &#8211; 10 digitale Produktideen f\u00fcr demenziell Ver\u00e4nderte<\/a><\/li><\/div><\/div><div class=\"tpg-get-posts-post\" ><div class=\"tpg-title-class\"><li><a href=\"http:\/\/blogs.gm.fh-koeln.de\/bente\/2018\/03\/31\/am-ss18-mit-fallstudie-zu-demenz-unterstuetzungssystemen-zusammen-mit-der-aok-rheinland-hamburg\/\" >AM (SS18): Mit Fallstudie zu Demenz-Unterst\u00fctzungssystemen zusammen mit der AOK Rheinland\/Hamburg<\/a><\/li><\/div><\/div><\/div><!-- #tpg-get-posts -->\n<p>&nbsp;<\/p>\n","protected":false},"excerpt":{"rendered":"<p>Hintergrund und Ziel des Lehr-\/Forschungsprojekts In Deutschland sind ca. 1,6 Mio. Menschen an Demenz erkrankt. Durch die demographische Entwicklung wird sich diese Zahl in den n\u00e4chsten 30 Jahren fast verdoppeln.\u00a0Demenz ist die h\u00e4ufigste Ursache f\u00fcr Pflegebedarf (\u00fcber 35% bei \u00fcber 80j\u00e4hrigen). Mehr als 2\/3 der Pflegef\u00e4lle leben in ihren Haushalten und werden ambulant und\/oder von&#8230;  <a href=\"http:\/\/blogs.gm.fh-koeln.de\/bente\/forschung-entwicklung\/lehr-forschungsprojekt-dual\/\" class=\"more-link\" title=\"Read Lehr-\/Forschungsprojekt DUAL\"><?php _e(\"Read more &raquo;\",\"wpbootstrap\"); ?><\/a><\/p>\n","protected":false},"author":39,"featured_media":0,"parent":1470,"menu_order":0,"comment_status":"closed","ping_status":"closed","template":"","meta":{"_acf_changed":false,"footnotes":""},"class_list":["post-1490","page","type-page","status-publish","hentry"],"acf":[],"_links":{"self":[{"href":"http:\/\/blogs.gm.fh-koeln.de\/bente\/wp-json\/wp\/v2\/pages\/1490","targetHints":{"allow":["GET"]}}],"collection":[{"href":"http:\/\/blogs.gm.fh-koeln.de\/bente\/wp-json\/wp\/v2\/pages"}],"about":[{"href":"http:\/\/blogs.gm.fh-koeln.de\/bente\/wp-json\/wp\/v2\/types\/page"}],"author":[{"embeddable":true,"href":"http:\/\/blogs.gm.fh-koeln.de\/bente\/wp-json\/wp\/v2\/users\/39"}],"replies":[{"embeddable":true,"href":"http:\/\/blogs.gm.fh-koeln.de\/bente\/wp-json\/wp\/v2\/comments?post=1490"}],"version-history":[{"count":9,"href":"http:\/\/blogs.gm.fh-koeln.de\/bente\/wp-json\/wp\/v2\/pages\/1490\/revisions"}],"predecessor-version":[{"id":1573,"href":"http:\/\/blogs.gm.fh-koeln.de\/bente\/wp-json\/wp\/v2\/pages\/1490\/revisions\/1573"}],"up":[{"embeddable":true,"href":"http:\/\/blogs.gm.fh-koeln.de\/bente\/wp-json\/wp\/v2\/pages\/1470"}],"wp:attachment":[{"href":"http:\/\/blogs.gm.fh-koeln.de\/bente\/wp-json\/wp\/v2\/media?parent=1490"}],"curies":[{"name":"wp","href":"https:\/\/api.w.org\/{rel}","templated":true}]}}