


{"id":1479,"date":"2018-09-27T05:08:20","date_gmt":"2018-09-27T03:08:20","guid":{"rendered":"http:\/\/blogs.gm.fh-koeln.de\/bente\/?page_id=1479"},"modified":"2019-07-13T16:38:18","modified_gmt":"2019-07-13T14:38:18","slug":"prox","status":"publish","type":"page","link":"http:\/\/blogs.gm.fh-koeln.de\/bente\/forschung-entwicklung\/prox\/","title":{"rendered":"Prox: Projekt- und Themenb\u00f6rse"},"content":{"rendered":"<p class=\"lead\"><strong>Prox (<em>Project Exchange TH K\u00f6ln<\/em>)<\/strong>\u00a0ist ein Projekt, das als Bestandteil der projektorientierten Lehre von Studierenden und Mitarbeitern der TH K\u00f6ln f\u00fcr eben diese Studierenden und Lehrenden aufgebaut wird.\u00a0Das das <a href=\"http:\/\/blogs.gm.fh-koeln.de\/bente\/archilab-uebersicht\/archilab-team\/\">ArchiLab-Team<\/a>\u00a0hat dieses Projekt \u00fcber mehrere Lehrveranstaltungen im Informatik Master und Bachelor hinweg vorangetrieben.<\/p>\n<p>Die aktuelle Version 0.1.0 gibts hier:\u00a0<a href=\"https:\/\/prox.archi-lab.io\/\">https:\/\/prox.archi-lab.io\/<\/a><\/p>\n<p>In Prox sollen Studierende, Dozenten und externe Parteien (regionale und \u00fcberregionale Unternehmen, Partnerhochschulen) Projekte und Abschlussarbeiten einstellen, suchen und finden k\u00f6nnen. Es b\u00fcndelt damit Prozesse, die momentan sehr fragmentiert und basierend auf pers\u00f6nlicher Vernetzung ablaufen:<\/p>\n<ul>\n<li>Studierende(r) sucht Pflichtprojekt, Praxissemester oder Abschlussarbeit (TH-K\u00f6ln-intern oder in einem Unternehmen), muss daf\u00fcr Professor*innen und Unternehmen einzeln und gezielt ansprechen<\/li>\n<li>Unternehmen hat interessante Themen f\u00fcr Lehr-\/Forschungsprojekte und\/oder Abschlussarbeiten, wei\u00df aber nicht, welche Professor*innen f\u00fcr eine Betreuung in Frage kommen, und auch nicht, wie es die passenden Studierenden findet<\/li>\n<li>Professor*in oder Mitarbeiter*in hat interessante Projektthemen aus Forschung und Entwicklung, hat aber nur eingeschr\u00e4nkt die M\u00f6glichkeit, bei Studierenden daf\u00fcr Werbung zu machen und\/oder ein interessiertes Unternehmen als Partner zu gewinnen<\/li>\n<\/ul>\n<p>Prox soll sich mit der bestehenden IT-Infrastruktur am Campus Gummersbach vernetzen. Mit HOPS und mit der WordPress-Installation am Campus GM ist das schon passiert.<\/p>\n<p>Prox wird seit SS17 in Teilschritten in verschiedenen Lehrveranstaltungen entwickelt:<\/p>\n<ul>\n<li>Im SS17 wurde die Projektb\u00f6rse als veranstaltungsbegleitende Fallstudie in Anforderungsmanagement (Informatik Master) verwendet. Hier finden Sie das <a href=\"https:\/\/th-koeln.sciebo.de\/s\/jOFx8k0ide1DlWg\" target=\"_blank\" rel=\"noopener\">konsolidierte Lastenheft (Anforderungsdefinition)<\/a>, das aus dieser Veranstaltung entstanden ist.<\/li>\n<li>Im WS17\/18 wurde aufbauend auf dieses Lastenheft in der Veranstaltung FAE (Fachspezifischer Architekturentwurf, Informatik Master) als Fallstudie eine <a href=\"https:\/\/th-koeln.sciebo.de\/s\/DXC6PQUSNad14u3\" target=\"_blank\" rel=\"noopener\">umfassende Architekturspezifikation (Pflichtenheft)<\/a> entwickelt.<\/li>\n<li>Im SS18 wurde in einem Guided Project (Informatik Master) die unterliegende Microservice-Plattform (siehe Bild) als Blaupause entwickelt und weitgehend produktiv gemacht. Ein erster (aber noch sehr eingeschr\u00e4nkter, noch nicht nutzbarer) Prototyp der Projektb\u00f6rse ist dabei auch entstanden.<\/li>\n<li>Weitere GPs folgen.<\/li>\n<\/ul>\n<h2>Neuigkeiten<\/h2>\n<div class=\"tpg-get-posts\" ><div class=\"tpg-get-posts-post\" ><div class=\"tpg-title-class\"><li><a href=\"http:\/\/blogs.gm.fh-koeln.de\/bente\/2019\/02\/12\/gp-ss19_b06-jetzt-live-projektboerse-campus-gummersbach-als-minimum-viable-product-mvp\/\" >GP SS19_B06: Jetzt live \u2013 Projektb\u00f6rse Campus Gummersbach als Minimum Viable Product (MVP)<\/a><\/li><\/div><\/div><div class=\"tpg-get-posts-post\" ><div class=\"tpg-title-class\"><li><a href=\"http:\/\/blogs.gm.fh-koeln.de\/bente\/2018\/07\/12\/gp-ws18_a03-weiterentwicklung-der-projektboerse-campus-gummersbach-als-microservice-architektur\/\" >GP WS18_A03: Weiterentwicklung der Projektb\u00f6rse Campus Gummersbach als Microservice-Architektur<\/a><\/li><\/div><\/div><div class=\"tpg-get-posts-post\" ><div class=\"tpg-title-class\"><li><a href=\"http:\/\/blogs.gm.fh-koeln.de\/bente\/2018\/02\/12\/gp-ss18_a02-architektur-blueprint-fuer-microservice-landschaften-am-beispiel-projektboerse-campus-gummersbach\/\" >GP SS18_A02: Architektur-Blueprint f\u00fcr Microservice-Landschaften (am Beispiel Projektb\u00f6rse Campus Gummersbach)<\/a><\/li><\/div><\/div><\/div><!-- #tpg-get-posts -->\n<p>&nbsp;<\/p>\n","protected":false},"excerpt":{"rendered":"<p>Prox (Project Exchange TH K\u00f6ln)\u00a0ist ein Projekt, das als Bestandteil der projektorientierten Lehre von Studierenden und Mitarbeitern der TH K\u00f6ln f\u00fcr eben diese Studierenden und Lehrenden aufgebaut wird.\u00a0Das das ArchiLab-Team\u00a0hat dieses Projekt \u00fcber mehrere Lehrveranstaltungen im Informatik Master und Bachelor hinweg vorangetrieben. Die aktuelle Version 0.1.0 gibts hier:\u00a0https:\/\/prox.archi-lab.io\/ In Prox sollen Studierende, Dozenten und externe&#8230;  <a href=\"http:\/\/blogs.gm.fh-koeln.de\/bente\/forschung-entwicklung\/prox\/\" class=\"more-link\" title=\"Read Prox: Projekt- und Themenb\u00f6rse\"><?php _e(\"Read more &raquo;\",\"wpbootstrap\"); ?><\/a><\/p>\n","protected":false},"author":39,"featured_media":0,"parent":1470,"menu_order":0,"comment_status":"closed","ping_status":"closed","template":"","meta":{"_acf_changed":false,"footnotes":""},"class_list":["post-1479","page","type-page","status-publish","hentry"],"acf":[],"_links":{"self":[{"href":"http:\/\/blogs.gm.fh-koeln.de\/bente\/wp-json\/wp\/v2\/pages\/1479","targetHints":{"allow":["GET"]}}],"collection":[{"href":"http:\/\/blogs.gm.fh-koeln.de\/bente\/wp-json\/wp\/v2\/pages"}],"about":[{"href":"http:\/\/blogs.gm.fh-koeln.de\/bente\/wp-json\/wp\/v2\/types\/page"}],"author":[{"embeddable":true,"href":"http:\/\/blogs.gm.fh-koeln.de\/bente\/wp-json\/wp\/v2\/users\/39"}],"replies":[{"embeddable":true,"href":"http:\/\/blogs.gm.fh-koeln.de\/bente\/wp-json\/wp\/v2\/comments?post=1479"}],"version-history":[{"count":8,"href":"http:\/\/blogs.gm.fh-koeln.de\/bente\/wp-json\/wp\/v2\/pages\/1479\/revisions"}],"predecessor-version":[{"id":1782,"href":"http:\/\/blogs.gm.fh-koeln.de\/bente\/wp-json\/wp\/v2\/pages\/1479\/revisions\/1782"}],"up":[{"embeddable":true,"href":"http:\/\/blogs.gm.fh-koeln.de\/bente\/wp-json\/wp\/v2\/pages\/1470"}],"wp:attachment":[{"href":"http:\/\/blogs.gm.fh-koeln.de\/bente\/wp-json\/wp\/v2\/media?parent=1479"}],"curies":[{"name":"wp","href":"https:\/\/api.w.org\/{rel}","templated":true}]}}