


{"id":121,"date":"2015-03-03T12:43:13","date_gmt":"2015-03-03T11:43:13","guid":{"rendered":"http:\/\/lwibs01.gm.fh-koeln.de\/blogs\/bente\/?page_id=121"},"modified":"2017-01-21T10:51:56","modified_gmt":"2017-01-21T09:51:56","slug":"impressum","status":"publish","type":"page","link":"http:\/\/blogs.gm.fh-koeln.de\/bente\/impressum\/","title":{"rendered":"Impressum"},"content":{"rendered":"<h4>Angaben gem\u00e4\u00df \u00a7 5 TMG<\/h4>\n<p class=\"lead\">Prof. Dr.-Ing. Stefan Bente<br \/>\nTechnische Hochschule\u00a0K\u00f6ln<br \/>\nInstitut f\u00fcr Informatik<br \/>\nSteinm\u00fcllerallee 1<br \/>\n51643 Gummersbach<\/p>\n<h4>Kontakt<\/h4>\n<p>Tel:\u00a0+49 2261 8196 6367<br \/>\nMobil:\u00a0+49 176 8072 2689<br \/>\nSkype: stefan.bente<br \/>\nEmail:\u00a0<a href=\"mailto:stefan.bente@th-koeln.de\">stefan.bente@th-koeln.de<\/a><\/p>\n<h4>Haftungsausschluss (Disclaimer)<\/h4>\n<h4><\/h4>\n<p>Bitte beachten Sie die <a href=\"http:\/\/lwibs01.gm.fh-koeln.de\/blogs\/bente\/impressum\/haftungsausschluss-disclaimer\/\">Angaben zum Haftungsausschluss<\/a> bez\u00fcglich dieser Webseiten.<\/p>\n<h4>Datenschutz<\/h4>\n<p>Bitte beachten Sie die <a title=\"Datenschutzerkl\u00e4rung\" href=\"http:\/\/lwibs01.gm.fh-koeln.de\/blogs\/bente\/datenschutzerklaerung\/\">Angaben zum Datenschutz<\/a> bez\u00fcglich dieser Webseiten.<\/p>\n<h4>Bildrechte<\/h4>\n<p>Wenn auf den Seiten Bilder verwendet werden, so liegen deren Rechte entweder beim Betreiber dieser Webseiten, oder die Bildrechte sind\u00a0jeweils am Seitenende angegeben.<\/p>\n<h4>Impressum der TH K\u00f6ln<\/h4>\n<p>Als Professor bin ich Besch\u00e4ftigter der TH K\u00f6ln, siehe auch\u00a0<a title=\"Impressum der Technischen K\u00f6ln\" href=\"https:\/\/www.th-koeln.de\/hochschule\/impressum_8159.php\" target=\"_blank\">Impressum der TH K\u00f6ln<\/a>.<\/p>\n","protected":false},"excerpt":{"rendered":"<p>Angaben gem\u00e4\u00df \u00a7 5 TMG Prof. Dr.-Ing. Stefan Bente Technische Hochschule\u00a0K\u00f6ln Institut f\u00fcr Informatik Steinm\u00fcllerallee 1 51643 Gummersbach Kontakt Tel:\u00a0+49 2261 8196 6367 Mobil:\u00a0+49 176 8072 2689 Skype: stefan.bente Email:\u00a0stefan.bente@th-koeln.de Haftungsausschluss (Disclaimer) Bitte beachten Sie die Angaben zum Haftungsausschluss bez\u00fcglich dieser Webseiten. Datenschutz Bitte beachten Sie die Angaben zum Datenschutz bez\u00fcglich dieser Webseiten. Bildrechte Wenn&#8230;  <a href=\"http:\/\/blogs.gm.fh-koeln.de\/bente\/impressum\/\" class=\"more-link\" title=\"Read Impressum\"><?php _e(\"Read more &raquo;\",\"wpbootstrap\"); ?><\/a><\/p>\n","protected":false},"author":39,"featured_media":0,"parent":0,"menu_order":20,"comment_status":"closed","ping_status":"closed","template":"","meta":{"_acf_changed":false,"footnotes":""},"class_list":["post-121","page","type-page","status-publish","hentry"],"acf":[],"_links":{"self":[{"href":"http:\/\/blogs.gm.fh-koeln.de\/bente\/wp-json\/wp\/v2\/pages\/121","targetHints":{"allow":["GET"]}}],"collection":[{"href":"http:\/\/blogs.gm.fh-koeln.de\/bente\/wp-json\/wp\/v2\/pages"}],"about":[{"href":"http:\/\/blogs.gm.fh-koeln.de\/bente\/wp-json\/wp\/v2\/types\/page"}],"author":[{"embeddable":true,"href":"http:\/\/blogs.gm.fh-koeln.de\/bente\/wp-json\/wp\/v2\/users\/39"}],"replies":[{"embeddable":true,"href":"http:\/\/blogs.gm.fh-koeln.de\/bente\/wp-json\/wp\/v2\/comments?post=121"}],"version-history":[{"count":15,"href":"http:\/\/blogs.gm.fh-koeln.de\/bente\/wp-json\/wp\/v2\/pages\/121\/revisions"}],"predecessor-version":[{"id":813,"href":"http:\/\/blogs.gm.fh-koeln.de\/bente\/wp-json\/wp\/v2\/pages\/121\/revisions\/813"}],"wp:attachment":[{"href":"http:\/\/blogs.gm.fh-koeln.de\/bente\/wp-json\/wp\/v2\/media?parent=121"}],"curies":[{"name":"wp","href":"https:\/\/api.w.org\/{rel}","templated":true}]}}