


{"id":101,"date":"2015-03-03T12:07:14","date_gmt":"2015-03-03T11:07:14","guid":{"rendered":"http:\/\/lwibs01.gm.fh-koeln.de\/blogs\/bente\/?page_id=101"},"modified":"2018-09-27T04:50:55","modified_gmt":"2018-09-27T02:50:55","slug":"lean-eam","status":"publish","type":"page","link":"http:\/\/blogs.gm.fh-koeln.de\/bente\/forschung-entwicklung\/lean-eam\/","title":{"rendered":"Lean EAM"},"content":{"rendered":"<p class=\"lead\">Enterprise Architektur Management (EAM) ist ein essentielles Mittel, um die IT eines Unternehmens auf die gesch\u00e4ftlichen und strategischen Ziele auszurichten. Die Gesamtarchitektur der IT-Landschaft wird durch Bebauungspl\u00e4ne kartiert und bewertet sowie als architektonische Roadmap in die Zukunft projiziert. Durch Architekturprinzipien und Technologiestandards wird gleichzeitig die Nachhaltigkeit der Architektur sichergestellt.<\/p>\n<p>Zum Praxiserfolg von EAM gibt es kaum verl\u00e4ssliche Studien, aber viele kritische Stimmen. EAM steht in dem Ruf, oft schwerf\u00e4llig und b\u00fcrokratisch zu sein und nur mit hohem Kostenaufwand erfolgreich umgesetzt werden zu k\u00f6nnen.<\/p>\n<p>Der Forschungsbereich <strong>Lean EAM<\/strong> hat sich zum Ziel gesetzt, dem gegen\u00fcber einen betont <em>praxisorientierten, skalierbaren und leichtgewichtigen EAM-Ansatz<\/em> zu entwickeln. Dieser basiert auf Prinzipien des Lean Management und der agilen Entwicklung, und generiert so passgenauen Mehrwert f\u00fcr Stakeholder aus Management, Business und IT.<\/p>\n<p>Lean EAM besteht aus verschiedenen Werkzeugen und Methoden. Diese sind in den nachfolgenden Seiten genauer beschrieben.<\/p>\n<h2><strong>Weiterlesen<\/strong><\/h2>\n<div class=\"tpg-get-posts\" ><div class=\"tpg-get-posts-post\" ><div class=\"tpg-title-class\"><p><a href=\"http:\/\/blogs.gm.fh-koeln.de\/bente\/2015\/05\/21\/lean-eam-studie-ab-jetzt-teilnahme-moeglich\/\" >Lean-EAM-Studie<\/a><\/p><\/div><\/div><div class=\"tpg-get-posts-post\" ><div class=\"tpg-title-class\"><p><a href=\"http:\/\/blogs.gm.fh-koeln.de\/bente\/2015\/03\/03\/motivation-warum-lean-eam\/\" >Motivation \u2013 Warum Lean EAM?<\/a><\/p><\/div><\/div><div class=\"tpg-get-posts-post\" ><div class=\"tpg-title-class\"><p><a href=\"http:\/\/blogs.gm.fh-koeln.de\/bente\/2015\/03\/03\/prinzipien-des-lean-eam\/\" >Prinzipien des Lean EAM<\/a><\/p><\/div><\/div><div class=\"tpg-get-posts-post\" ><div class=\"tpg-title-class\"><p><a href=\"http:\/\/blogs.gm.fh-koeln.de\/bente\/2015\/03\/03\/lean-eam-toolset-1-metamodell-getriebenes-vorgehensmodell\/\" >Lean EAM Toolset 1: Metamodell-getriebenes Vorgehensmodell<\/a><\/p><\/div><\/div><div class=\"tpg-get-posts-post\" ><div class=\"tpg-title-class\"><p><a href=\"http:\/\/blogs.gm.fh-koeln.de\/bente\/2015\/03\/03\/lean-eam-toolset-2-architektur-verschlankung\/\" >Lean EAM Toolset 2: Architektur-Verschlankung<\/a><\/p><\/div><\/div><div class=\"tpg-get-posts-post\" ><div class=\"tpg-title-class\"><p><a href=\"http:\/\/blogs.gm.fh-koeln.de\/bente\/2015\/03\/03\/lean-eam-toolset-3-eam-nach-mass\/\" >Lean EAM Toolset 3: EAM nach Ma\u00df<\/a><\/p><\/div><\/div><div class=\"tpg-get-posts-post\" ><div class=\"tpg-title-class\"><p><a href=\"http:\/\/blogs.gm.fh-koeln.de\/bente\/2015\/03\/03\/forschungsprojekte-im-rahmen-von-lean-eam\/\" >Forschungsprojekte im Rahmen von Lean EAM<\/a><\/p><\/div><\/div><div class=\"tpg-get-posts-post\" ><div class=\"tpg-title-class\"><p><a href=\"http:\/\/blogs.gm.fh-koeln.de\/bente\/2015\/03\/03\/weitere-ressourcen-zu-dem-thema-lean-eam\/\" >Weitere Ressourcen zu dem Thema Lean EAM<\/a><\/p><\/div><\/div><\/div><!-- #tpg-get-posts -->\n","protected":false},"excerpt":{"rendered":"<p>Enterprise Architektur Management (EAM) ist ein essentielles Mittel, um die IT eines Unternehmens auf die gesch\u00e4ftlichen und strategischen Ziele auszurichten. Die Gesamtarchitektur der IT-Landschaft wird durch Bebauungspl\u00e4ne kartiert und bewertet sowie als architektonische Roadmap in die Zukunft projiziert. Durch Architekturprinzipien und Technologiestandards wird gleichzeitig die Nachhaltigkeit der Architektur sichergestellt. Zum Praxiserfolg von EAM gibt es&#8230;  <a href=\"http:\/\/blogs.gm.fh-koeln.de\/bente\/forschung-entwicklung\/lean-eam\/\" class=\"more-link\" title=\"Read Lean EAM\"><?php _e(\"Read more &raquo;\",\"wpbootstrap\"); ?><\/a><\/p>\n","protected":false},"author":39,"featured_media":0,"parent":1470,"menu_order":1,"comment_status":"closed","ping_status":"closed","template":"","meta":{"_acf_changed":false,"footnotes":""},"class_list":["post-101","page","type-page","status-publish","hentry"],"acf":[],"_links":{"self":[{"href":"http:\/\/blogs.gm.fh-koeln.de\/bente\/wp-json\/wp\/v2\/pages\/101","targetHints":{"allow":["GET"]}}],"collection":[{"href":"http:\/\/blogs.gm.fh-koeln.de\/bente\/wp-json\/wp\/v2\/pages"}],"about":[{"href":"http:\/\/blogs.gm.fh-koeln.de\/bente\/wp-json\/wp\/v2\/types\/page"}],"author":[{"embeddable":true,"href":"http:\/\/blogs.gm.fh-koeln.de\/bente\/wp-json\/wp\/v2\/users\/39"}],"replies":[{"embeddable":true,"href":"http:\/\/blogs.gm.fh-koeln.de\/bente\/wp-json\/wp\/v2\/comments?post=101"}],"version-history":[{"count":23,"href":"http:\/\/blogs.gm.fh-koeln.de\/bente\/wp-json\/wp\/v2\/pages\/101\/revisions"}],"predecessor-version":[{"id":654,"href":"http:\/\/blogs.gm.fh-koeln.de\/bente\/wp-json\/wp\/v2\/pages\/101\/revisions\/654"}],"up":[{"embeddable":true,"href":"http:\/\/blogs.gm.fh-koeln.de\/bente\/wp-json\/wp\/v2\/pages\/1470"}],"wp:attachment":[{"href":"http:\/\/blogs.gm.fh-koeln.de\/bente\/wp-json\/wp\/v2\/media?parent=101"}],"curies":[{"name":"wp","href":"https:\/\/api.w.org\/{rel}","templated":true}]}}